{"id":1840,"date":"2013-07-21T13:44:04","date_gmt":"2013-07-21T13:44:04","guid":{"rendered":"https:\/\/www.villaadriatica.com\/active-holiday-2\/"},"modified":"2014-01-17T12:46:15","modified_gmt":"2014-01-17T12:46:15","slug":"vacanze-attive","status":"publish","type":"page","link":"https:\/\/www.villaadriatica.com\/it\/vacanze-attive\/","title":{"rendered":"Vacanze attive"},"content":{"rendered":"<p>Vicino la nostra Villa ci sono strutture sportive in grado di soddisfare i pi\u00f9 esigenti:<br \/>\n<span style=\"color: #ff6600;\">\u2794<\/span> Campo di calcio<br \/>\n<span style=\"color: #ff6600;\">\u2794<\/span> Mini-golf<br \/>\n<span style=\"color: #ff6600;\">\u2794<\/span> Ping pong<br \/>\n<span style=\"color: #ff6600;\">\u2794<\/span> Campi da tennis<br \/>\n<span style=\"color: #ff6600;\">\u2794<\/span> Fitness<\/p>\n<p>Il personale professionale vi guida attraverso i vari sport adattandosi alle vostre esigenze e necessit\u00e0. Attrezzature come racchette da tennis, palline, ecc possono essere affitatet.<\/p>\n<p><strong><span style=\"color: #ff6600;\">IMMERSIONE SUBACQUEA<\/span><\/strong><br \/>\nIl centro d\u2019immersione si trova nelle vicinanze. Se sei un tuffatore o vuoi diventare uno, allora questa \u00e8 la vostra occasione per sperimentare la bellezza di questo sport estremamente popolare.<\/p>\n<p><strong>PACCHETTI AVVENTURA DELL\u2019ALBERGO VILLA ADRIATICA<\/strong><br \/>\nScoprite il cuore e l&#8217;anima dell&#8217;isola di Brac. L&#8217;isola di Brac \u00e8 la meta ideale per una vacanza piena di azione , perch\u00e9 offre ottime condizioni per il windsurf, kayak sul mare ,mountain bike, trekking, vela e tante attivit\u00e0 sportive. L&#8217;avventura di una settimana creato con particolare attenzione alla conservazione della nostra isola, la sua natura, la gente e folklore. Principiante o un atleta esperto, potrete godere appieno la vostra vacanza attiva!<\/p>\n<p><strong>Vacanze attive<\/strong><div id='gallery-1' class='gallery galleryid-1840 gallery-columns-3 gallery-size-thumbnail'><figure class='gallery-item'>\n\t\t\t<div class='gallery-icon landscape'>\n\t\t\t\t<a href='https:\/\/www.villaadriatica.com\/wp-content\/uploads\/2013\/07\/mountain-biking-island-brac-013.jpg'><img loading=\"lazy\" decoding=\"async\" width=\"150\" height=\"150\" src=\"https:\/\/www.villaadriatica.com\/wp-content\/uploads\/2013\/07\/mountain-biking-island-brac-013-150x150.jpg\" class=\"attachment-thumbnail size-thumbnail\" alt=\"\" \/><\/a>\n\t\t\t<\/div><\/figure><figure class='gallery-item'>\n\t\t\t<div class='gallery-icon landscape'>\n\t\t\t\t<a href='https:\/\/www.villaadriatica.com\/wp-content\/uploads\/2013\/07\/sea-kayaking-island-brac-aldura-083.jpg'><img loading=\"lazy\" decoding=\"async\" width=\"150\" height=\"150\" src=\"https:\/\/www.villaadriatica.com\/wp-content\/uploads\/2013\/07\/sea-kayaking-island-brac-aldura-083-150x150.jpg\" class=\"attachment-thumbnail size-thumbnail\" alt=\"\" \/><\/a>\n\t\t\t<\/div><\/figure><figure class='gallery-item'>\n\t\t\t<div class='gallery-icon landscape'>\n\t\t\t\t<a href='https:\/\/www.villaadriatica.com\/wp-content\/uploads\/2013\/07\/windsurf-island-brac-sutivan-013.jpg'><img loading=\"lazy\" decoding=\"async\" width=\"150\" height=\"150\" src=\"https:\/\/www.villaadriatica.com\/wp-content\/uploads\/2013\/07\/windsurf-island-brac-sutivan-013-150x150.jpg\" class=\"attachment-thumbnail size-thumbnail\" alt=\"\" \/><\/a>\n\t\t\t<\/div><\/figure><figure class='gallery-item'>\n\t\t\t<div class='gallery-icon landscape'>\n\t\t\t\t<a href='https:\/\/www.villaadriatica.com\/wp-content\/uploads\/2021\/05\/villa-adriatica-activites-musem-of-olive-oil.jpg'><img loading=\"lazy\" decoding=\"async\" width=\"150\" height=\"150\" src=\"https:\/\/www.villaadriatica.com\/wp-content\/uploads\/2021\/05\/villa-adriatica-activites-musem-of-olive-oil-150x150.jpg\" class=\"attachment-thumbnail size-thumbnail\" alt=\"\" \/><\/a>\n\t\t\t<\/div><\/figure><figure class='gallery-item'>\n\t\t\t<div class='gallery-icon landscape'>\n\t\t\t\t<a href='https:\/\/www.villaadriatica.com\/wp-content\/uploads\/2021\/05\/villa-adriatica-activites-excursion.jpg'><img loading=\"lazy\" decoding=\"async\" width=\"150\" height=\"150\" src=\"https:\/\/www.villaadriatica.com\/wp-content\/uploads\/2021\/05\/villa-adriatica-activites-excursion-150x150.jpg\" class=\"attachment-thumbnail size-thumbnail\" alt=\"\" \/><\/a>\n\t\t\t<\/div><\/figure><figure class='gallery-item'>\n\t\t\t<div class='gallery-icon landscape'>\n\t\t\t\t<a href='https:\/\/www.villaadriatica.com\/wp-content\/uploads\/2021\/05\/villa-adriatica-activites-excursion-1.jpg'><img loading=\"lazy\" decoding=\"async\" width=\"150\" height=\"150\" src=\"https:\/\/www.villaadriatica.com\/wp-content\/uploads\/2021\/05\/villa-adriatica-activites-excursion-1-150x150.jpg\" class=\"attachment-thumbnail size-thumbnail\" alt=\"\" \/><\/a>\n\t\t\t<\/div><\/figure>\n\t\t<\/div>\n<\/p>\n<p><strong><span style=\"color: #ff6600;\">Sea Kayak<\/span><\/strong><br \/>\nSe non avete mai provato prima kayak &#8211; non preoccupatevi , avrete le istruzioni di base della nostra guida prima d\u2019iniziare la vostra avventura. Sarete sorpresi della velocit\u00e0 con cui si inizier\u00e0 a godere di questa attivit\u00e0. Partiamo da Sutivan kayak lungo la costa nord-ovest dell&#8217;isola, godendo della vista delle splendide baie e spiagge. Si prende una pausa e abbastanza di tempo per nuotare e rilassarsi in una delle baie. All&#8217;arrivo in Bobovisca avrai molto tempo per passeggiare ed esplorare questo tipico paese dalmata. Il ritorno organizzato con una van&#8230;<\/p>\n<p><strong><span style=\"color: #ff6600;\">Mountain bike &#8211; dall&#8217;alto verso il mare!<\/span><\/strong><br \/>\nTrasferimento in pulmino a Vidova Montagna ( 778 m ), la cima pi\u00f9 alta delle isole adriatiche . Arrivando al punto panoramico si pu\u00f2 godere la vista delle isole centrali che vi lascer\u00e0 senza fiato. A continuazione la discesa con le biciclette sulla strada polacca fino Nerezisce passando altri villaggi tipici degli interni (Humac, Dracevica e Lozisca ). Sarete circondati da ben curati oliveti secolari e pini. La maggior parte dell tempo ( 80%) sarete fuori dalla strada principale, nelle piste ciclabili paesaggistici e corsi d&#8217;acqua. Finiremo il nostro viaggio verso il mare.<\/p>\n<p><strong><span style=\"color: #ff6600;\">Roccia<\/span><\/strong><br \/>\nIl nostro giorno di arrampicata \u00e8 un&#8217;introduzione ideale al mondo di arrampicata su roccia. Precedente esperienza non \u00e8 necessaria.<br \/>\nCominciamo con una scuola di arrampicata nella scalata Lo\u017ei\u0161\u0107e, dove gli alpinisti esperti e principianti possono trovare delle rocce di varie gravit\u00e0. Se siete un alpinista esperto sarete con il vostro istruttore nella zona Lozisca e poi passarete a uno dei tanti percorsi di diversi livelli di difficolt\u00e0. Molti settori hanno diverse vie di difficolt\u00e0, noi possiamo sempre trovare un luogo adatto per voi.<\/p>\n<p><strong><span style=\"color: #ff6600;\">Vela \/ windsurf<\/span><\/strong><br \/>\nTrascorrere una giornata per imparare a navigare e godere di questa attivit estiva perfetta. Se non avete mai provato, il nostro corso intensivo \u00e8 perfetto per voi. Se hai gi\u00e0 una certa esperienza, i nostri istruttori vi aiuteranno ad imparare tecniche pi\u00f9 avanzate diversi trucchi.<br \/>\nLa vela \u00e8 una grande attivit\u00e0 estiva, e il nostro TOPPER Omega far\u00e0 in modo che si senta l&#8217;azione adrenalina reale e un&#8217;esperienza indimenticabile! Navigherete in fronte alla piccola e pittoresca citta di Sutivan e Potrete godere delle facciate in pietra bianca, tetti rossi e palme.<\/p>\n<p><strong><span style=\"color: #ff6600;\">MULTISPORT AVVENTURA DI ISOLA DI BRAC<\/span><\/strong><br \/>\n<strong>Particolarit\u00e0 del programma:<\/strong><br \/>\nGiorno 1 &#8211; Arrivo<br \/>\nGiorno 2 &#8211; Sea Kayak<br \/>\nGiorno 3 &#8211; Giornata per le attivit\u00e0 opzionali<br \/>\nGiorno 4 &#8211; In bici dalla cima della montagna al mare<br \/>\nGiorno 5 &#8211; Climbing<br \/>\nGiorno 6 &#8211; attivit\u00e0 a scelta<br \/>\nGiorno 7 &#8211; Scuola di windsurf \/ vela (a scelta)<br \/>\nGiorno 8 &#8211; Partenza<\/p>\n<p><strong><em>Sistemazione in mezza pensione nel nostro albergo boutique Villa Adriatica a Supetar. Tutti i trasferimenti sull&#8217;isola, attrezzature , guide e ingressi inclusi. Partenze garantite dal 1 Maggio al 1 Ottobre del 2014.<\/em><\/strong><\/p>\n<!-- Social Ring Buttons Start --><div class=\"social-ring\">\n<div class=\"social-ring-button\"><fb:like href=\"https:\/\/www.villaadriatica.com\/it\/vacanze-attive\/\" showfaces=\"false\" layout=\"button_count\" action=\"like\"><\/fb:like><\/div>\n<div class=\"social-ring-button\"><a href=\"https:\/\/www.facebook.com\/sharer\/sharer.php?s=100&p[url]=https:\/\/www.villaadriatica.com\/it\/vacanze-attive\/\" target=\"_blank\"\n\t\t\t\t\t\t\tonclick=\"window.open('https:\/\/www.facebook.com\/sharer\/sharer.php?s=100&p[url]=https:\/\/www.villaadriatica.com\/it\/vacanze-attive\/', 'newwindow', 'width=600, height=450'); return false;\" >\n\t\t\t\t\t\t\t<img decoding=\"async\" style=\"display:block; background: none; padding: 0px; border:0px;\" src=\"https:\/\/www.villaadriatica.com\/wp-content\/plugins\/wordpress-social-ring\/includes\/..\/admin\/images\/sr-fb-share.png\" alt=\"Share\"\/>\n\t\t\t\t\t\t<\/a><\/div>\n<div class=\"social-ring-button\"><a rel=\"nofollow\" href=\"http:\/\/twitter.com\/share\" lang=\"en\" data-url=\"https:\/\/www.villaadriatica.com\/it\/vacanze-attive\/\" data-text=\"Vacanze attive\" data-count=\"horizontal\" class=\"sr-twitter-button twitter-share-button\"><\/a><\/div>\n<div class=\"social-ring-button\"><div class=\"g-plusone\" data-href=\"https:\/\/www.villaadriatica.com\/it\/vacanze-attive\/\" data-size=\"medium\" ><\/div><\/div>\n<div class=\"social-ring-button\"><a rel=\"nofollow\" href=\"http:\/\/pinterest.com\/pin\/create\/button\/?url=https%3A%2F%2Fwww.villaadriatica.com%2Fit%2Fvacanze-attive%2F&media=https%3A%2F%2Fwww.villaadriatica.com%2Fwp-content%2Fuploads%2F2013%2F07%2Fmountain-biking-island-brac-013-150x150.jpg&description=Vacanze+attive\" class=\"pin-it-button\"count-layout=\"horizontal\"><\/a><\/div>\n<\/div><!-- Social Ring Buttons End -->\n\n","protected":false},"excerpt":{"rendered":"<p>Vicino la nostra Villa ci sono strutture sportive in grado di soddisfare i pi\u00f9 esigenti: \u2794 Campo di calcio \u2794 Mini-golf \u2794 Ping pong \u2794 Campi da tennis \u2794 Fitness Il personale professionale vi&#8230;<\/p>\n","protected":false},"author":1,"featured_media":0,"parent":0,"menu_order":0,"comment_status":"closed","ping_status":"closed","template":"","meta":{"footnotes":""},"class_list":["post-1840","page","type-page","status-publish","hentry"],"yoast_head":"<!-- This site is optimized with the Yoast SEO plugin v25.1 - https:\/\/yoast.com\/wordpress\/plugins\/seo\/ -->\n<title>Hotel Villa Adriatica | Supetar, Bra\u010d | Vacanze attive<\/title>\n<meta name=\"description\" content=\"If you have never kayaked before don&#039;t worry, you will receive basic instructions from our guide before we set off to our adventure. You will be surprised how quick you will start to enjoy it.\" \/>\n<meta name=\"robots\" content=\"index, follow, max-snippet:-1, max-image-preview:large, max-video-preview:-1\" \/>\n<link rel=\"canonical\" href=\"https:\/\/www.villaadriatica.com\/it\/vacanze-attive\/\" \/>\n<meta property=\"og:locale\" content=\"it_IT\" \/>\n<meta property=\"og:type\" content=\"article\" \/>\n<meta property=\"og:title\" content=\"Hotel Villa Adriatica | Supetar, Bra\u010d | Vacanze attive\" \/>\n<meta property=\"og:description\" content=\"If you have never kayaked before don&#039;t worry, you will receive basic instructions from our guide before we set off to our adventure. You will be surprised how quick you will start to enjoy it.\" \/>\n<meta property=\"og:url\" content=\"https:\/\/www.villaadriatica.com\/it\/vacanze-attive\/\" \/>\n<meta property=\"article:modified_time\" content=\"2014-01-17T12:46:15+00:00\" \/>\n<meta property=\"og:image\" content=\"https:\/\/www.villaadriatica.com\/wp-content\/uploads\/2013\/07\/mountain-biking-island-brac-013-150x150.jpg\" \/>\n<meta name=\"twitter:label1\" content=\"Tempo di lettura stimato\" \/>\n\t<meta name=\"twitter:data1\" content=\"3 minuti\" \/>\n<script type=\"application\/ld+json\" class=\"yoast-schema-graph\">{\"@context\":\"https:\/\/schema.org\",\"@graph\":[{\"@type\":\"WebPage\",\"@id\":\"https:\/\/www.villaadriatica.com\/it\/vacanze-attive\/\",\"url\":\"https:\/\/www.villaadriatica.com\/it\/vacanze-attive\/\",\"name\":\"Hotel Villa Adriatica | Supetar, Bra\u010d | Vacanze attive\",\"isPartOf\":{\"@id\":\"https:\/\/www.villaadriatica.com\/hr\/#website\"},\"datePublished\":\"2013-07-21T13:44:04+00:00\",\"dateModified\":\"2014-01-17T12:46:15+00:00\",\"description\":\"If you have never kayaked before don't worry, you will receive basic instructions from our guide before we set off to our adventure. You will be surprised how quick you will start to enjoy it.\",\"breadcrumb\":{\"@id\":\"https:\/\/www.villaadriatica.com\/it\/vacanze-attive\/#breadcrumb\"},\"inLanguage\":\"it-IT\",\"potentialAction\":[{\"@type\":\"ReadAction\",\"target\":[\"https:\/\/www.villaadriatica.com\/it\/vacanze-attive\/\"]}]},{\"@type\":\"BreadcrumbList\",\"@id\":\"https:\/\/www.villaadriatica.com\/it\/vacanze-attive\/#breadcrumb\",\"itemListElement\":[{\"@type\":\"ListItem\",\"position\":1,\"name\":\"Home\",\"item\":\"https:\/\/www.villaadriatica.com\/it\/\"},{\"@type\":\"ListItem\",\"position\":2,\"name\":\"Vacanze attive\"}]},{\"@type\":\"WebSite\",\"@id\":\"https:\/\/www.villaadriatica.com\/hr\/#website\",\"url\":\"https:\/\/www.villaadriatica.com\/hr\/\",\"name\":\"\",\"description\":\"\",\"potentialAction\":[{\"@type\":\"SearchAction\",\"target\":{\"@type\":\"EntryPoint\",\"urlTemplate\":\"https:\/\/www.villaadriatica.com\/hr\/?s={search_term_string}\"},\"query-input\":{\"@type\":\"PropertyValueSpecification\",\"valueRequired\":true,\"valueName\":\"search_term_string\"}}],\"inLanguage\":\"it-IT\"}]}<\/script>\n<!-- \/ Yoast SEO plugin. -->","yoast_head_json":{"title":"Hotel Villa Adriatica | Supetar, Bra\u010d | Vacanze attive","description":"If you have never kayaked before don't worry, you will receive basic instructions from our guide before we set off to our adventure. You will be surprised how quick you will start to enjoy it.","robots":{"index":"index","follow":"follow","max-snippet":"max-snippet:-1","max-image-preview":"max-image-preview:large","max-video-preview":"max-video-preview:-1"},"canonical":"https:\/\/www.villaadriatica.com\/it\/vacanze-attive\/","og_locale":"it_IT","og_type":"article","og_title":"Hotel Villa Adriatica | Supetar, Bra\u010d | Vacanze attive","og_description":"If you have never kayaked before don't worry, you will receive basic instructions from our guide before we set off to our adventure. You will be surprised how quick you will start to enjoy it.","og_url":"https:\/\/www.villaadriatica.com\/it\/vacanze-attive\/","article_modified_time":"2014-01-17T12:46:15+00:00","og_image":[{"url":"https:\/\/www.villaadriatica.com\/wp-content\/uploads\/2013\/07\/mountain-biking-island-brac-013-150x150.jpg","type":"","width":"","height":""}],"twitter_misc":{"Tempo di lettura stimato":"3 minuti"},"schema":{"@context":"https:\/\/schema.org","@graph":[{"@type":"WebPage","@id":"https:\/\/www.villaadriatica.com\/it\/vacanze-attive\/","url":"https:\/\/www.villaadriatica.com\/it\/vacanze-attive\/","name":"Hotel Villa Adriatica | Supetar, Bra\u010d | Vacanze attive","isPartOf":{"@id":"https:\/\/www.villaadriatica.com\/hr\/#website"},"datePublished":"2013-07-21T13:44:04+00:00","dateModified":"2014-01-17T12:46:15+00:00","description":"If you have never kayaked before don't worry, you will receive basic instructions from our guide before we set off to our adventure. You will be surprised how quick you will start to enjoy it.","breadcrumb":{"@id":"https:\/\/www.villaadriatica.com\/it\/vacanze-attive\/#breadcrumb"},"inLanguage":"it-IT","potentialAction":[{"@type":"ReadAction","target":["https:\/\/www.villaadriatica.com\/it\/vacanze-attive\/"]}]},{"@type":"BreadcrumbList","@id":"https:\/\/www.villaadriatica.com\/it\/vacanze-attive\/#breadcrumb","itemListElement":[{"@type":"ListItem","position":1,"name":"Home","item":"https:\/\/www.villaadriatica.com\/it\/"},{"@type":"ListItem","position":2,"name":"Vacanze attive"}]},{"@type":"WebSite","@id":"https:\/\/www.villaadriatica.com\/hr\/#website","url":"https:\/\/www.villaadriatica.com\/hr\/","name":"","description":"","potentialAction":[{"@type":"SearchAction","target":{"@type":"EntryPoint","urlTemplate":"https:\/\/www.villaadriatica.com\/hr\/?s={search_term_string}"},"query-input":{"@type":"PropertyValueSpecification","valueRequired":true,"valueName":"search_term_string"}}],"inLanguage":"it-IT"}]}},"_links":{"self":[{"href":"https:\/\/www.villaadriatica.com\/it\/wp-json\/wp\/v2\/pages\/1840","targetHints":{"allow":["GET"]}}],"collection":[{"href":"https:\/\/www.villaadriatica.com\/it\/wp-json\/wp\/v2\/pages"}],"about":[{"href":"https:\/\/www.villaadriatica.com\/it\/wp-json\/wp\/v2\/types\/page"}],"author":[{"embeddable":true,"href":"https:\/\/www.villaadriatica.com\/it\/wp-json\/wp\/v2\/users\/1"}],"replies":[{"embeddable":true,"href":"https:\/\/www.villaadriatica.com\/it\/wp-json\/wp\/v2\/comments?post=1840"}],"version-history":[{"count":3,"href":"https:\/\/www.villaadriatica.com\/it\/wp-json\/wp\/v2\/pages\/1840\/revisions"}],"predecessor-version":[{"id":1846,"href":"https:\/\/www.villaadriatica.com\/it\/wp-json\/wp\/v2\/pages\/1840\/revisions\/1846"}],"wp:attachment":[{"href":"https:\/\/www.villaadriatica.com\/it\/wp-json\/wp\/v2\/media?parent=1840"}],"curies":[{"name":"wp","href":"https:\/\/api.w.org\/{rel}","templated":true}]}}