{"id":872,"date":"2013-07-21T13:44:04","date_gmt":"2013-07-21T13:44:04","guid":{"rendered":"https:\/\/www.villaadriatica.com\/active-holiday-2\/"},"modified":"2013-10-03T13:58:17","modified_gmt":"2013-10-03T13:58:17","slug":"aktivni-odmor","status":"publish","type":"page","link":"https:\/\/www.villaadriatica.com\/hr\/aktivni-odmor\/","title":{"rendered":"Aktivni odmor"},"content":{"rendered":"<p>Preko puta na\u0161e Ville se nalaze sportski objekti koji \u0107e zadovoljiti i najzahtjevnije:<br \/>\n<strong>Pored hotela nalazi se:<\/strong><br \/>\n<span style=\"color: #ff6600;\">\u2794<\/span> nogometno igrali\u0161te<br \/>\n<span style=\"color: #ff6600;\">\u2794<\/span> mini-golf<br \/>\n<span style=\"color: #ff6600;\">\u2794<\/span> stolni tenis<br \/>\n<span style=\"color: #ff6600;\">\u2794<\/span> teniski tereni<br \/>\n<span style=\"color: #ff6600;\">\u2794<\/span> fitness<\/p>\n<p>Profesionalno osoblje vodi vas kroz raznovrsne sportove prilago\u0111avaju\u0107i se va\u0161im \u017eeljama i zahtjevima. Oprema kao teniski reketi, lopte i sl. se mogu iznajmiti.<\/p>\n<p><strong><span style=\"color: #ff6600;\">Ronjenje<\/span><\/strong><br \/>\nRonila\u010dki centar je u blizini. Ako ste ronilac ili \u017eelite to postati onda vam je ovo prilika da iskusite ljepote ovog izuzetno popularnog sporta.<\/p>\n<p><strong>Adventure paketi hotela Villa Adriatica:<\/strong><br \/>\nOtkrijte srce i du\u0161u otoka Bra\u010da<br \/>\nOtok Bra\u010d je idealno odredi\u0161te za odmor pun akcije jer pru\u017ea odli\u010dne uvjete za jedrenje na dasci, kajaking na moru, planinarenje, brdski biciklizam, trekking, jedrenje i jo\u0161 mnogo sportskih aktivnosti. Ovaj avanturisti\u010dki tjedan je stvoren s posebnom pa\u017enjom za o\u010duvanje na\u0161eg otoka, njegove prirode, ljudi i folklora. Bilo da ste po\u010detnik ili iskusni sporta\u0161, sigurno \u0107ete u potpunosti u\u017eivati u svom aktivnom odmoru!<\/p>\n<p><strong>Aktivnosti<\/strong><div id='gallery-1' class='gallery galleryid-872 gallery-columns-3 gallery-size-thumbnail'><figure class='gallery-item'>\n\t\t\t<div class='gallery-icon landscape'>\n\t\t\t\t<a href='https:\/\/www.villaadriatica.com\/wp-content\/uploads\/2021\/05\/villa-adriatica-activites-musem-of-olive-oil.jpg'><img loading=\"lazy\" decoding=\"async\" width=\"150\" height=\"150\" src=\"https:\/\/www.villaadriatica.com\/wp-content\/uploads\/2021\/05\/villa-adriatica-activites-musem-of-olive-oil-150x150.jpg\" class=\"attachment-thumbnail size-thumbnail\" alt=\"\" \/><\/a>\n\t\t\t<\/div><\/figure><figure class='gallery-item'>\n\t\t\t<div class='gallery-icon landscape'>\n\t\t\t\t<a href='https:\/\/www.villaadriatica.com\/wp-content\/uploads\/2021\/05\/villa-adriatica-activites-excursion.jpg'><img loading=\"lazy\" decoding=\"async\" width=\"150\" height=\"150\" src=\"https:\/\/www.villaadriatica.com\/wp-content\/uploads\/2021\/05\/villa-adriatica-activites-excursion-150x150.jpg\" class=\"attachment-thumbnail size-thumbnail\" alt=\"\" \/><\/a>\n\t\t\t<\/div><\/figure><figure class='gallery-item'>\n\t\t\t<div class='gallery-icon landscape'>\n\t\t\t\t<a href='https:\/\/www.villaadriatica.com\/wp-content\/uploads\/2021\/05\/villa-adriatica-activites-excursion-1.jpg'><img loading=\"lazy\" decoding=\"async\" width=\"150\" height=\"150\" src=\"https:\/\/www.villaadriatica.com\/wp-content\/uploads\/2021\/05\/villa-adriatica-activites-excursion-1-150x150.jpg\" class=\"attachment-thumbnail size-thumbnail\" alt=\"\" \/><\/a>\n\t\t\t<\/div><\/figure>\n\t\t<\/div>\n<\/p>\n<p><strong><span style=\"color: #ff6600;\">KAJAK NA MORU<\/span><\/strong><br \/>\nUkoliko niste nikada prije isprobali kayaking &#8211; ne brinite, dobit \u0107ete osnovne upute na\u0161eg vodi\u010da prije nego \u0161to krenemo u na\u0161u avanturu. Bit \u0107ete iznena\u0111eni kojim brzinom \u0107ete po\u010deti u\u017eivati u ovoj aktivnosti.<br \/>\nKre\u0107emo od Sutivana kajakom du\u017e sjeverozapadne obale otoka Bra\u010da, u\u017eivaju\u0107i u pogledu na prekrasne uvale i pla\u017ee. Uzimate predah i imate dovoljno vremena za kupanje i opu\u0161tanje u jednoj od uvala. Po dolasku u Bobovi\u0161\u0107a imat \u0107ete dovoljno vremena da pro\u0161etate i istra\u017eite ovaj maleni gradi\u0107 tipi\u010dnog dalmatinskog izgleda. Povratak je organiziran kombijem.<\/p>\n<p><strong><span style=\"color: #ff6600;\">BRDSKI BICIKLIZAM \u2013 OD VRHA DO MORA!<\/span><\/strong><br \/>\nTransfer kombijem do Vidove gore (778 m), najvi\u0161eg vrha svih jadranskih otoka. Dolazak do vidikovca gdje \u0107ete u\u017eivati u pogledu na srednjodalmatinske otoke koji \u0107e vas ostaviti bez daha. S Vidove gore nastavljamo spust biciklima po poljskom putu sve do Nere\u017ei\u0161\u0107a i drugih tipi\u010dnih unutra\u0161njih sela (Donji Humac, Dra\u010devica i Lo\u017ei\u0161\u0107a). Dok vozite bicikl bit \u0107ete okru\u017eeni dobro njegovanim stoljetnim maslinicima i gustom borovom \u0161umom. Ve\u0107ina puta (80%) \u0107e biti izvan glavne ceste, na ure\u0111enim biciklisti\u010dkim stazama i putovima. Zavr\u0161it \u0107emo na\u0161e putovanje prema moru.<\/p>\n<p><strong><span style=\"color: #ff6600;\">PENJANJE PO STIJENAMA<\/span><\/strong><br style=\"color: #ff6600;\" \/> Na\u0161 dan penjanja je idealan uvod u svijet rock climbing-a. Prethodno iskustvo nije potrebno. Po\u010dinjemo s penjanjem u \u0161koli penjanja u Lo\u017ei\u0161\u0107u, gdje i iskusni penja\u010di i po\u010detnici mogu prona\u0107i putove \u017eeljene te\u017eine. Ako ste iskusni planinar najprije \u0107ete provesti neko vrijeme sa svojim instruktorom u podru\u010dju Lo\u017ei\u0161\u0107a, a kasnije se premjestiti na jedan od mnogih pravaca razli\u010dite razine zahtjevnosti. Mnogi od sektora imaju rute razli\u010ditih zahtjevnosti, pa ako ste iskusni planinar, a putujete s manje iskusnim, uvijek mo\u017eemo na\u0107i prikladno mjesto za vas oboje za uspon.<\/p>\n<p><strong><span style=\"color: #ff6600;\">JEDRENJE \/ \u0160KOLA JEDRENJA NA DASCI<\/span><\/strong><br \/>\nProvedite dan u\u010de\u0107i kako jedriti i u\u017eivati u ovoj savr\u0161enoj ljetnoj aktivnosti. Ako se nikad dosad niste oku\u0161ali u jedrenju, na\u0161 intenzivni brzi te\u010daj je kao stvoren za vas. Ako ve\u0107 imate odre\u0111eno iskustvo, na\u0161i instruktori \u0107e vam pomo\u0107i da saznate vi\u0161e naprednih tehnika i trikova. Jedrenje je idealna ljetna aktivnost, a na\u0161 TOPPER Omega \u0107e osigurati da osjetite pravu adrenalinsku akciju i nezaboravan do\u017eivljaj! Uputite se u predjele Sutivana i u\u017eivajte u pogledu na ovaj tipi\u010dni mediteranski grad s bijelim kamenim fasadama, crvenim krovovima i palmama.<\/p>\n<p><strong><span style=\"color: #ff6600;\">MULTISPORT OTO\u010cKA AVANTURA<\/span> <\/strong>\u2013 Otok Brac, Hrvatska<br \/>\n<strong>Posebnosti programa:<\/strong><br \/>\nDan 1 &#8211; Dolazak<br \/>\nDan 2 &#8211; Kajak na moru<br \/>\nDan 3 &#8211; Dan za izborne aktivnosti<br \/>\nDan 4 &#8211; Vo\u017enja biciklom od vrha planine do mora<br \/>\nDan 5 &#8211; Penjanje<br \/>\nDan 6 &#8211; Dan za izborne aktivnosti<br \/>\nDan 7 &#8211; \u0160kola jedrenja na dasci \/ jedrenje (va\u0161 izbor)<br \/>\nDan 8 &#8211; Odlazak<\/p>\n<p><strong><em>Smje\u0161taj na bazi polupansiona u na\u0161em boutique hotelu Villa Adriatica u Supetru. Svi transferi na otoku, oprema, vodi\u010di i ulaznice uklju\u010dene u cijenu. Zajam\u010deni polasci od 1. svibnja do 1. Listopada 2014.<\/em><\/strong><\/p>\n<!-- Social Ring Buttons Start --><div class=\"social-ring\">\n<div class=\"social-ring-button\"><fb:like href=\"https:\/\/www.villaadriatica.com\/hr\/aktivni-odmor\/\" showfaces=\"false\" layout=\"button_count\" action=\"like\"><\/fb:like><\/div>\n<div class=\"social-ring-button\"><a href=\"https:\/\/www.facebook.com\/sharer\/sharer.php?s=100&p[url]=https:\/\/www.villaadriatica.com\/hr\/aktivni-odmor\/\" target=\"_blank\"\n\t\t\t\t\t\t\tonclick=\"window.open('https:\/\/www.facebook.com\/sharer\/sharer.php?s=100&p[url]=https:\/\/www.villaadriatica.com\/hr\/aktivni-odmor\/', 'newwindow', 'width=600, height=450'); return false;\" >\n\t\t\t\t\t\t\t<img decoding=\"async\" style=\"display:block; background: none; padding: 0px; border:0px;\" src=\"https:\/\/www.villaadriatica.com\/wp-content\/plugins\/wordpress-social-ring\/includes\/..\/admin\/images\/sr-fb-share.png\" alt=\"Share\"\/>\n\t\t\t\t\t\t<\/a><\/div>\n<div class=\"social-ring-button\"><a rel=\"nofollow\" href=\"http:\/\/twitter.com\/share\" lang=\"en\" data-url=\"https:\/\/www.villaadriatica.com\/hr\/aktivni-odmor\/\" data-text=\"Aktivni odmor\" data-count=\"horizontal\" class=\"sr-twitter-button twitter-share-button\"><\/a><\/div>\n<div class=\"social-ring-button\"><div class=\"g-plusone\" data-href=\"https:\/\/www.villaadriatica.com\/hr\/aktivni-odmor\/\" data-size=\"medium\" ><\/div><\/div>\n<div class=\"social-ring-button\"><a rel=\"nofollow\" href=\"http:\/\/pinterest.com\/pin\/create\/button\/?url=https%3A%2F%2Fwww.villaadriatica.com%2Fhr%2Faktivni-odmor%2F&media=https%3A%2F%2Fwww.villaadriatica.com%2Fwp-content%2Fuploads%2F2021%2F05%2Fvilla-adriatica-activites-musem-of-olive-oil-150x150.jpg&description=Aktivni+odmor\" class=\"pin-it-button\"count-layout=\"horizontal\"><\/a><\/div>\n<\/div><!-- Social Ring Buttons End -->\n\n","protected":false},"excerpt":{"rendered":"<p>Preko puta na\u0161e Ville se nalaze sportski objekti koji \u0107e zadovoljiti i najzahtjevnije: Pored hotela nalazi se: \u2794 nogometno igrali\u0161te \u2794 mini-golf \u2794 stolni tenis \u2794 teniski tereni \u2794 fitness Profesionalno osoblje vodi vas&#8230;<\/p>\n","protected":false},"author":1,"featured_media":0,"parent":0,"menu_order":0,"comment_status":"closed","ping_status":"closed","template":"","meta":{"footnotes":""},"class_list":["post-872","page","type-page","status-publish","hentry"],"yoast_head":"<!-- This site is optimized with the Yoast SEO plugin v25.1 - https:\/\/yoast.com\/wordpress\/plugins\/seo\/ -->\n<title>Hotel Villa Adriatica | Supetar, Bra\u010d | Active Holiday<\/title>\n<meta name=\"description\" content=\"If you have never kayaked before don&#039;t worry, you will receive basic instructions from our guide before we set off to our adventure. You will be surprised how quick you will start to enjoy it.\" \/>\n<meta name=\"robots\" content=\"index, follow, max-snippet:-1, max-image-preview:large, max-video-preview:-1\" \/>\n<link rel=\"canonical\" href=\"https:\/\/www.villaadriatica.com\/hr\/aktivni-odmor\/\" \/>\n<meta property=\"og:locale\" content=\"hr_HR\" \/>\n<meta property=\"og:type\" content=\"article\" \/>\n<meta property=\"og:title\" content=\"Hotel Villa Adriatica | Supetar, Bra\u010d | Active Holiday\" \/>\n<meta property=\"og:description\" content=\"If you have never kayaked before don&#039;t worry, you will receive basic instructions from our guide before we set off to our adventure. You will be surprised how quick you will start to enjoy it.\" \/>\n<meta property=\"og:url\" content=\"https:\/\/www.villaadriatica.com\/hr\/aktivni-odmor\/\" \/>\n<meta property=\"article:modified_time\" content=\"2013-10-03T13:58:17+00:00\" \/>\n<meta property=\"og:image\" content=\"https:\/\/www.villaadriatica.com\/wp-content\/uploads\/2021\/05\/villa-adriatica-activites-musem-of-olive-oil-150x150.jpg\" \/>\n<meta name=\"twitter:label1\" content=\"Procijenjeno vrijeme \u010ditanja\" \/>\n\t<meta name=\"twitter:data1\" content=\"3 minute\" \/>\n<script type=\"application\/ld+json\" class=\"yoast-schema-graph\">{\"@context\":\"https:\/\/schema.org\",\"@graph\":[{\"@type\":\"WebPage\",\"@id\":\"https:\/\/www.villaadriatica.com\/hr\/aktivni-odmor\/\",\"url\":\"https:\/\/www.villaadriatica.com\/hr\/aktivni-odmor\/\",\"name\":\"Hotel Villa Adriatica | Supetar, Bra\u010d | Active Holiday\",\"isPartOf\":{\"@id\":\"https:\/\/www.villaadriatica.com\/hr\/#website\"},\"datePublished\":\"2013-07-21T13:44:04+00:00\",\"dateModified\":\"2013-10-03T13:58:17+00:00\",\"description\":\"If you have never kayaked before don't worry, you will receive basic instructions from our guide before we set off to our adventure. You will be surprised how quick you will start to enjoy it.\",\"breadcrumb\":{\"@id\":\"https:\/\/www.villaadriatica.com\/hr\/aktivni-odmor\/#breadcrumb\"},\"inLanguage\":\"hr\",\"potentialAction\":[{\"@type\":\"ReadAction\",\"target\":[\"https:\/\/www.villaadriatica.com\/hr\/aktivni-odmor\/\"]}]},{\"@type\":\"BreadcrumbList\",\"@id\":\"https:\/\/www.villaadriatica.com\/hr\/aktivni-odmor\/#breadcrumb\",\"itemListElement\":[{\"@type\":\"ListItem\",\"position\":1,\"name\":\"Home\",\"item\":\"https:\/\/www.villaadriatica.com\/hr\/\"},{\"@type\":\"ListItem\",\"position\":2,\"name\":\"Aktivni odmor\"}]},{\"@type\":\"WebSite\",\"@id\":\"https:\/\/www.villaadriatica.com\/hr\/#website\",\"url\":\"https:\/\/www.villaadriatica.com\/hr\/\",\"name\":\"\",\"description\":\"\",\"potentialAction\":[{\"@type\":\"SearchAction\",\"target\":{\"@type\":\"EntryPoint\",\"urlTemplate\":\"https:\/\/www.villaadriatica.com\/hr\/?s={search_term_string}\"},\"query-input\":{\"@type\":\"PropertyValueSpecification\",\"valueRequired\":true,\"valueName\":\"search_term_string\"}}],\"inLanguage\":\"hr\"}]}<\/script>\n<!-- \/ Yoast SEO plugin. -->","yoast_head_json":{"title":"Hotel Villa Adriatica | Supetar, Bra\u010d | Active Holiday","description":"If you have never kayaked before don't worry, you will receive basic instructions from our guide before we set off to our adventure. You will be surprised how quick you will start to enjoy it.","robots":{"index":"index","follow":"follow","max-snippet":"max-snippet:-1","max-image-preview":"max-image-preview:large","max-video-preview":"max-video-preview:-1"},"canonical":"https:\/\/www.villaadriatica.com\/hr\/aktivni-odmor\/","og_locale":"hr_HR","og_type":"article","og_title":"Hotel Villa Adriatica | Supetar, Bra\u010d | Active Holiday","og_description":"If you have never kayaked before don't worry, you will receive basic instructions from our guide before we set off to our adventure. You will be surprised how quick you will start to enjoy it.","og_url":"https:\/\/www.villaadriatica.com\/hr\/aktivni-odmor\/","article_modified_time":"2013-10-03T13:58:17+00:00","og_image":[{"url":"https:\/\/www.villaadriatica.com\/wp-content\/uploads\/2021\/05\/villa-adriatica-activites-musem-of-olive-oil-150x150.jpg","type":"","width":"","height":""}],"twitter_misc":{"Procijenjeno vrijeme \u010ditanja":"3 minute"},"schema":{"@context":"https:\/\/schema.org","@graph":[{"@type":"WebPage","@id":"https:\/\/www.villaadriatica.com\/hr\/aktivni-odmor\/","url":"https:\/\/www.villaadriatica.com\/hr\/aktivni-odmor\/","name":"Hotel Villa Adriatica | Supetar, Bra\u010d | Active Holiday","isPartOf":{"@id":"https:\/\/www.villaadriatica.com\/hr\/#website"},"datePublished":"2013-07-21T13:44:04+00:00","dateModified":"2013-10-03T13:58:17+00:00","description":"If you have never kayaked before don't worry, you will receive basic instructions from our guide before we set off to our adventure. You will be surprised how quick you will start to enjoy it.","breadcrumb":{"@id":"https:\/\/www.villaadriatica.com\/hr\/aktivni-odmor\/#breadcrumb"},"inLanguage":"hr","potentialAction":[{"@type":"ReadAction","target":["https:\/\/www.villaadriatica.com\/hr\/aktivni-odmor\/"]}]},{"@type":"BreadcrumbList","@id":"https:\/\/www.villaadriatica.com\/hr\/aktivni-odmor\/#breadcrumb","itemListElement":[{"@type":"ListItem","position":1,"name":"Home","item":"https:\/\/www.villaadriatica.com\/hr\/"},{"@type":"ListItem","position":2,"name":"Aktivni odmor"}]},{"@type":"WebSite","@id":"https:\/\/www.villaadriatica.com\/hr\/#website","url":"https:\/\/www.villaadriatica.com\/hr\/","name":"","description":"","potentialAction":[{"@type":"SearchAction","target":{"@type":"EntryPoint","urlTemplate":"https:\/\/www.villaadriatica.com\/hr\/?s={search_term_string}"},"query-input":{"@type":"PropertyValueSpecification","valueRequired":true,"valueName":"search_term_string"}}],"inLanguage":"hr"}]}},"_links":{"self":[{"href":"https:\/\/www.villaadriatica.com\/hr\/wp-json\/wp\/v2\/pages\/872","targetHints":{"allow":["GET"]}}],"collection":[{"href":"https:\/\/www.villaadriatica.com\/hr\/wp-json\/wp\/v2\/pages"}],"about":[{"href":"https:\/\/www.villaadriatica.com\/hr\/wp-json\/wp\/v2\/types\/page"}],"author":[{"embeddable":true,"href":"https:\/\/www.villaadriatica.com\/hr\/wp-json\/wp\/v2\/users\/1"}],"replies":[{"embeddable":true,"href":"https:\/\/www.villaadriatica.com\/hr\/wp-json\/wp\/v2\/comments?post=872"}],"version-history":[{"count":3,"href":"https:\/\/www.villaadriatica.com\/hr\/wp-json\/wp\/v2\/pages\/872\/revisions"}],"predecessor-version":[{"id":873,"href":"https:\/\/www.villaadriatica.com\/hr\/wp-json\/wp\/v2\/pages\/872\/revisions\/873"}],"wp:attachment":[{"href":"https:\/\/www.villaadriatica.com\/hr\/wp-json\/wp\/v2\/media?parent=872"}],"curies":[{"name":"wp","href":"https:\/\/api.w.org\/{rel}","templated":true}]}}