{"id":846,"date":"2013-07-11T13:43:30","date_gmt":"2013-07-11T13:43:30","guid":{"rendered":"https:\/\/www.villaadriatica.com\/facilities-and-services-2\/"},"modified":"2014-01-16T09:33:33","modified_gmt":"2014-01-16T09:33:33","slug":"oprema-i-usluge","status":"publish","type":"page","link":"https:\/\/www.villaadriatica.com\/hr\/oprema-i-usluge\/","title":{"rendered":"Oprema i usluge"},"content":{"rendered":"<p style=\"color: #000000;\"><span style=\"color: #ff6600;\">\u2794<\/span> 23 dvokrevetne sobe<br \/>\n<span style=\"color: #ff6600;\">\u2794<\/span> hla\u0111enje i grijanje<br \/>\n<span style=\"color: #ff6600;\">\u2794<\/span> telefon<br \/>\n<span style=\"color: #ff6600;\">\u2794<\/span> SAT \/ TV<br \/>\n<span style=\"color: #ff6600;\">\u2794<\/span> balkon<br \/>\n<span style=\"color: #ff6600;\">\u2794<\/span> restoran<br \/>\n<span style=\"color: #ff6600;\">\u2794<\/span> terasa cafe-bar i aperitiv cafe-bar<br \/>\n<span style=\"color: #ff6600;\">\u2794<\/span> povremeno glazba u\u017eivo<br \/>\n<span style=\"color: #ff6600;\">\u2794<\/span> vrt<br \/>\n<span style=\"color: #ff6600;\">\u2794<\/span> bazen i hidromasa\u017ena kada ( jacuzzi ) na otvorenom<br \/>\n<span style=\"color: #ff6600;\">\u2794<\/span> joga i masa\u017ee<br \/>\n<span style=\"color: #ff6600;\">\u2794<\/span> fitness i sauna, masa\u017ena kada<br \/>\n<span style=\"color: #ff6600;\">\u2794<\/span> dnevni boravak pri restoranu<br \/>\n<span style=\"color: #ff6600;\">\u2794<\/span> 24 sata recepcija<br \/>\n<span style=\"color: #ff6600;\">\u2794<\/span> blizina glavne pla\u017ee<br \/>\n<span style=\"color: #ff6600;\">\u2794<\/span> blizina sportskih terena<br \/>\n<span style=\"color: #ff6600;\">\u2794<\/span> posebne cocktail ve\u010deri uz bazen<br \/>\n<span style=\"color: #ff6600;\">\u2794<\/span> prijateljsko osoblje<\/p>\n<p><strong><span style=\"color: #ff6600;\">\u2794<\/span> i jo\u0161 mnogo, mnogo toga&#8230;.<br \/>\n<\/strong><\/p>\n<p><div id='gallery-1' class='gallery galleryid-846 gallery-columns-3 gallery-size-thumbnail'><figure class='gallery-item'>\n\t\t\t<div class='gallery-icon landscape'>\n\t\t\t\t<a href='https:\/\/www.villaadriatica.com\/wp-content\/uploads\/2013\/07\/Hotel-Villa-Adriatica-Supetar-Brac-1103.jpg'><img loading=\"lazy\" decoding=\"async\" width=\"150\" height=\"150\" src=\"https:\/\/www.villaadriatica.com\/wp-content\/uploads\/2013\/07\/Hotel-Villa-Adriatica-Supetar-Brac-1103-150x150.jpg\" class=\"attachment-thumbnail size-thumbnail\" alt=\"\" \/><\/a>\n\t\t\t<\/div><\/figure><figure class='gallery-item'>\n\t\t\t<div class='gallery-icon landscape'>\n\t\t\t\t<a href='https:\/\/www.villaadriatica.com\/wp-content\/uploads\/2013\/07\/Hotel-Villa-Adriatica-Supetar-Brac-1123.jpg'><img loading=\"lazy\" decoding=\"async\" width=\"150\" height=\"150\" src=\"https:\/\/www.villaadriatica.com\/wp-content\/uploads\/2013\/07\/Hotel-Villa-Adriatica-Supetar-Brac-1123-150x150.jpg\" class=\"attachment-thumbnail size-thumbnail\" alt=\"\" \/><\/a>\n\t\t\t<\/div><\/figure><figure class='gallery-item'>\n\t\t\t<div class='gallery-icon landscape'>\n\t\t\t\t<a href='https:\/\/www.villaadriatica.com\/wp-content\/uploads\/2013\/07\/Hotel-Villa-Adriatica-Supetar-Brac-1133.jpg'><img loading=\"lazy\" decoding=\"async\" width=\"150\" height=\"150\" src=\"https:\/\/www.villaadriatica.com\/wp-content\/uploads\/2013\/07\/Hotel-Villa-Adriatica-Supetar-Brac-1133-150x150.jpg\" class=\"attachment-thumbnail size-thumbnail\" alt=\"\" \/><\/a>\n\t\t\t<\/div><\/figure><figure class='gallery-item'>\n\t\t\t<div class='gallery-icon landscape'>\n\t\t\t\t<a href='https:\/\/www.villaadriatica.com\/wp-content\/uploads\/2013\/07\/Hotel-Villa-Adriatica-Supetar-Brac-1143.jpg'><img loading=\"lazy\" decoding=\"async\" width=\"150\" height=\"150\" src=\"https:\/\/www.villaadriatica.com\/wp-content\/uploads\/2013\/07\/Hotel-Villa-Adriatica-Supetar-Brac-1143-150x150.jpg\" class=\"attachment-thumbnail size-thumbnail\" alt=\"\" \/><\/a>\n\t\t\t<\/div><\/figure><figure class='gallery-item'>\n\t\t\t<div class='gallery-icon landscape'>\n\t\t\t\t<a href='https:\/\/www.villaadriatica.com\/wp-content\/uploads\/2013\/07\/Hotel-Villa-Adriatica-Supetar-Brac-1153.jpg'><img loading=\"lazy\" decoding=\"async\" width=\"150\" height=\"150\" src=\"https:\/\/www.villaadriatica.com\/wp-content\/uploads\/2013\/07\/Hotel-Villa-Adriatica-Supetar-Brac-1153-150x150.jpg\" class=\"attachment-thumbnail size-thumbnail\" alt=\"\" \/><\/a>\n\t\t\t<\/div><\/figure><figure class='gallery-item'>\n\t\t\t<div class='gallery-icon landscape'>\n\t\t\t\t<a href='https:\/\/www.villaadriatica.com\/wp-content\/uploads\/2013\/07\/Hotel-Villa-Adriatica-Supetar-Brac-1163.jpg'><img loading=\"lazy\" decoding=\"async\" width=\"150\" height=\"150\" src=\"https:\/\/www.villaadriatica.com\/wp-content\/uploads\/2013\/07\/Hotel-Villa-Adriatica-Supetar-Brac-1163-150x150.jpg\" class=\"attachment-thumbnail size-thumbnail\" alt=\"\" \/><\/a>\n\t\t\t<\/div><\/figure><figure class='gallery-item'>\n\t\t\t<div class='gallery-icon landscape'>\n\t\t\t\t<a href='https:\/\/www.villaadriatica.com\/wp-content\/uploads\/2013\/07\/Hotel-Villa-Adriatica-Supetar-Brac-1173.jpg'><img loading=\"lazy\" decoding=\"async\" width=\"150\" height=\"150\" src=\"https:\/\/www.villaadriatica.com\/wp-content\/uploads\/2013\/07\/Hotel-Villa-Adriatica-Supetar-Brac-1173-150x150.jpg\" class=\"attachment-thumbnail size-thumbnail\" alt=\"\" \/><\/a>\n\t\t\t<\/div><\/figure><figure class='gallery-item'>\n\t\t\t<div class='gallery-icon landscape'>\n\t\t\t\t<a href='https:\/\/www.villaadriatica.com\/wp-content\/uploads\/2013\/07\/Hotel-Villa-Adriatica-Supetar-Brac-1183.jpg'><img loading=\"lazy\" decoding=\"async\" width=\"150\" height=\"150\" src=\"https:\/\/www.villaadriatica.com\/wp-content\/uploads\/2013\/07\/Hotel-Villa-Adriatica-Supetar-Brac-1183-150x150.jpg\" class=\"attachment-thumbnail size-thumbnail\" alt=\"\" \/><\/a>\n\t\t\t<\/div><\/figure><figure class='gallery-item'>\n\t\t\t<div class='gallery-icon landscape'>\n\t\t\t\t<a href='https:\/\/www.villaadriatica.com\/wp-content\/uploads\/2013\/07\/Hotel-Villa-Adriatica-Supetar-Brac-1213.jpg'><img loading=\"lazy\" decoding=\"async\" width=\"150\" height=\"150\" src=\"https:\/\/www.villaadriatica.com\/wp-content\/uploads\/2013\/07\/Hotel-Villa-Adriatica-Supetar-Brac-1213-150x150.jpg\" class=\"attachment-thumbnail size-thumbnail\" alt=\"\" \/><\/a>\n\t\t\t<\/div><\/figure><figure class='gallery-item'>\n\t\t\t<div class='gallery-icon landscape'>\n\t\t\t\t<a href='https:\/\/www.villaadriatica.com\/wp-content\/uploads\/2021\/05\/villa-adriatica-cocktail-bar.jpg'><img loading=\"lazy\" decoding=\"async\" width=\"150\" height=\"150\" src=\"https:\/\/www.villaadriatica.com\/wp-content\/uploads\/2021\/05\/villa-adriatica-cocktail-bar-150x150.jpg\" class=\"attachment-thumbnail size-thumbnail\" alt=\"\" \/><\/a>\n\t\t\t<\/div><\/figure>\n\t\t<\/div>\n<br \/>\nHotel Villa Adriatica, na\u0161 mali obiteljski hotel nudi vam 23 moderno namje\u0161tene, klimatizirane sobe s vlastitom kupaonicom te svim potrebnim sadr\u017eajima uklju\u010duju\u0107i be\u017ei\u010dni internet ( WiFi pristupnu to\u010dku ). Namje\u0161taj sa detaljima od ratana stvara ljetni, relaksiraju\u0107i ugo\u0111aj. Opustite se u lijepom vanjskom bazenu i vanjskoj hidromasa\u017enoj kadi i u\u017eivajte na suncu dok polako ispijate najdra\u017ei koktel. Malo wellness podru\u010dje sastoji se od saune i hidromasa\u017ene kade. U ponudi wellnessa su i razne vrste masa\u017ea. Na terasi s lounge barom gosti mogu provesti duga popodneva \u010ditaju\u0107i dobru knjigu u sjeni starih palmi, usred bogate mediteranske vegetacije.<\/p>\n<p><strong>Dobro do\u0161li u Villu Adriatica<\/strong><\/p>\n<p><strong><a href=\"https:\/\/www.villaadriatica.com\/wp-content\/uploads\/2013\/07\/Hotel-Villa-Adriatica-Supetar-Brac-110.jpg\"><img loading=\"lazy\" decoding=\"async\" class=\"alignnone  wp-image-337\" title=\"Welcome to Hotel Villa Adriatica - Supetar, Island Bra\u010d\" alt=\"\" src=\"https:\/\/www.villaadriatica.com\/wp-content\/uploads\/2013\/07\/Hotel-Villa-Adriatica-Supetar-Brac-110.jpg\" width=\"630\" height=\"420\" srcset=\"https:\/\/www.villaadriatica.com\/wp-content\/uploads\/2013\/07\/Hotel-Villa-Adriatica-Supetar-Brac-110.jpg 900w, https:\/\/www.villaadriatica.com\/wp-content\/uploads\/2013\/07\/Hotel-Villa-Adriatica-Supetar-Brac-110-300x200.jpg 300w\" sizes=\"auto, (max-width: 630px) 100vw, 630px\" \/><\/a><\/strong><br \/>\n<!-- Social Ring Buttons Start --><div class=\"social-ring\">\n<div class=\"social-ring-button\"><fb:like href=\"https:\/\/www.villaadriatica.com\/hr\/oprema-i-usluge\/\" showfaces=\"false\" layout=\"button_count\" action=\"like\"><\/fb:like><\/div>\n<div class=\"social-ring-button\"><a href=\"https:\/\/www.facebook.com\/sharer\/sharer.php?s=100&p[url]=https:\/\/www.villaadriatica.com\/hr\/oprema-i-usluge\/\" target=\"_blank\"\n\t\t\t\t\t\t\tonclick=\"window.open('https:\/\/www.facebook.com\/sharer\/sharer.php?s=100&p[url]=https:\/\/www.villaadriatica.com\/hr\/oprema-i-usluge\/', 'newwindow', 'width=600, height=450'); return false;\" >\n\t\t\t\t\t\t\t<img decoding=\"async\" style=\"display:block; background: none; padding: 0px; border:0px;\" src=\"https:\/\/www.villaadriatica.com\/wp-content\/plugins\/wordpress-social-ring\/includes\/..\/admin\/images\/sr-fb-share.png\" alt=\"Share\"\/>\n\t\t\t\t\t\t<\/a><\/div>\n<div class=\"social-ring-button\"><a rel=\"nofollow\" href=\"http:\/\/twitter.com\/share\" lang=\"en\" data-url=\"https:\/\/www.villaadriatica.com\/hr\/oprema-i-usluge\/\" data-text=\"Oprema i usluge\" data-count=\"horizontal\" class=\"sr-twitter-button twitter-share-button\"><\/a><\/div>\n<div class=\"social-ring-button\"><div class=\"g-plusone\" data-href=\"https:\/\/www.villaadriatica.com\/hr\/oprema-i-usluge\/\" data-size=\"medium\" ><\/div><\/div>\n<div class=\"social-ring-button\"><a rel=\"nofollow\" href=\"http:\/\/pinterest.com\/pin\/create\/button\/?url=https%3A%2F%2Fwww.villaadriatica.com%2Fhr%2Foprema-i-usluge%2F&media=https%3A%2F%2Fwww.villaadriatica.com%2Fwp-content%2Fuploads%2F2013%2F07%2FHotel-Villa-Adriatica-Supetar-Brac-1103-150x150.jpg&description=Oprema+i+usluge\" class=\"pin-it-button\"count-layout=\"horizontal\"><\/a><\/div>\n<\/div><!-- Social Ring Buttons End -->\n<\/p>\n","protected":false},"excerpt":{"rendered":"<p>\u2794 23 dvokrevetne sobe \u2794 hla\u0111enje i grijanje \u2794 telefon \u2794 SAT \/ TV \u2794 balkon \u2794 restoran \u2794 terasa cafe-bar i aperitiv cafe-bar \u2794 povremeno glazba u\u017eivo \u2794 vrt \u2794 bazen i hidromasa\u017ena&#8230;<\/p>\n","protected":false},"author":1,"featured_media":0,"parent":0,"menu_order":0,"comment_status":"closed","ping_status":"closed","template":"","meta":{"footnotes":""},"class_list":["post-846","page","type-page","status-publish","hentry"],"yoast_head":"<!-- This site is optimized with the Yoast SEO plugin v25.1 - https:\/\/yoast.com\/wordpress\/plugins\/seo\/ -->\n<title>Hotel Villa Adriatica - Oprema i usluge<\/title>\n<meta name=\"description\" content=\"23 double rooms, Air-conditioning and heating, Phone, SAT \/ TV, balcony, restaurant, Terrace cafe-bar and cocktail cafe-bar, Live music, garden, Pool and outdoor Jacuzzi...\" \/>\n<meta name=\"robots\" content=\"index, follow, max-snippet:-1, max-image-preview:large, max-video-preview:-1\" \/>\n<link rel=\"canonical\" href=\"https:\/\/www.villaadriatica.com\/hr\/oprema-i-usluge\/\" \/>\n<meta property=\"og:locale\" content=\"hr_HR\" \/>\n<meta property=\"og:type\" content=\"article\" \/>\n<meta property=\"og:title\" content=\"Hotel Villa Adriatica - Oprema i usluge\" \/>\n<meta property=\"og:description\" content=\"23 double rooms, Air-conditioning and heating, Phone, SAT \/ TV, balcony, restaurant, Terrace cafe-bar and cocktail cafe-bar, Live music, garden, Pool and outdoor Jacuzzi...\" \/>\n<meta property=\"og:url\" content=\"https:\/\/www.villaadriatica.com\/hr\/oprema-i-usluge\/\" \/>\n<meta property=\"article:modified_time\" content=\"2014-01-16T09:33:33+00:00\" \/>\n<meta property=\"og:image\" content=\"https:\/\/www.villaadriatica.com\/wp-content\/uploads\/2013\/07\/Hotel-Villa-Adriatica-Supetar-Brac-1103-150x150.jpg\" \/>\n<meta name=\"twitter:label1\" content=\"Procijenjeno vrijeme \u010ditanja\" \/>\n\t<meta name=\"twitter:data1\" content=\"1 minuta\" \/>\n<script type=\"application\/ld+json\" class=\"yoast-schema-graph\">{\"@context\":\"https:\/\/schema.org\",\"@graph\":[{\"@type\":\"WebPage\",\"@id\":\"https:\/\/www.villaadriatica.com\/hr\/oprema-i-usluge\/\",\"url\":\"https:\/\/www.villaadriatica.com\/hr\/oprema-i-usluge\/\",\"name\":\"Hotel Villa Adriatica - Oprema i usluge\",\"isPartOf\":{\"@id\":\"https:\/\/www.villaadriatica.com\/hr\/#website\"},\"primaryImageOfPage\":{\"@id\":\"https:\/\/www.villaadriatica.com\/hr\/oprema-i-usluge\/#primaryimage\"},\"image\":{\"@id\":\"https:\/\/www.villaadriatica.com\/hr\/oprema-i-usluge\/#primaryimage\"},\"thumbnailUrl\":\"https:\/\/www.villaadriatica.com\/wp-content\/uploads\/2013\/07\/Hotel-Villa-Adriatica-Supetar-Brac-110.jpg\",\"datePublished\":\"2013-07-11T13:43:30+00:00\",\"dateModified\":\"2014-01-16T09:33:33+00:00\",\"description\":\"23 double rooms, Air-conditioning and heating, Phone, SAT \/ TV, balcony, restaurant, Terrace cafe-bar and cocktail cafe-bar, Live music, garden, Pool and outdoor Jacuzzi...\",\"breadcrumb\":{\"@id\":\"https:\/\/www.villaadriatica.com\/hr\/oprema-i-usluge\/#breadcrumb\"},\"inLanguage\":\"hr\",\"potentialAction\":[{\"@type\":\"ReadAction\",\"target\":[\"https:\/\/www.villaadriatica.com\/hr\/oprema-i-usluge\/\"]}]},{\"@type\":\"ImageObject\",\"inLanguage\":\"hr\",\"@id\":\"https:\/\/www.villaadriatica.com\/hr\/oprema-i-usluge\/#primaryimage\",\"url\":\"https:\/\/www.villaadriatica.com\/wp-content\/uploads\/2013\/07\/Hotel-Villa-Adriatica-Supetar-Brac-110.jpg\",\"contentUrl\":\"https:\/\/www.villaadriatica.com\/wp-content\/uploads\/2013\/07\/Hotel-Villa-Adriatica-Supetar-Brac-110.jpg\"},{\"@type\":\"BreadcrumbList\",\"@id\":\"https:\/\/www.villaadriatica.com\/hr\/oprema-i-usluge\/#breadcrumb\",\"itemListElement\":[{\"@type\":\"ListItem\",\"position\":1,\"name\":\"Home\",\"item\":\"https:\/\/www.villaadriatica.com\/hr\/\"},{\"@type\":\"ListItem\",\"position\":2,\"name\":\"Oprema i usluge\"}]},{\"@type\":\"WebSite\",\"@id\":\"https:\/\/www.villaadriatica.com\/hr\/#website\",\"url\":\"https:\/\/www.villaadriatica.com\/hr\/\",\"name\":\"\",\"description\":\"\",\"potentialAction\":[{\"@type\":\"SearchAction\",\"target\":{\"@type\":\"EntryPoint\",\"urlTemplate\":\"https:\/\/www.villaadriatica.com\/hr\/?s={search_term_string}\"},\"query-input\":{\"@type\":\"PropertyValueSpecification\",\"valueRequired\":true,\"valueName\":\"search_term_string\"}}],\"inLanguage\":\"hr\"}]}<\/script>\n<!-- \/ Yoast SEO plugin. -->","yoast_head_json":{"title":"Hotel Villa Adriatica - Oprema i usluge","description":"23 double rooms, Air-conditioning and heating, Phone, SAT \/ TV, balcony, restaurant, Terrace cafe-bar and cocktail cafe-bar, Live music, garden, Pool and outdoor Jacuzzi...","robots":{"index":"index","follow":"follow","max-snippet":"max-snippet:-1","max-image-preview":"max-image-preview:large","max-video-preview":"max-video-preview:-1"},"canonical":"https:\/\/www.villaadriatica.com\/hr\/oprema-i-usluge\/","og_locale":"hr_HR","og_type":"article","og_title":"Hotel Villa Adriatica - Oprema i usluge","og_description":"23 double rooms, Air-conditioning and heating, Phone, SAT \/ TV, balcony, restaurant, Terrace cafe-bar and cocktail cafe-bar, Live music, garden, Pool and outdoor Jacuzzi...","og_url":"https:\/\/www.villaadriatica.com\/hr\/oprema-i-usluge\/","article_modified_time":"2014-01-16T09:33:33+00:00","og_image":[{"url":"https:\/\/www.villaadriatica.com\/wp-content\/uploads\/2013\/07\/Hotel-Villa-Adriatica-Supetar-Brac-1103-150x150.jpg","type":"","width":"","height":""}],"twitter_misc":{"Procijenjeno vrijeme \u010ditanja":"1 minuta"},"schema":{"@context":"https:\/\/schema.org","@graph":[{"@type":"WebPage","@id":"https:\/\/www.villaadriatica.com\/hr\/oprema-i-usluge\/","url":"https:\/\/www.villaadriatica.com\/hr\/oprema-i-usluge\/","name":"Hotel Villa Adriatica - Oprema i usluge","isPartOf":{"@id":"https:\/\/www.villaadriatica.com\/hr\/#website"},"primaryImageOfPage":{"@id":"https:\/\/www.villaadriatica.com\/hr\/oprema-i-usluge\/#primaryimage"},"image":{"@id":"https:\/\/www.villaadriatica.com\/hr\/oprema-i-usluge\/#primaryimage"},"thumbnailUrl":"https:\/\/www.villaadriatica.com\/wp-content\/uploads\/2013\/07\/Hotel-Villa-Adriatica-Supetar-Brac-110.jpg","datePublished":"2013-07-11T13:43:30+00:00","dateModified":"2014-01-16T09:33:33+00:00","description":"23 double rooms, Air-conditioning and heating, Phone, SAT \/ TV, balcony, restaurant, Terrace cafe-bar and cocktail cafe-bar, Live music, garden, Pool and outdoor Jacuzzi...","breadcrumb":{"@id":"https:\/\/www.villaadriatica.com\/hr\/oprema-i-usluge\/#breadcrumb"},"inLanguage":"hr","potentialAction":[{"@type":"ReadAction","target":["https:\/\/www.villaadriatica.com\/hr\/oprema-i-usluge\/"]}]},{"@type":"ImageObject","inLanguage":"hr","@id":"https:\/\/www.villaadriatica.com\/hr\/oprema-i-usluge\/#primaryimage","url":"https:\/\/www.villaadriatica.com\/wp-content\/uploads\/2013\/07\/Hotel-Villa-Adriatica-Supetar-Brac-110.jpg","contentUrl":"https:\/\/www.villaadriatica.com\/wp-content\/uploads\/2013\/07\/Hotel-Villa-Adriatica-Supetar-Brac-110.jpg"},{"@type":"BreadcrumbList","@id":"https:\/\/www.villaadriatica.com\/hr\/oprema-i-usluge\/#breadcrumb","itemListElement":[{"@type":"ListItem","position":1,"name":"Home","item":"https:\/\/www.villaadriatica.com\/hr\/"},{"@type":"ListItem","position":2,"name":"Oprema i usluge"}]},{"@type":"WebSite","@id":"https:\/\/www.villaadriatica.com\/hr\/#website","url":"https:\/\/www.villaadriatica.com\/hr\/","name":"","description":"","potentialAction":[{"@type":"SearchAction","target":{"@type":"EntryPoint","urlTemplate":"https:\/\/www.villaadriatica.com\/hr\/?s={search_term_string}"},"query-input":{"@type":"PropertyValueSpecification","valueRequired":true,"valueName":"search_term_string"}}],"inLanguage":"hr"}]}},"_links":{"self":[{"href":"https:\/\/www.villaadriatica.com\/hr\/wp-json\/wp\/v2\/pages\/846","targetHints":{"allow":["GET"]}}],"collection":[{"href":"https:\/\/www.villaadriatica.com\/hr\/wp-json\/wp\/v2\/pages"}],"about":[{"href":"https:\/\/www.villaadriatica.com\/hr\/wp-json\/wp\/v2\/types\/page"}],"author":[{"embeddable":true,"href":"https:\/\/www.villaadriatica.com\/hr\/wp-json\/wp\/v2\/users\/1"}],"replies":[{"embeddable":true,"href":"https:\/\/www.villaadriatica.com\/hr\/wp-json\/wp\/v2\/comments?post=846"}],"version-history":[{"count":3,"href":"https:\/\/www.villaadriatica.com\/hr\/wp-json\/wp\/v2\/pages\/846\/revisions"}],"predecessor-version":[{"id":847,"href":"https:\/\/www.villaadriatica.com\/hr\/wp-json\/wp\/v2\/pages\/846\/revisions\/847"}],"wp:attachment":[{"href":"https:\/\/www.villaadriatica.com\/hr\/wp-json\/wp\/v2\/media?parent=846"}],"curies":[{"name":"wp","href":"https:\/\/api.w.org\/{rel}","templated":true}]}}