{"id":771,"date":"2013-06-11T13:31:58","date_gmt":"2013-06-11T13:31:58","guid":{"rendered":"https:\/\/www.villaadriatica.com\/location-2\/"},"modified":"2020-10-29T14:16:54","modified_gmt":"2020-10-29T14:16:54","slug":"lokacija","status":"publish","type":"page","link":"https:\/\/www.villaadriatica.com\/hr\/lokacija\/","title":{"rendered":"Lokacija"},"content":{"rendered":"<p><iframe loading=\"lazy\" src=\"https:\/\/www.google.com\/maps\/embed?pb=!1m18!1m12!1m3!1d2899.6329605059705!2d16.54305245175685!3d43.38469807766563!2m3!1f0!2f0!3f0!3m2!1i1024!2i768!4f13.1!3m3!1m2!1s0x134a9d851f9d7f11%3A0xacd0df9131d02511!2sHotel%20Villa%20Adriatica!5e0!3m2!1sen!2shr!4v1603980732425!5m2!1sen!2shr\" style=\"border:0;\" allowfullscreen=\"\" aria-hidden=\"false\" tabindex=\"0\" width=\"600\" height=\"450\" frameborder=\"0\"><\/iframe><\/p>\n<p><strong>Na ovoj karti mo\u017eete prona\u0107i lokaciju i smjer do Hotela.<\/strong><\/p>\n<p title=\"Hotel Villa Adriatica\"><em><strong><a href=\"https:\/\/www.villaadriatica.com\/wp-content\/uploads\/2013\/06\/hotel-villa-adriatica-supetar-brac-location.jpg\"><img loading=\"lazy\" decoding=\"async\" class=\"alignnone  wp-image-205\" title=\"Hotel Villa Adriatica Supetar Brac - Location\" src=\"https:\/\/www.villaadriatica.com\/wp-content\/uploads\/2013\/06\/hotel-villa-adriatica-supetar-brac-location.jpg\" alt=\"Hotel Villa Adriatica Supetar Brac - Location\" width=\"630\" height=\"380\" srcset=\"https:\/\/www.villaadriatica.com\/wp-content\/uploads\/2013\/06\/hotel-villa-adriatica-supetar-brac-location.jpg 900w, https:\/\/www.villaadriatica.com\/wp-content\/uploads\/2013\/06\/hotel-villa-adriatica-supetar-brac-location-300x181.jpg 300w\" sizes=\"auto, (max-width: 630px) 100vw, 630px\" \/><\/a><\/strong><\/em>Villa Adriatica je mali, obiteljski hotel udaljen svega 100 m od glavne pje\u0161\u010dane i \u0161ljun\u010dane pla\u017ee, jedinstveno mjesto u Supetru, u srcu otoka Bra\u010da. Smje\u0161tena na mirnom mjestu, neposredno do teniskih igrali\u0161ta, pru\u017ea nezaboravan pogled na kristalno \u010disto more.<\/p>\n<p><strong>Udaljenosti&#8230;<\/strong><br \/>\n<span style=\"color: #ff6600;\">\u2794<\/span> Centar grada 400m<br \/>\n<span style=\"color: #ff6600;\">\u2794<\/span> More 100m<br \/>\n<span style=\"color: #ff6600;\">\u2794<\/span> Pla\u017ea 100m<br \/>\n<span style=\"color: #ff6600;\">\u2794<\/span> Restoran 50m<br \/>\n<span style=\"color: #ff6600;\">\u2794<\/span> Disco club 50m<br \/>\n<span style=\"color: #ff6600;\">\u2794<\/span> Doktor \/ Bolnica 600m<br \/>\n<span style=\"color: #ff6600;\">\u2794<\/span> Aerodrom 2500m<br \/>\n<strong><\/strong><\/p>\n<p><strong>Pla\u017ea <em><strong>Okolina:<\/strong><\/em><\/strong><br \/>\n<em><strong>Opis najbli\u017ee pla\u017ee &#8211; <\/strong><\/em><strong>pjesak, \u017ealo<\/strong><br \/>\n<span style=\"color: #ff6600;\">\u2794<\/span> Le\u017ealjke uz nadoplatu<br \/>\n<span style=\"color: #ff6600;\">\u2794<\/span> Plava zastava<br \/>\n<span style=\"color: #ff6600;\">\u2794<\/span> Suncobrani uz nadoplatu<br \/>\n<span style=\"color: #ff6600;\">\u2794<\/span> Tu\u0161evi<\/p>\n<p><strong><\/strong><em><strong>Za vi\u0161e informacija i rezervacije slobodno nas kontaktirajt<\/strong><\/em><strong><em>e.<\/em><\/strong><br \/>\n<!-- Social Ring Buttons Start --><div class=\"social-ring\">\n<div class=\"social-ring-button\"><fb:like href=\"https:\/\/www.villaadriatica.com\/hr\/lokacija\/\" showfaces=\"false\" layout=\"button_count\" action=\"like\"><\/fb:like><\/div>\n<div class=\"social-ring-button\"><a href=\"https:\/\/www.facebook.com\/sharer\/sharer.php?s=100&p[url]=https:\/\/www.villaadriatica.com\/hr\/lokacija\/\" target=\"_blank\"\n\t\t\t\t\t\t\tonclick=\"window.open('https:\/\/www.facebook.com\/sharer\/sharer.php?s=100&p[url]=https:\/\/www.villaadriatica.com\/hr\/lokacija\/', 'newwindow', 'width=600, height=450'); return false;\" >\n\t\t\t\t\t\t\t<img decoding=\"async\" style=\"display:block; background: none; padding: 0px; border:0px;\" src=\"https:\/\/www.villaadriatica.com\/wp-content\/plugins\/wordpress-social-ring\/includes\/..\/admin\/images\/sr-fb-share.png\" alt=\"Share\"\/>\n\t\t\t\t\t\t<\/a><\/div>\n<div class=\"social-ring-button\"><a rel=\"nofollow\" href=\"http:\/\/twitter.com\/share\" lang=\"en\" data-url=\"https:\/\/www.villaadriatica.com\/hr\/lokacija\/\" data-text=\"Lokacija\" data-count=\"horizontal\" class=\"sr-twitter-button twitter-share-button\"><\/a><\/div>\n<div class=\"social-ring-button\"><div class=\"g-plusone\" data-href=\"https:\/\/www.villaadriatica.com\/hr\/lokacija\/\" data-size=\"medium\" ><\/div><\/div>\n<div class=\"social-ring-button\"><a rel=\"nofollow\" href=\"http:\/\/pinterest.com\/pin\/create\/button\/?url=https%3A%2F%2Fwww.villaadriatica.com%2Fhr%2Flokacija%2F&media=https%3A%2F%2Fwww.villaadriatica.com%2Fwp-content%2Fuploads%2F2013%2F06%2Fhotel-villa-adriatica-supetar-brac-location.jpg&description=Lokacija\" class=\"pin-it-button\"count-layout=\"horizontal\"><\/a><\/div>\n<\/div><!-- Social Ring Buttons End -->\n<\/p>\n","protected":false},"excerpt":{"rendered":"<p>Na ovoj karti mo\u017eete prona\u0107i lokaciju i smjer do Hotela. Villa Adriatica je mali, obiteljski hotel udaljen svega 100 m od glavne pje\u0161\u010dane i \u0161ljun\u010dane pla\u017ee, jedinstveno mjesto u Supetru, u srcu otoka Bra\u010da&#8230;.<\/p>\n","protected":false},"author":1,"featured_media":0,"parent":0,"menu_order":0,"comment_status":"closed","ping_status":"closed","template":"","meta":{"footnotes":""},"class_list":["post-771","page","type-page","status-publish","hentry"],"yoast_head":"<!-- This site is optimized with the Yoast SEO plugin v25.1 - https:\/\/yoast.com\/wordpress\/plugins\/seo\/ -->\n<title>Hotel Villa Adriatica | Supetar, Island Bra\u010d | Lokacija<\/title>\n<meta name=\"description\" content=\"Villa Adriatica je mali, obiteljski hotel udaljen svega 100 m od glavne pje\u0161\u010dane i \u0161ljun\u010dane pla\u017ee, jedinstveno mjesto u Supetru, u srcu otoka Bra\u010da.\" \/>\n<meta name=\"robots\" content=\"index, follow, max-snippet:-1, max-image-preview:large, max-video-preview:-1\" \/>\n<link rel=\"canonical\" href=\"https:\/\/www.villaadriatica.com\/hr\/lokacija\/\" \/>\n<meta property=\"og:locale\" content=\"hr_HR\" \/>\n<meta property=\"og:type\" content=\"article\" \/>\n<meta property=\"og:title\" content=\"Hotel Villa Adriatica | Supetar, Island Bra\u010d | Lokacija\" \/>\n<meta property=\"og:description\" content=\"Villa Adriatica je mali, obiteljski hotel udaljen svega 100 m od glavne pje\u0161\u010dane i \u0161ljun\u010dane pla\u017ee, jedinstveno mjesto u Supetru, u srcu otoka Bra\u010da.\" \/>\n<meta property=\"og:url\" content=\"https:\/\/www.villaadriatica.com\/hr\/lokacija\/\" \/>\n<meta property=\"article:modified_time\" content=\"2020-10-29T14:16:54+00:00\" \/>\n<meta property=\"og:image\" content=\"https:\/\/www.villaadriatica.com\/wp-content\/uploads\/2013\/06\/hotel-villa-adriatica-supetar-brac-location.jpg\" \/>\n<meta name=\"twitter:label1\" content=\"Procijenjeno vrijeme \u010ditanja\" \/>\n\t<meta name=\"twitter:data1\" content=\"1 minuta\" \/>\n<script type=\"application\/ld+json\" class=\"yoast-schema-graph\">{\"@context\":\"https:\/\/schema.org\",\"@graph\":[{\"@type\":\"WebPage\",\"@id\":\"https:\/\/www.villaadriatica.com\/hr\/lokacija\/\",\"url\":\"https:\/\/www.villaadriatica.com\/hr\/lokacija\/\",\"name\":\"Hotel Villa Adriatica | Supetar, Island Bra\u010d | Lokacija\",\"isPartOf\":{\"@id\":\"https:\/\/www.villaadriatica.com\/hr\/#website\"},\"primaryImageOfPage\":{\"@id\":\"https:\/\/www.villaadriatica.com\/hr\/lokacija\/#primaryimage\"},\"image\":{\"@id\":\"https:\/\/www.villaadriatica.com\/hr\/lokacija\/#primaryimage\"},\"thumbnailUrl\":\"https:\/\/www.villaadriatica.com\/wp-content\/uploads\/2013\/06\/hotel-villa-adriatica-supetar-brac-location.jpg\",\"datePublished\":\"2013-06-11T13:31:58+00:00\",\"dateModified\":\"2020-10-29T14:16:54+00:00\",\"description\":\"Villa Adriatica je mali, obiteljski hotel udaljen svega 100 m od glavne pje\u0161\u010dane i \u0161ljun\u010dane pla\u017ee, jedinstveno mjesto u Supetru, u srcu otoka Bra\u010da.\",\"breadcrumb\":{\"@id\":\"https:\/\/www.villaadriatica.com\/hr\/lokacija\/#breadcrumb\"},\"inLanguage\":\"hr\",\"potentialAction\":[{\"@type\":\"ReadAction\",\"target\":[\"https:\/\/www.villaadriatica.com\/hr\/lokacija\/\"]}]},{\"@type\":\"ImageObject\",\"inLanguage\":\"hr\",\"@id\":\"https:\/\/www.villaadriatica.com\/hr\/lokacija\/#primaryimage\",\"url\":\"https:\/\/www.villaadriatica.com\/wp-content\/uploads\/2013\/06\/hotel-villa-adriatica-supetar-brac-location.jpg\",\"contentUrl\":\"https:\/\/www.villaadriatica.com\/wp-content\/uploads\/2013\/06\/hotel-villa-adriatica-supetar-brac-location.jpg\"},{\"@type\":\"BreadcrumbList\",\"@id\":\"https:\/\/www.villaadriatica.com\/hr\/lokacija\/#breadcrumb\",\"itemListElement\":[{\"@type\":\"ListItem\",\"position\":1,\"name\":\"Home\",\"item\":\"https:\/\/www.villaadriatica.com\/hr\/\"},{\"@type\":\"ListItem\",\"position\":2,\"name\":\"Lokacija\"}]},{\"@type\":\"WebSite\",\"@id\":\"https:\/\/www.villaadriatica.com\/hr\/#website\",\"url\":\"https:\/\/www.villaadriatica.com\/hr\/\",\"name\":\"\",\"description\":\"\",\"potentialAction\":[{\"@type\":\"SearchAction\",\"target\":{\"@type\":\"EntryPoint\",\"urlTemplate\":\"https:\/\/www.villaadriatica.com\/hr\/?s={search_term_string}\"},\"query-input\":{\"@type\":\"PropertyValueSpecification\",\"valueRequired\":true,\"valueName\":\"search_term_string\"}}],\"inLanguage\":\"hr\"}]}<\/script>\n<!-- \/ Yoast SEO plugin. -->","yoast_head_json":{"title":"Hotel Villa Adriatica | Supetar, Island Bra\u010d | Lokacija","description":"Villa Adriatica je mali, obiteljski hotel udaljen svega 100 m od glavne pje\u0161\u010dane i \u0161ljun\u010dane pla\u017ee, jedinstveno mjesto u Supetru, u srcu otoka Bra\u010da.","robots":{"index":"index","follow":"follow","max-snippet":"max-snippet:-1","max-image-preview":"max-image-preview:large","max-video-preview":"max-video-preview:-1"},"canonical":"https:\/\/www.villaadriatica.com\/hr\/lokacija\/","og_locale":"hr_HR","og_type":"article","og_title":"Hotel Villa Adriatica | Supetar, Island Bra\u010d | Lokacija","og_description":"Villa Adriatica je mali, obiteljski hotel udaljen svega 100 m od glavne pje\u0161\u010dane i \u0161ljun\u010dane pla\u017ee, jedinstveno mjesto u Supetru, u srcu otoka Bra\u010da.","og_url":"https:\/\/www.villaadriatica.com\/hr\/lokacija\/","article_modified_time":"2020-10-29T14:16:54+00:00","og_image":[{"url":"https:\/\/www.villaadriatica.com\/wp-content\/uploads\/2013\/06\/hotel-villa-adriatica-supetar-brac-location.jpg","type":"","width":"","height":""}],"twitter_misc":{"Procijenjeno vrijeme \u010ditanja":"1 minuta"},"schema":{"@context":"https:\/\/schema.org","@graph":[{"@type":"WebPage","@id":"https:\/\/www.villaadriatica.com\/hr\/lokacija\/","url":"https:\/\/www.villaadriatica.com\/hr\/lokacija\/","name":"Hotel Villa Adriatica | Supetar, Island Bra\u010d | Lokacija","isPartOf":{"@id":"https:\/\/www.villaadriatica.com\/hr\/#website"},"primaryImageOfPage":{"@id":"https:\/\/www.villaadriatica.com\/hr\/lokacija\/#primaryimage"},"image":{"@id":"https:\/\/www.villaadriatica.com\/hr\/lokacija\/#primaryimage"},"thumbnailUrl":"https:\/\/www.villaadriatica.com\/wp-content\/uploads\/2013\/06\/hotel-villa-adriatica-supetar-brac-location.jpg","datePublished":"2013-06-11T13:31:58+00:00","dateModified":"2020-10-29T14:16:54+00:00","description":"Villa Adriatica je mali, obiteljski hotel udaljen svega 100 m od glavne pje\u0161\u010dane i \u0161ljun\u010dane pla\u017ee, jedinstveno mjesto u Supetru, u srcu otoka Bra\u010da.","breadcrumb":{"@id":"https:\/\/www.villaadriatica.com\/hr\/lokacija\/#breadcrumb"},"inLanguage":"hr","potentialAction":[{"@type":"ReadAction","target":["https:\/\/www.villaadriatica.com\/hr\/lokacija\/"]}]},{"@type":"ImageObject","inLanguage":"hr","@id":"https:\/\/www.villaadriatica.com\/hr\/lokacija\/#primaryimage","url":"https:\/\/www.villaadriatica.com\/wp-content\/uploads\/2013\/06\/hotel-villa-adriatica-supetar-brac-location.jpg","contentUrl":"https:\/\/www.villaadriatica.com\/wp-content\/uploads\/2013\/06\/hotel-villa-adriatica-supetar-brac-location.jpg"},{"@type":"BreadcrumbList","@id":"https:\/\/www.villaadriatica.com\/hr\/lokacija\/#breadcrumb","itemListElement":[{"@type":"ListItem","position":1,"name":"Home","item":"https:\/\/www.villaadriatica.com\/hr\/"},{"@type":"ListItem","position":2,"name":"Lokacija"}]},{"@type":"WebSite","@id":"https:\/\/www.villaadriatica.com\/hr\/#website","url":"https:\/\/www.villaadriatica.com\/hr\/","name":"","description":"","potentialAction":[{"@type":"SearchAction","target":{"@type":"EntryPoint","urlTemplate":"https:\/\/www.villaadriatica.com\/hr\/?s={search_term_string}"},"query-input":{"@type":"PropertyValueSpecification","valueRequired":true,"valueName":"search_term_string"}}],"inLanguage":"hr"}]}},"_links":{"self":[{"href":"https:\/\/www.villaadriatica.com\/hr\/wp-json\/wp\/v2\/pages\/771","targetHints":{"allow":["GET"]}}],"collection":[{"href":"https:\/\/www.villaadriatica.com\/hr\/wp-json\/wp\/v2\/pages"}],"about":[{"href":"https:\/\/www.villaadriatica.com\/hr\/wp-json\/wp\/v2\/types\/page"}],"author":[{"embeddable":true,"href":"https:\/\/www.villaadriatica.com\/hr\/wp-json\/wp\/v2\/users\/1"}],"replies":[{"embeddable":true,"href":"https:\/\/www.villaadriatica.com\/hr\/wp-json\/wp\/v2\/comments?post=771"}],"version-history":[{"count":2,"href":"https:\/\/www.villaadriatica.com\/hr\/wp-json\/wp\/v2\/pages\/771\/revisions"}],"predecessor-version":[{"id":3013,"href":"https:\/\/www.villaadriatica.com\/hr\/wp-json\/wp\/v2\/pages\/771\/revisions\/3013"}],"wp:attachment":[{"href":"https:\/\/www.villaadriatica.com\/hr\/wp-json\/wp\/v2\/media?parent=771"}],"curies":[{"name":"wp","href":"https:\/\/api.w.org\/{rel}","templated":true}]}}