{"id":766,"date":"2013-07-12T13:34:18","date_gmt":"2013-07-12T13:34:18","guid":{"rendered":"https:\/\/www.villaadriatica.com\/how-to-get-there-2\/"},"modified":"2016-08-13T08:55:46","modified_gmt":"2016-08-13T08:55:46","slug":"kako-doputovati","status":"publish","type":"page","link":"https:\/\/www.villaadriatica.com\/hr\/kako-doputovati\/","title":{"rendered":"Kako doputovati do Hotela"},"content":{"rendered":"<p>Kako doputovati do Supetra i Hotela Villa Adriatica:<br \/>\nSa aerodroma Split do luke je otprilike 30 minuta vo\u017enje.<br \/>\nTrajekt Split &#8211; Supetar je oko 45 minuta.<br \/>\n<strong><em>Hotel je udaljen 15 minuta \u0161etnje od luke Supetar.<\/em><\/strong><\/p>\n<p>Rent a car i najam skutera mo\u017eete dobiti iz hotela.<\/p>\n<p>Lokacija na karti<br \/>\n\r\n            \r\n            \r\n            \r\n            <a name='map5'><\/a>\r\n            \r\n            \r\n            \r\n            \r\n            <div class=\"wpgmza_map \"  id=\"wpgmza_map_5\" style=\"display:block; overflow:auto; width:635px; height:400px; float:left;\" data-settings='{\"id\":\"5\",\"map_title\":\"Hotel Villa Adriatica\",\"map_width\":\"635\",\"map_height\":\"400\",\"map_start_lat\":\"43.380065\",\"map_start_lng\":\"16.553354\",\"map_start_location\":\"43.38006498930827,16.5533542664557\",\"map_start_zoom\":\"14\",\"default_marker\":\"\",\"type\":\"1\",\"alignment\":\"1\",\"directions_enabled\":\"1\",\"styling_enabled\":\"0\",\"styling_json\":\"\",\"active\":\"0\",\"kml\":\"\",\"bicycle\":\"0\",\"traffic\":\"0\",\"dbox\":\"1\",\"dbox_width\":\"\",\"listmarkers\":\"0\",\"listmarkers_advanced\":\"0\",\"ugm_enabled\":\"0\",\"fusion\":\"\",\"map_width_type\":\"px\",\"map_height_type\":\"px\",\"mass_marker_support\":\"0\",\"ugm_access\":\"0\",\"order_markers_by\":\"1\",\"order_markers_choice\":\"2\",\"show_user_location\":\"2\",\"filterbycat\":\"0\",\"ugm_category_enabled\":\"0\",\"default_to\":\"\",\"other_settings\":{\"wpgmza_store_locator_restrict\":\"\",\"store_locator_query_string\":\"ZIP \\\/ Address:\",\"store_locator_name_string\":\"Title \\\/ Description:\",\"wpgmza_dbox_width_type\":\"px\",\"map_max_zoom\":\"3\",\"map_min_zoom\":\"21\",\"sl_stroke_color\":\"FF0000\",\"sl_stroke_opacity\":\"0.25\",\"sl_fill_color\":\"FF0000\",\"sl_fill_opacity\":\"0.15\",\"click_open_link\":2,\"transport_layer\":0,\"iw_primary_color\":\"2A3744\",\"iw_accent_color\":\"252F3A\",\"iw_text_color\":\"FFFFFF\",\"wpgmza_iw_type\":\"0\",\"list_markers_by\":\"0\",\"push_in_map\":\"\",\"push_in_map_placement\":\"9\",\"wpgmza_push_in_map_width\":\"\",\"wpgmza_push_in_map_height\":\"\",\"wpgmza_theme_data\":\"\",\"upload_default_ul_marker\":\"\",\"upload_default_sl_marker\":\"\",\"shortcodeAttributes\":{\"id\":\"5\"}}}' data-map-id='5' data-shortcode-attributes='{\"id\":\"5\"}'> <\/div>\r\n            \r\n               \r\n        <div style=\"display:block; width:100%;\">\r\n\t\t\t\t\r\n\t\t\t\t<div class=\"wpgmza-directions-box wpgmaps_directions_outer_div\" data-map-id=\"5\" style=\"width:50px;display:none;clear:both;\" id=\"wpgmaps_directions_edit_5\">\n\t<h2 class=\"wpgmza-directions-box__title\">Get Directions<\/h2>\n\t\n\t<div class=\"wpgmza-directions-box-inner\" id=\"wpgmaps_directions_editbox_5\">\n\t\t<div class=\"wpgmza-directions-actions wpgmza-form-field\">\n\t\t\t<div class=\"wpgmza-directions__travel-mode\">\n\t\t\t\t<span class=\"wpgmza-travel-mode-option wpgmza-travel-option__selected\" data-mode=\"driving\">\n\t\t\t\t\t<img decoding=\"async\" src=\"https:\/\/www.villaadriatica.com\/wp-content\/plugins\/wp-google-maps-pro\/images\/icons\/directions_car.png\">\n\t\t\t\t<\/span>\n\t\t\t\t<span class=\"wpgmza-travel-mode-option\" data-mode=\"walking\">\n\t\t\t\t\t<img decoding=\"async\" src=\"https:\/\/www.villaadriatica.com\/wp-content\/plugins\/wp-google-maps-pro\/images\/icons\/directions_walking.png\">\n\t\t\t\t<\/span>\n\t\t\t\t<span class=\"wpgmza-travel-mode-option\" data-mode=\"transit\">\n\t\t\t\t\t<img decoding=\"async\" src=\"https:\/\/www.villaadriatica.com\/wp-content\/plugins\/wp-google-maps-pro\/images\/icons\/directions_transit.png\">\n\t\t\t\t<\/span>\n\t\t\t\t<span class=\"wpgmza-travel-mode-option\" data-mode=\"bicycling\">\n\t\t\t\t\t<img decoding=\"async\" src=\"https:\/\/www.villaadriatica.com\/wp-content\/plugins\/wp-google-maps-pro\/images\/icons\/directions_bike.png\">\n\t\t\t\t<\/span>\n\t\t\t<\/div>\n\n\t\t\t<div class=\"wpgmza-directions-locations\">\n\t\t\t\t<div class=\"wpgmza-directions-from wpgmza-form-field\">\n\n\t\t\t\t\t<i class=\"wpgmza-directions-from__icon fa fa-circle\"><\/i>\n\t\t\t\n\t\t\t\t\t<label class=\"wpgmza-form-field__label\" for=\"wpgmza_input_from_5\">\n\t\t\t\t\t\tFrom\t\t\t\t\t<\/label>\n\t\t\t\t\t\n\t\t\t\t\t<input class=\"wpgmza-address wpgmza-directions-from wpgmza-form-field__input\" type=\"text\" placeholder=\"From\" value=\"\" id=\"wpgmza_input_from_5\">\n\t\t\t\t\n\t\t\t\t<\/div>\n\n\t\t\t\t<div class=\"wpgmza-directions-to wpgmza-form-field wpgmaps_to_row\">\n\n\t\t\t\t\t<i class=\"wpgmza-directions-to__icon fa fas fa-map-marker\"><\/i>\n\n\t\t\t\t\t<label class=\"wpgmza-form-field__label\" for=\"wpgmza_input_to_5\">\n\t\t\t\t\t\tTo\t\t\t\t\t<\/label>\n\t\t\t\t\t<input class=\"wpgmza-address wpgmza-form-field__input wpgmza-directions-to\" type=\"text\" placeholder=\"To\" value=\"\" id=\"wpgmza_input_to_5\">\n\t\t\t\t<\/div>\n\t\t\t\t\n\t\t\t\t<div class=\"wpgmza-waypoint-via wpgmza-form-field wpgmza-form-field--no-pad wpgmaps_via wpgmaps_template\">\n\n\t\t\t\t\t<i class=\"wpgmza-directions-from__icon fa fa-circle\"><\/i>\n\t\t\t\t\n\t\t\t\t\t<input class=\"wpgmza-waypoint-via wpgmza-form-field__input wpgmaps_via\" type=\"text\" placeholder=\"Via\">\n\t\t\t\t\t\n\t\t\t\t\t<button href=\"javascript:%20;\" class=\"wpgmza_remove_via\">\n\t\t\t\t\t\t<i class=\"fa fa-times\"><\/i>\n\t\t\t\t\t<\/button>\n\t\t\t\t\t\n\t\t\t\t<\/div>\n\t\t\t\t\n\t\t\t\t<div class=\"wpgmza-add-waypoint wpgmza-form-field wpgmza-form-field--no-pad wpgmaps_add_waypoint\">\n\t\t\t\t\t<div class=\"wpgmaps_add_waypoint\">\n\t\t\t\t\t\t<a href=\"javascript:%20;\" class=\"wpgmaps_add_waypoint\" mapid=\"5\">\n\t\t\t\t\t\t\t<i class=\"fa fa-plus-circle\" aria-hidden=\"true\"><\/i>\n\t\t\t\t\t\t\tAdd Waypoint\t\t\t\t\t\t<\/a>\n\t\t\t\t\t<\/div>\n\t\t\t\t<\/div>\n\t\t\t<\/div>\n\n\t\t\t<div class=\"wpgmza-hidden\">\n\t\t\t<label class=\"wpgmza-travel-mode wpgmza-form-field__label\" for=\"wpgmza_dir_type_5\">\n\t\t\t\tFor\t\t\t<\/label>\n\t\t\t<select class=\"wpgmza-travel-mode wpgmza-form-field__input\" name=\"wpgmza_dir_type_5\" id=\"wpgmza_dir_type_5\">\n\t\t\t\t<option value=\"driving\">\n\t\t\t\t\tDriving\t\t\t\t<\/option>\n\t\t\t\t<option value=\"walking\">\n\t\t\t\t\tWalking\t\t\t\t<\/option>\n\t\t\t\t<option value=\"transit\">\n\t\t\t\t\tTransit\t\t\t\t<\/option>\n\t\t\t\t<option value=\"bicycling\">\n\t\t\t\t\tBicycling\t\t\t\t<\/option>\n\t\t\t<\/select>\n\t\t\t<\/div>\n\t\t<\/div>\n\t\t\t\n\t\t<div class=\"wpgmza-directions-options__section\">\n\t\t\t<a href=\"javascript:;\" class=\"wpgmza-show-directions-options\" id=\"wpgmza_show_options_5\" mapid=\"5\">\n\t\t\t\tshow options\t\t\t<\/a>\n\t\t\t\n\t\t\t<a href=\"javascript:;\" class=\"wpgmza-hide-directions-options\" id=\"wpgmza_hide_options_5\" mapid=\"5\">\n\t\t\t\thide options\t\t\t<\/a>\n\t\t\t\n\t\t\t<div class=\"wpgmza-directions-options wpgmza-form-field wpgmza-form-field--no-pad wpgmza_dir_options\">\n\t\t\t\t<label class=\"class\">\n\t\t\t\t\t<input type=\"checkbox\" class=\"wpgmza-avoid-tolls\" value=\"tolls\" name=\"wpgmza_tolls_5\" id=\"wpgmza_tolls_5\">\n\t\t\t\t\tAvoid Tolls\t\t\t\t<\/label>\n\t\t\t\t<label class=\"class\">\n\t\t\t\t\t<input type=\"checkbox\" class=\"wpgmza-avoid-highways\" value=\"highways\" name=\"wpgmza_highways_5\" id=\"wpgmza_highways_5\">\n\t\t\t\t\tAvoid Highways\t\t\t\t<\/label>\n\t\t\t\t<label class=\"class\">\n\t\t\t\t\t<input type=\"checkbox\" class=\"wpgmza-avoid-ferries\" value=\"ferries\" name=\"wpgmza_ferries_5\" id=\"wpgmza_ferries_5\">\n\t\t\t\t\tAvoid Ferries\t\t\t\t<\/label>\n\t\t\t<\/div>\n\t\t<\/div>\n\t\t\n\t<\/div>\n\t\n\t<div class=\"wpgmza-directions-buttons wpgmza-form-field wpgmaps_to_row\">\n\t\t<input class=\"wpgmza-get-directions wpgmaps_get_directions\" onclick=\"javascript: ;\" type=\"button\" value=\"Go\" id=\"5\">\n\t\t\n\t\t<span class=\"wpgmza-directions-result__buttons\">\n\t\t\t<a class=\"wpgmza-print-directions\" style=\"display: none;\" onclick=\"javascript: ;\" mapid=\"5\">\n\t\t\t\tPrint directions\t\t\t<\/a>\n\t\t\t\n\t\t\t<a class=\"wpgmza-reset-directions\" style=\"display: none;\" onclick=\"javascript: ;\" mapid=\"5\">\n\t\t\t\tReset directions\t\t\t<\/a>\n\t\t<\/span>\n\t<\/div>\n<\/div>\r\n\t\t\t\t\r\n\t\t\t\t<div id=\"wpgmaps_directions_notification_5\" style=\"display:none;\">Fetching directions......<\/div>\r\n\t\t\t\t\r\n\t\t\t\t<div id=\"wpgmaps_directions_reset_5\" style=\"display:none;\">\r\n\r\n\t\t\t\t\t<a href='javascript:void(0)' onclick='wpgmza_reset_directions(5);' id='wpgmaps_reset_directions' title='Reset directions'>Reset directions<\/a>\r\n\t\t\t\t\t<br \/>\r\n\t\t\t\t\t<a href='javascript: ;' id='wpgmaps_print_directions_5' target='_blank' title='Print directions'>Print directions<\/a>\r\n\t\t\t\t<\/div>\r\n\t\t\t\t\r\n\t\t\t\t<div id=\"directions_panel_5\"><\/div>\r\n\r\n\t\t\t<\/div><\/p>\n<p><strong><span style=\"color: #ff6600;\">Avionom<\/span><\/strong><br \/>\nHrvatska nacionalna avio kompanija <a title=\"Croatia airlines\" href=\"http:\/\/www.croatiaairlines.com\" target=\"_blank\">Croatia airlines<\/a> povezuje Hrvatsku sa svim va\u017enijim europskim sredi\u0161tima: Amsterdam, Berlin, Bruxelles, Dusseldorf, Frankfurt, London, Madrid, Milano, Moskva, Munchen, Pariz, Prag, Tel Aviv, Rim, Sarajevo, Skopje, Be\u010d, Zurich i sezonski Manchester. Vi\u0161e informacija o letovima Croatia Airlinesa mo\u017eete prona\u0107i na www.croatiaairlines.hr<br \/>\nUkoliko planirate posjetiti Bra\u010d organizirajte, po mogu\u0107nosti, let do Splita, jer je splitski aerodrom najbli\u017ei, a od aerodroma postoji organizirani prijevoz autobusima do splitske luke, ili imate mogu\u0107nost rezervacije\u00a0 Privatnog transfera do hotela. (link na Privatni transfer). Ukoliko od va\u0161e destinacije ne postoji direktan let do Splita, onda let mo\u017eete organizirati preko Zagreba koji ima jako dobru vi\u0161ekratnu vezu sa Splitom. Unutar ljetne sezone avionom mo\u017eete do\u0107i i direktno na sam otok Bra\u010d.<\/p>\n<p><strong><span style=\"color: #ff6600;\">Brodom<\/span><\/strong><br \/>\nBra\u010d je povezan s kopnom sljede\u0107im brodskim linijama:<br \/>\n\u2794 Svakodnevna vi\u0161ekratna trajektna linija Split &#8211; Supetar (otok Bra\u010d) za osobe i automobile.<br \/>\nTrajekt ( Supetar &#8211; Split &#8211; Supetar ) Sezonski red plovidbe<\/p>\n<p>\u2794 Svakodnevna vi\u0161ekratna trajektna linija Makarska \u2013 Sumartin (otok Bra\u010d) za osobe i automobile.<br \/>\nTrajekt ( Sumartin &#8211; Makarska &#8211; Sumartin ) Sezonski red plovidbe<\/p>\n<p>\u2794 Brzobrodska linija Split &#8211; Milna (otok Bra\u010d) &#8211; grad Hvar (otok Hvar) samo za osobe.<br \/>\nKatamaran (Split &#8211; Milna \/ Bra\u010d &#8211; Hvar) Sezonski red plovidbe<\/p>\n<p>\u2794 Brzobrodska linija Jelsa (otok Hvar) &#8211; Bol (otok Bra\u010d) &#8211; Split samo za osobe.<br \/>\nKatamaran (Jelsa \/ Hvar &#8211; Bol \/ Bra\u010d &#8211; Split) Sezonski red plovidbe<\/p>\n<p>Za trajanja turisti\u010dke sezone trajektne i brzobrodske veze s otocima su poja\u010dane.<br \/>\nLjetni raspored vo\u017enje vrijedi od 31. svibnja do 28. rujna.<br \/>\nGlavna hrvatska brodarska kompanija je <a title=\"Jadrolinija\" href=\"http:\/\/www.jadrolinija.hr\" target=\"_blank\">Jadrolinija<\/a>, a potrebne informacije o rasporedu brodskih linija i cijenama karata mo\u017eete prona\u0107i na: www.jadrolinija.hr<\/p>\n<p><strong>Dobrodo\u0161li u Hotel Villa Adriatica<\/strong><br \/>\n<!-- Social Ring Buttons Start --><div class=\"social-ring\">\n<div class=\"social-ring-button\"><fb:like href=\"https:\/\/www.villaadriatica.com\/hr\/kako-doputovati\/\" showfaces=\"false\" layout=\"button_count\" action=\"like\"><\/fb:like><\/div>\n<div class=\"social-ring-button\"><a href=\"https:\/\/www.facebook.com\/sharer\/sharer.php?s=100&p[url]=https:\/\/www.villaadriatica.com\/hr\/kako-doputovati\/\" target=\"_blank\"\n\t\t\t\t\t\t\tonclick=\"window.open('https:\/\/www.facebook.com\/sharer\/sharer.php?s=100&p[url]=https:\/\/www.villaadriatica.com\/hr\/kako-doputovati\/', 'newwindow', 'width=600, height=450'); return false;\" >\n\t\t\t\t\t\t\t<img decoding=\"async\" style=\"display:block; background: none; padding: 0px; border:0px;\" src=\"https:\/\/www.villaadriatica.com\/wp-content\/plugins\/wordpress-social-ring\/includes\/..\/admin\/images\/sr-fb-share.png\" alt=\"Share\"\/>\n\t\t\t\t\t\t<\/a><\/div>\n<div class=\"social-ring-button\"><a rel=\"nofollow\" href=\"http:\/\/twitter.com\/share\" lang=\"en\" data-url=\"https:\/\/www.villaadriatica.com\/hr\/kako-doputovati\/\" data-text=\"Kako doputovati do Hotela\" data-count=\"horizontal\" class=\"sr-twitter-button twitter-share-button\"><\/a><\/div>\n<div class=\"social-ring-button\"><div class=\"g-plusone\" data-href=\"https:\/\/www.villaadriatica.com\/hr\/kako-doputovati\/\" data-size=\"medium\" ><\/div><\/div>\n<div class=\"social-ring-button\"><a rel=\"nofollow\" href=\"http:\/\/pinterest.com\/pin\/create\/button\/?url=https%3A%2F%2Fwww.villaadriatica.com%2Fhr%2Fkako-doputovati%2F&media=https%3A%2F%2Fwww.villaadriatica.com%2Fwp-content%2Fuploads%2F2013%2F07%2FSupetar-Brac-location.jpg&description=Kako+doputovati+do+Hotela\" class=\"pin-it-button\"count-layout=\"horizontal\"><\/a><\/div>\n<\/div><!-- Social Ring Buttons End -->\n<\/p>\n","protected":false},"excerpt":{"rendered":"<p>Kako doputovati do Supetra i Hotela Villa Adriatica: Sa aerodroma Split do luke je otprilike 30 minuta vo\u017enje. Trajekt Split &#8211; Supetar je oko 45 minuta. Hotel je udaljen 15 minuta \u0161etnje od luke&#8230;<\/p>\n","protected":false},"author":1,"featured_media":421,"parent":0,"menu_order":0,"comment_status":"closed","ping_status":"closed","template":"","meta":{"footnotes":""},"class_list":["post-766","page","type-page","status-publish","has-post-thumbnail","hentry"],"yoast_head":"<!-- This site is optimized with the Yoast SEO plugin v25.1 - https:\/\/yoast.com\/wordpress\/plugins\/seo\/ -->\n<title>Hotel Villa Adriatica | Supetar, Bra\u010d | Kako doputovati<\/title>\n<meta name=\"description\" content=\"Hotel je udaljen 15 minuta \u0161etnje od luke Supetar ili ako javite to\u010dan dolazak, mo\u017eemo Vas do\u010dekati na trajektu (besplatno)!\" \/>\n<meta name=\"robots\" content=\"index, follow, max-snippet:-1, max-image-preview:large, max-video-preview:-1\" \/>\n<link rel=\"canonical\" href=\"https:\/\/www.villaadriatica.com\/hr\/kako-doputovati\/\" \/>\n<meta property=\"og:locale\" content=\"hr_HR\" \/>\n<meta property=\"og:type\" content=\"article\" \/>\n<meta property=\"og:title\" content=\"Hotel Villa Adriatica | Supetar, Bra\u010d | Kako doputovati\" \/>\n<meta property=\"og:description\" content=\"Hotel je udaljen 15 minuta \u0161etnje od luke Supetar ili ako javite to\u010dan dolazak, mo\u017eemo Vas do\u010dekati na trajektu (besplatno)!\" \/>\n<meta property=\"og:url\" content=\"https:\/\/www.villaadriatica.com\/hr\/kako-doputovati\/\" \/>\n<meta property=\"article:modified_time\" content=\"2016-08-13T08:55:46+00:00\" \/>\n<meta property=\"og:image\" content=\"https:\/\/www.villaadriatica.com\/wp-content\/uploads\/2013\/07\/Supetar-Brac-location.jpg\" \/>\n\t<meta property=\"og:image:width\" content=\"500\" \/>\n\t<meta property=\"og:image:height\" content=\"250\" \/>\n\t<meta property=\"og:image:type\" content=\"image\/jpeg\" \/>\n<meta name=\"twitter:label1\" content=\"Procijenjeno vrijeme \u010ditanja\" \/>\n\t<meta name=\"twitter:data1\" content=\"2 minute\" \/>\n<script type=\"application\/ld+json\" class=\"yoast-schema-graph\">{\"@context\":\"https:\/\/schema.org\",\"@graph\":[{\"@type\":\"WebPage\",\"@id\":\"https:\/\/www.villaadriatica.com\/hr\/kako-doputovati\/\",\"url\":\"https:\/\/www.villaadriatica.com\/hr\/kako-doputovati\/\",\"name\":\"Hotel Villa Adriatica | Supetar, Bra\u010d | Kako doputovati\",\"isPartOf\":{\"@id\":\"https:\/\/www.villaadriatica.com\/hr\/#website\"},\"primaryImageOfPage\":{\"@id\":\"https:\/\/www.villaadriatica.com\/hr\/kako-doputovati\/#primaryimage\"},\"image\":{\"@id\":\"https:\/\/www.villaadriatica.com\/hr\/kako-doputovati\/#primaryimage\"},\"thumbnailUrl\":\"https:\/\/www.villaadriatica.com\/wp-content\/uploads\/2013\/07\/Supetar-Brac-location.jpg\",\"datePublished\":\"2013-07-12T13:34:18+00:00\",\"dateModified\":\"2016-08-13T08:55:46+00:00\",\"description\":\"Hotel je udaljen 15 minuta \u0161etnje od luke Supetar ili ako javite to\u010dan dolazak, mo\u017eemo Vas do\u010dekati na trajektu (besplatno)!\",\"breadcrumb\":{\"@id\":\"https:\/\/www.villaadriatica.com\/hr\/kako-doputovati\/#breadcrumb\"},\"inLanguage\":\"hr\",\"potentialAction\":[{\"@type\":\"ReadAction\",\"target\":[\"https:\/\/www.villaadriatica.com\/hr\/kako-doputovati\/\"]}]},{\"@type\":\"ImageObject\",\"inLanguage\":\"hr\",\"@id\":\"https:\/\/www.villaadriatica.com\/hr\/kako-doputovati\/#primaryimage\",\"url\":\"https:\/\/www.villaadriatica.com\/wp-content\/uploads\/2013\/07\/Supetar-Brac-location.jpg\",\"contentUrl\":\"https:\/\/www.villaadriatica.com\/wp-content\/uploads\/2013\/07\/Supetar-Brac-location.jpg\",\"width\":\"500\",\"height\":\"250\"},{\"@type\":\"BreadcrumbList\",\"@id\":\"https:\/\/www.villaadriatica.com\/hr\/kako-doputovati\/#breadcrumb\",\"itemListElement\":[{\"@type\":\"ListItem\",\"position\":1,\"name\":\"Home\",\"item\":\"https:\/\/www.villaadriatica.com\/hr\/\"},{\"@type\":\"ListItem\",\"position\":2,\"name\":\"Kako doputovati do Hotela\"}]},{\"@type\":\"WebSite\",\"@id\":\"https:\/\/www.villaadriatica.com\/hr\/#website\",\"url\":\"https:\/\/www.villaadriatica.com\/hr\/\",\"name\":\"\",\"description\":\"\",\"potentialAction\":[{\"@type\":\"SearchAction\",\"target\":{\"@type\":\"EntryPoint\",\"urlTemplate\":\"https:\/\/www.villaadriatica.com\/hr\/?s={search_term_string}\"},\"query-input\":{\"@type\":\"PropertyValueSpecification\",\"valueRequired\":true,\"valueName\":\"search_term_string\"}}],\"inLanguage\":\"hr\"}]}<\/script>\n<!-- \/ Yoast SEO plugin. -->","yoast_head_json":{"title":"Hotel Villa Adriatica | Supetar, Bra\u010d | Kako doputovati","description":"Hotel je udaljen 15 minuta \u0161etnje od luke Supetar ili ako javite to\u010dan dolazak, mo\u017eemo Vas do\u010dekati na trajektu (besplatno)!","robots":{"index":"index","follow":"follow","max-snippet":"max-snippet:-1","max-image-preview":"max-image-preview:large","max-video-preview":"max-video-preview:-1"},"canonical":"https:\/\/www.villaadriatica.com\/hr\/kako-doputovati\/","og_locale":"hr_HR","og_type":"article","og_title":"Hotel Villa Adriatica | Supetar, Bra\u010d | Kako doputovati","og_description":"Hotel je udaljen 15 minuta \u0161etnje od luke Supetar ili ako javite to\u010dan dolazak, mo\u017eemo Vas do\u010dekati na trajektu (besplatno)!","og_url":"https:\/\/www.villaadriatica.com\/hr\/kako-doputovati\/","article_modified_time":"2016-08-13T08:55:46+00:00","og_image":[{"width":500,"height":250,"url":"https:\/\/www.villaadriatica.com\/wp-content\/uploads\/2013\/07\/Supetar-Brac-location.jpg","type":"image\/jpeg"}],"twitter_misc":{"Procijenjeno vrijeme \u010ditanja":"2 minute"},"schema":{"@context":"https:\/\/schema.org","@graph":[{"@type":"WebPage","@id":"https:\/\/www.villaadriatica.com\/hr\/kako-doputovati\/","url":"https:\/\/www.villaadriatica.com\/hr\/kako-doputovati\/","name":"Hotel Villa Adriatica | Supetar, Bra\u010d | Kako doputovati","isPartOf":{"@id":"https:\/\/www.villaadriatica.com\/hr\/#website"},"primaryImageOfPage":{"@id":"https:\/\/www.villaadriatica.com\/hr\/kako-doputovati\/#primaryimage"},"image":{"@id":"https:\/\/www.villaadriatica.com\/hr\/kako-doputovati\/#primaryimage"},"thumbnailUrl":"https:\/\/www.villaadriatica.com\/wp-content\/uploads\/2013\/07\/Supetar-Brac-location.jpg","datePublished":"2013-07-12T13:34:18+00:00","dateModified":"2016-08-13T08:55:46+00:00","description":"Hotel je udaljen 15 minuta \u0161etnje od luke Supetar ili ako javite to\u010dan dolazak, mo\u017eemo Vas do\u010dekati na trajektu (besplatno)!","breadcrumb":{"@id":"https:\/\/www.villaadriatica.com\/hr\/kako-doputovati\/#breadcrumb"},"inLanguage":"hr","potentialAction":[{"@type":"ReadAction","target":["https:\/\/www.villaadriatica.com\/hr\/kako-doputovati\/"]}]},{"@type":"ImageObject","inLanguage":"hr","@id":"https:\/\/www.villaadriatica.com\/hr\/kako-doputovati\/#primaryimage","url":"https:\/\/www.villaadriatica.com\/wp-content\/uploads\/2013\/07\/Supetar-Brac-location.jpg","contentUrl":"https:\/\/www.villaadriatica.com\/wp-content\/uploads\/2013\/07\/Supetar-Brac-location.jpg","width":"500","height":"250"},{"@type":"BreadcrumbList","@id":"https:\/\/www.villaadriatica.com\/hr\/kako-doputovati\/#breadcrumb","itemListElement":[{"@type":"ListItem","position":1,"name":"Home","item":"https:\/\/www.villaadriatica.com\/hr\/"},{"@type":"ListItem","position":2,"name":"Kako doputovati do Hotela"}]},{"@type":"WebSite","@id":"https:\/\/www.villaadriatica.com\/hr\/#website","url":"https:\/\/www.villaadriatica.com\/hr\/","name":"","description":"","potentialAction":[{"@type":"SearchAction","target":{"@type":"EntryPoint","urlTemplate":"https:\/\/www.villaadriatica.com\/hr\/?s={search_term_string}"},"query-input":{"@type":"PropertyValueSpecification","valueRequired":true,"valueName":"search_term_string"}}],"inLanguage":"hr"}]}},"_links":{"self":[{"href":"https:\/\/www.villaadriatica.com\/hr\/wp-json\/wp\/v2\/pages\/766","targetHints":{"allow":["GET"]}}],"collection":[{"href":"https:\/\/www.villaadriatica.com\/hr\/wp-json\/wp\/v2\/pages"}],"about":[{"href":"https:\/\/www.villaadriatica.com\/hr\/wp-json\/wp\/v2\/types\/page"}],"author":[{"embeddable":true,"href":"https:\/\/www.villaadriatica.com\/hr\/wp-json\/wp\/v2\/users\/1"}],"replies":[{"embeddable":true,"href":"https:\/\/www.villaadriatica.com\/hr\/wp-json\/wp\/v2\/comments?post=766"}],"version-history":[{"count":3,"href":"https:\/\/www.villaadriatica.com\/hr\/wp-json\/wp\/v2\/pages\/766\/revisions"}],"predecessor-version":[{"id":2597,"href":"https:\/\/www.villaadriatica.com\/hr\/wp-json\/wp\/v2\/pages\/766\/revisions\/2597"}],"wp:featuredmedia":[{"embeddable":true,"href":"https:\/\/www.villaadriatica.com\/hr\/wp-json\/wp\/v2\/media\/421"}],"wp:attachment":[{"href":"https:\/\/www.villaadriatica.com\/hr\/wp-json\/wp\/v2\/media?parent=766"}],"curies":[{"name":"wp","href":"https:\/\/api.w.org\/{rel}","templated":true}]}}