{"id":746,"date":"2013-07-13T09:17:21","date_gmt":"2013-07-13T09:17:21","guid":{"rendered":"https:\/\/www.villaadriatica.com\/supetar-2\/"},"modified":"2013-09-25T08:50:40","modified_gmt":"2013-09-25T08:50:40","slug":"supetar","status":"publish","type":"page","link":"https:\/\/www.villaadriatica.com\/hr\/supetar\/","title":{"rendered":"Supetar, Otok Bra\u010d"},"content":{"rendered":"<p>Supetar je glavni grad Bra\u010da. Udaljen je od Splita, glavnog sredi\u0161ta Dalmacije samo 45 minuta trajektom i povezan je s kopnom brojnim dnevnim trajektima. Aerodrom je 20 km udaljen od Supetra i jedan je od rijetkih na hrvatskim otocima. Grad Supetar, kao i cijeli otok su velika pla\u017ea.<a href=\"https:\/\/www.villaadriatica.com\/wp-content\/uploads\/2013\/07\/Supetar-Island-Brac-900-01.jpg\"><img loading=\"lazy\" decoding=\"async\" class=\"alignnone  wp-image-389\" title=\"Supetar, Island Bra\u010d Croatia\" src=\"https:\/\/www.villaadriatica.com\/wp-content\/uploads\/2013\/07\/Supetar-Island-Brac-900-01.jpg\" alt=\"\" width=\"630\" height=\"380\" srcset=\"https:\/\/www.villaadriatica.com\/wp-content\/uploads\/2013\/07\/Supetar-Island-Brac-900-01.jpg 900w, https:\/\/www.villaadriatica.com\/wp-content\/uploads\/2013\/07\/Supetar-Island-Brac-900-01-300x181.jpg 300w\" sizes=\"auto, (max-width: 630px) 100vw, 630px\" \/><\/a>Glavni razlog za\u0161to tako mnogo turista posje\u0107uje Hrvatsku, a posebno otoke je prije svega kristalno plavo more. Mo\u017eete u\u017eivati u kupanju od po\u010detka o\u017eujka do kraja listopada. Uz Supetarske pla\u017ee nalaze se kilometrima dugi redovi pinija, koja vam pru\u017eaju za\u0161titu od ljetnog sunca. Pla\u017ee su kamene, \u0161ljunkovite ili pje\u0161\u010dane: izaberite onu koja vam se vi\u0161e svi\u0111a. Mo\u017eete iznajmiti le\u017ealjke, bicikle, daske za surfanje, jet-ski, scootere itd., a 15 minuta udaljena od grada nalazi se nudisti\u010dka pla\u017ea. Svatko mo\u017ee za sebe na\u0107i prikladno mjesto i tako izbje\u0107i gu\u017evu.<a href=\"https:\/\/www.villaadriatica.com\/wp-content\/uploads\/2013\/07\/Supetar-Island-Brac-900-02.jpg\"><img loading=\"lazy\" decoding=\"async\" class=\"alignnone  wp-image-393\" title=\"Supetar, Island Bra\u010d - Beaches\" src=\"https:\/\/www.villaadriatica.com\/wp-content\/uploads\/2013\/07\/Supetar-Island-Brac-900-02.jpg\" alt=\"\" width=\"630\" height=\"380\" srcset=\"https:\/\/www.villaadriatica.com\/wp-content\/uploads\/2013\/07\/Supetar-Island-Brac-900-02.jpg 900w, https:\/\/www.villaadriatica.com\/wp-content\/uploads\/2013\/07\/Supetar-Island-Brac-900-02-300x181.jpg 300w\" sizes=\"auto, (max-width: 630px) 100vw, 630px\" \/><\/a><a href=\"https:\/\/www.villaadriatica.com\/wp-content\/uploads\/2013\/07\/Supetar-Island-Brac-900-05.jpg\"><img loading=\"lazy\" decoding=\"async\" class=\"alignnone  wp-image-395\" title=\"Supetar, Island Bra\u010d\" src=\"https:\/\/www.villaadriatica.com\/wp-content\/uploads\/2013\/07\/Supetar-Island-Brac-900-05.jpg\" alt=\"\" width=\"630\" height=\"380\" srcset=\"https:\/\/www.villaadriatica.com\/wp-content\/uploads\/2013\/07\/Supetar-Island-Brac-900-05.jpg 900w, https:\/\/www.villaadriatica.com\/wp-content\/uploads\/2013\/07\/Supetar-Island-Brac-900-05-300x181.jpg 300w\" sizes=\"auto, (max-width: 630px) 100vw, 630px\" \/><\/a><a href=\"https:\/\/www.villaadriatica.com\/wp-content\/uploads\/2013\/07\/Supetar-Island-Brac-900-03.jpg\"><img loading=\"lazy\" decoding=\"async\" class=\"alignnone  wp-image-397\" title=\"Island Bra\u010d, Supetar - by night\" src=\"https:\/\/www.villaadriatica.com\/wp-content\/uploads\/2013\/07\/Supetar-Island-Brac-900-03.jpg\" alt=\"\" width=\"630\" height=\"380\" srcset=\"https:\/\/www.villaadriatica.com\/wp-content\/uploads\/2013\/07\/Supetar-Island-Brac-900-03.jpg 900w, https:\/\/www.villaadriatica.com\/wp-content\/uploads\/2013\/07\/Supetar-Island-Brac-900-03-300x181.jpg 300w\" sizes=\"auto, (max-width: 630px) 100vw, 630px\" \/><\/a>Supetar je povezan s kopnom sa brojnim trajektnim linijama (45 min. vo\u017enje s trajektom od Splita).<br \/>\nOto\u010dki aerodrom je 20 km udaljen od Supetra.<br \/>\nSupetar i Villa Adriatica &#8211; Lokacija na karti<br \/>\n<!-- Social Ring Buttons Start --><div class=\"social-ring\">\n<div class=\"social-ring-button\"><fb:like href=\"https:\/\/www.villaadriatica.com\/hr\/supetar\/\" showfaces=\"false\" layout=\"button_count\" action=\"like\"><\/fb:like><\/div>\n<div class=\"social-ring-button\"><a href=\"https:\/\/www.facebook.com\/sharer\/sharer.php?s=100&p[url]=https:\/\/www.villaadriatica.com\/hr\/supetar\/\" target=\"_blank\"\n\t\t\t\t\t\t\tonclick=\"window.open('https:\/\/www.facebook.com\/sharer\/sharer.php?s=100&p[url]=https:\/\/www.villaadriatica.com\/hr\/supetar\/', 'newwindow', 'width=600, height=450'); return false;\" >\n\t\t\t\t\t\t\t<img decoding=\"async\" style=\"display:block; background: none; padding: 0px; border:0px;\" src=\"https:\/\/www.villaadriatica.com\/wp-content\/plugins\/wordpress-social-ring\/includes\/..\/admin\/images\/sr-fb-share.png\" alt=\"Share\"\/>\n\t\t\t\t\t\t<\/a><\/div>\n<div class=\"social-ring-button\"><a rel=\"nofollow\" href=\"http:\/\/twitter.com\/share\" lang=\"en\" data-url=\"https:\/\/www.villaadriatica.com\/hr\/supetar\/\" data-text=\"Supetar, Otok Bra\u010d\" data-count=\"horizontal\" class=\"sr-twitter-button twitter-share-button\"><\/a><\/div>\n<div class=\"social-ring-button\"><div class=\"g-plusone\" data-href=\"https:\/\/www.villaadriatica.com\/hr\/supetar\/\" data-size=\"medium\" ><\/div><\/div>\n<div class=\"social-ring-button\"><a rel=\"nofollow\" href=\"http:\/\/pinterest.com\/pin\/create\/button\/?url=https%3A%2F%2Fwww.villaadriatica.com%2Fhr%2Fsupetar%2F&media=https%3A%2F%2Fwww.villaadriatica.com%2Fwp-content%2Fuploads%2F2013%2F07%2FSupetar-Island-Brac-900-01.jpg&description=Supetar%2C+Otok+Bra%C4%8D\" class=\"pin-it-button\"count-layout=\"horizontal\"><\/a><\/div>\n<\/div><!-- Social Ring Buttons End -->\n<\/p>\n","protected":false},"excerpt":{"rendered":"<p>Supetar je glavni grad Bra\u010da. Udaljen je od Splita, glavnog sredi\u0161ta Dalmacije samo 45 minuta trajektom i povezan je s kopnom brojnim dnevnim trajektima. Aerodrom je 20 km udaljen od Supetra i jedan je&#8230;<\/p>\n","protected":false},"author":1,"featured_media":389,"parent":0,"menu_order":0,"comment_status":"closed","ping_status":"closed","template":"","meta":{"footnotes":""},"class_list":["post-746","page","type-page","status-publish","has-post-thumbnail","hentry"],"yoast_head":"<!-- This site is optimized with the Yoast SEO plugin v25.1 - https:\/\/yoast.com\/wordpress\/plugins\/seo\/ -->\n<title>Supetar, Otok Bra\u010d | Hotel Villa Adriatica<\/title>\n<meta name=\"description\" content=\"Supetar je glavni grad Bra\u010da. Udaljen je od Splita, glavnog sredi\u0161ta Dalmacije samo 45 minuta trajektom i povezan je s kopnom brojnim dnevnim trajektima.\" \/>\n<meta name=\"robots\" content=\"index, follow, max-snippet:-1, max-image-preview:large, max-video-preview:-1\" \/>\n<link rel=\"canonical\" href=\"https:\/\/www.villaadriatica.com\/hr\/supetar\/\" \/>\n<meta property=\"og:locale\" content=\"hr_HR\" \/>\n<meta property=\"og:type\" content=\"article\" \/>\n<meta property=\"og:title\" content=\"Supetar, Otok Bra\u010d | Hotel Villa Adriatica\" \/>\n<meta property=\"og:description\" content=\"Supetar je glavni grad Bra\u010da. Udaljen je od Splita, glavnog sredi\u0161ta Dalmacije samo 45 minuta trajektom i povezan je s kopnom brojnim dnevnim trajektima.\" \/>\n<meta property=\"og:url\" content=\"https:\/\/www.villaadriatica.com\/hr\/supetar\/\" \/>\n<meta property=\"article:modified_time\" content=\"2013-09-25T08:50:40+00:00\" \/>\n<meta property=\"og:image\" content=\"https:\/\/www.villaadriatica.com\/wp-content\/uploads\/2013\/07\/Supetar-Island-Brac-900-01.jpg\" \/>\n\t<meta property=\"og:image:width\" content=\"900\" \/>\n\t<meta property=\"og:image:height\" content=\"543\" \/>\n\t<meta property=\"og:image:type\" content=\"image\/jpeg\" \/>\n<meta name=\"twitter:label1\" content=\"Procijenjeno vrijeme \u010ditanja\" \/>\n\t<meta name=\"twitter:data1\" content=\"1 minuta\" \/>\n<script type=\"application\/ld+json\" class=\"yoast-schema-graph\">{\"@context\":\"https:\/\/schema.org\",\"@graph\":[{\"@type\":\"WebPage\",\"@id\":\"https:\/\/www.villaadriatica.com\/hr\/supetar\/\",\"url\":\"https:\/\/www.villaadriatica.com\/hr\/supetar\/\",\"name\":\"Supetar, Otok Bra\u010d | Hotel Villa Adriatica\",\"isPartOf\":{\"@id\":\"https:\/\/www.villaadriatica.com\/hr\/#website\"},\"primaryImageOfPage\":{\"@id\":\"https:\/\/www.villaadriatica.com\/hr\/supetar\/#primaryimage\"},\"image\":{\"@id\":\"https:\/\/www.villaadriatica.com\/hr\/supetar\/#primaryimage\"},\"thumbnailUrl\":\"https:\/\/www.villaadriatica.com\/wp-content\/uploads\/2013\/07\/Supetar-Island-Brac-900-01.jpg\",\"datePublished\":\"2013-07-13T09:17:21+00:00\",\"dateModified\":\"2013-09-25T08:50:40+00:00\",\"description\":\"Supetar je glavni grad Bra\u010da. Udaljen je od Splita, glavnog sredi\u0161ta Dalmacije samo 45 minuta trajektom i povezan je s kopnom brojnim dnevnim trajektima.\",\"breadcrumb\":{\"@id\":\"https:\/\/www.villaadriatica.com\/hr\/supetar\/#breadcrumb\"},\"inLanguage\":\"hr\",\"potentialAction\":[{\"@type\":\"ReadAction\",\"target\":[\"https:\/\/www.villaadriatica.com\/hr\/supetar\/\"]}]},{\"@type\":\"ImageObject\",\"inLanguage\":\"hr\",\"@id\":\"https:\/\/www.villaadriatica.com\/hr\/supetar\/#primaryimage\",\"url\":\"https:\/\/www.villaadriatica.com\/wp-content\/uploads\/2013\/07\/Supetar-Island-Brac-900-01.jpg\",\"contentUrl\":\"https:\/\/www.villaadriatica.com\/wp-content\/uploads\/2013\/07\/Supetar-Island-Brac-900-01.jpg\",\"width\":\"900\",\"height\":\"543\"},{\"@type\":\"BreadcrumbList\",\"@id\":\"https:\/\/www.villaadriatica.com\/hr\/supetar\/#breadcrumb\",\"itemListElement\":[{\"@type\":\"ListItem\",\"position\":1,\"name\":\"Home\",\"item\":\"https:\/\/www.villaadriatica.com\/hr\/\"},{\"@type\":\"ListItem\",\"position\":2,\"name\":\"Supetar, Otok Bra\u010d\"}]},{\"@type\":\"WebSite\",\"@id\":\"https:\/\/www.villaadriatica.com\/hr\/#website\",\"url\":\"https:\/\/www.villaadriatica.com\/hr\/\",\"name\":\"\",\"description\":\"\",\"potentialAction\":[{\"@type\":\"SearchAction\",\"target\":{\"@type\":\"EntryPoint\",\"urlTemplate\":\"https:\/\/www.villaadriatica.com\/hr\/?s={search_term_string}\"},\"query-input\":{\"@type\":\"PropertyValueSpecification\",\"valueRequired\":true,\"valueName\":\"search_term_string\"}}],\"inLanguage\":\"hr\"}]}<\/script>\n<!-- \/ Yoast SEO plugin. -->","yoast_head_json":{"title":"Supetar, Otok Bra\u010d | Hotel Villa Adriatica","description":"Supetar je glavni grad Bra\u010da. Udaljen je od Splita, glavnog sredi\u0161ta Dalmacije samo 45 minuta trajektom i povezan je s kopnom brojnim dnevnim trajektima.","robots":{"index":"index","follow":"follow","max-snippet":"max-snippet:-1","max-image-preview":"max-image-preview:large","max-video-preview":"max-video-preview:-1"},"canonical":"https:\/\/www.villaadriatica.com\/hr\/supetar\/","og_locale":"hr_HR","og_type":"article","og_title":"Supetar, Otok Bra\u010d | Hotel Villa Adriatica","og_description":"Supetar je glavni grad Bra\u010da. Udaljen je od Splita, glavnog sredi\u0161ta Dalmacije samo 45 minuta trajektom i povezan je s kopnom brojnim dnevnim trajektima.","og_url":"https:\/\/www.villaadriatica.com\/hr\/supetar\/","article_modified_time":"2013-09-25T08:50:40+00:00","og_image":[{"width":900,"height":543,"url":"https:\/\/www.villaadriatica.com\/wp-content\/uploads\/2013\/07\/Supetar-Island-Brac-900-01.jpg","type":"image\/jpeg"}],"twitter_misc":{"Procijenjeno vrijeme \u010ditanja":"1 minuta"},"schema":{"@context":"https:\/\/schema.org","@graph":[{"@type":"WebPage","@id":"https:\/\/www.villaadriatica.com\/hr\/supetar\/","url":"https:\/\/www.villaadriatica.com\/hr\/supetar\/","name":"Supetar, Otok Bra\u010d | Hotel Villa Adriatica","isPartOf":{"@id":"https:\/\/www.villaadriatica.com\/hr\/#website"},"primaryImageOfPage":{"@id":"https:\/\/www.villaadriatica.com\/hr\/supetar\/#primaryimage"},"image":{"@id":"https:\/\/www.villaadriatica.com\/hr\/supetar\/#primaryimage"},"thumbnailUrl":"https:\/\/www.villaadriatica.com\/wp-content\/uploads\/2013\/07\/Supetar-Island-Brac-900-01.jpg","datePublished":"2013-07-13T09:17:21+00:00","dateModified":"2013-09-25T08:50:40+00:00","description":"Supetar je glavni grad Bra\u010da. Udaljen je od Splita, glavnog sredi\u0161ta Dalmacije samo 45 minuta trajektom i povezan je s kopnom brojnim dnevnim trajektima.","breadcrumb":{"@id":"https:\/\/www.villaadriatica.com\/hr\/supetar\/#breadcrumb"},"inLanguage":"hr","potentialAction":[{"@type":"ReadAction","target":["https:\/\/www.villaadriatica.com\/hr\/supetar\/"]}]},{"@type":"ImageObject","inLanguage":"hr","@id":"https:\/\/www.villaadriatica.com\/hr\/supetar\/#primaryimage","url":"https:\/\/www.villaadriatica.com\/wp-content\/uploads\/2013\/07\/Supetar-Island-Brac-900-01.jpg","contentUrl":"https:\/\/www.villaadriatica.com\/wp-content\/uploads\/2013\/07\/Supetar-Island-Brac-900-01.jpg","width":"900","height":"543"},{"@type":"BreadcrumbList","@id":"https:\/\/www.villaadriatica.com\/hr\/supetar\/#breadcrumb","itemListElement":[{"@type":"ListItem","position":1,"name":"Home","item":"https:\/\/www.villaadriatica.com\/hr\/"},{"@type":"ListItem","position":2,"name":"Supetar, Otok Bra\u010d"}]},{"@type":"WebSite","@id":"https:\/\/www.villaadriatica.com\/hr\/#website","url":"https:\/\/www.villaadriatica.com\/hr\/","name":"","description":"","potentialAction":[{"@type":"SearchAction","target":{"@type":"EntryPoint","urlTemplate":"https:\/\/www.villaadriatica.com\/hr\/?s={search_term_string}"},"query-input":{"@type":"PropertyValueSpecification","valueRequired":true,"valueName":"search_term_string"}}],"inLanguage":"hr"}]}},"_links":{"self":[{"href":"https:\/\/www.villaadriatica.com\/hr\/wp-json\/wp\/v2\/pages\/746","targetHints":{"allow":["GET"]}}],"collection":[{"href":"https:\/\/www.villaadriatica.com\/hr\/wp-json\/wp\/v2\/pages"}],"about":[{"href":"https:\/\/www.villaadriatica.com\/hr\/wp-json\/wp\/v2\/types\/page"}],"author":[{"embeddable":true,"href":"https:\/\/www.villaadriatica.com\/hr\/wp-json\/wp\/v2\/users\/1"}],"replies":[{"embeddable":true,"href":"https:\/\/www.villaadriatica.com\/hr\/wp-json\/wp\/v2\/comments?post=746"}],"version-history":[{"count":6,"href":"https:\/\/www.villaadriatica.com\/hr\/wp-json\/wp\/v2\/pages\/746\/revisions"}],"predecessor-version":[{"id":752,"href":"https:\/\/www.villaadriatica.com\/hr\/wp-json\/wp\/v2\/pages\/746\/revisions\/752"}],"wp:featuredmedia":[{"embeddable":true,"href":"https:\/\/www.villaadriatica.com\/hr\/wp-json\/wp\/v2\/media\/389"}],"wp:attachment":[{"href":"https:\/\/www.villaadriatica.com\/hr\/wp-json\/wp\/v2\/media?parent=746"}],"curies":[{"name":"wp","href":"https:\/\/api.w.org\/{rel}","templated":true}]}}