{"id":741,"date":"2013-06-18T13:24:25","date_gmt":"2013-06-18T13:24:25","guid":{"rendered":"https:\/\/www.villaadriatica.com\/special-offer-2\/"},"modified":"2018-06-07T11:21:04","modified_gmt":"2018-06-07T11:21:04","slug":"posebna-ponuda","status":"publish","type":"page","link":"https:\/\/www.villaadriatica.com\/hr\/posebna-ponuda\/","title":{"rendered":"Posebna ponuda"},"content":{"rendered":"<p>Pripremili smo posebne <strong>first i last minute<\/strong> akcije i popuste, a na\u0161e vjerne goste u programu lojalnosti \u201cOmiljeni gost\u201d o\u010dekuju posebne pogodnosti, besplatni wellness tretmani, pokloni i mnoga druga iznena\u0111enja.<br \/>\nPrijavite se na na\u0161 <a title=\"newsletter\" href=\"https:\/\/www.villaadriatica.com\/newsletter\/\">newsletter<\/a> sa posebnim ponudama!<\/p>\n<p><strong><span style=\"color: #ff6600;\">First i Last minute popusti<\/span><\/strong><br \/>\nZa vas smo pripremili posebnu pogodnost za kasni, last minute booking:<br \/>\n<strong>5 % popusta<\/strong> na ukupnu cijenu smje\u0161taja u hotelu Villa Adriatica za rezervacije ostvarene preko na\u0161e web stranice. Rezervirajte sada!<br \/>\n29.04.2018. &#8211; 12.05.2018. \u2794 <strong>10% Popust<\/strong> na predsezonske termine<\/p>\n<p><a href=\"https:\/\/www.villaadriatica.com\/wp-content\/uploads\/2013\/06\/Special-offer-600.jpg\"><img loading=\"lazy\" decoding=\"async\" class=\"alignnone size-full wp-image-449\" title=\"Hotel Villa Adriatica - Special offer\" src=\"https:\/\/www.villaadriatica.com\/wp-content\/uploads\/2013\/06\/Special-offer-600.jpg\" alt=\"\" width=\"635\" height=\"322\" srcset=\"https:\/\/www.villaadriatica.com\/wp-content\/uploads\/2013\/06\/Special-offer-600.jpg 635w, https:\/\/www.villaadriatica.com\/wp-content\/uploads\/2013\/06\/Special-offer-600-300x152.jpg 300w\" sizes=\"auto, (max-width: 635px) 100vw, 635px\" \/><\/a><\/p>\n<p><strong><span style=\"color: #ff6600;\">Omiljeni gost &#8211; program<\/span><\/strong><br style=\"color: #ff6600;\" \/>Program nagra\u0111ivanja vjernosti za na\u0161e stalne goste donosi brojne pogodnosti, popuste i poklone iznena\u0111enja. O\u010dekuju vas specijalni paket-aran\u017emani, izleti i transferi, masa\u017ee, pokloni i druga iznena\u0111enja. Na\u0161 \u201eOmiljeni gost\u201c postajete jednom kada odsjednete u hotelu Villa Adriatica. Dobivate posebnu karticu koja vam pri slijede\u0107oj rezervaciji donosi pogodnosti u programu Omiljeni gost.<\/p>\n<p>Ne propustite niti jednu posebnu ponudu i prijavite se za na\u0161 <a title=\"Newsletter\" href=\"https:\/\/www.villaadriatica.com\/newsletter\/\">Newsletter<\/a>!<br \/>\nKako biste ostali u tijeku s najnovijim pogodnostima, pratite nas na dru\u0161tvenim mre\u017eama:<br \/>\n<!-- Social Ring Buttons Start --><div class=\"social-ring\">\n<div class=\"social-ring-button\"><fb:like href=\"https:\/\/www.villaadriatica.com\/hr\/posebna-ponuda\/\" showfaces=\"false\" layout=\"button_count\" action=\"like\"><\/fb:like><\/div>\n<div class=\"social-ring-button\"><a href=\"https:\/\/www.facebook.com\/sharer\/sharer.php?s=100&p[url]=https:\/\/www.villaadriatica.com\/hr\/posebna-ponuda\/\" target=\"_blank\"\n\t\t\t\t\t\t\tonclick=\"window.open('https:\/\/www.facebook.com\/sharer\/sharer.php?s=100&p[url]=https:\/\/www.villaadriatica.com\/hr\/posebna-ponuda\/', 'newwindow', 'width=600, height=450'); return false;\" >\n\t\t\t\t\t\t\t<img decoding=\"async\" style=\"display:block; background: none; padding: 0px; border:0px;\" src=\"https:\/\/www.villaadriatica.com\/wp-content\/plugins\/wordpress-social-ring\/includes\/..\/admin\/images\/sr-fb-share.png\" alt=\"Share\"\/>\n\t\t\t\t\t\t<\/a><\/div>\n<div class=\"social-ring-button\"><a rel=\"nofollow\" href=\"http:\/\/twitter.com\/share\" lang=\"en\" data-url=\"https:\/\/www.villaadriatica.com\/hr\/posebna-ponuda\/\" data-text=\"Posebna ponuda\" data-count=\"horizontal\" class=\"sr-twitter-button twitter-share-button\"><\/a><\/div>\n<div class=\"social-ring-button\"><div class=\"g-plusone\" data-href=\"https:\/\/www.villaadriatica.com\/hr\/posebna-ponuda\/\" data-size=\"medium\" ><\/div><\/div>\n<div class=\"social-ring-button\"><a rel=\"nofollow\" href=\"http:\/\/pinterest.com\/pin\/create\/button\/?url=https%3A%2F%2Fwww.villaadriatica.com%2Fhr%2Fposebna-ponuda%2F&media=https%3A%2F%2Fwww.villaadriatica.com%2Fwp-content%2Fuploads%2F2013%2F06%2FSpecial-offer-home.jpg&description=Posebna+ponuda\" class=\"pin-it-button\"count-layout=\"horizontal\"><\/a><\/div>\n<\/div><!-- Social Ring Buttons End -->\n<\/p>\n","protected":false},"excerpt":{"rendered":"<p>Pripremili smo posebne first i last minute akcije i popuste, a na\u0161e vjerne goste u programu lojalnosti \u201cOmiljeni gost\u201d o\u010dekuju posebne pogodnosti, besplatni wellness tretmani, pokloni i mnoga druga iznena\u0111enja. Prijavite se na na\u0161&#8230;<\/p>\n","protected":false},"author":1,"featured_media":445,"parent":0,"menu_order":0,"comment_status":"closed","ping_status":"closed","template":"","meta":{"footnotes":""},"class_list":["post-741","page","type-page","status-publish","has-post-thumbnail","hentry"],"yoast_head":"<!-- This site is optimized with the Yoast SEO plugin v25.1 - https:\/\/yoast.com\/wordpress\/plugins\/seo\/ -->\n<title>Hotel Villa Adriatica | Supetar, Bra\u010d | Posebna ponuda<\/title>\n<meta name=\"description\" content=\"Ne propustite niti jednu posebnu ponudu i prijavite se za na\u0161 Newsletter! Kako biste ostali u tijeku s najnovijim pogodnostima, pratite nas na dru\u0161tvenim mre\u017eama:\" \/>\n<meta name=\"robots\" content=\"index, follow, max-snippet:-1, max-image-preview:large, max-video-preview:-1\" \/>\n<link rel=\"canonical\" href=\"https:\/\/www.villaadriatica.com\/hr\/posebna-ponuda\/\" \/>\n<meta property=\"og:locale\" content=\"hr_HR\" \/>\n<meta property=\"og:type\" content=\"article\" \/>\n<meta property=\"og:title\" content=\"Hotel Villa Adriatica | Supetar, Bra\u010d | Posebna ponuda\" \/>\n<meta property=\"og:description\" content=\"Ne propustite niti jednu posebnu ponudu i prijavite se za na\u0161 Newsletter! Kako biste ostali u tijeku s najnovijim pogodnostima, pratite nas na dru\u0161tvenim mre\u017eama:\" \/>\n<meta property=\"og:url\" content=\"https:\/\/www.villaadriatica.com\/hr\/posebna-ponuda\/\" \/>\n<meta property=\"article:modified_time\" content=\"2018-06-07T11:21:04+00:00\" \/>\n<meta property=\"og:image\" content=\"https:\/\/www.villaadriatica.com\/wp-content\/uploads\/2013\/06\/Special-offer-home.jpg\" \/>\n\t<meta property=\"og:image:width\" content=\"900\" \/>\n\t<meta property=\"og:image:height\" content=\"456\" \/>\n\t<meta property=\"og:image:type\" content=\"image\/jpeg\" \/>\n<meta name=\"twitter:label1\" content=\"Procijenjeno vrijeme \u010ditanja\" \/>\n\t<meta name=\"twitter:data1\" content=\"1 minuta\" \/>\n<script type=\"application\/ld+json\" class=\"yoast-schema-graph\">{\"@context\":\"https:\/\/schema.org\",\"@graph\":[{\"@type\":\"WebPage\",\"@id\":\"https:\/\/www.villaadriatica.com\/hr\/posebna-ponuda\/\",\"url\":\"https:\/\/www.villaadriatica.com\/hr\/posebna-ponuda\/\",\"name\":\"Hotel Villa Adriatica | Supetar, Bra\u010d | Posebna ponuda\",\"isPartOf\":{\"@id\":\"https:\/\/www.villaadriatica.com\/hr\/#website\"},\"primaryImageOfPage\":{\"@id\":\"https:\/\/www.villaadriatica.com\/hr\/posebna-ponuda\/#primaryimage\"},\"image\":{\"@id\":\"https:\/\/www.villaadriatica.com\/hr\/posebna-ponuda\/#primaryimage\"},\"thumbnailUrl\":\"https:\/\/www.villaadriatica.com\/wp-content\/uploads\/2013\/06\/Special-offer-home.jpg\",\"datePublished\":\"2013-06-18T13:24:25+00:00\",\"dateModified\":\"2018-06-07T11:21:04+00:00\",\"description\":\"Ne propustite niti jednu posebnu ponudu i prijavite se za na\u0161 Newsletter! Kako biste ostali u tijeku s najnovijim pogodnostima, pratite nas na dru\u0161tvenim mre\u017eama:\",\"breadcrumb\":{\"@id\":\"https:\/\/www.villaadriatica.com\/hr\/posebna-ponuda\/#breadcrumb\"},\"inLanguage\":\"hr\",\"potentialAction\":[{\"@type\":\"ReadAction\",\"target\":[\"https:\/\/www.villaadriatica.com\/hr\/posebna-ponuda\/\"]}]},{\"@type\":\"ImageObject\",\"inLanguage\":\"hr\",\"@id\":\"https:\/\/www.villaadriatica.com\/hr\/posebna-ponuda\/#primaryimage\",\"url\":\"https:\/\/www.villaadriatica.com\/wp-content\/uploads\/2013\/06\/Special-offer-home.jpg\",\"contentUrl\":\"https:\/\/www.villaadriatica.com\/wp-content\/uploads\/2013\/06\/Special-offer-home.jpg\",\"width\":\"900\",\"height\":\"456\"},{\"@type\":\"BreadcrumbList\",\"@id\":\"https:\/\/www.villaadriatica.com\/hr\/posebna-ponuda\/#breadcrumb\",\"itemListElement\":[{\"@type\":\"ListItem\",\"position\":1,\"name\":\"Home\",\"item\":\"https:\/\/www.villaadriatica.com\/hr\/\"},{\"@type\":\"ListItem\",\"position\":2,\"name\":\"Posebna ponuda\"}]},{\"@type\":\"WebSite\",\"@id\":\"https:\/\/www.villaadriatica.com\/hr\/#website\",\"url\":\"https:\/\/www.villaadriatica.com\/hr\/\",\"name\":\"\",\"description\":\"\",\"potentialAction\":[{\"@type\":\"SearchAction\",\"target\":{\"@type\":\"EntryPoint\",\"urlTemplate\":\"https:\/\/www.villaadriatica.com\/hr\/?s={search_term_string}\"},\"query-input\":{\"@type\":\"PropertyValueSpecification\",\"valueRequired\":true,\"valueName\":\"search_term_string\"}}],\"inLanguage\":\"hr\"}]}<\/script>\n<!-- \/ Yoast SEO plugin. -->","yoast_head_json":{"title":"Hotel Villa Adriatica | Supetar, Bra\u010d | Posebna ponuda","description":"Ne propustite niti jednu posebnu ponudu i prijavite se za na\u0161 Newsletter! Kako biste ostali u tijeku s najnovijim pogodnostima, pratite nas na dru\u0161tvenim mre\u017eama:","robots":{"index":"index","follow":"follow","max-snippet":"max-snippet:-1","max-image-preview":"max-image-preview:large","max-video-preview":"max-video-preview:-1"},"canonical":"https:\/\/www.villaadriatica.com\/hr\/posebna-ponuda\/","og_locale":"hr_HR","og_type":"article","og_title":"Hotel Villa Adriatica | Supetar, Bra\u010d | Posebna ponuda","og_description":"Ne propustite niti jednu posebnu ponudu i prijavite se za na\u0161 Newsletter! Kako biste ostali u tijeku s najnovijim pogodnostima, pratite nas na dru\u0161tvenim mre\u017eama:","og_url":"https:\/\/www.villaadriatica.com\/hr\/posebna-ponuda\/","article_modified_time":"2018-06-07T11:21:04+00:00","og_image":[{"width":900,"height":456,"url":"https:\/\/www.villaadriatica.com\/wp-content\/uploads\/2013\/06\/Special-offer-home.jpg","type":"image\/jpeg"}],"twitter_misc":{"Procijenjeno vrijeme \u010ditanja":"1 minuta"},"schema":{"@context":"https:\/\/schema.org","@graph":[{"@type":"WebPage","@id":"https:\/\/www.villaadriatica.com\/hr\/posebna-ponuda\/","url":"https:\/\/www.villaadriatica.com\/hr\/posebna-ponuda\/","name":"Hotel Villa Adriatica | Supetar, Bra\u010d | Posebna ponuda","isPartOf":{"@id":"https:\/\/www.villaadriatica.com\/hr\/#website"},"primaryImageOfPage":{"@id":"https:\/\/www.villaadriatica.com\/hr\/posebna-ponuda\/#primaryimage"},"image":{"@id":"https:\/\/www.villaadriatica.com\/hr\/posebna-ponuda\/#primaryimage"},"thumbnailUrl":"https:\/\/www.villaadriatica.com\/wp-content\/uploads\/2013\/06\/Special-offer-home.jpg","datePublished":"2013-06-18T13:24:25+00:00","dateModified":"2018-06-07T11:21:04+00:00","description":"Ne propustite niti jednu posebnu ponudu i prijavite se za na\u0161 Newsletter! Kako biste ostali u tijeku s najnovijim pogodnostima, pratite nas na dru\u0161tvenim mre\u017eama:","breadcrumb":{"@id":"https:\/\/www.villaadriatica.com\/hr\/posebna-ponuda\/#breadcrumb"},"inLanguage":"hr","potentialAction":[{"@type":"ReadAction","target":["https:\/\/www.villaadriatica.com\/hr\/posebna-ponuda\/"]}]},{"@type":"ImageObject","inLanguage":"hr","@id":"https:\/\/www.villaadriatica.com\/hr\/posebna-ponuda\/#primaryimage","url":"https:\/\/www.villaadriatica.com\/wp-content\/uploads\/2013\/06\/Special-offer-home.jpg","contentUrl":"https:\/\/www.villaadriatica.com\/wp-content\/uploads\/2013\/06\/Special-offer-home.jpg","width":"900","height":"456"},{"@type":"BreadcrumbList","@id":"https:\/\/www.villaadriatica.com\/hr\/posebna-ponuda\/#breadcrumb","itemListElement":[{"@type":"ListItem","position":1,"name":"Home","item":"https:\/\/www.villaadriatica.com\/hr\/"},{"@type":"ListItem","position":2,"name":"Posebna ponuda"}]},{"@type":"WebSite","@id":"https:\/\/www.villaadriatica.com\/hr\/#website","url":"https:\/\/www.villaadriatica.com\/hr\/","name":"","description":"","potentialAction":[{"@type":"SearchAction","target":{"@type":"EntryPoint","urlTemplate":"https:\/\/www.villaadriatica.com\/hr\/?s={search_term_string}"},"query-input":{"@type":"PropertyValueSpecification","valueRequired":true,"valueName":"search_term_string"}}],"inLanguage":"hr"}]}},"_links":{"self":[{"href":"https:\/\/www.villaadriatica.com\/hr\/wp-json\/wp\/v2\/pages\/741","targetHints":{"allow":["GET"]}}],"collection":[{"href":"https:\/\/www.villaadriatica.com\/hr\/wp-json\/wp\/v2\/pages"}],"about":[{"href":"https:\/\/www.villaadriatica.com\/hr\/wp-json\/wp\/v2\/types\/page"}],"author":[{"embeddable":true,"href":"https:\/\/www.villaadriatica.com\/hr\/wp-json\/wp\/v2\/users\/1"}],"replies":[{"embeddable":true,"href":"https:\/\/www.villaadriatica.com\/hr\/wp-json\/wp\/v2\/comments?post=741"}],"version-history":[{"count":5,"href":"https:\/\/www.villaadriatica.com\/hr\/wp-json\/wp\/v2\/pages\/741\/revisions"}],"predecessor-version":[{"id":2892,"href":"https:\/\/www.villaadriatica.com\/hr\/wp-json\/wp\/v2\/pages\/741\/revisions\/2892"}],"wp:featuredmedia":[{"embeddable":true,"href":"https:\/\/www.villaadriatica.com\/hr\/wp-json\/wp\/v2\/media\/445"}],"wp:attachment":[{"href":"https:\/\/www.villaadriatica.com\/hr\/wp-json\/wp\/v2\/media?parent=741"}],"curies":[{"name":"wp","href":"https:\/\/api.w.org\/{rel}","templated":true}]}}