{"id":738,"date":"2013-06-10T21:28:38","date_gmt":"2013-06-10T21:28:38","guid":{"rendered":"https:\/\/www.villaadriatica.com\/accommodation-2\/"},"modified":"2019-03-21T12:51:43","modified_gmt":"2019-03-21T12:51:43","slug":"smjestaj","status":"publish","type":"page","link":"https:\/\/www.villaadriatica.com\/hr\/smjestaj\/","title":{"rendered":"Smje\u0161taj"},"content":{"rendered":"<p>Hotel Villa Adriatica, na\u0161 mali obiteljski hotel nudi vam 23 moderno namje\u0161tene, klimatizirane sobe s vlastitom kupaonicom te svim potrebnim sadr\u017eajima uklju\u010duju\u0107i be\u017ei\u010dni internet ( WiFi pristupnu to\u010dku ).<\/p>\n","protected":false},"excerpt":{"rendered":"<p>Hotel Villa Adriatica, na\u0161 mali obiteljski hotel nudi vam 23 moderno namje\u0161tene, klimatizirane sobe s vlastitom kupaonicom te svim potrebnim sadr\u017eajima uklju\u010duju\u0107i be\u017ei\u010dni internet ( WiFi pristupnu to\u010dku ).<\/p>\n","protected":false},"author":1,"featured_media":2970,"parent":0,"menu_order":0,"comment_status":"closed","ping_status":"closed","template":"template-rooms-2cols.php","meta":{"footnotes":""},"class_list":["post-738","page","type-page","status-publish","has-post-thumbnail","hentry"],"yoast_head":"<!-- This site is optimized with the Yoast SEO plugin v25.1 - https:\/\/yoast.com\/wordpress\/plugins\/seo\/ -->\n<title>Hotel Villa Adriatica | Smje\u0161taj<\/title>\n<meta name=\"description\" content=\"Hotel Villa Adriatica, na\u0161 mali obiteljski hotel nudi vam 23 moderno namje\u0161tene, klimatizirane sobe s vlastitom kupaonicom te svim potrebnim sadr\u017eajima uklju\u010duju\u0107i be\u017ei\u010dni internet ( WiFi pristupnu to\u010dku ).\" \/>\n<meta name=\"robots\" content=\"index, follow, max-snippet:-1, max-image-preview:large, max-video-preview:-1\" \/>\n<link rel=\"canonical\" href=\"https:\/\/www.villaadriatica.com\/hr\/smjestaj\/\" \/>\n<meta property=\"og:locale\" content=\"hr_HR\" \/>\n<meta property=\"og:type\" content=\"article\" \/>\n<meta property=\"og:title\" content=\"Hotel Villa Adriatica | Smje\u0161taj\" \/>\n<meta property=\"og:description\" content=\"Hotel Villa Adriatica, na\u0161 mali obiteljski hotel nudi vam 23 moderno namje\u0161tene, klimatizirane sobe s vlastitom kupaonicom te svim potrebnim sadr\u017eajima uklju\u010duju\u0107i be\u017ei\u010dni internet ( WiFi pristupnu to\u010dku ).\" \/>\n<meta property=\"og:url\" content=\"https:\/\/www.villaadriatica.com\/hr\/smjestaj\/\" \/>\n<meta property=\"article:modified_time\" content=\"2019-03-21T12:51:43+00:00\" \/>\n<meta property=\"og:image\" content=\"https:\/\/www.villaadriatica.com\/wp-content\/uploads\/2019\/03\/Boutique-hotel-villa-ADRIATICA-Adults-Only-Double-Superior-Side-SeaView1-02_2019.jpg\" \/>\n\t<meta property=\"og:image:width\" content=\"1606\" \/>\n\t<meta property=\"og:image:height\" content=\"1200\" \/>\n\t<meta property=\"og:image:type\" content=\"image\/jpeg\" \/>\n<script type=\"application\/ld+json\" class=\"yoast-schema-graph\">{\"@context\":\"https:\/\/schema.org\",\"@graph\":[{\"@type\":\"WebPage\",\"@id\":\"https:\/\/www.villaadriatica.com\/hr\/smjestaj\/\",\"url\":\"https:\/\/www.villaadriatica.com\/hr\/smjestaj\/\",\"name\":\"Hotel Villa Adriatica | Smje\u0161taj\",\"isPartOf\":{\"@id\":\"https:\/\/www.villaadriatica.com\/hr\/#website\"},\"primaryImageOfPage\":{\"@id\":\"https:\/\/www.villaadriatica.com\/hr\/smjestaj\/#primaryimage\"},\"image\":{\"@id\":\"https:\/\/www.villaadriatica.com\/hr\/smjestaj\/#primaryimage\"},\"thumbnailUrl\":\"https:\/\/www.villaadriatica.com\/wp-content\/uploads\/2019\/03\/Boutique-hotel-villa-ADRIATICA-Adults-Only-Double-Superior-Side-SeaView1-02_2019.jpg\",\"datePublished\":\"2013-06-10T21:28:38+00:00\",\"dateModified\":\"2019-03-21T12:51:43+00:00\",\"description\":\"Hotel Villa Adriatica, na\u0161 mali obiteljski hotel nudi vam 23 moderno namje\u0161tene, klimatizirane sobe s vlastitom kupaonicom te svim potrebnim sadr\u017eajima uklju\u010duju\u0107i be\u017ei\u010dni internet ( WiFi pristupnu to\u010dku ).\",\"breadcrumb\":{\"@id\":\"https:\/\/www.villaadriatica.com\/hr\/smjestaj\/#breadcrumb\"},\"inLanguage\":\"hr\",\"potentialAction\":[{\"@type\":\"ReadAction\",\"target\":[\"https:\/\/www.villaadriatica.com\/hr\/smjestaj\/\"]}]},{\"@type\":\"ImageObject\",\"inLanguage\":\"hr\",\"@id\":\"https:\/\/www.villaadriatica.com\/hr\/smjestaj\/#primaryimage\",\"url\":\"https:\/\/www.villaadriatica.com\/wp-content\/uploads\/2019\/03\/Boutique-hotel-villa-ADRIATICA-Adults-Only-Double-Superior-Side-SeaView1-02_2019.jpg\",\"contentUrl\":\"https:\/\/www.villaadriatica.com\/wp-content\/uploads\/2019\/03\/Boutique-hotel-villa-ADRIATICA-Adults-Only-Double-Superior-Side-SeaView1-02_2019.jpg\",\"width\":1606,\"height\":1200},{\"@type\":\"BreadcrumbList\",\"@id\":\"https:\/\/www.villaadriatica.com\/hr\/smjestaj\/#breadcrumb\",\"itemListElement\":[{\"@type\":\"ListItem\",\"position\":1,\"name\":\"Home\",\"item\":\"https:\/\/www.villaadriatica.com\/hr\/\"},{\"@type\":\"ListItem\",\"position\":2,\"name\":\"Smje\u0161taj\"}]},{\"@type\":\"WebSite\",\"@id\":\"https:\/\/www.villaadriatica.com\/hr\/#website\",\"url\":\"https:\/\/www.villaadriatica.com\/hr\/\",\"name\":\"\",\"description\":\"\",\"potentialAction\":[{\"@type\":\"SearchAction\",\"target\":{\"@type\":\"EntryPoint\",\"urlTemplate\":\"https:\/\/www.villaadriatica.com\/hr\/?s={search_term_string}\"},\"query-input\":{\"@type\":\"PropertyValueSpecification\",\"valueRequired\":true,\"valueName\":\"search_term_string\"}}],\"inLanguage\":\"hr\"}]}<\/script>\n<!-- \/ Yoast SEO plugin. -->","yoast_head_json":{"title":"Hotel Villa Adriatica | Smje\u0161taj","description":"Hotel Villa Adriatica, na\u0161 mali obiteljski hotel nudi vam 23 moderno namje\u0161tene, klimatizirane sobe s vlastitom kupaonicom te svim potrebnim sadr\u017eajima uklju\u010duju\u0107i be\u017ei\u010dni internet ( WiFi pristupnu to\u010dku ).","robots":{"index":"index","follow":"follow","max-snippet":"max-snippet:-1","max-image-preview":"max-image-preview:large","max-video-preview":"max-video-preview:-1"},"canonical":"https:\/\/www.villaadriatica.com\/hr\/smjestaj\/","og_locale":"hr_HR","og_type":"article","og_title":"Hotel Villa Adriatica | Smje\u0161taj","og_description":"Hotel Villa Adriatica, na\u0161 mali obiteljski hotel nudi vam 23 moderno namje\u0161tene, klimatizirane sobe s vlastitom kupaonicom te svim potrebnim sadr\u017eajima uklju\u010duju\u0107i be\u017ei\u010dni internet ( WiFi pristupnu to\u010dku ).","og_url":"https:\/\/www.villaadriatica.com\/hr\/smjestaj\/","article_modified_time":"2019-03-21T12:51:43+00:00","og_image":[{"width":1606,"height":1200,"url":"https:\/\/www.villaadriatica.com\/wp-content\/uploads\/2019\/03\/Boutique-hotel-villa-ADRIATICA-Adults-Only-Double-Superior-Side-SeaView1-02_2019.jpg","type":"image\/jpeg"}],"schema":{"@context":"https:\/\/schema.org","@graph":[{"@type":"WebPage","@id":"https:\/\/www.villaadriatica.com\/hr\/smjestaj\/","url":"https:\/\/www.villaadriatica.com\/hr\/smjestaj\/","name":"Hotel Villa Adriatica | Smje\u0161taj","isPartOf":{"@id":"https:\/\/www.villaadriatica.com\/hr\/#website"},"primaryImageOfPage":{"@id":"https:\/\/www.villaadriatica.com\/hr\/smjestaj\/#primaryimage"},"image":{"@id":"https:\/\/www.villaadriatica.com\/hr\/smjestaj\/#primaryimage"},"thumbnailUrl":"https:\/\/www.villaadriatica.com\/wp-content\/uploads\/2019\/03\/Boutique-hotel-villa-ADRIATICA-Adults-Only-Double-Superior-Side-SeaView1-02_2019.jpg","datePublished":"2013-06-10T21:28:38+00:00","dateModified":"2019-03-21T12:51:43+00:00","description":"Hotel Villa Adriatica, na\u0161 mali obiteljski hotel nudi vam 23 moderno namje\u0161tene, klimatizirane sobe s vlastitom kupaonicom te svim potrebnim sadr\u017eajima uklju\u010duju\u0107i be\u017ei\u010dni internet ( WiFi pristupnu to\u010dku ).","breadcrumb":{"@id":"https:\/\/www.villaadriatica.com\/hr\/smjestaj\/#breadcrumb"},"inLanguage":"hr","potentialAction":[{"@type":"ReadAction","target":["https:\/\/www.villaadriatica.com\/hr\/smjestaj\/"]}]},{"@type":"ImageObject","inLanguage":"hr","@id":"https:\/\/www.villaadriatica.com\/hr\/smjestaj\/#primaryimage","url":"https:\/\/www.villaadriatica.com\/wp-content\/uploads\/2019\/03\/Boutique-hotel-villa-ADRIATICA-Adults-Only-Double-Superior-Side-SeaView1-02_2019.jpg","contentUrl":"https:\/\/www.villaadriatica.com\/wp-content\/uploads\/2019\/03\/Boutique-hotel-villa-ADRIATICA-Adults-Only-Double-Superior-Side-SeaView1-02_2019.jpg","width":1606,"height":1200},{"@type":"BreadcrumbList","@id":"https:\/\/www.villaadriatica.com\/hr\/smjestaj\/#breadcrumb","itemListElement":[{"@type":"ListItem","position":1,"name":"Home","item":"https:\/\/www.villaadriatica.com\/hr\/"},{"@type":"ListItem","position":2,"name":"Smje\u0161taj"}]},{"@type":"WebSite","@id":"https:\/\/www.villaadriatica.com\/hr\/#website","url":"https:\/\/www.villaadriatica.com\/hr\/","name":"","description":"","potentialAction":[{"@type":"SearchAction","target":{"@type":"EntryPoint","urlTemplate":"https:\/\/www.villaadriatica.com\/hr\/?s={search_term_string}"},"query-input":{"@type":"PropertyValueSpecification","valueRequired":true,"valueName":"search_term_string"}}],"inLanguage":"hr"}]}},"_links":{"self":[{"href":"https:\/\/www.villaadriatica.com\/hr\/wp-json\/wp\/v2\/pages\/738","targetHints":{"allow":["GET"]}}],"collection":[{"href":"https:\/\/www.villaadriatica.com\/hr\/wp-json\/wp\/v2\/pages"}],"about":[{"href":"https:\/\/www.villaadriatica.com\/hr\/wp-json\/wp\/v2\/types\/page"}],"author":[{"embeddable":true,"href":"https:\/\/www.villaadriatica.com\/hr\/wp-json\/wp\/v2\/users\/1"}],"replies":[{"embeddable":true,"href":"https:\/\/www.villaadriatica.com\/hr\/wp-json\/wp\/v2\/comments?post=738"}],"version-history":[{"count":4,"href":"https:\/\/www.villaadriatica.com\/hr\/wp-json\/wp\/v2\/pages\/738\/revisions"}],"predecessor-version":[{"id":2886,"href":"https:\/\/www.villaadriatica.com\/hr\/wp-json\/wp\/v2\/pages\/738\/revisions\/2886"}],"wp:featuredmedia":[{"embeddable":true,"href":"https:\/\/www.villaadriatica.com\/hr\/wp-json\/wp\/v2\/media\/2970"}],"wp:attachment":[{"href":"https:\/\/www.villaadriatica.com\/hr\/wp-json\/wp\/v2\/media?parent=738"}],"curies":[{"name":"wp","href":"https:\/\/api.w.org\/{rel}","templated":true}]}}