{"id":997,"date":"2013-06-10T15:23:23","date_gmt":"2013-06-10T15:23:23","guid":{"rendered":"https:\/\/www.villaadriatica.com\/villa-adriatica-2\/"},"modified":"2019-03-21T12:55:28","modified_gmt":"2019-03-21T12:55:28","slug":"villa-adriatica","status":"publish","type":"page","link":"https:\/\/www.villaadriatica.com\/fr\/villa-adriatica\/","title":{"rendered":"Villa Adriatica"},"content":{"rendered":"<p><iframe loading=\"lazy\" src=\"https:\/\/www.youtube.com\/embed\/8PocCJub2zs?rel=0\" width=\"640\" height=\"315\" frameborder=\"0\" allowfullscreen=\"allowfullscreen\"><\/iframe><br \/>\n<iframe loading=\"lazy\" src=\"\/\/www.youtube.com\/embed\/H_QH3Zo5KgM?rel=0\" width=\"640\" height=\"360\" frameborder=\"0\" allowfullscreen=\"allowfullscreen\"><\/iframe><br \/>\n<a href=\"https:\/\/www.villaadriatica.com\/wp-content\/uploads\/2013\/06\/Hotel-Villa-Adriatica-Supetar-Brac-101.jpg\"><img loading=\"lazy\" decoding=\"async\" class=\"alignnone wp-image-37\" title=\"Hotel Villa Adriatica, Supetar island Bra\u010d\" src=\"https:\/\/www.villaadriatica.com\/wp-content\/uploads\/2013\/06\/Hotel-Villa-Adriatica-Supetar-Brac-101.jpg\" alt=\"Hotel Villa Adriatica, Supetar island Bra\u010d\" width=\"630\" height=\"420\" srcset=\"https:\/\/www.villaadriatica.com\/wp-content\/uploads\/2013\/06\/Hotel-Villa-Adriatica-Supetar-Brac-101.jpg 900w, https:\/\/www.villaadriatica.com\/wp-content\/uploads\/2013\/06\/Hotel-Villa-Adriatica-Supetar-Brac-101-300x200.jpg 300w\" sizes=\"auto, (max-width: 630px) 100vw, 630px\" \/><\/a>Villa Adriatica est un petit h\u00f4tel situ\u00e9 \u00e0 seulement 100 m\u00e8tres loin des plages de sable et les petits graviers, un lieu unique \u00e0 Supetar, au coeur de l&#8217;\u00eele. Situ\u00e9 dans un quartier calme, \u00e0 proximit\u00e9 des courts de tennis et une vue spectaculaire sur la mer cristalline. Profitez de soir\u00e9es douces d&#8217;\u00e9t\u00e9 et les matins avec des for\u00eats de pins odorants.<a href=\"https:\/\/www.villaadriatica.com\/wp-content\/uploads\/2013\/06\/Hotel-Villa-Adriatica-Supetar-Brac-117.jpg\"><img loading=\"lazy\" decoding=\"async\" class=\"alignnone wp-image-199\" title=\"Hotel Villa Adriatica - Garden with pool\" src=\"https:\/\/www.villaadriatica.com\/wp-content\/uploads\/2013\/06\/Hotel-Villa-Adriatica-Supetar-Brac-117.jpg\" alt=\"Hotel Villa Adriatica - Garden with pool\" width=\"630\" height=\"420\" srcset=\"https:\/\/www.villaadriatica.com\/wp-content\/uploads\/2013\/06\/Hotel-Villa-Adriatica-Supetar-Brac-117.jpg 900w, https:\/\/www.villaadriatica.com\/wp-content\/uploads\/2013\/06\/Hotel-Villa-Adriatica-Supetar-Brac-117-300x200.jpg 300w\" sizes=\"auto, (max-width: 630px) 100vw, 630px\" \/><\/a>D\u00e9tendez-vous \u00a0loin du bruit de la circulation, et profiter des vacances avec le m\u00eame confort de votre propre maison.<a href=\"https:\/\/www.villaadriatica.com\/wp-content\/uploads\/2013\/06\/Hotel-Villa-Adriatica-Supetar-Brac-116.jpg\"><img loading=\"lazy\" decoding=\"async\" class=\"alignnone wp-image-201\" title=\"Hotel Villa Adriatica - Wellness and Spa\" src=\"https:\/\/www.villaadriatica.com\/wp-content\/uploads\/2013\/06\/Hotel-Villa-Adriatica-Supetar-Brac-116.jpg\" alt=\"Hotel Villa Adriatica - Wellness and Spa\" width=\"630\" height=\"420\" srcset=\"https:\/\/www.villaadriatica.com\/wp-content\/uploads\/2013\/06\/Hotel-Villa-Adriatica-Supetar-Brac-116.jpg 900w, https:\/\/www.villaadriatica.com\/wp-content\/uploads\/2013\/06\/Hotel-Villa-Adriatica-Supetar-Brac-116-300x200.jpg 300w\" sizes=\"auto, (max-width: 630px) 100vw, 630px\" \/><\/a><br \/>\n<a href=\"https:\/\/www.villaadriatica.com\/wp-content\/uploads\/2013\/06\/Hotel-Villa-Adriatica-Supetar-Brac-112.jpg\"><img loading=\"lazy\" decoding=\"async\" class=\"alignnone wp-image-203\" title=\"Hotel Villa Adriatica - Restaurant\" src=\"https:\/\/www.villaadriatica.com\/wp-content\/uploads\/2013\/06\/Hotel-Villa-Adriatica-Supetar-Brac-112.jpg\" alt=\"Hotel Villa Adriatica - Restaurant\" width=\"630\" height=\"420\" srcset=\"https:\/\/www.villaadriatica.com\/wp-content\/uploads\/2013\/06\/Hotel-Villa-Adriatica-Supetar-Brac-112.jpg 900w, https:\/\/www.villaadriatica.com\/wp-content\/uploads\/2013\/06\/Hotel-Villa-Adriatica-Supetar-Brac-112-300x200.jpg 300w\" sizes=\"auto, (max-width: 630px) 100vw, 630px\" \/><\/a>Tarifs et r\u00e9servation&#8230;<br \/>\n<!-- Social Ring Buttons Start --><div class=\"social-ring\">\n<div class=\"social-ring-button\"><fb:like href=\"https:\/\/www.villaadriatica.com\/fr\/villa-adriatica\/\" showfaces=\"false\" layout=\"button_count\" action=\"like\"><\/fb:like><\/div>\n<div class=\"social-ring-button\"><a href=\"https:\/\/www.facebook.com\/sharer\/sharer.php?s=100&p[url]=https:\/\/www.villaadriatica.com\/fr\/villa-adriatica\/\" target=\"_blank\"\n\t\t\t\t\t\t\tonclick=\"window.open('https:\/\/www.facebook.com\/sharer\/sharer.php?s=100&p[url]=https:\/\/www.villaadriatica.com\/fr\/villa-adriatica\/', 'newwindow', 'width=600, height=450'); return false;\" >\n\t\t\t\t\t\t\t<img decoding=\"async\" style=\"display:block; background: none; padding: 0px; border:0px;\" src=\"https:\/\/www.villaadriatica.com\/wp-content\/plugins\/wordpress-social-ring\/includes\/..\/admin\/images\/sr-fb-share.png\" alt=\"Share\"\/>\n\t\t\t\t\t\t<\/a><\/div>\n<div class=\"social-ring-button\"><a rel=\"nofollow\" href=\"http:\/\/twitter.com\/share\" lang=\"en\" data-url=\"https:\/\/www.villaadriatica.com\/fr\/villa-adriatica\/\" data-text=\"Villa Adriatica\" data-count=\"horizontal\" class=\"sr-twitter-button twitter-share-button\"><\/a><\/div>\n<div class=\"social-ring-button\"><div class=\"g-plusone\" data-href=\"https:\/\/www.villaadriatica.com\/fr\/villa-adriatica\/\" data-size=\"medium\" ><\/div><\/div>\n<div class=\"social-ring-button\"><a rel=\"nofollow\" href=\"http:\/\/pinterest.com\/pin\/create\/button\/?url=https%3A%2F%2Fwww.villaadriatica.com%2Ffr%2Fvilla-adriatica%2F&media=https%3A%2F%2Fwww.villaadriatica.com%2Fwp-content%2Fuploads%2F2019%2F03%2FBoutique-hotel-villa-ADRIATICA-Adults-Only-Front-view-night1-JPG-WEB-lower-res-Romul-Roko-02_2019.jpg&description=Villa+Adriatica\" class=\"pin-it-button\"count-layout=\"horizontal\"><\/a><\/div>\n<\/div><!-- Social Ring Buttons End -->\n<\/p>\n","protected":false},"excerpt":{"rendered":"<p>Villa Adriatica est un petit h\u00f4tel situ\u00e9 \u00e0 seulement 100 m\u00e8tres loin des plages de sable et les petits graviers, un lieu unique \u00e0 Supetar, au coeur de l&#8217;\u00eele. Situ\u00e9 dans un quartier calme,&#8230;<\/p>\n","protected":false},"author":1,"featured_media":2964,"parent":0,"menu_order":0,"comment_status":"closed","ping_status":"closed","template":"","meta":{"footnotes":""},"class_list":["post-997","page","type-page","status-publish","has-post-thumbnail","hentry"],"yoast_head":"<!-- This site is optimized with the Yoast SEO plugin v25.1 - https:\/\/yoast.com\/wordpress\/plugins\/seo\/ -->\n<title>Hotel Villa Adriatica | Supetar, \u00eele de Brac<\/title>\n<meta name=\"description\" content=\"Villa Adriatica est un petit h\u00f4tel situ\u00e9 \u00e0 seulement 100 m\u00e8tres loin des plages de sable et les petits graviers, un lieu unique \u00e0 Supetar, au coeur de l&#039;\u00eele.\" \/>\n<meta name=\"robots\" content=\"index, follow, max-snippet:-1, max-image-preview:large, max-video-preview:-1\" \/>\n<link rel=\"canonical\" href=\"https:\/\/www.villaadriatica.com\/fr\/villa-adriatica\/\" \/>\n<meta property=\"og:locale\" content=\"fr_FR\" \/>\n<meta property=\"og:type\" content=\"article\" \/>\n<meta property=\"og:title\" content=\"Hotel Villa Adriatica | Supetar, \u00eele de Brac\" \/>\n<meta property=\"og:description\" content=\"Villa Adriatica est un petit h\u00f4tel situ\u00e9 \u00e0 seulement 100 m\u00e8tres loin des plages de sable et les petits graviers, un lieu unique \u00e0 Supetar, au coeur de l&#039;\u00eele.\" \/>\n<meta property=\"og:url\" content=\"https:\/\/www.villaadriatica.com\/fr\/villa-adriatica\/\" \/>\n<meta property=\"article:modified_time\" content=\"2019-03-21T12:55:28+00:00\" \/>\n<meta property=\"og:image\" content=\"https:\/\/www.villaadriatica.com\/wp-content\/uploads\/2019\/03\/Boutique-hotel-villa-ADRIATICA-Adults-Only-Front-view-night1-JPG-WEB-lower-res-Romul-Roko-02_2019.jpg\" \/>\n\t<meta property=\"og:image:width\" content=\"1500\" \/>\n\t<meta property=\"og:image:height\" content=\"1000\" \/>\n\t<meta property=\"og:image:type\" content=\"image\/jpeg\" \/>\n<script type=\"application\/ld+json\" class=\"yoast-schema-graph\">{\"@context\":\"https:\/\/schema.org\",\"@graph\":[{\"@type\":\"WebPage\",\"@id\":\"https:\/\/www.villaadriatica.com\/fr\/villa-adriatica\/\",\"url\":\"https:\/\/www.villaadriatica.com\/fr\/villa-adriatica\/\",\"name\":\"Hotel Villa Adriatica | Supetar, \u00eele de Brac\",\"isPartOf\":{\"@id\":\"https:\/\/www.villaadriatica.com\/hr\/#website\"},\"primaryImageOfPage\":{\"@id\":\"https:\/\/www.villaadriatica.com\/fr\/villa-adriatica\/#primaryimage\"},\"image\":{\"@id\":\"https:\/\/www.villaadriatica.com\/fr\/villa-adriatica\/#primaryimage\"},\"thumbnailUrl\":\"https:\/\/www.villaadriatica.com\/wp-content\/uploads\/2019\/03\/Boutique-hotel-villa-ADRIATICA-Adults-Only-Front-view-night1-JPG-WEB-lower-res-Romul-Roko-02_2019.jpg\",\"datePublished\":\"2013-06-10T15:23:23+00:00\",\"dateModified\":\"2019-03-21T12:55:28+00:00\",\"description\":\"Villa Adriatica est un petit h\u00f4tel situ\u00e9 \u00e0 seulement 100 m\u00e8tres loin des plages de sable et les petits graviers, un lieu unique \u00e0 Supetar, au coeur de l'\u00eele.\",\"breadcrumb\":{\"@id\":\"https:\/\/www.villaadriatica.com\/fr\/villa-adriatica\/#breadcrumb\"},\"inLanguage\":\"fr-FR\",\"potentialAction\":[{\"@type\":\"ReadAction\",\"target\":[\"https:\/\/www.villaadriatica.com\/fr\/villa-adriatica\/\"]}]},{\"@type\":\"ImageObject\",\"inLanguage\":\"fr-FR\",\"@id\":\"https:\/\/www.villaadriatica.com\/fr\/villa-adriatica\/#primaryimage\",\"url\":\"https:\/\/www.villaadriatica.com\/wp-content\/uploads\/2019\/03\/Boutique-hotel-villa-ADRIATICA-Adults-Only-Front-view-night1-JPG-WEB-lower-res-Romul-Roko-02_2019.jpg\",\"contentUrl\":\"https:\/\/www.villaadriatica.com\/wp-content\/uploads\/2019\/03\/Boutique-hotel-villa-ADRIATICA-Adults-Only-Front-view-night1-JPG-WEB-lower-res-Romul-Roko-02_2019.jpg\",\"width\":1500,\"height\":1000},{\"@type\":\"BreadcrumbList\",\"@id\":\"https:\/\/www.villaadriatica.com\/fr\/villa-adriatica\/#breadcrumb\",\"itemListElement\":[{\"@type\":\"ListItem\",\"position\":1,\"name\":\"Home\",\"item\":\"https:\/\/www.villaadriatica.com\/fr\/\"},{\"@type\":\"ListItem\",\"position\":2,\"name\":\"Villa Adriatica\"}]},{\"@type\":\"WebSite\",\"@id\":\"https:\/\/www.villaadriatica.com\/hr\/#website\",\"url\":\"https:\/\/www.villaadriatica.com\/hr\/\",\"name\":\"\",\"description\":\"\",\"potentialAction\":[{\"@type\":\"SearchAction\",\"target\":{\"@type\":\"EntryPoint\",\"urlTemplate\":\"https:\/\/www.villaadriatica.com\/hr\/?s={search_term_string}\"},\"query-input\":{\"@type\":\"PropertyValueSpecification\",\"valueRequired\":true,\"valueName\":\"search_term_string\"}}],\"inLanguage\":\"fr-FR\"}]}<\/script>\n<!-- \/ Yoast SEO plugin. -->","yoast_head_json":{"title":"Hotel Villa Adriatica | Supetar, \u00eele de Brac","description":"Villa Adriatica est un petit h\u00f4tel situ\u00e9 \u00e0 seulement 100 m\u00e8tres loin des plages de sable et les petits graviers, un lieu unique \u00e0 Supetar, au coeur de l'\u00eele.","robots":{"index":"index","follow":"follow","max-snippet":"max-snippet:-1","max-image-preview":"max-image-preview:large","max-video-preview":"max-video-preview:-1"},"canonical":"https:\/\/www.villaadriatica.com\/fr\/villa-adriatica\/","og_locale":"fr_FR","og_type":"article","og_title":"Hotel Villa Adriatica | Supetar, \u00eele de Brac","og_description":"Villa Adriatica est un petit h\u00f4tel situ\u00e9 \u00e0 seulement 100 m\u00e8tres loin des plages de sable et les petits graviers, un lieu unique \u00e0 Supetar, au coeur de l'\u00eele.","og_url":"https:\/\/www.villaadriatica.com\/fr\/villa-adriatica\/","article_modified_time":"2019-03-21T12:55:28+00:00","og_image":[{"width":1500,"height":1000,"url":"https:\/\/www.villaadriatica.com\/wp-content\/uploads\/2019\/03\/Boutique-hotel-villa-ADRIATICA-Adults-Only-Front-view-night1-JPG-WEB-lower-res-Romul-Roko-02_2019.jpg","type":"image\/jpeg"}],"schema":{"@context":"https:\/\/schema.org","@graph":[{"@type":"WebPage","@id":"https:\/\/www.villaadriatica.com\/fr\/villa-adriatica\/","url":"https:\/\/www.villaadriatica.com\/fr\/villa-adriatica\/","name":"Hotel Villa Adriatica | Supetar, \u00eele de Brac","isPartOf":{"@id":"https:\/\/www.villaadriatica.com\/hr\/#website"},"primaryImageOfPage":{"@id":"https:\/\/www.villaadriatica.com\/fr\/villa-adriatica\/#primaryimage"},"image":{"@id":"https:\/\/www.villaadriatica.com\/fr\/villa-adriatica\/#primaryimage"},"thumbnailUrl":"https:\/\/www.villaadriatica.com\/wp-content\/uploads\/2019\/03\/Boutique-hotel-villa-ADRIATICA-Adults-Only-Front-view-night1-JPG-WEB-lower-res-Romul-Roko-02_2019.jpg","datePublished":"2013-06-10T15:23:23+00:00","dateModified":"2019-03-21T12:55:28+00:00","description":"Villa Adriatica est un petit h\u00f4tel situ\u00e9 \u00e0 seulement 100 m\u00e8tres loin des plages de sable et les petits graviers, un lieu unique \u00e0 Supetar, au coeur de l'\u00eele.","breadcrumb":{"@id":"https:\/\/www.villaadriatica.com\/fr\/villa-adriatica\/#breadcrumb"},"inLanguage":"fr-FR","potentialAction":[{"@type":"ReadAction","target":["https:\/\/www.villaadriatica.com\/fr\/villa-adriatica\/"]}]},{"@type":"ImageObject","inLanguage":"fr-FR","@id":"https:\/\/www.villaadriatica.com\/fr\/villa-adriatica\/#primaryimage","url":"https:\/\/www.villaadriatica.com\/wp-content\/uploads\/2019\/03\/Boutique-hotel-villa-ADRIATICA-Adults-Only-Front-view-night1-JPG-WEB-lower-res-Romul-Roko-02_2019.jpg","contentUrl":"https:\/\/www.villaadriatica.com\/wp-content\/uploads\/2019\/03\/Boutique-hotel-villa-ADRIATICA-Adults-Only-Front-view-night1-JPG-WEB-lower-res-Romul-Roko-02_2019.jpg","width":1500,"height":1000},{"@type":"BreadcrumbList","@id":"https:\/\/www.villaadriatica.com\/fr\/villa-adriatica\/#breadcrumb","itemListElement":[{"@type":"ListItem","position":1,"name":"Home","item":"https:\/\/www.villaadriatica.com\/fr\/"},{"@type":"ListItem","position":2,"name":"Villa Adriatica"}]},{"@type":"WebSite","@id":"https:\/\/www.villaadriatica.com\/hr\/#website","url":"https:\/\/www.villaadriatica.com\/hr\/","name":"","description":"","potentialAction":[{"@type":"SearchAction","target":{"@type":"EntryPoint","urlTemplate":"https:\/\/www.villaadriatica.com\/hr\/?s={search_term_string}"},"query-input":{"@type":"PropertyValueSpecification","valueRequired":true,"valueName":"search_term_string"}}],"inLanguage":"fr-FR"}]}},"_links":{"self":[{"href":"https:\/\/www.villaadriatica.com\/fr\/wp-json\/wp\/v2\/pages\/997","targetHints":{"allow":["GET"]}}],"collection":[{"href":"https:\/\/www.villaadriatica.com\/fr\/wp-json\/wp\/v2\/pages"}],"about":[{"href":"https:\/\/www.villaadriatica.com\/fr\/wp-json\/wp\/v2\/types\/page"}],"author":[{"embeddable":true,"href":"https:\/\/www.villaadriatica.com\/fr\/wp-json\/wp\/v2\/users\/1"}],"replies":[{"embeddable":true,"href":"https:\/\/www.villaadriatica.com\/fr\/wp-json\/wp\/v2\/comments?post=997"}],"version-history":[{"count":5,"href":"https:\/\/www.villaadriatica.com\/fr\/wp-json\/wp\/v2\/pages\/997\/revisions"}],"predecessor-version":[{"id":2995,"href":"https:\/\/www.villaadriatica.com\/fr\/wp-json\/wp\/v2\/pages\/997\/revisions\/2995"}],"wp:featuredmedia":[{"embeddable":true,"href":"https:\/\/www.villaadriatica.com\/fr\/wp-json\/wp\/v2\/media\/2964"}],"wp:attachment":[{"href":"https:\/\/www.villaadriatica.com\/fr\/wp-json\/wp\/v2\/media?parent=997"}],"curies":[{"name":"wp","href":"https:\/\/api.w.org\/{rel}","templated":true}]}}