{"id":1122,"date":"2013-07-12T13:27:27","date_gmt":"2013-07-12T13:27:27","guid":{"rendered":"https:\/\/www.villaadriatica.com\/attractions-2\/"},"modified":"2013-10-24T10:49:29","modified_gmt":"2013-10-24T10:49:29","slug":"attractions","status":"publish","type":"page","link":"https:\/\/www.villaadriatica.com\/fr\/attractions\/","title":{"rendered":"Attractions"},"content":{"rendered":"<p><strong>Excursions et attractions<\/strong><a href=\"https:\/\/www.villaadriatica.com\/wp-content\/uploads\/2013\/07\/Island-Brac-Croatia-005.jpg\"><img loading=\"lazy\" decoding=\"async\" class=\"alignnone  wp-image-378\" title=\"Famous monastery Blaca in the hearth of the island of Bra\u010d\" src=\"https:\/\/www.villaadriatica.com\/wp-content\/uploads\/2013\/07\/Island-Brac-Croatia-005.jpg\" alt=\"\" width=\"630\" height=\"380\" srcset=\"https:\/\/www.villaadriatica.com\/wp-content\/uploads\/2013\/07\/Island-Brac-Croatia-005.jpg 900w, https:\/\/www.villaadriatica.com\/wp-content\/uploads\/2013\/07\/Island-Brac-Croatia-005-300x181.jpg 300w\" sizes=\"auto, (max-width: 630px) 100vw, 630px\" \/><\/a><br \/>\nNe manquez pas l&#8217;occasion de visiter le c\u00e9l\u00e8bre monast\u00e8re Blaca surc l&#8217;\u00eele de Bra, dans les carri\u00e8res Pu\u010di\u0161\u0107e o\u00f9 est la pierre de renomm\u00e9e mondiale, passer une journ\u00e9e dans la c\u00e9l\u00e8bre plage \u00e0 Bol, la plage Zlatni rat ( Baie d&#8217;or). <a href=\"https:\/\/www.villaadriatica.com\/wp-content\/uploads\/2013\/07\/Island-Brac-Croatia-006.jpg\"><img loading=\"lazy\" decoding=\"async\" class=\"alignnone  wp-image-381\" title=\"Island Bra\u010d, Croatia - Dragon cave\" src=\"https:\/\/www.villaadriatica.com\/wp-content\/uploads\/2013\/07\/Island-Brac-Croatia-006.jpg\" alt=\"\" width=\"630\" height=\"380\" srcset=\"https:\/\/www.villaadriatica.com\/wp-content\/uploads\/2013\/07\/Island-Brac-Croatia-006.jpg 900w, https:\/\/www.villaadriatica.com\/wp-content\/uploads\/2013\/07\/Island-Brac-Croatia-006-300x181.jpg 300w\" sizes=\"auto, (max-width: 630px) 100vw, 630px\" \/><\/a><a href=\"https:\/\/www.villaadriatica.com\/wp-content\/uploads\/2013\/07\/Brac-island-010.jpg\"><img loading=\"lazy\" decoding=\"async\" class=\"alignnone  wp-image-727\" title=\"Brac Island - Natural atractions\" src=\"https:\/\/www.villaadriatica.com\/wp-content\/uploads\/2013\/07\/Brac-island-010.jpg\" alt=\"\" width=\"630\" height=\"380\" srcset=\"https:\/\/www.villaadriatica.com\/wp-content\/uploads\/2013\/07\/Brac-island-010.jpg 900w, https:\/\/www.villaadriatica.com\/wp-content\/uploads\/2013\/07\/Brac-island-010-300x181.jpg 300w\" sizes=\"auto, (max-width: 630px) 100vw, 630px\" \/><\/a><a href=\"https:\/\/www.villaadriatica.com\/wp-content\/uploads\/2013\/07\/Brac-island-012.jpg\"><img loading=\"lazy\" decoding=\"async\" class=\"alignnone  wp-image-729\" title=\"Brac Island\" src=\"https:\/\/www.villaadriatica.com\/wp-content\/uploads\/2013\/07\/Brac-island-012.jpg\" alt=\"\" width=\"630\" height=\"380\" srcset=\"https:\/\/www.villaadriatica.com\/wp-content\/uploads\/2013\/07\/Brac-island-012.jpg 900w, https:\/\/www.villaadriatica.com\/wp-content\/uploads\/2013\/07\/Brac-island-012-300x181.jpg 300w\" sizes=\"auto, (max-width: 630px) 100vw, 630px\" \/><\/a><\/p>\n<p>D\u00e9couvrez les possibilit\u00e9s d&#8217;excursions d&#8217;une journ\u00e9e&#8230;<br \/>\n<strong>Excursions et attractions<\/strong><br \/>\n<!-- Social Ring Buttons Start --><div class=\"social-ring\">\n<div class=\"social-ring-button\"><fb:like href=\"https:\/\/www.villaadriatica.com\/fr\/attractions\/\" showfaces=\"false\" layout=\"button_count\" action=\"like\"><\/fb:like><\/div>\n<div class=\"social-ring-button\"><a href=\"https:\/\/www.facebook.com\/sharer\/sharer.php?s=100&p[url]=https:\/\/www.villaadriatica.com\/fr\/attractions\/\" target=\"_blank\"\n\t\t\t\t\t\t\tonclick=\"window.open('https:\/\/www.facebook.com\/sharer\/sharer.php?s=100&p[url]=https:\/\/www.villaadriatica.com\/fr\/attractions\/', 'newwindow', 'width=600, height=450'); return false;\" >\n\t\t\t\t\t\t\t<img decoding=\"async\" style=\"display:block; background: none; padding: 0px; border:0px;\" src=\"https:\/\/www.villaadriatica.com\/wp-content\/plugins\/wordpress-social-ring\/includes\/..\/admin\/images\/sr-fb-share.png\" alt=\"Share\"\/>\n\t\t\t\t\t\t<\/a><\/div>\n<div class=\"social-ring-button\"><a rel=\"nofollow\" href=\"http:\/\/twitter.com\/share\" lang=\"en\" data-url=\"https:\/\/www.villaadriatica.com\/fr\/attractions\/\" data-text=\"Attractions\" data-count=\"horizontal\" class=\"sr-twitter-button twitter-share-button\"><\/a><\/div>\n<div class=\"social-ring-button\"><div class=\"g-plusone\" data-href=\"https:\/\/www.villaadriatica.com\/fr\/attractions\/\" data-size=\"medium\" ><\/div><\/div>\n<div class=\"social-ring-button\"><a rel=\"nofollow\" href=\"http:\/\/pinterest.com\/pin\/create\/button\/?url=https%3A%2F%2Fwww.villaadriatica.com%2Ffr%2Fattractions%2F&media=https%3A%2F%2Fwww.villaadriatica.com%2Fwp-content%2Fuploads%2F2013%2F07%2FIsland-Brac-Croatia-005.jpg&description=Attractions\" class=\"pin-it-button\"count-layout=\"horizontal\"><\/a><\/div>\n<\/div><!-- Social Ring Buttons End -->\n<\/p>\n","protected":false},"excerpt":{"rendered":"<p>Excursions et attractions Ne manquez pas l&#8217;occasion de visiter le c\u00e9l\u00e8bre monast\u00e8re Blaca surc l&#8217;\u00eele de Bra, dans les carri\u00e8res Pu\u010di\u0161\u0107e o\u00f9 est la pierre de renomm\u00e9e mondiale, passer une journ\u00e9e dans la c\u00e9l\u00e8bre&#8230;<\/p>\n","protected":false},"author":1,"featured_media":0,"parent":0,"menu_order":0,"comment_status":"closed","ping_status":"closed","template":"","meta":{"footnotes":""},"class_list":["post-1122","page","type-page","status-publish","hentry"],"yoast_head":"<!-- This site is optimized with the Yoast SEO plugin v25.1 - https:\/\/yoast.com\/wordpress\/plugins\/seo\/ -->\n<title>\u00eele de Brac - Excursions et attractions | Hotel Villa Adriatica<\/title>\n<meta name=\"description\" content=\"Ne manquez pas l&#039;occasion de visiter le c\u00e9l\u00e8bre monast\u00e8re Blaca surc l&#039;\u00eele de Bra, dans les carri\u00e8res Pu\u010di\u0161\u0107e o\u00f9 est la pierre de renomm\u00e9e mondiale, passer une journ\u00e9e dans la c\u00e9l\u00e8bre plage \u00e0 Bol, la plage Zlatni rat.\" \/>\n<meta name=\"robots\" content=\"index, follow, max-snippet:-1, max-image-preview:large, max-video-preview:-1\" \/>\n<link rel=\"canonical\" href=\"https:\/\/www.villaadriatica.com\/fr\/attractions\/\" \/>\n<meta property=\"og:locale\" content=\"fr_FR\" \/>\n<meta property=\"og:type\" content=\"article\" \/>\n<meta property=\"og:title\" content=\"\u00eele de Brac - Excursions et attractions | Hotel Villa Adriatica\" \/>\n<meta property=\"og:description\" content=\"Ne manquez pas l&#039;occasion de visiter le c\u00e9l\u00e8bre monast\u00e8re Blaca surc l&#039;\u00eele de Bra, dans les carri\u00e8res Pu\u010di\u0161\u0107e o\u00f9 est la pierre de renomm\u00e9e mondiale, passer une journ\u00e9e dans la c\u00e9l\u00e8bre plage \u00e0 Bol, la plage Zlatni rat.\" \/>\n<meta property=\"og:url\" content=\"https:\/\/www.villaadriatica.com\/fr\/attractions\/\" \/>\n<meta property=\"article:modified_time\" content=\"2013-10-24T10:49:29+00:00\" \/>\n<meta property=\"og:image\" content=\"https:\/\/www.villaadriatica.com\/wp-content\/uploads\/2013\/07\/Island-Brac-Croatia-005.jpg\" \/>\n<script type=\"application\/ld+json\" class=\"yoast-schema-graph\">{\"@context\":\"https:\/\/schema.org\",\"@graph\":[{\"@type\":\"WebPage\",\"@id\":\"https:\/\/www.villaadriatica.com\/fr\/attractions\/\",\"url\":\"https:\/\/www.villaadriatica.com\/fr\/attractions\/\",\"name\":\"\u00eele de Brac - Excursions et attractions | Hotel Villa Adriatica\",\"isPartOf\":{\"@id\":\"https:\/\/www.villaadriatica.com\/hr\/#website\"},\"primaryImageOfPage\":{\"@id\":\"https:\/\/www.villaadriatica.com\/fr\/attractions\/#primaryimage\"},\"image\":{\"@id\":\"https:\/\/www.villaadriatica.com\/fr\/attractions\/#primaryimage\"},\"thumbnailUrl\":\"https:\/\/www.villaadriatica.com\/wp-content\/uploads\/2013\/07\/Island-Brac-Croatia-005.jpg\",\"datePublished\":\"2013-07-12T13:27:27+00:00\",\"dateModified\":\"2013-10-24T10:49:29+00:00\",\"description\":\"Ne manquez pas l'occasion de visiter le c\u00e9l\u00e8bre monast\u00e8re Blaca surc l'\u00eele de Bra, dans les carri\u00e8res Pu\u010di\u0161\u0107e o\u00f9 est la pierre de renomm\u00e9e mondiale, passer une journ\u00e9e dans la c\u00e9l\u00e8bre plage \u00e0 Bol, la plage Zlatni rat.\",\"breadcrumb\":{\"@id\":\"https:\/\/www.villaadriatica.com\/fr\/attractions\/#breadcrumb\"},\"inLanguage\":\"fr-FR\",\"potentialAction\":[{\"@type\":\"ReadAction\",\"target\":[\"https:\/\/www.villaadriatica.com\/fr\/attractions\/\"]}]},{\"@type\":\"ImageObject\",\"inLanguage\":\"fr-FR\",\"@id\":\"https:\/\/www.villaadriatica.com\/fr\/attractions\/#primaryimage\",\"url\":\"https:\/\/www.villaadriatica.com\/wp-content\/uploads\/2013\/07\/Island-Brac-Croatia-005.jpg\",\"contentUrl\":\"https:\/\/www.villaadriatica.com\/wp-content\/uploads\/2013\/07\/Island-Brac-Croatia-005.jpg\"},{\"@type\":\"BreadcrumbList\",\"@id\":\"https:\/\/www.villaadriatica.com\/fr\/attractions\/#breadcrumb\",\"itemListElement\":[{\"@type\":\"ListItem\",\"position\":1,\"name\":\"Home\",\"item\":\"https:\/\/www.villaadriatica.com\/fr\/\"},{\"@type\":\"ListItem\",\"position\":2,\"name\":\"Attractions\"}]},{\"@type\":\"WebSite\",\"@id\":\"https:\/\/www.villaadriatica.com\/hr\/#website\",\"url\":\"https:\/\/www.villaadriatica.com\/hr\/\",\"name\":\"\",\"description\":\"\",\"potentialAction\":[{\"@type\":\"SearchAction\",\"target\":{\"@type\":\"EntryPoint\",\"urlTemplate\":\"https:\/\/www.villaadriatica.com\/hr\/?s={search_term_string}\"},\"query-input\":{\"@type\":\"PropertyValueSpecification\",\"valueRequired\":true,\"valueName\":\"search_term_string\"}}],\"inLanguage\":\"fr-FR\"}]}<\/script>\n<!-- \/ Yoast SEO plugin. -->","yoast_head_json":{"title":"\u00eele de Brac - Excursions et attractions | Hotel Villa Adriatica","description":"Ne manquez pas l'occasion de visiter le c\u00e9l\u00e8bre monast\u00e8re Blaca surc l'\u00eele de Bra, dans les carri\u00e8res Pu\u010di\u0161\u0107e o\u00f9 est la pierre de renomm\u00e9e mondiale, passer une journ\u00e9e dans la c\u00e9l\u00e8bre plage \u00e0 Bol, la plage Zlatni rat.","robots":{"index":"index","follow":"follow","max-snippet":"max-snippet:-1","max-image-preview":"max-image-preview:large","max-video-preview":"max-video-preview:-1"},"canonical":"https:\/\/www.villaadriatica.com\/fr\/attractions\/","og_locale":"fr_FR","og_type":"article","og_title":"\u00eele de Brac - Excursions et attractions | Hotel Villa Adriatica","og_description":"Ne manquez pas l'occasion de visiter le c\u00e9l\u00e8bre monast\u00e8re Blaca surc l'\u00eele de Bra, dans les carri\u00e8res Pu\u010di\u0161\u0107e o\u00f9 est la pierre de renomm\u00e9e mondiale, passer une journ\u00e9e dans la c\u00e9l\u00e8bre plage \u00e0 Bol, la plage Zlatni rat.","og_url":"https:\/\/www.villaadriatica.com\/fr\/attractions\/","article_modified_time":"2013-10-24T10:49:29+00:00","og_image":[{"url":"https:\/\/www.villaadriatica.com\/wp-content\/uploads\/2013\/07\/Island-Brac-Croatia-005.jpg","type":"","width":"","height":""}],"schema":{"@context":"https:\/\/schema.org","@graph":[{"@type":"WebPage","@id":"https:\/\/www.villaadriatica.com\/fr\/attractions\/","url":"https:\/\/www.villaadriatica.com\/fr\/attractions\/","name":"\u00eele de Brac - Excursions et attractions | Hotel Villa Adriatica","isPartOf":{"@id":"https:\/\/www.villaadriatica.com\/hr\/#website"},"primaryImageOfPage":{"@id":"https:\/\/www.villaadriatica.com\/fr\/attractions\/#primaryimage"},"image":{"@id":"https:\/\/www.villaadriatica.com\/fr\/attractions\/#primaryimage"},"thumbnailUrl":"https:\/\/www.villaadriatica.com\/wp-content\/uploads\/2013\/07\/Island-Brac-Croatia-005.jpg","datePublished":"2013-07-12T13:27:27+00:00","dateModified":"2013-10-24T10:49:29+00:00","description":"Ne manquez pas l'occasion de visiter le c\u00e9l\u00e8bre monast\u00e8re Blaca surc l'\u00eele de Bra, dans les carri\u00e8res Pu\u010di\u0161\u0107e o\u00f9 est la pierre de renomm\u00e9e mondiale, passer une journ\u00e9e dans la c\u00e9l\u00e8bre plage \u00e0 Bol, la plage Zlatni rat.","breadcrumb":{"@id":"https:\/\/www.villaadriatica.com\/fr\/attractions\/#breadcrumb"},"inLanguage":"fr-FR","potentialAction":[{"@type":"ReadAction","target":["https:\/\/www.villaadriatica.com\/fr\/attractions\/"]}]},{"@type":"ImageObject","inLanguage":"fr-FR","@id":"https:\/\/www.villaadriatica.com\/fr\/attractions\/#primaryimage","url":"https:\/\/www.villaadriatica.com\/wp-content\/uploads\/2013\/07\/Island-Brac-Croatia-005.jpg","contentUrl":"https:\/\/www.villaadriatica.com\/wp-content\/uploads\/2013\/07\/Island-Brac-Croatia-005.jpg"},{"@type":"BreadcrumbList","@id":"https:\/\/www.villaadriatica.com\/fr\/attractions\/#breadcrumb","itemListElement":[{"@type":"ListItem","position":1,"name":"Home","item":"https:\/\/www.villaadriatica.com\/fr\/"},{"@type":"ListItem","position":2,"name":"Attractions"}]},{"@type":"WebSite","@id":"https:\/\/www.villaadriatica.com\/hr\/#website","url":"https:\/\/www.villaadriatica.com\/hr\/","name":"","description":"","potentialAction":[{"@type":"SearchAction","target":{"@type":"EntryPoint","urlTemplate":"https:\/\/www.villaadriatica.com\/hr\/?s={search_term_string}"},"query-input":{"@type":"PropertyValueSpecification","valueRequired":true,"valueName":"search_term_string"}}],"inLanguage":"fr-FR"}]}},"_links":{"self":[{"href":"https:\/\/www.villaadriatica.com\/fr\/wp-json\/wp\/v2\/pages\/1122","targetHints":{"allow":["GET"]}}],"collection":[{"href":"https:\/\/www.villaadriatica.com\/fr\/wp-json\/wp\/v2\/pages"}],"about":[{"href":"https:\/\/www.villaadriatica.com\/fr\/wp-json\/wp\/v2\/types\/page"}],"author":[{"embeddable":true,"href":"https:\/\/www.villaadriatica.com\/fr\/wp-json\/wp\/v2\/users\/1"}],"replies":[{"embeddable":true,"href":"https:\/\/www.villaadriatica.com\/fr\/wp-json\/wp\/v2\/comments?post=1122"}],"version-history":[{"count":6,"href":"https:\/\/www.villaadriatica.com\/fr\/wp-json\/wp\/v2\/pages\/1122\/revisions"}],"predecessor-version":[{"id":1130,"href":"https:\/\/www.villaadriatica.com\/fr\/wp-json\/wp\/v2\/pages\/1122\/revisions\/1130"}],"wp:attachment":[{"href":"https:\/\/www.villaadriatica.com\/fr\/wp-json\/wp\/v2\/media?parent=1122"}],"curies":[{"name":"wp","href":"https:\/\/api.w.org\/{rel}","templated":true}]}}