{"id":1118,"date":"2013-07-21T13:51:31","date_gmt":"2013-07-21T13:51:31","guid":{"rendered":"https:\/\/www.villaadriatica.com\/wellness-and-spa-2\/"},"modified":"2013-10-24T13:26:55","modified_gmt":"2013-10-24T13:26:55","slug":"wellness-et-spa","status":"publish","type":"page","link":"https:\/\/www.villaadriatica.com\/fr\/wellness-et-spa\/","title":{"rendered":"Wellness et Spa"},"content":{"rendered":"<p>Dans notre oasis de wellness vous pourrez profiter d&#8217;un massage relaxant par notre personnel exp\u00e9riment\u00e9. Il dispose d&#8217; un jacuzzi, bain \u00e0 remous et des \u00e9quipements de cardio-training-fitness, pour rester en bonne forme pendant les vacances. Essayez vous un cours de yoga le matin avec notre th\u00e9rapeute. Apr\u00e8s l&#8217;exercice, se, d\u00e9tendez-vous dans le sauna ou vous tentez le shiatsu, massage m\u00e9dical, drainage lymphatique, r\u00e9flexologie, massage sportif, ou chinois.<\/p>\n<p><strong>Les prix des services de wellness:<\/strong><br \/>\nSauna &#8211; 20 min. &#8211; 75 kn<br \/>\nJacuzzi &#8211; 20 min. &#8211; -75 kn<br \/>\nMassage local -45 min 200 kn<br \/>\nMassage du corps complet &#8211; 60 min \u2013 250 kn , 90 min \u2013 350 kn<br \/>\nR\u00e9flexologie &#8211; 45 min 200 kn<br \/>\n<div id='gallery-1' class='gallery galleryid-1118 gallery-columns-3 gallery-size-thumbnail'><figure class='gallery-item'>\n\t\t\t<div class='gallery-icon landscape'>\n\t\t\t\t<a href='https:\/\/www.villaadriatica.com\/wp-content\/uploads\/2013\/07\/Hotel-Villa-Adriatica-Supetar-Brac-Spa-00111.jpg'><img loading=\"lazy\" decoding=\"async\" width=\"150\" height=\"150\" src=\"https:\/\/www.villaadriatica.com\/wp-content\/uploads\/2013\/07\/Hotel-Villa-Adriatica-Supetar-Brac-Spa-00111-150x150.jpg\" class=\"attachment-thumbnail size-thumbnail\" alt=\"\" \/><\/a>\n\t\t\t<\/div><\/figure><figure class='gallery-item'>\n\t\t\t<div class='gallery-icon landscape'>\n\t\t\t\t<a href='https:\/\/www.villaadriatica.com\/wp-content\/uploads\/2013\/07\/Hotel-Villa-Adriatica-Supetar-Brac-Spa-00211.jpg'><img loading=\"lazy\" decoding=\"async\" width=\"150\" height=\"150\" src=\"https:\/\/www.villaadriatica.com\/wp-content\/uploads\/2013\/07\/Hotel-Villa-Adriatica-Supetar-Brac-Spa-00211-150x150.jpg\" class=\"attachment-thumbnail size-thumbnail\" alt=\"\" \/><\/a>\n\t\t\t<\/div><\/figure><figure class='gallery-item'>\n\t\t\t<div class='gallery-icon landscape'>\n\t\t\t\t<a href='https:\/\/www.villaadriatica.com\/wp-content\/uploads\/2013\/07\/Hotel-Villa-Adriatica-Supetar-Brac-Spa-00311.jpg'><img loading=\"lazy\" decoding=\"async\" width=\"150\" height=\"150\" src=\"https:\/\/www.villaadriatica.com\/wp-content\/uploads\/2013\/07\/Hotel-Villa-Adriatica-Supetar-Brac-Spa-00311-150x150.jpg\" class=\"attachment-thumbnail size-thumbnail\" alt=\"\" \/><\/a>\n\t\t\t<\/div><\/figure><figure class='gallery-item'>\n\t\t\t<div class='gallery-icon landscape'>\n\t\t\t\t<a href='https:\/\/www.villaadriatica.com\/wp-content\/uploads\/2013\/07\/Hotel-Villa-Adriatica-Supetar-Brac-Spa-00411.jpg'><img loading=\"lazy\" decoding=\"async\" width=\"150\" height=\"150\" src=\"https:\/\/www.villaadriatica.com\/wp-content\/uploads\/2013\/07\/Hotel-Villa-Adriatica-Supetar-Brac-Spa-00411-150x150.jpg\" class=\"attachment-thumbnail size-thumbnail\" alt=\"\" \/><\/a>\n\t\t\t<\/div><\/figure><figure class='gallery-item'>\n\t\t\t<div class='gallery-icon landscape'>\n\t\t\t\t<a href='https:\/\/www.villaadriatica.com\/wp-content\/uploads\/2013\/07\/Hotel-Villa-Adriatica-Supetar-Brac-Spa-00511.jpg'><img loading=\"lazy\" decoding=\"async\" width=\"150\" height=\"150\" src=\"https:\/\/www.villaadriatica.com\/wp-content\/uploads\/2013\/07\/Hotel-Villa-Adriatica-Supetar-Brac-Spa-00511-150x150.jpg\" class=\"attachment-thumbnail size-thumbnail\" alt=\"\" \/><\/a>\n\t\t\t<\/div><\/figure><figure class='gallery-item'>\n\t\t\t<div class='gallery-icon landscape'>\n\t\t\t\t<a href='https:\/\/www.villaadriatica.com\/wp-content\/uploads\/2013\/07\/Hotel-Villa-Adriatica-Supetar-Brac-Spa-00611.jpg'><img loading=\"lazy\" decoding=\"async\" width=\"150\" height=\"150\" src=\"https:\/\/www.villaadriatica.com\/wp-content\/uploads\/2013\/07\/Hotel-Villa-Adriatica-Supetar-Brac-Spa-00611-150x150.jpg\" class=\"attachment-thumbnail size-thumbnail\" alt=\"\" \/><\/a>\n\t\t\t<\/div><\/figure><figure class='gallery-item'>\n\t\t\t<div class='gallery-icon landscape'>\n\t\t\t\t<a href='https:\/\/www.villaadriatica.com\/wp-content\/uploads\/2013\/07\/Hotel-Villa-Adriatica-Supetar-Brac-Spa-00711.jpg'><img loading=\"lazy\" decoding=\"async\" width=\"150\" height=\"150\" src=\"https:\/\/www.villaadriatica.com\/wp-content\/uploads\/2013\/07\/Hotel-Villa-Adriatica-Supetar-Brac-Spa-00711-150x150.jpg\" class=\"attachment-thumbnail size-thumbnail\" alt=\"\" \/><\/a>\n\t\t\t<\/div><\/figure><figure class='gallery-item'>\n\t\t\t<div class='gallery-icon landscape'>\n\t\t\t\t<a href='https:\/\/www.villaadriatica.com\/wp-content\/uploads\/2013\/07\/Hotel-Villa-Adriatica-Supetar-Brac-Spa-00811.jpg'><img loading=\"lazy\" decoding=\"async\" width=\"150\" height=\"150\" src=\"https:\/\/www.villaadriatica.com\/wp-content\/uploads\/2013\/07\/Hotel-Villa-Adriatica-Supetar-Brac-Spa-00811-150x150.jpg\" class=\"attachment-thumbnail size-thumbnail\" alt=\"\" \/><\/a>\n\t\t\t<\/div><\/figure><figure class='gallery-item'>\n\t\t\t<div class='gallery-icon landscape'>\n\t\t\t\t<a href='https:\/\/www.villaadriatica.com\/wp-content\/uploads\/2013\/07\/Hotel-Villa-Adriatica-Supetar-Brac-Spa-00911.jpg'><img loading=\"lazy\" decoding=\"async\" width=\"150\" height=\"150\" src=\"https:\/\/www.villaadriatica.com\/wp-content\/uploads\/2013\/07\/Hotel-Villa-Adriatica-Supetar-Brac-Spa-00911-150x150.jpg\" class=\"attachment-thumbnail size-thumbnail\" alt=\"\" \/><\/a>\n\t\t\t<\/div><\/figure><figure class='gallery-item'>\n\t\t\t<div class='gallery-icon landscape'>\n\t\t\t\t<a href='https:\/\/www.villaadriatica.com\/wp-content\/uploads\/2021\/05\/villa-adriatica-wellness-and-spa-outdoor-jacuzzi.jpg'><img loading=\"lazy\" decoding=\"async\" width=\"150\" height=\"150\" src=\"https:\/\/www.villaadriatica.com\/wp-content\/uploads\/2021\/05\/villa-adriatica-wellness-and-spa-outdoor-jacuzzi-150x150.jpg\" class=\"attachment-thumbnail size-thumbnail\" alt=\"\" \/><\/a>\n\t\t\t<\/div><\/figure><figure class='gallery-item'>\n\t\t\t<div class='gallery-icon landscape'>\n\t\t\t\t<a href='https:\/\/www.villaadriatica.com\/wp-content\/uploads\/2021\/05\/villa-adriatica-wellness-and-spa-outdoor-jacuzzi-1.jpg'><img loading=\"lazy\" decoding=\"async\" width=\"150\" height=\"150\" src=\"https:\/\/www.villaadriatica.com\/wp-content\/uploads\/2021\/05\/villa-adriatica-wellness-and-spa-outdoor-jacuzzi-1-150x150.jpg\" class=\"attachment-thumbnail size-thumbnail\" alt=\"\" \/><\/a>\n\t\t\t<\/div><\/figure><figure class='gallery-item'>\n\t\t\t<div class='gallery-icon landscape'>\n\t\t\t\t<a href='https:\/\/www.villaadriatica.com\/wp-content\/uploads\/2021\/05\/villa-adriatica-wellness-and-spa-outdoor-jacuzzi-2.jpg'><img loading=\"lazy\" decoding=\"async\" width=\"150\" height=\"150\" src=\"https:\/\/www.villaadriatica.com\/wp-content\/uploads\/2021\/05\/villa-adriatica-wellness-and-spa-outdoor-jacuzzi-2-150x150.jpg\" class=\"attachment-thumbnail size-thumbnail\" alt=\"\" \/><\/a>\n\t\t\t<\/div><\/figure>\n\t\t<\/div>\n<br \/>\n<!-- Social Ring Buttons Start --><div class=\"social-ring\">\n<div class=\"social-ring-button\"><fb:like href=\"https:\/\/www.villaadriatica.com\/fr\/wellness-et-spa\/\" showfaces=\"false\" layout=\"button_count\" action=\"like\"><\/fb:like><\/div>\n<div class=\"social-ring-button\"><a href=\"https:\/\/www.facebook.com\/sharer\/sharer.php?s=100&p[url]=https:\/\/www.villaadriatica.com\/fr\/wellness-et-spa\/\" target=\"_blank\"\n\t\t\t\t\t\t\tonclick=\"window.open('https:\/\/www.facebook.com\/sharer\/sharer.php?s=100&p[url]=https:\/\/www.villaadriatica.com\/fr\/wellness-et-spa\/', 'newwindow', 'width=600, height=450'); return false;\" >\n\t\t\t\t\t\t\t<img decoding=\"async\" style=\"display:block; background: none; padding: 0px; border:0px;\" src=\"https:\/\/www.villaadriatica.com\/wp-content\/plugins\/wordpress-social-ring\/includes\/..\/admin\/images\/sr-fb-share.png\" alt=\"Share\"\/>\n\t\t\t\t\t\t<\/a><\/div>\n<div class=\"social-ring-button\"><a rel=\"nofollow\" href=\"http:\/\/twitter.com\/share\" lang=\"en\" data-url=\"https:\/\/www.villaadriatica.com\/fr\/wellness-et-spa\/\" data-text=\"Wellness et Spa\" data-count=\"horizontal\" class=\"sr-twitter-button twitter-share-button\"><\/a><\/div>\n<div class=\"social-ring-button\"><div class=\"g-plusone\" data-href=\"https:\/\/www.villaadriatica.com\/fr\/wellness-et-spa\/\" data-size=\"medium\" ><\/div><\/div>\n<div class=\"social-ring-button\"><a rel=\"nofollow\" href=\"http:\/\/pinterest.com\/pin\/create\/button\/?url=https%3A%2F%2Fwww.villaadriatica.com%2Ffr%2Fwellness-et-spa%2F&media=https%3A%2F%2Fwww.villaadriatica.com%2Fwp-content%2Fuploads%2F2013%2F07%2FHotel-Villa-Adriatica-Supetar-Brac-Spa-00111-150x150.jpg&description=Wellness+et+Spa\" class=\"pin-it-button\"count-layout=\"horizontal\"><\/a><\/div>\n<\/div><!-- Social Ring Buttons End -->\n<\/p>\n","protected":false},"excerpt":{"rendered":"<p>Dans notre oasis de wellness vous pourrez profiter d&#8217;un massage relaxant par notre personnel exp\u00e9riment\u00e9. Il dispose d&#8217; un jacuzzi, bain \u00e0 remous et des \u00e9quipements de cardio-training-fitness, pour rester en bonne forme pendant&#8230;<\/p>\n","protected":false},"author":1,"featured_media":0,"parent":0,"menu_order":0,"comment_status":"closed","ping_status":"closed","template":"","meta":{"footnotes":""},"class_list":["post-1118","page","type-page","status-publish","hentry"],"yoast_head":"<!-- This site is optimized with the Yoast SEO plugin v25.1 - https:\/\/yoast.com\/wordpress\/plugins\/seo\/ -->\n<title>Hotel Villa Adriatica | Supetar, Bra\u010d | Wellness et Spa<\/title>\n<meta name=\"description\" content=\"Dans notre oasis de wellness vous pourrez profiter d&#039;un massage relaxant par notre personnel exp\u00e9riment\u00e9. Il dispose d&#039; un jacuzzi, bain \u00e0 remous et des \u00e9quipements de cardio-training-fitness, pour rester en bonne forme pendant les vacances.\" \/>\n<meta name=\"robots\" content=\"index, follow, max-snippet:-1, max-image-preview:large, max-video-preview:-1\" \/>\n<link rel=\"canonical\" href=\"https:\/\/www.villaadriatica.com\/fr\/wellness-et-spa\/\" \/>\n<meta property=\"og:locale\" content=\"fr_FR\" \/>\n<meta property=\"og:type\" content=\"article\" \/>\n<meta property=\"og:title\" content=\"Hotel Villa Adriatica | Supetar, Bra\u010d | Wellness et Spa\" \/>\n<meta property=\"og:description\" content=\"Dans notre oasis de wellness vous pourrez profiter d&#039;un massage relaxant par notre personnel exp\u00e9riment\u00e9. Il dispose d&#039; un jacuzzi, bain \u00e0 remous et des \u00e9quipements de cardio-training-fitness, pour rester en bonne forme pendant les vacances.\" \/>\n<meta property=\"og:url\" content=\"https:\/\/www.villaadriatica.com\/fr\/wellness-et-spa\/\" \/>\n<meta property=\"article:modified_time\" content=\"2013-10-24T13:26:55+00:00\" \/>\n<meta property=\"og:image\" content=\"https:\/\/www.villaadriatica.com\/wp-content\/uploads\/2013\/07\/Hotel-Villa-Adriatica-Supetar-Brac-Spa-00111-150x150.jpg\" \/>\n<meta name=\"twitter:label1\" content=\"Dur\u00e9e de lecture estim\u00e9e\" \/>\n\t<meta name=\"twitter:data1\" content=\"1 minute\" \/>\n<script type=\"application\/ld+json\" class=\"yoast-schema-graph\">{\"@context\":\"https:\/\/schema.org\",\"@graph\":[{\"@type\":\"WebPage\",\"@id\":\"https:\/\/www.villaadriatica.com\/fr\/wellness-et-spa\/\",\"url\":\"https:\/\/www.villaadriatica.com\/fr\/wellness-et-spa\/\",\"name\":\"Hotel Villa Adriatica | Supetar, Bra\u010d | Wellness et Spa\",\"isPartOf\":{\"@id\":\"https:\/\/www.villaadriatica.com\/hr\/#website\"},\"datePublished\":\"2013-07-21T13:51:31+00:00\",\"dateModified\":\"2013-10-24T13:26:55+00:00\",\"description\":\"Dans notre oasis de wellness vous pourrez profiter d'un massage relaxant par notre personnel exp\u00e9riment\u00e9. Il dispose d' un jacuzzi, bain \u00e0 remous et des \u00e9quipements de cardio-training-fitness, pour rester en bonne forme pendant les vacances.\",\"breadcrumb\":{\"@id\":\"https:\/\/www.villaadriatica.com\/fr\/wellness-et-spa\/#breadcrumb\"},\"inLanguage\":\"fr-FR\",\"potentialAction\":[{\"@type\":\"ReadAction\",\"target\":[\"https:\/\/www.villaadriatica.com\/fr\/wellness-et-spa\/\"]}]},{\"@type\":\"BreadcrumbList\",\"@id\":\"https:\/\/www.villaadriatica.com\/fr\/wellness-et-spa\/#breadcrumb\",\"itemListElement\":[{\"@type\":\"ListItem\",\"position\":1,\"name\":\"Home\",\"item\":\"https:\/\/www.villaadriatica.com\/fr\/\"},{\"@type\":\"ListItem\",\"position\":2,\"name\":\"Wellness et Spa\"}]},{\"@type\":\"WebSite\",\"@id\":\"https:\/\/www.villaadriatica.com\/hr\/#website\",\"url\":\"https:\/\/www.villaadriatica.com\/hr\/\",\"name\":\"\",\"description\":\"\",\"potentialAction\":[{\"@type\":\"SearchAction\",\"target\":{\"@type\":\"EntryPoint\",\"urlTemplate\":\"https:\/\/www.villaadriatica.com\/hr\/?s={search_term_string}\"},\"query-input\":{\"@type\":\"PropertyValueSpecification\",\"valueRequired\":true,\"valueName\":\"search_term_string\"}}],\"inLanguage\":\"fr-FR\"}]}<\/script>\n<!-- \/ Yoast SEO plugin. -->","yoast_head_json":{"title":"Hotel Villa Adriatica | Supetar, Bra\u010d | Wellness et Spa","description":"Dans notre oasis de wellness vous pourrez profiter d'un massage relaxant par notre personnel exp\u00e9riment\u00e9. Il dispose d' un jacuzzi, bain \u00e0 remous et des \u00e9quipements de cardio-training-fitness, pour rester en bonne forme pendant les vacances.","robots":{"index":"index","follow":"follow","max-snippet":"max-snippet:-1","max-image-preview":"max-image-preview:large","max-video-preview":"max-video-preview:-1"},"canonical":"https:\/\/www.villaadriatica.com\/fr\/wellness-et-spa\/","og_locale":"fr_FR","og_type":"article","og_title":"Hotel Villa Adriatica | Supetar, Bra\u010d | Wellness et Spa","og_description":"Dans notre oasis de wellness vous pourrez profiter d'un massage relaxant par notre personnel exp\u00e9riment\u00e9. Il dispose d' un jacuzzi, bain \u00e0 remous et des \u00e9quipements de cardio-training-fitness, pour rester en bonne forme pendant les vacances.","og_url":"https:\/\/www.villaadriatica.com\/fr\/wellness-et-spa\/","article_modified_time":"2013-10-24T13:26:55+00:00","og_image":[{"url":"https:\/\/www.villaadriatica.com\/wp-content\/uploads\/2013\/07\/Hotel-Villa-Adriatica-Supetar-Brac-Spa-00111-150x150.jpg","type":"","width":"","height":""}],"twitter_misc":{"Dur\u00e9e de lecture estim\u00e9e":"1 minute"},"schema":{"@context":"https:\/\/schema.org","@graph":[{"@type":"WebPage","@id":"https:\/\/www.villaadriatica.com\/fr\/wellness-et-spa\/","url":"https:\/\/www.villaadriatica.com\/fr\/wellness-et-spa\/","name":"Hotel Villa Adriatica | Supetar, Bra\u010d | Wellness et Spa","isPartOf":{"@id":"https:\/\/www.villaadriatica.com\/hr\/#website"},"datePublished":"2013-07-21T13:51:31+00:00","dateModified":"2013-10-24T13:26:55+00:00","description":"Dans notre oasis de wellness vous pourrez profiter d'un massage relaxant par notre personnel exp\u00e9riment\u00e9. Il dispose d' un jacuzzi, bain \u00e0 remous et des \u00e9quipements de cardio-training-fitness, pour rester en bonne forme pendant les vacances.","breadcrumb":{"@id":"https:\/\/www.villaadriatica.com\/fr\/wellness-et-spa\/#breadcrumb"},"inLanguage":"fr-FR","potentialAction":[{"@type":"ReadAction","target":["https:\/\/www.villaadriatica.com\/fr\/wellness-et-spa\/"]}]},{"@type":"BreadcrumbList","@id":"https:\/\/www.villaadriatica.com\/fr\/wellness-et-spa\/#breadcrumb","itemListElement":[{"@type":"ListItem","position":1,"name":"Home","item":"https:\/\/www.villaadriatica.com\/fr\/"},{"@type":"ListItem","position":2,"name":"Wellness et Spa"}]},{"@type":"WebSite","@id":"https:\/\/www.villaadriatica.com\/hr\/#website","url":"https:\/\/www.villaadriatica.com\/hr\/","name":"","description":"","potentialAction":[{"@type":"SearchAction","target":{"@type":"EntryPoint","urlTemplate":"https:\/\/www.villaadriatica.com\/hr\/?s={search_term_string}"},"query-input":{"@type":"PropertyValueSpecification","valueRequired":true,"valueName":"search_term_string"}}],"inLanguage":"fr-FR"}]}},"_links":{"self":[{"href":"https:\/\/www.villaadriatica.com\/fr\/wp-json\/wp\/v2\/pages\/1118","targetHints":{"allow":["GET"]}}],"collection":[{"href":"https:\/\/www.villaadriatica.com\/fr\/wp-json\/wp\/v2\/pages"}],"about":[{"href":"https:\/\/www.villaadriatica.com\/fr\/wp-json\/wp\/v2\/types\/page"}],"author":[{"embeddable":true,"href":"https:\/\/www.villaadriatica.com\/fr\/wp-json\/wp\/v2\/users\/1"}],"replies":[{"embeddable":true,"href":"https:\/\/www.villaadriatica.com\/fr\/wp-json\/wp\/v2\/comments?post=1118"}],"version-history":[{"count":4,"href":"https:\/\/www.villaadriatica.com\/fr\/wp-json\/wp\/v2\/pages\/1118\/revisions"}],"predecessor-version":[{"id":1119,"href":"https:\/\/www.villaadriatica.com\/fr\/wp-json\/wp\/v2\/pages\/1118\/revisions\/1119"}],"wp:attachment":[{"href":"https:\/\/www.villaadriatica.com\/fr\/wp-json\/wp\/v2\/media?parent=1118"}],"curies":[{"name":"wp","href":"https:\/\/api.w.org\/{rel}","templated":true}]}}