{"id":1112,"date":"2013-07-21T13:44:04","date_gmt":"2013-07-21T13:44:04","guid":{"rendered":"https:\/\/www.villaadriatica.com\/active-holiday-2\/"},"modified":"2013-10-24T10:12:12","modified_gmt":"2013-10-24T10:12:12","slug":"vacances-actives","status":"publish","type":"page","link":"https:\/\/www.villaadriatica.com\/fr\/vacances-actives\/","title":{"rendered":"Vacances actives"},"content":{"rendered":"<p>En face de notre villa, il trouverez des installations sportives qui sauront satisfaire les plus exigeants:<br \/>\n<span style=\"color: #ff6600;\">\u2794<\/span> Courts Handball<br \/>\n<span style=\"color: #ff6600;\">\u2794<\/span> Mini-golf<br \/>\n<span style=\"color: #ff6600;\">\u2794<\/span> Terrain de football<br \/>\n<span style=\"color: #ff6600;\">\u2794<\/span> Tennis de table<br \/>\n<span style=\"color: #ff6600;\">\u2794<\/span> 9 courts de tennis<br \/>\n<span style=\"color: #ff6600;\">\u2794<\/span> Fitness<br \/>\n<span style=\"color: #ff6600;\">\u2794<\/span> Massage<\/p>\n<p>Le personnel professionnel vous guidera \u00e0 travers une vari\u00e9t\u00e9 de s&#8217;adapter \u00e0 vos besoins et exigences du sport.<br \/>\n\u00c9quipement comme les raquettes de tennis, balles, etc peut \u00eatre lou\u00e9.<\/p>\n<p><strong><span style=\"color: #ff6600;\">PLONG\u00c9E<\/span><\/strong><br style=\"color: #ff6600;\" \/> Centre de plong\u00e9e \u00e0 proximit\u00e9. Si vous \u00eates un plongeur ou voulez \u00eatre, alors c&#8217;est votre chance de d\u00e9couvrir la beaut\u00e9 de ce sport extr\u00eamement populaire.<\/p>\n<p><strong>Aventure paquets de H\u00f4tel Villa Adriatica:<\/strong><br \/>\nD\u00e9couvrez le coeur et l&#8217;\u00e2me de l&#8217;\u00eele de Brac &#8211; Brac est la destination id\u00e9ale pour les vacances pleines d&#8217;action, car il offre les conditions excellentes pour le windsurf, le kayak sur la mer, randonn\u00e9e p\u00e9destre, cyclisme de la montagne, trekking, la voile et de nombreuses activit\u00e9s sportives.<br \/>\nLa semaine, aventureux a \u00e9t\u00e9 cr\u00e9\u00e9 avec une attention particuli\u00e8re pour la pr\u00e9servation de notre \u00eele, sa nature, les gens et le folklore. Si vous \u00eates un d\u00e9butant ou un athl\u00e8te exp\u00e9riment\u00e9, vous pourrez profiter pleinement de vos vacances actives!<\/p>\n<p><strong>Vacances actives<\/strong><div id='gallery-1' class='gallery galleryid-1112 gallery-columns-3 gallery-size-thumbnail'><figure class='gallery-item'>\n\t\t\t<div class='gallery-icon landscape'>\n\t\t\t\t<a href='https:\/\/www.villaadriatica.com\/wp-content\/uploads\/2021\/05\/villa-adriatica-activites-musem-of-olive-oil.jpg'><img loading=\"lazy\" decoding=\"async\" width=\"150\" height=\"150\" src=\"https:\/\/www.villaadriatica.com\/wp-content\/uploads\/2021\/05\/villa-adriatica-activites-musem-of-olive-oil-150x150.jpg\" class=\"attachment-thumbnail size-thumbnail\" alt=\"\" \/><\/a>\n\t\t\t<\/div><\/figure><figure class='gallery-item'>\n\t\t\t<div class='gallery-icon landscape'>\n\t\t\t\t<a href='https:\/\/www.villaadriatica.com\/wp-content\/uploads\/2021\/05\/villa-adriatica-activites-excursion.jpg'><img loading=\"lazy\" decoding=\"async\" width=\"150\" height=\"150\" src=\"https:\/\/www.villaadriatica.com\/wp-content\/uploads\/2021\/05\/villa-adriatica-activites-excursion-150x150.jpg\" class=\"attachment-thumbnail size-thumbnail\" alt=\"\" \/><\/a>\n\t\t\t<\/div><\/figure><figure class='gallery-item'>\n\t\t\t<div class='gallery-icon landscape'>\n\t\t\t\t<a href='https:\/\/www.villaadriatica.com\/wp-content\/uploads\/2021\/05\/villa-adriatica-activites-excursion-1.jpg'><img loading=\"lazy\" decoding=\"async\" width=\"150\" height=\"150\" src=\"https:\/\/www.villaadriatica.com\/wp-content\/uploads\/2021\/05\/villa-adriatica-activites-excursion-1-150x150.jpg\" class=\"attachment-thumbnail size-thumbnail\" alt=\"\" \/><\/a>\n\t\t\t<\/div><\/figure>\n\t\t<\/div>\n<\/p>\n<p><strong><span style=\"color: #ff6600;\">Le kayak de mer<\/span><\/strong><br style=\"color: #ff6600;\" \/> Si vous n&#8217;avez jamais essay\u00e9 le kayak &#8211; ne vous inqui\u00e9tez pas, vous aurez les instructions de notre guide avant de passer \u00e0 notre aventure. Vous serez surpris de la vitesse avec laquelle vous allez commencer \u00e0 aimer cette activit\u00e9.<br \/>\nNous partons de Sutivan en kayak le long de la c\u00f4te nord-ouest de l&#8217;\u00eele, en profitant de la vue sur la baie et la plage. Ensuite, nous allons prendre une pause pour avoir du temps pour nager et se d\u00e9tendre dans l&#8217;une des baies \u00e0 Bobovisce, lorsque nous sommes pr\u00eats pour un autre bassin. \u00c0 l&#8217;arriv\u00e9e \u00e0 Bobovi\u0161\u0107a nous aurons beaucoup de temps \u00e0 marcher et \u00e0 explorer la petite ville typique dalmate. Le retour et est organis\u00e9 par notre fourgonnette.<\/p>\n<p><strong><span style=\"color: #ff6600;\">V\u00e9lo de montagne &#8211; du haut vers la mer!<\/span><\/strong><br style=\"color: #ff6600;\" \/> Transfert en fourgonnette pour Vidova gora (778 m), le sommet le plus haut de toutes les \u00eeles. Arriv\u00e9e au point de vue o\u00f9 vous pouvez appr\u00e9cier la vue sur les \u00eeles centrales qui vous coupera le souffle. Avec les aspects de v\u00e9los en descente sur la route polonaise jusqu&#8217;en villages de l&#8217;int\u00e9rieur typiques comme Nerezisce et les autres (Donji Humac Dracevica et Lo\u017ei\u0161\u0107a). Pendant les cycles, vous serez entour\u00e9 par anciennes oliveraies bien entretenus et de pin\u00e8des. La plupart du temps (80%) sera sur la route principale, les chemins et les pistes cyclables am\u00e9nag\u00e9s. Nous terminerons notre voyage vers la mer.<\/p>\n<p><strong><span style=\"color: #ff6600;\">Escalade de rocher<\/span><\/strong><br style=\"color: #ff6600;\" \/> Notre journ\u00e9e d&#8217;escalade est une introduction id\u00e9ale dans le monde de l&#8217;escalade. Exp\u00e9rience pr\u00e9alable n&#8217;est pas n\u00e9cessaire.<br \/>\nNous allons commencer par une \u00e9cole d&#8217;escalade dans Lo\u017ei\u0161\u0107e, o\u00f9 les grimpeurs exp\u00e9riment\u00e9s et les d\u00e9butants peuvent trouver des moyens souhait\u00e9s. Si vous \u00eates un randonneur exp\u00e9riment\u00e9, vous devrez d&#8217;abord passer du temps avec votre instructeur dans le Lo\u017ei\u0161\u0107a et d\u00e9placez plus tard \u00e0 l&#8217;une des nombreuses lignes de niveaux de complexit\u00e9 diff\u00e9rents. Plusieurs secteurs ont des itin\u00e9raires de difficult\u00e9, donc si vous \u00eates un alpiniste exp\u00e9riment\u00e9 et de voyager avec moins d&#8217;exp\u00e9rience, nous pouvons toujours trouver un endroit convenable pour vous deux \u00e0 grimper.<\/p>\n<p><strong><span style=\"color: #ff6600;\">Voile \/ planche \u00e0 voile<\/span><\/strong><br style=\"color: #ff6600;\" \/> Passez la journ\u00e9e \u00e0 apprendre \u00e0 surfer et profiter de cette activit\u00e9 d&#8217;\u00e9t\u00e9. Si vous n&#8217;avez jamais essay\u00e9 la planche \u00e0 voile, notre cours intensif est parfait pour vous. Si vous avez d\u00e9j\u00e0 une certaine exp\u00e9rience, nos instructeurs vous aideront \u00e0 apprendre les techniques et les trucs les plus avanc\u00e9s. Si vous voulez passer la journ\u00e9e \u00e0 profiter de la course, vous pouvez choisir \u00e0 la place du surf.<br \/>\nLa voile est une excellente activit\u00e9 d&#8217;\u00e9t\u00e9 et notre amusement et facile \u00e0 man\u0153uvrer Topper Omega fera en sorte que vous vous sentez l&#8217;action de l&#8217;adr\u00e9naline v\u00e9ritable et une exp\u00e9rience inoubliable!<br \/>\nReportez-vous \u00e0 la partie de Sutivan et profiter de la vue sur la ville m\u00e9diterran\u00e9 typique avec des fa\u00e7ades de pierre blanche, toits rouges et des palmiers.<\/p>\n<p><strong><span style=\"color: #ff6600;\">MULTISPORTS Aventure d \u00cele<\/span><\/strong><br style=\"color: #ff6600;\" \/> <strong>Particularit\u00e9s du programme:<\/strong><br \/>\nJour 1 &#8211; Arriv\u00e9e<br \/>\nJour 2 &#8211; Kayak de mer<br \/>\nJour 3 &#8211; Journ\u00e9e pour les activit\u00e9s facultatives ou tout simplement &#8211; une journ\u00e9e \u00e0 la plage<br \/>\nJour 4 &#8211; v\u00e9lo du haut de la montagne \u00e0 la mer<br \/>\nJour 5 &#8211; s&#8217;\u00e9levant<br \/>\nJour 6 &#8211; une journ\u00e9e \u00e0 la plage<br \/>\nJour 7 &#8211; \u00c9cole planche \u00e0 voile \/ voile (au choix)<br \/>\nJour 8 &#8211; D\u00e9part<\/p>\n<p><strong><em>H\u00e9bergement en demi-pension dans notre h\u00f4tel de charme Villa Adriatica Supetar. Tous les transferts de l&#8217;\u00eele, l&#8217;\u00e9quipement, les guides et les frais d&#8217;entr\u00e9e inclus. D\u00e9parts garantis \u00e0 partir du 1er mai au 1er octobre 2013<\/em><\/strong><\/p>\n<!-- Social Ring Buttons Start --><div class=\"social-ring\">\n<div class=\"social-ring-button\"><fb:like href=\"https:\/\/www.villaadriatica.com\/fr\/vacances-actives\/\" showfaces=\"false\" layout=\"button_count\" action=\"like\"><\/fb:like><\/div>\n<div class=\"social-ring-button\"><a href=\"https:\/\/www.facebook.com\/sharer\/sharer.php?s=100&p[url]=https:\/\/www.villaadriatica.com\/fr\/vacances-actives\/\" target=\"_blank\"\n\t\t\t\t\t\t\tonclick=\"window.open('https:\/\/www.facebook.com\/sharer\/sharer.php?s=100&p[url]=https:\/\/www.villaadriatica.com\/fr\/vacances-actives\/', 'newwindow', 'width=600, height=450'); return false;\" >\n\t\t\t\t\t\t\t<img decoding=\"async\" style=\"display:block; background: none; padding: 0px; border:0px;\" src=\"https:\/\/www.villaadriatica.com\/wp-content\/plugins\/wordpress-social-ring\/includes\/..\/admin\/images\/sr-fb-share.png\" alt=\"Share\"\/>\n\t\t\t\t\t\t<\/a><\/div>\n<div class=\"social-ring-button\"><a rel=\"nofollow\" href=\"http:\/\/twitter.com\/share\" lang=\"en\" data-url=\"https:\/\/www.villaadriatica.com\/fr\/vacances-actives\/\" data-text=\"Vacances actives\" data-count=\"horizontal\" class=\"sr-twitter-button twitter-share-button\"><\/a><\/div>\n<div class=\"social-ring-button\"><div class=\"g-plusone\" data-href=\"https:\/\/www.villaadriatica.com\/fr\/vacances-actives\/\" data-size=\"medium\" ><\/div><\/div>\n<div class=\"social-ring-button\"><a rel=\"nofollow\" href=\"http:\/\/pinterest.com\/pin\/create\/button\/?url=https%3A%2F%2Fwww.villaadriatica.com%2Ffr%2Fvacances-actives%2F&media=https%3A%2F%2Fwww.villaadriatica.com%2Fwp-content%2Fuploads%2F2021%2F05%2Fvilla-adriatica-activites-musem-of-olive-oil-150x150.jpg&description=Vacances+actives\" class=\"pin-it-button\"count-layout=\"horizontal\"><\/a><\/div>\n<\/div><!-- Social Ring Buttons End -->\n\n","protected":false},"excerpt":{"rendered":"<p>En face de notre villa, il trouverez des installations sportives qui sauront satisfaire les plus exigeants: \u2794 Courts Handball \u2794 Mini-golf \u2794 Terrain de football \u2794 Tennis de table \u2794 9 courts de tennis&#8230;<\/p>\n","protected":false},"author":1,"featured_media":0,"parent":0,"menu_order":0,"comment_status":"closed","ping_status":"closed","template":"","meta":{"footnotes":""},"class_list":["post-1112","page","type-page","status-publish","hentry"],"yoast_head":"<!-- This site is optimized with the Yoast SEO plugin v25.1 - https:\/\/yoast.com\/wordpress\/plugins\/seo\/ -->\n<title>Hotel Villa Adriatica | Supetar, Bra\u010d | Vacances actives<\/title>\n<meta name=\"description\" content=\"Si vous n&#039;avez jamais essay\u00e9 le kayak - ne vous inqui\u00e9tez pas, vous aurez les instructions de notre guide avant de passer \u00e0 notre aventure. Vous serez surpris de la vitesse avec laquelle vous allez commencer \u00e0 aimer cette activit\u00e9.\" \/>\n<meta name=\"robots\" content=\"index, follow, max-snippet:-1, max-image-preview:large, max-video-preview:-1\" \/>\n<link rel=\"canonical\" href=\"https:\/\/www.villaadriatica.com\/fr\/vacances-actives\/\" \/>\n<meta property=\"og:locale\" content=\"fr_FR\" \/>\n<meta property=\"og:type\" content=\"article\" \/>\n<meta property=\"og:title\" content=\"Hotel Villa Adriatica | Supetar, Bra\u010d | Vacances actives\" \/>\n<meta property=\"og:description\" content=\"Si vous n&#039;avez jamais essay\u00e9 le kayak - ne vous inqui\u00e9tez pas, vous aurez les instructions de notre guide avant de passer \u00e0 notre aventure. Vous serez surpris de la vitesse avec laquelle vous allez commencer \u00e0 aimer cette activit\u00e9.\" \/>\n<meta property=\"og:url\" content=\"https:\/\/www.villaadriatica.com\/fr\/vacances-actives\/\" \/>\n<meta property=\"article:modified_time\" content=\"2013-10-24T10:12:12+00:00\" \/>\n<meta property=\"og:image\" content=\"https:\/\/www.villaadriatica.com\/wp-content\/uploads\/2021\/05\/villa-adriatica-activites-musem-of-olive-oil-150x150.jpg\" \/>\n<meta name=\"twitter:label1\" content=\"Dur\u00e9e de lecture estim\u00e9e\" \/>\n\t<meta name=\"twitter:data1\" content=\"4 minutes\" \/>\n<script type=\"application\/ld+json\" class=\"yoast-schema-graph\">{\"@context\":\"https:\/\/schema.org\",\"@graph\":[{\"@type\":\"WebPage\",\"@id\":\"https:\/\/www.villaadriatica.com\/fr\/vacances-actives\/\",\"url\":\"https:\/\/www.villaadriatica.com\/fr\/vacances-actives\/\",\"name\":\"Hotel Villa Adriatica | Supetar, Bra\u010d | Vacances actives\",\"isPartOf\":{\"@id\":\"https:\/\/www.villaadriatica.com\/hr\/#website\"},\"datePublished\":\"2013-07-21T13:44:04+00:00\",\"dateModified\":\"2013-10-24T10:12:12+00:00\",\"description\":\"Si vous n'avez jamais essay\u00e9 le kayak - ne vous inqui\u00e9tez pas, vous aurez les instructions de notre guide avant de passer \u00e0 notre aventure. Vous serez surpris de la vitesse avec laquelle vous allez commencer \u00e0 aimer cette activit\u00e9.\",\"breadcrumb\":{\"@id\":\"https:\/\/www.villaadriatica.com\/fr\/vacances-actives\/#breadcrumb\"},\"inLanguage\":\"fr-FR\",\"potentialAction\":[{\"@type\":\"ReadAction\",\"target\":[\"https:\/\/www.villaadriatica.com\/fr\/vacances-actives\/\"]}]},{\"@type\":\"BreadcrumbList\",\"@id\":\"https:\/\/www.villaadriatica.com\/fr\/vacances-actives\/#breadcrumb\",\"itemListElement\":[{\"@type\":\"ListItem\",\"position\":1,\"name\":\"Home\",\"item\":\"https:\/\/www.villaadriatica.com\/fr\/\"},{\"@type\":\"ListItem\",\"position\":2,\"name\":\"Vacances actives\"}]},{\"@type\":\"WebSite\",\"@id\":\"https:\/\/www.villaadriatica.com\/hr\/#website\",\"url\":\"https:\/\/www.villaadriatica.com\/hr\/\",\"name\":\"\",\"description\":\"\",\"potentialAction\":[{\"@type\":\"SearchAction\",\"target\":{\"@type\":\"EntryPoint\",\"urlTemplate\":\"https:\/\/www.villaadriatica.com\/hr\/?s={search_term_string}\"},\"query-input\":{\"@type\":\"PropertyValueSpecification\",\"valueRequired\":true,\"valueName\":\"search_term_string\"}}],\"inLanguage\":\"fr-FR\"}]}<\/script>\n<!-- \/ Yoast SEO plugin. -->","yoast_head_json":{"title":"Hotel Villa Adriatica | Supetar, Bra\u010d | Vacances actives","description":"Si vous n'avez jamais essay\u00e9 le kayak - ne vous inqui\u00e9tez pas, vous aurez les instructions de notre guide avant de passer \u00e0 notre aventure. Vous serez surpris de la vitesse avec laquelle vous allez commencer \u00e0 aimer cette activit\u00e9.","robots":{"index":"index","follow":"follow","max-snippet":"max-snippet:-1","max-image-preview":"max-image-preview:large","max-video-preview":"max-video-preview:-1"},"canonical":"https:\/\/www.villaadriatica.com\/fr\/vacances-actives\/","og_locale":"fr_FR","og_type":"article","og_title":"Hotel Villa Adriatica | Supetar, Bra\u010d | Vacances actives","og_description":"Si vous n'avez jamais essay\u00e9 le kayak - ne vous inqui\u00e9tez pas, vous aurez les instructions de notre guide avant de passer \u00e0 notre aventure. Vous serez surpris de la vitesse avec laquelle vous allez commencer \u00e0 aimer cette activit\u00e9.","og_url":"https:\/\/www.villaadriatica.com\/fr\/vacances-actives\/","article_modified_time":"2013-10-24T10:12:12+00:00","og_image":[{"url":"https:\/\/www.villaadriatica.com\/wp-content\/uploads\/2021\/05\/villa-adriatica-activites-musem-of-olive-oil-150x150.jpg","type":"","width":"","height":""}],"twitter_misc":{"Dur\u00e9e de lecture estim\u00e9e":"4 minutes"},"schema":{"@context":"https:\/\/schema.org","@graph":[{"@type":"WebPage","@id":"https:\/\/www.villaadriatica.com\/fr\/vacances-actives\/","url":"https:\/\/www.villaadriatica.com\/fr\/vacances-actives\/","name":"Hotel Villa Adriatica | Supetar, Bra\u010d | Vacances actives","isPartOf":{"@id":"https:\/\/www.villaadriatica.com\/hr\/#website"},"datePublished":"2013-07-21T13:44:04+00:00","dateModified":"2013-10-24T10:12:12+00:00","description":"Si vous n'avez jamais essay\u00e9 le kayak - ne vous inqui\u00e9tez pas, vous aurez les instructions de notre guide avant de passer \u00e0 notre aventure. Vous serez surpris de la vitesse avec laquelle vous allez commencer \u00e0 aimer cette activit\u00e9.","breadcrumb":{"@id":"https:\/\/www.villaadriatica.com\/fr\/vacances-actives\/#breadcrumb"},"inLanguage":"fr-FR","potentialAction":[{"@type":"ReadAction","target":["https:\/\/www.villaadriatica.com\/fr\/vacances-actives\/"]}]},{"@type":"BreadcrumbList","@id":"https:\/\/www.villaadriatica.com\/fr\/vacances-actives\/#breadcrumb","itemListElement":[{"@type":"ListItem","position":1,"name":"Home","item":"https:\/\/www.villaadriatica.com\/fr\/"},{"@type":"ListItem","position":2,"name":"Vacances actives"}]},{"@type":"WebSite","@id":"https:\/\/www.villaadriatica.com\/hr\/#website","url":"https:\/\/www.villaadriatica.com\/hr\/","name":"","description":"","potentialAction":[{"@type":"SearchAction","target":{"@type":"EntryPoint","urlTemplate":"https:\/\/www.villaadriatica.com\/hr\/?s={search_term_string}"},"query-input":{"@type":"PropertyValueSpecification","valueRequired":true,"valueName":"search_term_string"}}],"inLanguage":"fr-FR"}]}},"_links":{"self":[{"href":"https:\/\/www.villaadriatica.com\/fr\/wp-json\/wp\/v2\/pages\/1112","targetHints":{"allow":["GET"]}}],"collection":[{"href":"https:\/\/www.villaadriatica.com\/fr\/wp-json\/wp\/v2\/pages"}],"about":[{"href":"https:\/\/www.villaadriatica.com\/fr\/wp-json\/wp\/v2\/types\/page"}],"author":[{"embeddable":true,"href":"https:\/\/www.villaadriatica.com\/fr\/wp-json\/wp\/v2\/users\/1"}],"replies":[{"embeddable":true,"href":"https:\/\/www.villaadriatica.com\/fr\/wp-json\/wp\/v2\/comments?post=1112"}],"version-history":[{"count":5,"href":"https:\/\/www.villaadriatica.com\/fr\/wp-json\/wp\/v2\/pages\/1112\/revisions"}],"predecessor-version":[{"id":1117,"href":"https:\/\/www.villaadriatica.com\/fr\/wp-json\/wp\/v2\/pages\/1112\/revisions\/1117"}],"wp:attachment":[{"href":"https:\/\/www.villaadriatica.com\/fr\/wp-json\/wp\/v2\/media?parent=1112"}],"curies":[{"name":"wp","href":"https:\/\/api.w.org\/{rel}","templated":true}]}}