{"id":1101,"date":"2013-07-21T13:27:06","date_gmt":"2013-07-21T13:27:06","guid":{"rendered":"https:\/\/www.villaadriatica.com\/special-packages-2\/"},"modified":"2014-02-14T14:55:19","modified_gmt":"2014-02-14T14:55:19","slug":"offre-speciale-villa-adriatica","status":"publish","type":"page","link":"https:\/\/www.villaadriatica.com\/fr\/offre-speciale-villa-adriatica\/","title":{"rendered":"Offre speciale"},"content":{"rendered":"<p>Nous avons pr\u00e9par\u00e9 des offres sp\u00e9ciales premi\u00e8re et derni\u00e8re minute et des bonnes r\u00e9ductions pour nos clients fid\u00e8les dans le programme de fid\u00e9lisation &#8220;guest favori&#8221; qui l&#8217;attendent des privil\u00e8ges sp\u00e9ciaux, les soins welness gratuits, les cadeaux dans la chambre et bien d&#8217;autres surprises.<\/p>\n<p>Ne manquez pas une offre sp\u00e9ciale et inscrivez-vous \u00e0 notre <a title=\"Newsletter\" href=\"https:\/\/www.villaadriatica.com\/fr\/newsletter\">Newsletter<\/a>!<br \/>\nPour vous tenir au courant des derni\u00e8res commodit\u00e9s, suivez-nous sur les r\u00e9seaux sociaux:<br \/>\n<!-- Social Ring Buttons Start --><div class=\"social-ring\">\n<div class=\"social-ring-button\"><fb:like href=\"https:\/\/www.villaadriatica.com\/fr\/offre-speciale-villa-adriatica\/\" showfaces=\"false\" layout=\"button_count\" action=\"like\"><\/fb:like><\/div>\n<div class=\"social-ring-button\"><a href=\"https:\/\/www.facebook.com\/sharer\/sharer.php?s=100&p[url]=https:\/\/www.villaadriatica.com\/fr\/offre-speciale-villa-adriatica\/\" target=\"_blank\"\n\t\t\t\t\t\t\tonclick=\"window.open('https:\/\/www.facebook.com\/sharer\/sharer.php?s=100&p[url]=https:\/\/www.villaadriatica.com\/fr\/offre-speciale-villa-adriatica\/', 'newwindow', 'width=600, height=450'); return false;\" >\n\t\t\t\t\t\t\t<img decoding=\"async\" style=\"display:block; background: none; padding: 0px; border:0px;\" src=\"https:\/\/www.villaadriatica.com\/wp-content\/plugins\/wordpress-social-ring\/includes\/..\/admin\/images\/sr-fb-share.png\" alt=\"Share\"\/>\n\t\t\t\t\t\t<\/a><\/div>\n<div class=\"social-ring-button\"><a rel=\"nofollow\" href=\"http:\/\/twitter.com\/share\" lang=\"en\" data-url=\"https:\/\/www.villaadriatica.com\/fr\/offre-speciale-villa-adriatica\/\" data-text=\"Offre speciale\" data-count=\"horizontal\" class=\"sr-twitter-button twitter-share-button\"><\/a><\/div>\n<div class=\"social-ring-button\"><div class=\"g-plusone\" data-href=\"https:\/\/www.villaadriatica.com\/fr\/offre-speciale-villa-adriatica\/\" data-size=\"medium\" ><\/div><\/div>\n<div class=\"social-ring-button\"><a rel=\"nofollow\" href=\"http:\/\/pinterest.com\/pin\/create\/button\/?url=https%3A%2F%2Fwww.villaadriatica.com%2Ffr%2Foffre-speciale-villa-adriatica%2F&description=Offre+speciale\" class=\"pin-it-button\"count-layout=\"horizontal\"><\/a><\/div>\n<\/div><!-- Social Ring Buttons End -->\n<\/p>\n","protected":false},"excerpt":{"rendered":"<p>Nous avons pr\u00e9par\u00e9 des offres sp\u00e9ciales premi\u00e8re et derni\u00e8re minute et des bonnes r\u00e9ductions pour nos clients fid\u00e8les dans le programme de fid\u00e9lisation &#8220;guest favori&#8221; qui l&#8217;attendent des privil\u00e8ges sp\u00e9ciaux, les soins welness gratuits,&#8230;<\/p>\n","protected":false},"author":1,"featured_media":0,"parent":0,"menu_order":0,"comment_status":"closed","ping_status":"closed","template":"","meta":{"footnotes":""},"class_list":["post-1101","page","type-page","status-publish","hentry"],"yoast_head":"<!-- This site is optimized with the Yoast SEO plugin v25.1 - https:\/\/yoast.com\/wordpress\/plugins\/seo\/ -->\n<title>Hotel Villa Adriatica | Supetar, Bra\u010d | Offre speciale<\/title>\n<meta name=\"description\" content=\"Ne manquez pas une offre sp\u00e9ciale et inscrivez-vous \u00e0 notre Newsletter! Pour vous tenir au courant des derni\u00e8res commodit\u00e9s, suivez-nous sur les r\u00e9seaux sociaux:\" \/>\n<meta name=\"robots\" content=\"index, follow, max-snippet:-1, max-image-preview:large, max-video-preview:-1\" \/>\n<link rel=\"canonical\" href=\"https:\/\/www.villaadriatica.com\/fr\/offre-speciale-villa-adriatica\/\" \/>\n<meta property=\"og:locale\" content=\"fr_FR\" \/>\n<meta property=\"og:type\" content=\"article\" \/>\n<meta property=\"og:title\" content=\"Hotel Villa Adriatica | Supetar, Bra\u010d | Offre speciale\" \/>\n<meta property=\"og:description\" content=\"Ne manquez pas une offre sp\u00e9ciale et inscrivez-vous \u00e0 notre Newsletter! Pour vous tenir au courant des derni\u00e8res commodit\u00e9s, suivez-nous sur les r\u00e9seaux sociaux:\" \/>\n<meta property=\"og:url\" content=\"https:\/\/www.villaadriatica.com\/fr\/offre-speciale-villa-adriatica\/\" \/>\n<meta property=\"article:modified_time\" content=\"2014-02-14T14:55:19+00:00\" \/>\n<script type=\"application\/ld+json\" class=\"yoast-schema-graph\">{\"@context\":\"https:\/\/schema.org\",\"@graph\":[{\"@type\":\"WebPage\",\"@id\":\"https:\/\/www.villaadriatica.com\/fr\/offre-speciale-villa-adriatica\/\",\"url\":\"https:\/\/www.villaadriatica.com\/fr\/offre-speciale-villa-adriatica\/\",\"name\":\"Hotel Villa Adriatica | Supetar, Bra\u010d | Offre speciale\",\"isPartOf\":{\"@id\":\"https:\/\/www.villaadriatica.com\/hr\/#website\"},\"datePublished\":\"2013-07-21T13:27:06+00:00\",\"dateModified\":\"2014-02-14T14:55:19+00:00\",\"description\":\"Ne manquez pas une offre sp\u00e9ciale et inscrivez-vous \u00e0 notre Newsletter! Pour vous tenir au courant des derni\u00e8res commodit\u00e9s, suivez-nous sur les r\u00e9seaux sociaux:\",\"breadcrumb\":{\"@id\":\"https:\/\/www.villaadriatica.com\/fr\/offre-speciale-villa-adriatica\/#breadcrumb\"},\"inLanguage\":\"fr-FR\",\"potentialAction\":[{\"@type\":\"ReadAction\",\"target\":[\"https:\/\/www.villaadriatica.com\/fr\/offre-speciale-villa-adriatica\/\"]}]},{\"@type\":\"BreadcrumbList\",\"@id\":\"https:\/\/www.villaadriatica.com\/fr\/offre-speciale-villa-adriatica\/#breadcrumb\",\"itemListElement\":[{\"@type\":\"ListItem\",\"position\":1,\"name\":\"Home\",\"item\":\"https:\/\/www.villaadriatica.com\/fr\/\"},{\"@type\":\"ListItem\",\"position\":2,\"name\":\"Offre speciale\"}]},{\"@type\":\"WebSite\",\"@id\":\"https:\/\/www.villaadriatica.com\/hr\/#website\",\"url\":\"https:\/\/www.villaadriatica.com\/hr\/\",\"name\":\"\",\"description\":\"\",\"potentialAction\":[{\"@type\":\"SearchAction\",\"target\":{\"@type\":\"EntryPoint\",\"urlTemplate\":\"https:\/\/www.villaadriatica.com\/hr\/?s={search_term_string}\"},\"query-input\":{\"@type\":\"PropertyValueSpecification\",\"valueRequired\":true,\"valueName\":\"search_term_string\"}}],\"inLanguage\":\"fr-FR\"}]}<\/script>\n<!-- \/ Yoast SEO plugin. -->","yoast_head_json":{"title":"Hotel Villa Adriatica | Supetar, Bra\u010d | Offre speciale","description":"Ne manquez pas une offre sp\u00e9ciale et inscrivez-vous \u00e0 notre Newsletter! Pour vous tenir au courant des derni\u00e8res commodit\u00e9s, suivez-nous sur les r\u00e9seaux sociaux:","robots":{"index":"index","follow":"follow","max-snippet":"max-snippet:-1","max-image-preview":"max-image-preview:large","max-video-preview":"max-video-preview:-1"},"canonical":"https:\/\/www.villaadriatica.com\/fr\/offre-speciale-villa-adriatica\/","og_locale":"fr_FR","og_type":"article","og_title":"Hotel Villa Adriatica | Supetar, Bra\u010d | Offre speciale","og_description":"Ne manquez pas une offre sp\u00e9ciale et inscrivez-vous \u00e0 notre Newsletter! Pour vous tenir au courant des derni\u00e8res commodit\u00e9s, suivez-nous sur les r\u00e9seaux sociaux:","og_url":"https:\/\/www.villaadriatica.com\/fr\/offre-speciale-villa-adriatica\/","article_modified_time":"2014-02-14T14:55:19+00:00","schema":{"@context":"https:\/\/schema.org","@graph":[{"@type":"WebPage","@id":"https:\/\/www.villaadriatica.com\/fr\/offre-speciale-villa-adriatica\/","url":"https:\/\/www.villaadriatica.com\/fr\/offre-speciale-villa-adriatica\/","name":"Hotel Villa Adriatica | Supetar, Bra\u010d | Offre speciale","isPartOf":{"@id":"https:\/\/www.villaadriatica.com\/hr\/#website"},"datePublished":"2013-07-21T13:27:06+00:00","dateModified":"2014-02-14T14:55:19+00:00","description":"Ne manquez pas une offre sp\u00e9ciale et inscrivez-vous \u00e0 notre Newsletter! Pour vous tenir au courant des derni\u00e8res commodit\u00e9s, suivez-nous sur les r\u00e9seaux sociaux:","breadcrumb":{"@id":"https:\/\/www.villaadriatica.com\/fr\/offre-speciale-villa-adriatica\/#breadcrumb"},"inLanguage":"fr-FR","potentialAction":[{"@type":"ReadAction","target":["https:\/\/www.villaadriatica.com\/fr\/offre-speciale-villa-adriatica\/"]}]},{"@type":"BreadcrumbList","@id":"https:\/\/www.villaadriatica.com\/fr\/offre-speciale-villa-adriatica\/#breadcrumb","itemListElement":[{"@type":"ListItem","position":1,"name":"Home","item":"https:\/\/www.villaadriatica.com\/fr\/"},{"@type":"ListItem","position":2,"name":"Offre speciale"}]},{"@type":"WebSite","@id":"https:\/\/www.villaadriatica.com\/hr\/#website","url":"https:\/\/www.villaadriatica.com\/hr\/","name":"","description":"","potentialAction":[{"@type":"SearchAction","target":{"@type":"EntryPoint","urlTemplate":"https:\/\/www.villaadriatica.com\/hr\/?s={search_term_string}"},"query-input":{"@type":"PropertyValueSpecification","valueRequired":true,"valueName":"search_term_string"}}],"inLanguage":"fr-FR"}]}},"_links":{"self":[{"href":"https:\/\/www.villaadriatica.com\/fr\/wp-json\/wp\/v2\/pages\/1101","targetHints":{"allow":["GET"]}}],"collection":[{"href":"https:\/\/www.villaadriatica.com\/fr\/wp-json\/wp\/v2\/pages"}],"about":[{"href":"https:\/\/www.villaadriatica.com\/fr\/wp-json\/wp\/v2\/types\/page"}],"author":[{"embeddable":true,"href":"https:\/\/www.villaadriatica.com\/fr\/wp-json\/wp\/v2\/users\/1"}],"replies":[{"embeddable":true,"href":"https:\/\/www.villaadriatica.com\/fr\/wp-json\/wp\/v2\/comments?post=1101"}],"version-history":[{"count":5,"href":"https:\/\/www.villaadriatica.com\/fr\/wp-json\/wp\/v2\/pages\/1101\/revisions"}],"predecessor-version":[{"id":2281,"href":"https:\/\/www.villaadriatica.com\/fr\/wp-json\/wp\/v2\/pages\/1101\/revisions\/2281"}],"wp:attachment":[{"href":"https:\/\/www.villaadriatica.com\/fr\/wp-json\/wp\/v2\/media?parent=1101"}],"curies":[{"name":"wp","href":"https:\/\/api.w.org\/{rel}","templated":true}]}}