{"id":1017,"date":"2013-07-12T13:34:18","date_gmt":"2013-07-12T13:34:18","guid":{"rendered":"https:\/\/www.villaadriatica.com\/how-to-get-there-2\/"},"modified":"2016-08-13T08:56:25","modified_gmt":"2016-08-13T08:56:25","slug":"how-to-get-there","status":"publish","type":"page","link":"https:\/\/www.villaadriatica.com\/fr\/how-to-get-there\/","title":{"rendered":"Comment nous rejoindre"},"content":{"rendered":"<p>Comment arriver \u00e0 Supetar \/ H\u00f4tel Villa Adriatica:<br \/>\nDe l&#8217;a\u00e9roport de Split au port &#8211; environ 30 minutes.<br \/>\nLe Split Ferry &#8211; Supetar\u00a0 &#8211; environ 45 minutes.<br \/>\n<strong><em>L&#8217;h\u00f4tel est situ\u00e9 \u00e0 15 minutes du port de Supetar.<\/em><\/strong><\/p>\n<p>Louez une voiture et louer un scooter peut \u00e9chapper de l&#8217;h\u00f4tel.<\/p>\n<p>Localisation sur la carte<br \/>\n\r\n            \r\n            \r\n            \r\n            <a name='map5'><\/a>\r\n            \r\n            \r\n            \r\n            \r\n            <div class=\"wpgmza_map \"  id=\"wpgmza_map_5\" style=\"display:block; overflow:auto; width:635px; height:400px; float:left;\" data-settings='{\"id\":\"5\",\"map_title\":\"Hotel Villa Adriatica\",\"map_width\":\"635\",\"map_height\":\"400\",\"map_start_lat\":\"43.380065\",\"map_start_lng\":\"16.553354\",\"map_start_location\":\"43.38006498930827,16.5533542664557\",\"map_start_zoom\":\"14\",\"default_marker\":\"\",\"type\":\"1\",\"alignment\":\"1\",\"directions_enabled\":\"1\",\"styling_enabled\":\"0\",\"styling_json\":\"\",\"active\":\"0\",\"kml\":\"\",\"bicycle\":\"0\",\"traffic\":\"0\",\"dbox\":\"1\",\"dbox_width\":\"\",\"listmarkers\":\"0\",\"listmarkers_advanced\":\"0\",\"ugm_enabled\":\"0\",\"fusion\":\"\",\"map_width_type\":\"px\",\"map_height_type\":\"px\",\"mass_marker_support\":\"0\",\"ugm_access\":\"0\",\"order_markers_by\":\"1\",\"order_markers_choice\":\"2\",\"show_user_location\":\"2\",\"filterbycat\":\"0\",\"ugm_category_enabled\":\"0\",\"default_to\":\"\",\"other_settings\":{\"wpgmza_store_locator_restrict\":\"\",\"store_locator_query_string\":\"ZIP \\\/ Address:\",\"store_locator_name_string\":\"Title \\\/ Description:\",\"wpgmza_dbox_width_type\":\"px\",\"map_max_zoom\":\"3\",\"map_min_zoom\":\"21\",\"sl_stroke_color\":\"FF0000\",\"sl_stroke_opacity\":\"0.25\",\"sl_fill_color\":\"FF0000\",\"sl_fill_opacity\":\"0.15\",\"click_open_link\":2,\"transport_layer\":0,\"iw_primary_color\":\"2A3744\",\"iw_accent_color\":\"252F3A\",\"iw_text_color\":\"FFFFFF\",\"wpgmza_iw_type\":\"0\",\"list_markers_by\":\"0\",\"push_in_map\":\"\",\"push_in_map_placement\":\"9\",\"wpgmza_push_in_map_width\":\"\",\"wpgmza_push_in_map_height\":\"\",\"wpgmza_theme_data\":\"\",\"upload_default_ul_marker\":\"\",\"upload_default_sl_marker\":\"\",\"shortcodeAttributes\":{\"id\":\"5\"}}}' data-map-id='5' data-shortcode-attributes='{\"id\":\"5\"}'> <\/div>\r\n            \r\n               \r\n        <div style=\"display:block; width:100%;\">\r\n\t\t\t\t\r\n\t\t\t\t<div class=\"wpgmza-directions-box wpgmaps_directions_outer_div\" data-map-id=\"5\" style=\"width:50px;display:none;clear:both;\" id=\"wpgmaps_directions_edit_5\">\n\t<h2 class=\"wpgmza-directions-box__title\">Get Directions<\/h2>\n\t\n\t<div class=\"wpgmza-directions-box-inner\" id=\"wpgmaps_directions_editbox_5\">\n\t\t<div class=\"wpgmza-directions-actions wpgmza-form-field\">\n\t\t\t<div class=\"wpgmza-directions__travel-mode\">\n\t\t\t\t<span class=\"wpgmza-travel-mode-option wpgmza-travel-option__selected\" data-mode=\"driving\">\n\t\t\t\t\t<img decoding=\"async\" src=\"https:\/\/www.villaadriatica.com\/wp-content\/plugins\/wp-google-maps-pro\/images\/icons\/directions_car.png\">\n\t\t\t\t<\/span>\n\t\t\t\t<span class=\"wpgmza-travel-mode-option\" data-mode=\"walking\">\n\t\t\t\t\t<img decoding=\"async\" src=\"https:\/\/www.villaadriatica.com\/wp-content\/plugins\/wp-google-maps-pro\/images\/icons\/directions_walking.png\">\n\t\t\t\t<\/span>\n\t\t\t\t<span class=\"wpgmza-travel-mode-option\" data-mode=\"transit\">\n\t\t\t\t\t<img decoding=\"async\" src=\"https:\/\/www.villaadriatica.com\/wp-content\/plugins\/wp-google-maps-pro\/images\/icons\/directions_transit.png\">\n\t\t\t\t<\/span>\n\t\t\t\t<span class=\"wpgmza-travel-mode-option\" data-mode=\"bicycling\">\n\t\t\t\t\t<img decoding=\"async\" src=\"https:\/\/www.villaadriatica.com\/wp-content\/plugins\/wp-google-maps-pro\/images\/icons\/directions_bike.png\">\n\t\t\t\t<\/span>\n\t\t\t<\/div>\n\n\t\t\t<div class=\"wpgmza-directions-locations\">\n\t\t\t\t<div class=\"wpgmza-directions-from wpgmza-form-field\">\n\n\t\t\t\t\t<i class=\"wpgmza-directions-from__icon fa fa-circle\"><\/i>\n\t\t\t\n\t\t\t\t\t<label class=\"wpgmza-form-field__label\" for=\"wpgmza_input_from_5\">\n\t\t\t\t\t\tFrom\t\t\t\t\t<\/label>\n\t\t\t\t\t\n\t\t\t\t\t<input class=\"wpgmza-address wpgmza-directions-from wpgmza-form-field__input\" type=\"text\" placeholder=\"From\" value=\"\" id=\"wpgmza_input_from_5\">\n\t\t\t\t\n\t\t\t\t<\/div>\n\n\t\t\t\t<div class=\"wpgmza-directions-to wpgmza-form-field wpgmaps_to_row\">\n\n\t\t\t\t\t<i class=\"wpgmza-directions-to__icon fa fas fa-map-marker\"><\/i>\n\n\t\t\t\t\t<label class=\"wpgmza-form-field__label\" for=\"wpgmza_input_to_5\">\n\t\t\t\t\t\tTo\t\t\t\t\t<\/label>\n\t\t\t\t\t<input class=\"wpgmza-address wpgmza-form-field__input wpgmza-directions-to\" type=\"text\" placeholder=\"To\" value=\"\" id=\"wpgmza_input_to_5\">\n\t\t\t\t<\/div>\n\t\t\t\t\n\t\t\t\t<div class=\"wpgmza-waypoint-via wpgmza-form-field wpgmza-form-field--no-pad wpgmaps_via wpgmaps_template\">\n\n\t\t\t\t\t<i class=\"wpgmza-directions-from__icon fa fa-circle\"><\/i>\n\t\t\t\t\n\t\t\t\t\t<input class=\"wpgmza-waypoint-via wpgmza-form-field__input wpgmaps_via\" type=\"text\" placeholder=\"Via\">\n\t\t\t\t\t\n\t\t\t\t\t<button href=\"javascript:%20;\" class=\"wpgmza_remove_via\">\n\t\t\t\t\t\t<i class=\"fa fa-times\"><\/i>\n\t\t\t\t\t<\/button>\n\t\t\t\t\t\n\t\t\t\t<\/div>\n\t\t\t\t\n\t\t\t\t<div class=\"wpgmza-add-waypoint wpgmza-form-field wpgmza-form-field--no-pad wpgmaps_add_waypoint\">\n\t\t\t\t\t<div class=\"wpgmaps_add_waypoint\">\n\t\t\t\t\t\t<a href=\"javascript:%20;\" class=\"wpgmaps_add_waypoint\" mapid=\"5\">\n\t\t\t\t\t\t\t<i class=\"fa fa-plus-circle\" aria-hidden=\"true\"><\/i>\n\t\t\t\t\t\t\tAdd Waypoint\t\t\t\t\t\t<\/a>\n\t\t\t\t\t<\/div>\n\t\t\t\t<\/div>\n\t\t\t<\/div>\n\n\t\t\t<div class=\"wpgmza-hidden\">\n\t\t\t<label class=\"wpgmza-travel-mode wpgmza-form-field__label\" for=\"wpgmza_dir_type_5\">\n\t\t\t\tFor\t\t\t<\/label>\n\t\t\t<select class=\"wpgmza-travel-mode wpgmza-form-field__input\" name=\"wpgmza_dir_type_5\" id=\"wpgmza_dir_type_5\">\n\t\t\t\t<option value=\"driving\">\n\t\t\t\t\tDriving\t\t\t\t<\/option>\n\t\t\t\t<option value=\"walking\">\n\t\t\t\t\tWalking\t\t\t\t<\/option>\n\t\t\t\t<option value=\"transit\">\n\t\t\t\t\tTransit\t\t\t\t<\/option>\n\t\t\t\t<option value=\"bicycling\">\n\t\t\t\t\tBicycling\t\t\t\t<\/option>\n\t\t\t<\/select>\n\t\t\t<\/div>\n\t\t<\/div>\n\t\t\t\n\t\t<div class=\"wpgmza-directions-options__section\">\n\t\t\t<a href=\"javascript:;\" class=\"wpgmza-show-directions-options\" id=\"wpgmza_show_options_5\" mapid=\"5\">\n\t\t\t\tshow options\t\t\t<\/a>\n\t\t\t\n\t\t\t<a href=\"javascript:;\" class=\"wpgmza-hide-directions-options\" id=\"wpgmza_hide_options_5\" mapid=\"5\">\n\t\t\t\thide options\t\t\t<\/a>\n\t\t\t\n\t\t\t<div class=\"wpgmza-directions-options wpgmza-form-field wpgmza-form-field--no-pad wpgmza_dir_options\">\n\t\t\t\t<label class=\"class\">\n\t\t\t\t\t<input type=\"checkbox\" class=\"wpgmza-avoid-tolls\" value=\"tolls\" name=\"wpgmza_tolls_5\" id=\"wpgmza_tolls_5\">\n\t\t\t\t\tAvoid Tolls\t\t\t\t<\/label>\n\t\t\t\t<label class=\"class\">\n\t\t\t\t\t<input type=\"checkbox\" class=\"wpgmza-avoid-highways\" value=\"highways\" name=\"wpgmza_highways_5\" id=\"wpgmza_highways_5\">\n\t\t\t\t\tAvoid Highways\t\t\t\t<\/label>\n\t\t\t\t<label class=\"class\">\n\t\t\t\t\t<input type=\"checkbox\" class=\"wpgmza-avoid-ferries\" value=\"ferries\" name=\"wpgmza_ferries_5\" id=\"wpgmza_ferries_5\">\n\t\t\t\t\tAvoid Ferries\t\t\t\t<\/label>\n\t\t\t<\/div>\n\t\t<\/div>\n\t\t\n\t<\/div>\n\t\n\t<div class=\"wpgmza-directions-buttons wpgmza-form-field wpgmaps_to_row\">\n\t\t<input class=\"wpgmza-get-directions wpgmaps_get_directions\" onclick=\"javascript: ;\" type=\"button\" value=\"Go\" id=\"5\">\n\t\t\n\t\t<span class=\"wpgmza-directions-result__buttons\">\n\t\t\t<a class=\"wpgmza-print-directions\" style=\"display: none;\" onclick=\"javascript: ;\" mapid=\"5\">\n\t\t\t\tPrint directions\t\t\t<\/a>\n\t\t\t\n\t\t\t<a class=\"wpgmza-reset-directions\" style=\"display: none;\" onclick=\"javascript: ;\" mapid=\"5\">\n\t\t\t\tReset directions\t\t\t<\/a>\n\t\t<\/span>\n\t<\/div>\n<\/div>\r\n\t\t\t\t\r\n\t\t\t\t<div id=\"wpgmaps_directions_notification_5\" style=\"display:none;\">Recherche des itin\u00e9raires\u2026...<\/div>\r\n\t\t\t\t\r\n\t\t\t\t<div id=\"wpgmaps_directions_reset_5\" style=\"display:none;\">\r\n\r\n\t\t\t\t\t<a href='javascript:void(0)' onclick='wpgmza_reset_directions(5);' id='wpgmaps_reset_directions' title='Reset directions'>Reset directions<\/a>\r\n\t\t\t\t\t<br \/>\r\n\t\t\t\t\t<a href='javascript: ;' id='wpgmaps_print_directions_5' target='_blank' title='Print directions'>Print directions<\/a>\r\n\t\t\t\t<\/div>\r\n\t\t\t\t\r\n\t\t\t\t<div id=\"directions_panel_5\"><\/div>\r\n\r\n\t\t\t<\/div><\/p>\n<p>&nbsp;<\/p>\n<p><strong><span style=\"color: #ff6600;\">Comment se rendre \u00e0 l&#8217;\u00eele de Brac par avion&#8230;<\/span><\/strong><br \/>\nLa compagnie Croate a\u00e9rienne nationale &#8220;Croatia Airlines&#8221; relie la Croatie avec toutes les grandes villes europ\u00e9ennes: Amsterdam, Berlin, Bruxelles, D\u00fcsseldorf, Francfort, Londres, Madrid, Milan, Moscou, Munich, Paris, Prague, Tel Aviv, Rome, Sarajevo, Skopje, Vienne , Zurich et saisonni\u00e8re Manchester. Pour plus d&#8217;informations sur les vols Croatia Airlines peuvent \u00eatre trouv\u00e9s sur www.croatiaairlines.hr Pour plus d&#8217;informations sur les vols Croatia Airlines peuvent \u00eatre trouv\u00e9s sur www.croatiaairlines.hr<br \/>\nSi vous pr\u00e9voyez de visiter Brac organiser, de pr\u00e9f\u00e9rence vol vers Split parce que l&#8217;a\u00e9roport de Split le plus proche de l&#8217;a\u00e9roport il ya un transport en bus organis\u00e9 au port de Split, ou avoir la possibilit\u00e9 de r\u00e9server un transfert priv\u00e9 \u00e0 votre h\u00f4tel. (Lien vers le transfert priv\u00e9)<br \/>\nSi de votre destination il n\u2019y a pas de vol direct \u00e0 Split, alors, vous pouvez voler en passant par Zagrebqui a tr\u00e8s bonne relation avec Split.Dans la saison d&#8217;\u00e9t\u00e9 par avion, vous pouvez arriver directement \u00e0 l&#8217;\u00eele de Brac tr\u00e8s. L&#8217;a\u00e9roport se trouve \u00e0 15 km de Bol et \u00e0 environ 30 km de Supetar.<\/p>\n<p><strong><span style=\"color: #ff6600;\">Les lignes de ferry<\/span><\/strong><br \/>\nComment arriver par bateau \u00e0 l&#8217;\u00eele de Brac<br \/>\nBrac est reli\u00e9e au continent par des lignes de ferry vers ce qui suit:<br \/>\n\u2794 Daily multiple Split Ferry &#8211; Supetar (\u00eele de Brac) pour les personnes et les voitures.<br \/>\nFerry (Supetar &#8211; Split &#8211; Supetar) Saisonnier PDF de calendrier<\/p>\n<p>\u2794 Tous les jours plusieurs ferries Makarska &#8211; Sumartin (\u00eele de Brac) pour les personnes et les voitures.<br \/>\nFerry (Sumartin &#8211; Makarska &#8211; Sumartin) Horaire saisonnier PDF<\/p>\n<p>\u2794 Lignes express Split &#8211; Milna (\u00eele de Brac) &#8211; Hvar (\u00eele de Hvar) seulement pour les gens.<br \/>\nCatamaran (Split &#8211; Milna \/ Brac &#8211; Hvar) Saisonnier PDF de calendrier<\/p>\n<p>\u2794 Lignes express Jelsa (Hvar) &#8211; Bol (\u00eele de Brac) &#8211; Split simplement pour les gens.<br \/>\nCatamaran (Jelsa \/ Hvar &#8211; Bol \/ Brac &#8211; Split) Saisonnier PDF de calendrier<\/p>\n<p>Pendant la saison, ferry et catamaran liens touristiques avec les \u00eeles sont intensifi\u00e9s.<br \/>\nHoraire d&#8217;\u00e9t\u00e9 est valable du 31 le 28 mai Septembre<br \/>\nLa principale soci\u00e9t\u00e9 croate de bateau &#8220;Jadrolinija&#8221; et les informations n\u00e9cessaires sur le calendrier des ferries et les tarifs peuvent \u00eatre trouv\u00e9s \u00e0 l&#8217;adresse: <a title=\"Jadrolinija\" href=\"http:\/\/www.jadrolinija.hr\" target=\"_blank\">www.jadrolinija.hr <\/a><br \/>\nJadrolinija Split &#8211; t\u00e9l: + 385 021\/338 \u00e0 333, <a title=\"Jadrolinija\" href=\"http:\/\/www.jadrolinija.hr\" target=\"_blank\">www.jadrolinija.hr<\/a><\/p>\n<p>Embarcad\u00e8re du ferry sur l&#8217;\u00eele:<br \/>\nSupetar t\u00e9l. +385 21 63 13 57,<br \/>\nSumartin t\u00e9l. +385 21 64 82 24<\/p>\n<p><strong>Bienvenue \u00e0 l&#8217;H\u00f4tel Villa Adriatica<\/strong><br \/>\n<!-- Social Ring Buttons Start --><div class=\"social-ring\">\n<div class=\"social-ring-button\"><fb:like href=\"https:\/\/www.villaadriatica.com\/fr\/how-to-get-there\/\" showfaces=\"false\" layout=\"button_count\" action=\"like\"><\/fb:like><\/div>\n<div class=\"social-ring-button\"><a href=\"https:\/\/www.facebook.com\/sharer\/sharer.php?s=100&p[url]=https:\/\/www.villaadriatica.com\/fr\/how-to-get-there\/\" target=\"_blank\"\n\t\t\t\t\t\t\tonclick=\"window.open('https:\/\/www.facebook.com\/sharer\/sharer.php?s=100&p[url]=https:\/\/www.villaadriatica.com\/fr\/how-to-get-there\/', 'newwindow', 'width=600, height=450'); return false;\" >\n\t\t\t\t\t\t\t<img decoding=\"async\" style=\"display:block; background: none; padding: 0px; border:0px;\" src=\"https:\/\/www.villaadriatica.com\/wp-content\/plugins\/wordpress-social-ring\/includes\/..\/admin\/images\/sr-fb-share.png\" alt=\"Share\"\/>\n\t\t\t\t\t\t<\/a><\/div>\n<div class=\"social-ring-button\"><a rel=\"nofollow\" href=\"http:\/\/twitter.com\/share\" lang=\"en\" data-url=\"https:\/\/www.villaadriatica.com\/fr\/how-to-get-there\/\" data-text=\"Comment nous rejoindre\" data-count=\"horizontal\" class=\"sr-twitter-button twitter-share-button\"><\/a><\/div>\n<div class=\"social-ring-button\"><div class=\"g-plusone\" data-href=\"https:\/\/www.villaadriatica.com\/fr\/how-to-get-there\/\" data-size=\"medium\" ><\/div><\/div>\n<div class=\"social-ring-button\"><a rel=\"nofollow\" href=\"http:\/\/pinterest.com\/pin\/create\/button\/?url=https%3A%2F%2Fwww.villaadriatica.com%2Ffr%2Fhow-to-get-there%2F&media=https%3A%2F%2Fwww.villaadriatica.com%2Fwp-content%2Fuploads%2F2013%2F07%2FSupetar-Brac-location.jpg&description=Comment+nous+rejoindre\" class=\"pin-it-button\"count-layout=\"horizontal\"><\/a><\/div>\n<\/div><!-- Social Ring Buttons End -->\n<\/p>\n","protected":false},"excerpt":{"rendered":"<p>Comment arriver \u00e0 Supetar \/ H\u00f4tel Villa Adriatica: De l&#8217;a\u00e9roport de Split au port &#8211; environ 30 minutes. Le Split Ferry &#8211; Supetar\u00a0 &#8211; environ 45 minutes. L&#8217;h\u00f4tel est situ\u00e9 \u00e0 15 minutes du&#8230;<\/p>\n","protected":false},"author":1,"featured_media":421,"parent":0,"menu_order":0,"comment_status":"closed","ping_status":"closed","template":"","meta":{"footnotes":""},"class_list":["post-1017","page","type-page","status-publish","has-post-thumbnail","hentry"],"yoast_head":"<!-- This site is optimized with the Yoast SEO plugin v25.1 - https:\/\/yoast.com\/wordpress\/plugins\/seo\/ -->\n<title>Hotel Villa Adriatica | Supetar, Bra\u010d | Comment nous rejoindre<\/title>\n<meta name=\"description\" content=\"L&#039;h\u00f4tel est situ\u00e9 \u00e0 15 minutes du port de Supetar ou si vous laissez l&#039;arriv\u00e9e exacte, nous vous accueillons dans le ferry (gratuit)!\" \/>\n<meta name=\"robots\" content=\"index, follow, max-snippet:-1, max-image-preview:large, max-video-preview:-1\" \/>\n<link rel=\"canonical\" href=\"https:\/\/www.villaadriatica.com\/fr\/how-to-get-there\/\" \/>\n<meta property=\"og:locale\" content=\"fr_FR\" \/>\n<meta property=\"og:type\" content=\"article\" \/>\n<meta property=\"og:title\" content=\"Hotel Villa Adriatica | Supetar, Bra\u010d | Comment nous rejoindre\" \/>\n<meta property=\"og:description\" content=\"L&#039;h\u00f4tel est situ\u00e9 \u00e0 15 minutes du port de Supetar ou si vous laissez l&#039;arriv\u00e9e exacte, nous vous accueillons dans le ferry (gratuit)!\" \/>\n<meta property=\"og:url\" content=\"https:\/\/www.villaadriatica.com\/fr\/how-to-get-there\/\" \/>\n<meta property=\"article:modified_time\" content=\"2016-08-13T08:56:25+00:00\" \/>\n<meta property=\"og:image\" content=\"https:\/\/www.villaadriatica.com\/wp-content\/uploads\/2013\/07\/Supetar-Brac-location.jpg\" \/>\n\t<meta property=\"og:image:width\" content=\"500\" \/>\n\t<meta property=\"og:image:height\" content=\"250\" \/>\n\t<meta property=\"og:image:type\" content=\"image\/jpeg\" \/>\n<meta name=\"twitter:label1\" content=\"Dur\u00e9e de lecture estim\u00e9e\" \/>\n\t<meta name=\"twitter:data1\" content=\"2 minutes\" \/>\n<script type=\"application\/ld+json\" class=\"yoast-schema-graph\">{\"@context\":\"https:\/\/schema.org\",\"@graph\":[{\"@type\":\"WebPage\",\"@id\":\"https:\/\/www.villaadriatica.com\/fr\/how-to-get-there\/\",\"url\":\"https:\/\/www.villaadriatica.com\/fr\/how-to-get-there\/\",\"name\":\"Hotel Villa Adriatica | Supetar, Bra\u010d | Comment nous rejoindre\",\"isPartOf\":{\"@id\":\"https:\/\/www.villaadriatica.com\/hr\/#website\"},\"primaryImageOfPage\":{\"@id\":\"https:\/\/www.villaadriatica.com\/fr\/how-to-get-there\/#primaryimage\"},\"image\":{\"@id\":\"https:\/\/www.villaadriatica.com\/fr\/how-to-get-there\/#primaryimage\"},\"thumbnailUrl\":\"https:\/\/www.villaadriatica.com\/wp-content\/uploads\/2013\/07\/Supetar-Brac-location.jpg\",\"datePublished\":\"2013-07-12T13:34:18+00:00\",\"dateModified\":\"2016-08-13T08:56:25+00:00\",\"description\":\"L'h\u00f4tel est situ\u00e9 \u00e0 15 minutes du port de Supetar ou si vous laissez l'arriv\u00e9e exacte, nous vous accueillons dans le ferry (gratuit)!\",\"breadcrumb\":{\"@id\":\"https:\/\/www.villaadriatica.com\/fr\/how-to-get-there\/#breadcrumb\"},\"inLanguage\":\"fr-FR\",\"potentialAction\":[{\"@type\":\"ReadAction\",\"target\":[\"https:\/\/www.villaadriatica.com\/fr\/how-to-get-there\/\"]}]},{\"@type\":\"ImageObject\",\"inLanguage\":\"fr-FR\",\"@id\":\"https:\/\/www.villaadriatica.com\/fr\/how-to-get-there\/#primaryimage\",\"url\":\"https:\/\/www.villaadriatica.com\/wp-content\/uploads\/2013\/07\/Supetar-Brac-location.jpg\",\"contentUrl\":\"https:\/\/www.villaadriatica.com\/wp-content\/uploads\/2013\/07\/Supetar-Brac-location.jpg\",\"width\":\"500\",\"height\":\"250\"},{\"@type\":\"BreadcrumbList\",\"@id\":\"https:\/\/www.villaadriatica.com\/fr\/how-to-get-there\/#breadcrumb\",\"itemListElement\":[{\"@type\":\"ListItem\",\"position\":1,\"name\":\"Home\",\"item\":\"https:\/\/www.villaadriatica.com\/fr\/\"},{\"@type\":\"ListItem\",\"position\":2,\"name\":\"Comment nous rejoindre\"}]},{\"@type\":\"WebSite\",\"@id\":\"https:\/\/www.villaadriatica.com\/hr\/#website\",\"url\":\"https:\/\/www.villaadriatica.com\/hr\/\",\"name\":\"\",\"description\":\"\",\"potentialAction\":[{\"@type\":\"SearchAction\",\"target\":{\"@type\":\"EntryPoint\",\"urlTemplate\":\"https:\/\/www.villaadriatica.com\/hr\/?s={search_term_string}\"},\"query-input\":{\"@type\":\"PropertyValueSpecification\",\"valueRequired\":true,\"valueName\":\"search_term_string\"}}],\"inLanguage\":\"fr-FR\"}]}<\/script>\n<!-- \/ Yoast SEO plugin. -->","yoast_head_json":{"title":"Hotel Villa Adriatica | Supetar, Bra\u010d | Comment nous rejoindre","description":"L'h\u00f4tel est situ\u00e9 \u00e0 15 minutes du port de Supetar ou si vous laissez l'arriv\u00e9e exacte, nous vous accueillons dans le ferry (gratuit)!","robots":{"index":"index","follow":"follow","max-snippet":"max-snippet:-1","max-image-preview":"max-image-preview:large","max-video-preview":"max-video-preview:-1"},"canonical":"https:\/\/www.villaadriatica.com\/fr\/how-to-get-there\/","og_locale":"fr_FR","og_type":"article","og_title":"Hotel Villa Adriatica | Supetar, Bra\u010d | Comment nous rejoindre","og_description":"L'h\u00f4tel est situ\u00e9 \u00e0 15 minutes du port de Supetar ou si vous laissez l'arriv\u00e9e exacte, nous vous accueillons dans le ferry (gratuit)!","og_url":"https:\/\/www.villaadriatica.com\/fr\/how-to-get-there\/","article_modified_time":"2016-08-13T08:56:25+00:00","og_image":[{"width":500,"height":250,"url":"https:\/\/www.villaadriatica.com\/wp-content\/uploads\/2013\/07\/Supetar-Brac-location.jpg","type":"image\/jpeg"}],"twitter_misc":{"Dur\u00e9e de lecture estim\u00e9e":"2 minutes"},"schema":{"@context":"https:\/\/schema.org","@graph":[{"@type":"WebPage","@id":"https:\/\/www.villaadriatica.com\/fr\/how-to-get-there\/","url":"https:\/\/www.villaadriatica.com\/fr\/how-to-get-there\/","name":"Hotel Villa Adriatica | Supetar, Bra\u010d | Comment nous rejoindre","isPartOf":{"@id":"https:\/\/www.villaadriatica.com\/hr\/#website"},"primaryImageOfPage":{"@id":"https:\/\/www.villaadriatica.com\/fr\/how-to-get-there\/#primaryimage"},"image":{"@id":"https:\/\/www.villaadriatica.com\/fr\/how-to-get-there\/#primaryimage"},"thumbnailUrl":"https:\/\/www.villaadriatica.com\/wp-content\/uploads\/2013\/07\/Supetar-Brac-location.jpg","datePublished":"2013-07-12T13:34:18+00:00","dateModified":"2016-08-13T08:56:25+00:00","description":"L'h\u00f4tel est situ\u00e9 \u00e0 15 minutes du port de Supetar ou si vous laissez l'arriv\u00e9e exacte, nous vous accueillons dans le ferry (gratuit)!","breadcrumb":{"@id":"https:\/\/www.villaadriatica.com\/fr\/how-to-get-there\/#breadcrumb"},"inLanguage":"fr-FR","potentialAction":[{"@type":"ReadAction","target":["https:\/\/www.villaadriatica.com\/fr\/how-to-get-there\/"]}]},{"@type":"ImageObject","inLanguage":"fr-FR","@id":"https:\/\/www.villaadriatica.com\/fr\/how-to-get-there\/#primaryimage","url":"https:\/\/www.villaadriatica.com\/wp-content\/uploads\/2013\/07\/Supetar-Brac-location.jpg","contentUrl":"https:\/\/www.villaadriatica.com\/wp-content\/uploads\/2013\/07\/Supetar-Brac-location.jpg","width":"500","height":"250"},{"@type":"BreadcrumbList","@id":"https:\/\/www.villaadriatica.com\/fr\/how-to-get-there\/#breadcrumb","itemListElement":[{"@type":"ListItem","position":1,"name":"Home","item":"https:\/\/www.villaadriatica.com\/fr\/"},{"@type":"ListItem","position":2,"name":"Comment nous rejoindre"}]},{"@type":"WebSite","@id":"https:\/\/www.villaadriatica.com\/hr\/#website","url":"https:\/\/www.villaadriatica.com\/hr\/","name":"","description":"","potentialAction":[{"@type":"SearchAction","target":{"@type":"EntryPoint","urlTemplate":"https:\/\/www.villaadriatica.com\/hr\/?s={search_term_string}"},"query-input":{"@type":"PropertyValueSpecification","valueRequired":true,"valueName":"search_term_string"}}],"inLanguage":"fr-FR"}]}},"_links":{"self":[{"href":"https:\/\/www.villaadriatica.com\/fr\/wp-json\/wp\/v2\/pages\/1017","targetHints":{"allow":["GET"]}}],"collection":[{"href":"https:\/\/www.villaadriatica.com\/fr\/wp-json\/wp\/v2\/pages"}],"about":[{"href":"https:\/\/www.villaadriatica.com\/fr\/wp-json\/wp\/v2\/types\/page"}],"author":[{"embeddable":true,"href":"https:\/\/www.villaadriatica.com\/fr\/wp-json\/wp\/v2\/users\/1"}],"replies":[{"embeddable":true,"href":"https:\/\/www.villaadriatica.com\/fr\/wp-json\/wp\/v2\/comments?post=1017"}],"version-history":[{"count":4,"href":"https:\/\/www.villaadriatica.com\/fr\/wp-json\/wp\/v2\/pages\/1017\/revisions"}],"predecessor-version":[{"id":2598,"href":"https:\/\/www.villaadriatica.com\/fr\/wp-json\/wp\/v2\/pages\/1017\/revisions\/2598"}],"wp:featuredmedia":[{"embeddable":true,"href":"https:\/\/www.villaadriatica.com\/fr\/wp-json\/wp\/v2\/media\/421"}],"wp:attachment":[{"href":"https:\/\/www.villaadriatica.com\/fr\/wp-json\/wp\/v2\/media?parent=1017"}],"curies":[{"name":"wp","href":"https:\/\/api.w.org\/{rel}","templated":true}]}}