{"id":1008,"date":"2013-07-13T09:17:21","date_gmt":"2013-07-13T09:17:21","guid":{"rendered":"https:\/\/www.villaadriatica.com\/supetar-2\/"},"modified":"2013-10-15T12:41:50","modified_gmt":"2013-10-15T12:41:50","slug":"supetar","status":"publish","type":"page","link":"https:\/\/www.villaadriatica.com\/fr\/supetar\/","title":{"rendered":"Supetar, \u00eele de Brac"},"content":{"rendered":"<p>Supetar est la capitale de l&#8217;\u00eele\u00a0 de Brac.. De Split, le centre principal de la Dalmatie n&#8217;est qu&#8217;\u00e0 45 minutes en ferry et il est reli\u00e9e au continent par de nombreux jours ferries. L&#8217;a\u00e9roport se trouve \u00e0 20 km de Supetar et est l&#8217;un des rares sur les \u00eeles croates. Ville Supetar, et toute l&#8217;\u00eele comme une grande plage.<a href=\"https:\/\/www.villaadriatica.com\/wp-content\/uploads\/2013\/07\/Supetar-Island-Brac-900-01.jpg\"><img loading=\"lazy\" decoding=\"async\" class=\"alignnone  wp-image-389\" title=\"Supetar, Island Bra\u010d Croatia\" src=\"https:\/\/www.villaadriatica.com\/wp-content\/uploads\/2013\/07\/Supetar-Island-Brac-900-01.jpg\" alt=\"\" width=\"630\" height=\"380\" srcset=\"https:\/\/www.villaadriatica.com\/wp-content\/uploads\/2013\/07\/Supetar-Island-Brac-900-01.jpg 900w, https:\/\/www.villaadriatica.com\/wp-content\/uploads\/2013\/07\/Supetar-Island-Brac-900-01-300x181.jpg 300w\" sizes=\"auto, (max-width: 630px) 100vw, 630px\" \/><\/a>La principale raison pour laquelle tant de nombreux touristes visitent la Croatie, en particulier les \u00eeles est avant tout une mer cristalline. Vous pouvez vous baigner partir du d\u00e9but de Mars \u00e0 la fin d&#8217;Octobre.<br \/>\nLe long des plages de Supetar sont des kilom\u00e8tres de long pins de lignes, qui vous offrent une protection contre le soleil d&#8217;\u00e9t\u00e9. Les plages sont faites de pierre, de gravier ou de sable: choisissez celui que vous pr\u00e9f\u00e8res. Vous pouvez louer chaises longues, v\u00e9los, planches \u00e0 voile, jet-ski, scooter, etc, et \u00e0 15 minutes de la ville il ya une plage de nudistes. Tout le monde peut se trouver une place convenable et ainsi \u00e9viter la foule.<a href=\"https:\/\/www.villaadriatica.com\/wp-content\/uploads\/2013\/07\/Supetar-Island-Brac-900-02.jpg\"><img loading=\"lazy\" decoding=\"async\" class=\"alignnone  wp-image-393\" title=\"Supetar, Island Bra\u010d - Beaches\" src=\"https:\/\/www.villaadriatica.com\/wp-content\/uploads\/2013\/07\/Supetar-Island-Brac-900-02.jpg\" alt=\"\" width=\"630\" height=\"380\" srcset=\"https:\/\/www.villaadriatica.com\/wp-content\/uploads\/2013\/07\/Supetar-Island-Brac-900-02.jpg 900w, https:\/\/www.villaadriatica.com\/wp-content\/uploads\/2013\/07\/Supetar-Island-Brac-900-02-300x181.jpg 300w\" sizes=\"auto, (max-width: 630px) 100vw, 630px\" \/><\/a><a href=\"https:\/\/www.villaadriatica.com\/wp-content\/uploads\/2013\/07\/Supetar-Island-Brac-900-05.jpg\"><img loading=\"lazy\" decoding=\"async\" class=\"alignnone  wp-image-395\" title=\"Supetar, Island Bra\u010d\" src=\"https:\/\/www.villaadriatica.com\/wp-content\/uploads\/2013\/07\/Supetar-Island-Brac-900-05.jpg\" alt=\"\" width=\"630\" height=\"380\" srcset=\"https:\/\/www.villaadriatica.com\/wp-content\/uploads\/2013\/07\/Supetar-Island-Brac-900-05.jpg 900w, https:\/\/www.villaadriatica.com\/wp-content\/uploads\/2013\/07\/Supetar-Island-Brac-900-05-300x181.jpg 300w\" sizes=\"auto, (max-width: 630px) 100vw, 630px\" \/><\/a><a href=\"https:\/\/www.villaadriatica.com\/wp-content\/uploads\/2013\/07\/Supetar-Island-Brac-900-03.jpg\"><img loading=\"lazy\" decoding=\"async\" class=\"alignnone  wp-image-397\" title=\"Island Bra\u010d, Supetar - by night\" src=\"https:\/\/www.villaadriatica.com\/wp-content\/uploads\/2013\/07\/Supetar-Island-Brac-900-03.jpg\" alt=\"\" width=\"630\" height=\"380\" srcset=\"https:\/\/www.villaadriatica.com\/wp-content\/uploads\/2013\/07\/Supetar-Island-Brac-900-03.jpg 900w, https:\/\/www.villaadriatica.com\/wp-content\/uploads\/2013\/07\/Supetar-Island-Brac-900-03-300x181.jpg 300w\" sizes=\"auto, (max-width: 630px) 100vw, 630px\" \/><\/a><br \/>\n<!-- Social Ring Buttons Start --><div class=\"social-ring\">\n<div class=\"social-ring-button\"><fb:like href=\"https:\/\/www.villaadriatica.com\/fr\/supetar\/\" showfaces=\"false\" layout=\"button_count\" action=\"like\"><\/fb:like><\/div>\n<div class=\"social-ring-button\"><a href=\"https:\/\/www.facebook.com\/sharer\/sharer.php?s=100&p[url]=https:\/\/www.villaadriatica.com\/fr\/supetar\/\" target=\"_blank\"\n\t\t\t\t\t\t\tonclick=\"window.open('https:\/\/www.facebook.com\/sharer\/sharer.php?s=100&p[url]=https:\/\/www.villaadriatica.com\/fr\/supetar\/', 'newwindow', 'width=600, height=450'); return false;\" >\n\t\t\t\t\t\t\t<img decoding=\"async\" style=\"display:block; background: none; padding: 0px; border:0px;\" src=\"https:\/\/www.villaadriatica.com\/wp-content\/plugins\/wordpress-social-ring\/includes\/..\/admin\/images\/sr-fb-share.png\" alt=\"Share\"\/>\n\t\t\t\t\t\t<\/a><\/div>\n<div class=\"social-ring-button\"><a rel=\"nofollow\" href=\"http:\/\/twitter.com\/share\" lang=\"en\" data-url=\"https:\/\/www.villaadriatica.com\/fr\/supetar\/\" data-text=\"Supetar, \u00eele de Brac\" data-count=\"horizontal\" class=\"sr-twitter-button twitter-share-button\"><\/a><\/div>\n<div class=\"social-ring-button\"><div class=\"g-plusone\" data-href=\"https:\/\/www.villaadriatica.com\/fr\/supetar\/\" data-size=\"medium\" ><\/div><\/div>\n<div class=\"social-ring-button\"><a rel=\"nofollow\" href=\"http:\/\/pinterest.com\/pin\/create\/button\/?url=https%3A%2F%2Fwww.villaadriatica.com%2Ffr%2Fsupetar%2F&media=https%3A%2F%2Fwww.villaadriatica.com%2Fwp-content%2Fuploads%2F2013%2F07%2FSupetar-Island-Brac-900-01.jpg&description=Supetar%2C+%C3%AEle+de+Brac\" class=\"pin-it-button\"count-layout=\"horizontal\"><\/a><\/div>\n<\/div><!-- Social Ring Buttons End -->\n<\/p>\n","protected":false},"excerpt":{"rendered":"<p>Supetar est la capitale de l&#8217;\u00eele\u00a0 de Brac.. De Split, le centre principal de la Dalmatie n&#8217;est qu&#8217;\u00e0 45 minutes en ferry et il est reli\u00e9e au continent par de nombreux jours ferries. L&#8217;a\u00e9roport&#8230;<\/p>\n","protected":false},"author":1,"featured_media":389,"parent":0,"menu_order":0,"comment_status":"closed","ping_status":"closed","template":"","meta":{"footnotes":""},"class_list":["post-1008","page","type-page","status-publish","has-post-thumbnail","hentry"],"yoast_head":"<!-- This site is optimized with the Yoast SEO plugin v25.1 - https:\/\/yoast.com\/wordpress\/plugins\/seo\/ -->\n<title>Supetar, \u00eele de Brac | Hotel Villa Adriatica<\/title>\n<meta name=\"description\" content=\"Supetar est la capitale de l&#039;\u00eele de Brac.. De Split, le centre principal de la Dalmatie n&#039;est qu&#039;\u00e0 45 minutes en ferry et il est reli\u00e9e au continent par de nombreux jours ferries.\" \/>\n<meta name=\"robots\" content=\"index, follow, max-snippet:-1, max-image-preview:large, max-video-preview:-1\" \/>\n<link rel=\"canonical\" href=\"https:\/\/www.villaadriatica.com\/fr\/supetar\/\" \/>\n<meta property=\"og:locale\" content=\"fr_FR\" \/>\n<meta property=\"og:type\" content=\"article\" \/>\n<meta property=\"og:title\" content=\"Supetar, \u00eele de Brac | Hotel Villa Adriatica\" \/>\n<meta property=\"og:description\" content=\"Supetar est la capitale de l&#039;\u00eele de Brac.. De Split, le centre principal de la Dalmatie n&#039;est qu&#039;\u00e0 45 minutes en ferry et il est reli\u00e9e au continent par de nombreux jours ferries.\" \/>\n<meta property=\"og:url\" content=\"https:\/\/www.villaadriatica.com\/fr\/supetar\/\" \/>\n<meta property=\"article:modified_time\" content=\"2013-10-15T12:41:50+00:00\" \/>\n<meta property=\"og:image\" content=\"https:\/\/www.villaadriatica.com\/wp-content\/uploads\/2013\/07\/Supetar-Island-Brac-900-01.jpg\" \/>\n\t<meta property=\"og:image:width\" content=\"900\" \/>\n\t<meta property=\"og:image:height\" content=\"543\" \/>\n\t<meta property=\"og:image:type\" content=\"image\/jpeg\" \/>\n<meta name=\"twitter:label1\" content=\"Dur\u00e9e de lecture estim\u00e9e\" \/>\n\t<meta name=\"twitter:data1\" content=\"1 minute\" \/>\n<script type=\"application\/ld+json\" class=\"yoast-schema-graph\">{\"@context\":\"https:\/\/schema.org\",\"@graph\":[{\"@type\":\"WebPage\",\"@id\":\"https:\/\/www.villaadriatica.com\/fr\/supetar\/\",\"url\":\"https:\/\/www.villaadriatica.com\/fr\/supetar\/\",\"name\":\"Supetar, \u00eele de Brac | Hotel Villa Adriatica\",\"isPartOf\":{\"@id\":\"https:\/\/www.villaadriatica.com\/hr\/#website\"},\"primaryImageOfPage\":{\"@id\":\"https:\/\/www.villaadriatica.com\/fr\/supetar\/#primaryimage\"},\"image\":{\"@id\":\"https:\/\/www.villaadriatica.com\/fr\/supetar\/#primaryimage\"},\"thumbnailUrl\":\"https:\/\/www.villaadriatica.com\/wp-content\/uploads\/2013\/07\/Supetar-Island-Brac-900-01.jpg\",\"datePublished\":\"2013-07-13T09:17:21+00:00\",\"dateModified\":\"2013-10-15T12:41:50+00:00\",\"description\":\"Supetar est la capitale de l'\u00eele de Brac.. De Split, le centre principal de la Dalmatie n'est qu'\u00e0 45 minutes en ferry et il est reli\u00e9e au continent par de nombreux jours ferries.\",\"breadcrumb\":{\"@id\":\"https:\/\/www.villaadriatica.com\/fr\/supetar\/#breadcrumb\"},\"inLanguage\":\"fr-FR\",\"potentialAction\":[{\"@type\":\"ReadAction\",\"target\":[\"https:\/\/www.villaadriatica.com\/fr\/supetar\/\"]}]},{\"@type\":\"ImageObject\",\"inLanguage\":\"fr-FR\",\"@id\":\"https:\/\/www.villaadriatica.com\/fr\/supetar\/#primaryimage\",\"url\":\"https:\/\/www.villaadriatica.com\/wp-content\/uploads\/2013\/07\/Supetar-Island-Brac-900-01.jpg\",\"contentUrl\":\"https:\/\/www.villaadriatica.com\/wp-content\/uploads\/2013\/07\/Supetar-Island-Brac-900-01.jpg\",\"width\":\"900\",\"height\":\"543\"},{\"@type\":\"BreadcrumbList\",\"@id\":\"https:\/\/www.villaadriatica.com\/fr\/supetar\/#breadcrumb\",\"itemListElement\":[{\"@type\":\"ListItem\",\"position\":1,\"name\":\"Home\",\"item\":\"https:\/\/www.villaadriatica.com\/fr\/\"},{\"@type\":\"ListItem\",\"position\":2,\"name\":\"Supetar, \u00eele de Brac\"}]},{\"@type\":\"WebSite\",\"@id\":\"https:\/\/www.villaadriatica.com\/hr\/#website\",\"url\":\"https:\/\/www.villaadriatica.com\/hr\/\",\"name\":\"\",\"description\":\"\",\"potentialAction\":[{\"@type\":\"SearchAction\",\"target\":{\"@type\":\"EntryPoint\",\"urlTemplate\":\"https:\/\/www.villaadriatica.com\/hr\/?s={search_term_string}\"},\"query-input\":{\"@type\":\"PropertyValueSpecification\",\"valueRequired\":true,\"valueName\":\"search_term_string\"}}],\"inLanguage\":\"fr-FR\"}]}<\/script>\n<!-- \/ Yoast SEO plugin. -->","yoast_head_json":{"title":"Supetar, \u00eele de Brac | Hotel Villa Adriatica","description":"Supetar est la capitale de l'\u00eele de Brac.. De Split, le centre principal de la Dalmatie n'est qu'\u00e0 45 minutes en ferry et il est reli\u00e9e au continent par de nombreux jours ferries.","robots":{"index":"index","follow":"follow","max-snippet":"max-snippet:-1","max-image-preview":"max-image-preview:large","max-video-preview":"max-video-preview:-1"},"canonical":"https:\/\/www.villaadriatica.com\/fr\/supetar\/","og_locale":"fr_FR","og_type":"article","og_title":"Supetar, \u00eele de Brac | Hotel Villa Adriatica","og_description":"Supetar est la capitale de l'\u00eele de Brac.. De Split, le centre principal de la Dalmatie n'est qu'\u00e0 45 minutes en ferry et il est reli\u00e9e au continent par de nombreux jours ferries.","og_url":"https:\/\/www.villaadriatica.com\/fr\/supetar\/","article_modified_time":"2013-10-15T12:41:50+00:00","og_image":[{"width":900,"height":543,"url":"https:\/\/www.villaadriatica.com\/wp-content\/uploads\/2013\/07\/Supetar-Island-Brac-900-01.jpg","type":"image\/jpeg"}],"twitter_misc":{"Dur\u00e9e de lecture estim\u00e9e":"1 minute"},"schema":{"@context":"https:\/\/schema.org","@graph":[{"@type":"WebPage","@id":"https:\/\/www.villaadriatica.com\/fr\/supetar\/","url":"https:\/\/www.villaadriatica.com\/fr\/supetar\/","name":"Supetar, \u00eele de Brac | Hotel Villa Adriatica","isPartOf":{"@id":"https:\/\/www.villaadriatica.com\/hr\/#website"},"primaryImageOfPage":{"@id":"https:\/\/www.villaadriatica.com\/fr\/supetar\/#primaryimage"},"image":{"@id":"https:\/\/www.villaadriatica.com\/fr\/supetar\/#primaryimage"},"thumbnailUrl":"https:\/\/www.villaadriatica.com\/wp-content\/uploads\/2013\/07\/Supetar-Island-Brac-900-01.jpg","datePublished":"2013-07-13T09:17:21+00:00","dateModified":"2013-10-15T12:41:50+00:00","description":"Supetar est la capitale de l'\u00eele de Brac.. De Split, le centre principal de la Dalmatie n'est qu'\u00e0 45 minutes en ferry et il est reli\u00e9e au continent par de nombreux jours ferries.","breadcrumb":{"@id":"https:\/\/www.villaadriatica.com\/fr\/supetar\/#breadcrumb"},"inLanguage":"fr-FR","potentialAction":[{"@type":"ReadAction","target":["https:\/\/www.villaadriatica.com\/fr\/supetar\/"]}]},{"@type":"ImageObject","inLanguage":"fr-FR","@id":"https:\/\/www.villaadriatica.com\/fr\/supetar\/#primaryimage","url":"https:\/\/www.villaadriatica.com\/wp-content\/uploads\/2013\/07\/Supetar-Island-Brac-900-01.jpg","contentUrl":"https:\/\/www.villaadriatica.com\/wp-content\/uploads\/2013\/07\/Supetar-Island-Brac-900-01.jpg","width":"900","height":"543"},{"@type":"BreadcrumbList","@id":"https:\/\/www.villaadriatica.com\/fr\/supetar\/#breadcrumb","itemListElement":[{"@type":"ListItem","position":1,"name":"Home","item":"https:\/\/www.villaadriatica.com\/fr\/"},{"@type":"ListItem","position":2,"name":"Supetar, \u00eele de Brac"}]},{"@type":"WebSite","@id":"https:\/\/www.villaadriatica.com\/hr\/#website","url":"https:\/\/www.villaadriatica.com\/hr\/","name":"","description":"","potentialAction":[{"@type":"SearchAction","target":{"@type":"EntryPoint","urlTemplate":"https:\/\/www.villaadriatica.com\/hr\/?s={search_term_string}"},"query-input":{"@type":"PropertyValueSpecification","valueRequired":true,"valueName":"search_term_string"}}],"inLanguage":"fr-FR"}]}},"_links":{"self":[{"href":"https:\/\/www.villaadriatica.com\/fr\/wp-json\/wp\/v2\/pages\/1008","targetHints":{"allow":["GET"]}}],"collection":[{"href":"https:\/\/www.villaadriatica.com\/fr\/wp-json\/wp\/v2\/pages"}],"about":[{"href":"https:\/\/www.villaadriatica.com\/fr\/wp-json\/wp\/v2\/types\/page"}],"author":[{"embeddable":true,"href":"https:\/\/www.villaadriatica.com\/fr\/wp-json\/wp\/v2\/users\/1"}],"replies":[{"embeddable":true,"href":"https:\/\/www.villaadriatica.com\/fr\/wp-json\/wp\/v2\/comments?post=1008"}],"version-history":[{"count":4,"href":"https:\/\/www.villaadriatica.com\/fr\/wp-json\/wp\/v2\/pages\/1008\/revisions"}],"predecessor-version":[{"id":1009,"href":"https:\/\/www.villaadriatica.com\/fr\/wp-json\/wp\/v2\/pages\/1008\/revisions\/1009"}],"wp:featuredmedia":[{"embeddable":true,"href":"https:\/\/www.villaadriatica.com\/fr\/wp-json\/wp\/v2\/media\/389"}],"wp:attachment":[{"href":"https:\/\/www.villaadriatica.com\/fr\/wp-json\/wp\/v2\/media?parent=1008"}],"curies":[{"name":"wp","href":"https:\/\/api.w.org\/{rel}","templated":true}]}}