{"id":1005,"date":"2013-06-18T13:24:25","date_gmt":"2013-06-18T13:24:25","guid":{"rendered":"https:\/\/www.villaadriatica.com\/special-offer-2\/"},"modified":"2018-06-07T12:12:29","modified_gmt":"2018-06-07T12:12:29","slug":"offre-speciale","status":"publish","type":"page","link":"https:\/\/www.villaadriatica.com\/fr\/offre-speciale\/","title":{"rendered":"Offre sp\u00e9ciale"},"content":{"rendered":"<p>Nous avons pr\u00e9par\u00e9 des offres sp\u00e9ciales\u00a0 &#8211; premi\u00e8re et derni\u00e8re minute et des bonnes r\u00e9ductions\u00a0 pour nos clients fid\u00e8les dans le programme de fid\u00e9lisation &#8220;guest favori&#8221; qui l&#8217;attendent des privil\u00e8ges sp\u00e9ciaux, les soins welness gratuits, les cadeaux dans la chambre et bien d&#8217;autres surprises.<br \/>\nSign up for an exclusive <a title=\"newsletter\" href=\"https:\/\/www.villaadriatica.com\/newsletter\/\">newsletter<\/a> with special offers!<\/p>\n<p><strong><span style=\"color: #ff6600;\">Remises des premi\u00e8res et derni\u00e8re minute<\/span><\/strong><br \/>\nNous avons pr\u00e9par\u00e9 am\u00e9nagements sp\u00e9ciaux, r\u00e9servation de derni\u00e8re minute:<br \/>\n<strong>5% de r\u00e9duction<\/strong> sur le prix total de la Villa Adriatica pour les r\u00e9servations effectu\u00e9es via notre site web &#8211; R\u00e9server!<br \/>\n29.04.2018 &#8211; 12.05.2018 \u2794 <strong>10% de r\u00e9duction<\/strong> sur les dates de pr\u00e9-saison<\/p>\n<p><a href=\"https:\/\/www.villaadriatica.com\/wp-content\/uploads\/2013\/06\/Special-offer-600.jpg\"><img loading=\"lazy\" decoding=\"async\" class=\"alignnone size-full wp-image-449\" title=\"Hotel Villa Adriatica - Special offer\" src=\"https:\/\/www.villaadriatica.com\/wp-content\/uploads\/2013\/06\/Special-offer-600.jpg\" alt=\"\" width=\"635\" height=\"322\" srcset=\"https:\/\/www.villaadriatica.com\/wp-content\/uploads\/2013\/06\/Special-offer-600.jpg 635w, https:\/\/www.villaadriatica.com\/wp-content\/uploads\/2013\/06\/Special-offer-600-300x152.jpg 300w\" sizes=\"auto, (max-width: 635px) 100vw, 635px\" \/><\/a><\/p>\n<p><strong><span style=\"color: #ff6600;\">Favorite Guest<\/span><\/strong><br \/>\nProgramme de fid\u00e9lisation pour nos clients r\u00e9guliers apporte un certain nombre d&#8217;avantages, de r\u00e9ductions et de cadeaux surprises. Nous avons pr\u00e9par\u00e9 pour vous des forfaits sp\u00e9ciaux pour les vacances, des visites et des excursions, des massages, des cadeaux dans la chambre et d&#8217;autres surprises. Vous deviendrez notre client pr\u00e9f\u00e9r\u00e9 lors d&#8217;un s\u00e9jour \u00e0 la Villa Adriatica.<br \/>\nVous recevrez une carte sp\u00e9ciale qui vous donnera des avantages pour la reservation procahin.<\/p>\n<p>Ne manquez pas une offre sp\u00e9ciale et inscrivez-vous \u00e0 notre <a title=\"Newsletter\" href=\"https:\/\/www.villaadriatica.com\/newsletter\/\">Newsletter<\/a>!<br \/>\nPour vous tenir au courant des derni\u00e8res commodit\u00e9s, suivez-nous sur les r\u00e9seaux sociaux:<br \/>\n<!-- Social Ring Buttons Start --><div class=\"social-ring\">\n<div class=\"social-ring-button\"><fb:like href=\"https:\/\/www.villaadriatica.com\/fr\/offre-speciale\/\" showfaces=\"false\" layout=\"button_count\" action=\"like\"><\/fb:like><\/div>\n<div class=\"social-ring-button\"><a href=\"https:\/\/www.facebook.com\/sharer\/sharer.php?s=100&p[url]=https:\/\/www.villaadriatica.com\/fr\/offre-speciale\/\" target=\"_blank\"\n\t\t\t\t\t\t\tonclick=\"window.open('https:\/\/www.facebook.com\/sharer\/sharer.php?s=100&p[url]=https:\/\/www.villaadriatica.com\/fr\/offre-speciale\/', 'newwindow', 'width=600, height=450'); return false;\" >\n\t\t\t\t\t\t\t<img decoding=\"async\" style=\"display:block; background: none; padding: 0px; border:0px;\" src=\"https:\/\/www.villaadriatica.com\/wp-content\/plugins\/wordpress-social-ring\/includes\/..\/admin\/images\/sr-fb-share.png\" alt=\"Share\"\/>\n\t\t\t\t\t\t<\/a><\/div>\n<div class=\"social-ring-button\"><a rel=\"nofollow\" href=\"http:\/\/twitter.com\/share\" lang=\"en\" data-url=\"https:\/\/www.villaadriatica.com\/fr\/offre-speciale\/\" data-text=\"Offre sp\u00e9ciale\" data-count=\"horizontal\" class=\"sr-twitter-button twitter-share-button\"><\/a><\/div>\n<div class=\"social-ring-button\"><div class=\"g-plusone\" data-href=\"https:\/\/www.villaadriatica.com\/fr\/offre-speciale\/\" data-size=\"medium\" ><\/div><\/div>\n<div class=\"social-ring-button\"><a rel=\"nofollow\" href=\"http:\/\/pinterest.com\/pin\/create\/button\/?url=https%3A%2F%2Fwww.villaadriatica.com%2Ffr%2Foffre-speciale%2F&media=https%3A%2F%2Fwww.villaadriatica.com%2Fwp-content%2Fuploads%2F2013%2F06%2FSpecial-offer-home.jpg&description=Offre+sp%C3%A9ciale\" class=\"pin-it-button\"count-layout=\"horizontal\"><\/a><\/div>\n<\/div><!-- Social Ring Buttons End -->\n<\/p>\n","protected":false},"excerpt":{"rendered":"<p>Nous avons pr\u00e9par\u00e9 des offres sp\u00e9ciales\u00a0 &#8211; premi\u00e8re et derni\u00e8re minute et des bonnes r\u00e9ductions\u00a0 pour nos clients fid\u00e8les dans le programme de fid\u00e9lisation &#8220;guest favori&#8221; qui l&#8217;attendent des privil\u00e8ges sp\u00e9ciaux, les soins welness&#8230;<\/p>\n","protected":false},"author":1,"featured_media":445,"parent":0,"menu_order":0,"comment_status":"closed","ping_status":"closed","template":"","meta":{"footnotes":""},"class_list":["post-1005","page","type-page","status-publish","has-post-thumbnail","hentry"],"yoast_head":"<!-- This site is optimized with the Yoast SEO plugin v25.1 - https:\/\/yoast.com\/wordpress\/plugins\/seo\/ -->\n<title>Hotel Villa Adriatica | Supetar, Bra\u010d | Special offer<\/title>\n<meta name=\"description\" content=\"Ne manquez pas une offre sp\u00e9ciale et inscrivez-vous \u00e0 notre Newsletter! Pour vous tenir au courant des derni\u00e8res commodit\u00e9s, suivez-nous sur les r\u00e9seaux sociaux:\" \/>\n<meta name=\"robots\" content=\"index, follow, max-snippet:-1, max-image-preview:large, max-video-preview:-1\" \/>\n<link rel=\"canonical\" href=\"https:\/\/www.villaadriatica.com\/fr\/offre-speciale\/\" \/>\n<meta property=\"og:locale\" content=\"fr_FR\" \/>\n<meta property=\"og:type\" content=\"article\" \/>\n<meta property=\"og:title\" content=\"Hotel Villa Adriatica | Supetar, Bra\u010d | Special offer\" \/>\n<meta property=\"og:description\" content=\"Ne manquez pas une offre sp\u00e9ciale et inscrivez-vous \u00e0 notre Newsletter! Pour vous tenir au courant des derni\u00e8res commodit\u00e9s, suivez-nous sur les r\u00e9seaux sociaux:\" \/>\n<meta property=\"og:url\" content=\"https:\/\/www.villaadriatica.com\/fr\/offre-speciale\/\" \/>\n<meta property=\"article:modified_time\" content=\"2018-06-07T12:12:29+00:00\" \/>\n<meta property=\"og:image\" content=\"https:\/\/www.villaadriatica.com\/wp-content\/uploads\/2013\/06\/Special-offer-home.jpg\" \/>\n\t<meta property=\"og:image:width\" content=\"900\" \/>\n\t<meta property=\"og:image:height\" content=\"456\" \/>\n\t<meta property=\"og:image:type\" content=\"image\/jpeg\" \/>\n<meta name=\"twitter:label1\" content=\"Dur\u00e9e de lecture estim\u00e9e\" \/>\n\t<meta name=\"twitter:data1\" content=\"1 minute\" \/>\n<script type=\"application\/ld+json\" class=\"yoast-schema-graph\">{\"@context\":\"https:\/\/schema.org\",\"@graph\":[{\"@type\":\"WebPage\",\"@id\":\"https:\/\/www.villaadriatica.com\/fr\/offre-speciale\/\",\"url\":\"https:\/\/www.villaadriatica.com\/fr\/offre-speciale\/\",\"name\":\"Hotel Villa Adriatica | Supetar, Bra\u010d | Special offer\",\"isPartOf\":{\"@id\":\"https:\/\/www.villaadriatica.com\/hr\/#website\"},\"primaryImageOfPage\":{\"@id\":\"https:\/\/www.villaadriatica.com\/fr\/offre-speciale\/#primaryimage\"},\"image\":{\"@id\":\"https:\/\/www.villaadriatica.com\/fr\/offre-speciale\/#primaryimage\"},\"thumbnailUrl\":\"https:\/\/www.villaadriatica.com\/wp-content\/uploads\/2013\/06\/Special-offer-home.jpg\",\"datePublished\":\"2013-06-18T13:24:25+00:00\",\"dateModified\":\"2018-06-07T12:12:29+00:00\",\"description\":\"Ne manquez pas une offre sp\u00e9ciale et inscrivez-vous \u00e0 notre Newsletter! Pour vous tenir au courant des derni\u00e8res commodit\u00e9s, suivez-nous sur les r\u00e9seaux sociaux:\",\"breadcrumb\":{\"@id\":\"https:\/\/www.villaadriatica.com\/fr\/offre-speciale\/#breadcrumb\"},\"inLanguage\":\"fr-FR\",\"potentialAction\":[{\"@type\":\"ReadAction\",\"target\":[\"https:\/\/www.villaadriatica.com\/fr\/offre-speciale\/\"]}]},{\"@type\":\"ImageObject\",\"inLanguage\":\"fr-FR\",\"@id\":\"https:\/\/www.villaadriatica.com\/fr\/offre-speciale\/#primaryimage\",\"url\":\"https:\/\/www.villaadriatica.com\/wp-content\/uploads\/2013\/06\/Special-offer-home.jpg\",\"contentUrl\":\"https:\/\/www.villaadriatica.com\/wp-content\/uploads\/2013\/06\/Special-offer-home.jpg\",\"width\":\"900\",\"height\":\"456\"},{\"@type\":\"BreadcrumbList\",\"@id\":\"https:\/\/www.villaadriatica.com\/fr\/offre-speciale\/#breadcrumb\",\"itemListElement\":[{\"@type\":\"ListItem\",\"position\":1,\"name\":\"Home\",\"item\":\"https:\/\/www.villaadriatica.com\/fr\/\"},{\"@type\":\"ListItem\",\"position\":2,\"name\":\"Offre sp\u00e9ciale\"}]},{\"@type\":\"WebSite\",\"@id\":\"https:\/\/www.villaadriatica.com\/hr\/#website\",\"url\":\"https:\/\/www.villaadriatica.com\/hr\/\",\"name\":\"\",\"description\":\"\",\"potentialAction\":[{\"@type\":\"SearchAction\",\"target\":{\"@type\":\"EntryPoint\",\"urlTemplate\":\"https:\/\/www.villaadriatica.com\/hr\/?s={search_term_string}\"},\"query-input\":{\"@type\":\"PropertyValueSpecification\",\"valueRequired\":true,\"valueName\":\"search_term_string\"}}],\"inLanguage\":\"fr-FR\"}]}<\/script>\n<!-- \/ Yoast SEO plugin. -->","yoast_head_json":{"title":"Hotel Villa Adriatica | Supetar, Bra\u010d | Special offer","description":"Ne manquez pas une offre sp\u00e9ciale et inscrivez-vous \u00e0 notre Newsletter! Pour vous tenir au courant des derni\u00e8res commodit\u00e9s, suivez-nous sur les r\u00e9seaux sociaux:","robots":{"index":"index","follow":"follow","max-snippet":"max-snippet:-1","max-image-preview":"max-image-preview:large","max-video-preview":"max-video-preview:-1"},"canonical":"https:\/\/www.villaadriatica.com\/fr\/offre-speciale\/","og_locale":"fr_FR","og_type":"article","og_title":"Hotel Villa Adriatica | Supetar, Bra\u010d | Special offer","og_description":"Ne manquez pas une offre sp\u00e9ciale et inscrivez-vous \u00e0 notre Newsletter! Pour vous tenir au courant des derni\u00e8res commodit\u00e9s, suivez-nous sur les r\u00e9seaux sociaux:","og_url":"https:\/\/www.villaadriatica.com\/fr\/offre-speciale\/","article_modified_time":"2018-06-07T12:12:29+00:00","og_image":[{"width":900,"height":456,"url":"https:\/\/www.villaadriatica.com\/wp-content\/uploads\/2013\/06\/Special-offer-home.jpg","type":"image\/jpeg"}],"twitter_misc":{"Dur\u00e9e de lecture estim\u00e9e":"1 minute"},"schema":{"@context":"https:\/\/schema.org","@graph":[{"@type":"WebPage","@id":"https:\/\/www.villaadriatica.com\/fr\/offre-speciale\/","url":"https:\/\/www.villaadriatica.com\/fr\/offre-speciale\/","name":"Hotel Villa Adriatica | Supetar, Bra\u010d | Special offer","isPartOf":{"@id":"https:\/\/www.villaadriatica.com\/hr\/#website"},"primaryImageOfPage":{"@id":"https:\/\/www.villaadriatica.com\/fr\/offre-speciale\/#primaryimage"},"image":{"@id":"https:\/\/www.villaadriatica.com\/fr\/offre-speciale\/#primaryimage"},"thumbnailUrl":"https:\/\/www.villaadriatica.com\/wp-content\/uploads\/2013\/06\/Special-offer-home.jpg","datePublished":"2013-06-18T13:24:25+00:00","dateModified":"2018-06-07T12:12:29+00:00","description":"Ne manquez pas une offre sp\u00e9ciale et inscrivez-vous \u00e0 notre Newsletter! Pour vous tenir au courant des derni\u00e8res commodit\u00e9s, suivez-nous sur les r\u00e9seaux sociaux:","breadcrumb":{"@id":"https:\/\/www.villaadriatica.com\/fr\/offre-speciale\/#breadcrumb"},"inLanguage":"fr-FR","potentialAction":[{"@type":"ReadAction","target":["https:\/\/www.villaadriatica.com\/fr\/offre-speciale\/"]}]},{"@type":"ImageObject","inLanguage":"fr-FR","@id":"https:\/\/www.villaadriatica.com\/fr\/offre-speciale\/#primaryimage","url":"https:\/\/www.villaadriatica.com\/wp-content\/uploads\/2013\/06\/Special-offer-home.jpg","contentUrl":"https:\/\/www.villaadriatica.com\/wp-content\/uploads\/2013\/06\/Special-offer-home.jpg","width":"900","height":"456"},{"@type":"BreadcrumbList","@id":"https:\/\/www.villaadriatica.com\/fr\/offre-speciale\/#breadcrumb","itemListElement":[{"@type":"ListItem","position":1,"name":"Home","item":"https:\/\/www.villaadriatica.com\/fr\/"},{"@type":"ListItem","position":2,"name":"Offre sp\u00e9ciale"}]},{"@type":"WebSite","@id":"https:\/\/www.villaadriatica.com\/hr\/#website","url":"https:\/\/www.villaadriatica.com\/hr\/","name":"","description":"","potentialAction":[{"@type":"SearchAction","target":{"@type":"EntryPoint","urlTemplate":"https:\/\/www.villaadriatica.com\/hr\/?s={search_term_string}"},"query-input":{"@type":"PropertyValueSpecification","valueRequired":true,"valueName":"search_term_string"}}],"inLanguage":"fr-FR"}]}},"_links":{"self":[{"href":"https:\/\/www.villaadriatica.com\/fr\/wp-json\/wp\/v2\/pages\/1005","targetHints":{"allow":["GET"]}}],"collection":[{"href":"https:\/\/www.villaadriatica.com\/fr\/wp-json\/wp\/v2\/pages"}],"about":[{"href":"https:\/\/www.villaadriatica.com\/fr\/wp-json\/wp\/v2\/types\/page"}],"author":[{"embeddable":true,"href":"https:\/\/www.villaadriatica.com\/fr\/wp-json\/wp\/v2\/users\/1"}],"replies":[{"embeddable":true,"href":"https:\/\/www.villaadriatica.com\/fr\/wp-json\/wp\/v2\/comments?post=1005"}],"version-history":[{"count":5,"href":"https:\/\/www.villaadriatica.com\/fr\/wp-json\/wp\/v2\/pages\/1005\/revisions"}],"predecessor-version":[{"id":2893,"href":"https:\/\/www.villaadriatica.com\/fr\/wp-json\/wp\/v2\/pages\/1005\/revisions\/2893"}],"wp:featuredmedia":[{"embeddable":true,"href":"https:\/\/www.villaadriatica.com\/fr\/wp-json\/wp\/v2\/media\/445"}],"wp:attachment":[{"href":"https:\/\/www.villaadriatica.com\/fr\/wp-json\/wp\/v2\/media?parent=1005"}],"curies":[{"name":"wp","href":"https:\/\/api.w.org\/{rel}","templated":true}]}}