{"id":1002,"date":"2013-06-10T21:28:38","date_gmt":"2013-06-10T21:28:38","guid":{"rendered":"https:\/\/www.villaadriatica.com\/accommodation-2\/"},"modified":"2019-03-21T12:52:26","modified_gmt":"2019-03-21T12:52:26","slug":"hebergement","status":"publish","type":"page","link":"https:\/\/www.villaadriatica.com\/fr\/hebergement\/","title":{"rendered":"H\u00e9bergement"},"content":{"rendered":"<p>H\u00f4tel Villa Adriatica, notre petit h\u00f4tel familial peut offrir 24 chambres d\u00e9cor\u00e9es individuellement et climatis\u00e9es avec salle de bains priv\u00e9e et tous les \u00e9quipements n\u00e9cessaires, y compris une connexion Wi-Fi gratuite.<\/p>\n","protected":false},"excerpt":{"rendered":"<p>H\u00f4tel Villa Adriatica, notre petit h\u00f4tel familial peut offrir 24 chambres d\u00e9cor\u00e9es individuellement et climatis\u00e9es avec salle de bains priv\u00e9e et tous les \u00e9quipements n\u00e9cessaires, y compris une connexion Wi-Fi gratuite.<\/p>\n","protected":false},"author":1,"featured_media":2971,"parent":0,"menu_order":0,"comment_status":"closed","ping_status":"closed","template":"template-rooms-2cols.php","meta":{"footnotes":""},"class_list":["post-1002","page","type-page","status-publish","has-post-thumbnail","hentry"],"yoast_head":"<!-- This site is optimized with the Yoast SEO plugin v25.1 - https:\/\/yoast.com\/wordpress\/plugins\/seo\/ -->\n<title>Hotel Villa Adriatica | H\u00e9bergement<\/title>\n<meta name=\"description\" content=\"H\u00f4tel Villa Adriatica, notre petit h\u00f4tel familial peut offrir 24 chambres d\u00e9cor\u00e9es individuellement et climatis\u00e9es avec salle de bains priv\u00e9e et tous les \u00e9quipements n\u00e9cessaires, y compris une connexion Wi-Fi gratuite.\" \/>\n<meta name=\"robots\" content=\"index, follow, max-snippet:-1, max-image-preview:large, max-video-preview:-1\" \/>\n<link rel=\"canonical\" href=\"https:\/\/www.villaadriatica.com\/fr\/hebergement\/\" \/>\n<meta property=\"og:locale\" content=\"fr_FR\" \/>\n<meta property=\"og:type\" content=\"article\" \/>\n<meta property=\"og:title\" content=\"Hotel Villa Adriatica | H\u00e9bergement\" \/>\n<meta property=\"og:description\" content=\"H\u00f4tel Villa Adriatica, notre petit h\u00f4tel familial peut offrir 24 chambres d\u00e9cor\u00e9es individuellement et climatis\u00e9es avec salle de bains priv\u00e9e et tous les \u00e9quipements n\u00e9cessaires, y compris une connexion Wi-Fi gratuite.\" \/>\n<meta property=\"og:url\" content=\"https:\/\/www.villaadriatica.com\/fr\/hebergement\/\" \/>\n<meta property=\"article:modified_time\" content=\"2019-03-21T12:52:26+00:00\" \/>\n<meta property=\"og:image\" content=\"https:\/\/www.villaadriatica.com\/wp-content\/uploads\/2019\/03\/Boutique-hotel-villa-ADRIATICA-Adults-Only-Double-Superior-Side-SeaView1-02_2019.jpg\" \/>\n\t<meta property=\"og:image:width\" content=\"1606\" \/>\n\t<meta property=\"og:image:height\" content=\"1200\" \/>\n\t<meta property=\"og:image:type\" content=\"image\/jpeg\" \/>\n<script type=\"application\/ld+json\" class=\"yoast-schema-graph\">{\"@context\":\"https:\/\/schema.org\",\"@graph\":[{\"@type\":\"WebPage\",\"@id\":\"https:\/\/www.villaadriatica.com\/fr\/hebergement\/\",\"url\":\"https:\/\/www.villaadriatica.com\/fr\/hebergement\/\",\"name\":\"Hotel Villa Adriatica | H\u00e9bergement\",\"isPartOf\":{\"@id\":\"https:\/\/www.villaadriatica.com\/hr\/#website\"},\"primaryImageOfPage\":{\"@id\":\"https:\/\/www.villaadriatica.com\/fr\/hebergement\/#primaryimage\"},\"image\":{\"@id\":\"https:\/\/www.villaadriatica.com\/fr\/hebergement\/#primaryimage\"},\"thumbnailUrl\":\"https:\/\/www.villaadriatica.com\/wp-content\/uploads\/2019\/03\/Boutique-hotel-villa-ADRIATICA-Adults-Only-Double-Superior-Side-SeaView1-02_2019.jpg\",\"datePublished\":\"2013-06-10T21:28:38+00:00\",\"dateModified\":\"2019-03-21T12:52:26+00:00\",\"description\":\"H\u00f4tel Villa Adriatica, notre petit h\u00f4tel familial peut offrir 24 chambres d\u00e9cor\u00e9es individuellement et climatis\u00e9es avec salle de bains priv\u00e9e et tous les \u00e9quipements n\u00e9cessaires, y compris une connexion Wi-Fi gratuite.\",\"breadcrumb\":{\"@id\":\"https:\/\/www.villaadriatica.com\/fr\/hebergement\/#breadcrumb\"},\"inLanguage\":\"fr-FR\",\"potentialAction\":[{\"@type\":\"ReadAction\",\"target\":[\"https:\/\/www.villaadriatica.com\/fr\/hebergement\/\"]}]},{\"@type\":\"ImageObject\",\"inLanguage\":\"fr-FR\",\"@id\":\"https:\/\/www.villaadriatica.com\/fr\/hebergement\/#primaryimage\",\"url\":\"https:\/\/www.villaadriatica.com\/wp-content\/uploads\/2019\/03\/Boutique-hotel-villa-ADRIATICA-Adults-Only-Double-Superior-Side-SeaView1-02_2019.jpg\",\"contentUrl\":\"https:\/\/www.villaadriatica.com\/wp-content\/uploads\/2019\/03\/Boutique-hotel-villa-ADRIATICA-Adults-Only-Double-Superior-Side-SeaView1-02_2019.jpg\",\"width\":1606,\"height\":1200},{\"@type\":\"BreadcrumbList\",\"@id\":\"https:\/\/www.villaadriatica.com\/fr\/hebergement\/#breadcrumb\",\"itemListElement\":[{\"@type\":\"ListItem\",\"position\":1,\"name\":\"Home\",\"item\":\"https:\/\/www.villaadriatica.com\/fr\/\"},{\"@type\":\"ListItem\",\"position\":2,\"name\":\"H\u00e9bergement\"}]},{\"@type\":\"WebSite\",\"@id\":\"https:\/\/www.villaadriatica.com\/hr\/#website\",\"url\":\"https:\/\/www.villaadriatica.com\/hr\/\",\"name\":\"\",\"description\":\"\",\"potentialAction\":[{\"@type\":\"SearchAction\",\"target\":{\"@type\":\"EntryPoint\",\"urlTemplate\":\"https:\/\/www.villaadriatica.com\/hr\/?s={search_term_string}\"},\"query-input\":{\"@type\":\"PropertyValueSpecification\",\"valueRequired\":true,\"valueName\":\"search_term_string\"}}],\"inLanguage\":\"fr-FR\"}]}<\/script>\n<!-- \/ Yoast SEO plugin. -->","yoast_head_json":{"title":"Hotel Villa Adriatica | H\u00e9bergement","description":"H\u00f4tel Villa Adriatica, notre petit h\u00f4tel familial peut offrir 24 chambres d\u00e9cor\u00e9es individuellement et climatis\u00e9es avec salle de bains priv\u00e9e et tous les \u00e9quipements n\u00e9cessaires, y compris une connexion Wi-Fi gratuite.","robots":{"index":"index","follow":"follow","max-snippet":"max-snippet:-1","max-image-preview":"max-image-preview:large","max-video-preview":"max-video-preview:-1"},"canonical":"https:\/\/www.villaadriatica.com\/fr\/hebergement\/","og_locale":"fr_FR","og_type":"article","og_title":"Hotel Villa Adriatica | H\u00e9bergement","og_description":"H\u00f4tel Villa Adriatica, notre petit h\u00f4tel familial peut offrir 24 chambres d\u00e9cor\u00e9es individuellement et climatis\u00e9es avec salle de bains priv\u00e9e et tous les \u00e9quipements n\u00e9cessaires, y compris une connexion Wi-Fi gratuite.","og_url":"https:\/\/www.villaadriatica.com\/fr\/hebergement\/","article_modified_time":"2019-03-21T12:52:26+00:00","og_image":[{"width":1606,"height":1200,"url":"https:\/\/www.villaadriatica.com\/wp-content\/uploads\/2019\/03\/Boutique-hotel-villa-ADRIATICA-Adults-Only-Double-Superior-Side-SeaView1-02_2019.jpg","type":"image\/jpeg"}],"schema":{"@context":"https:\/\/schema.org","@graph":[{"@type":"WebPage","@id":"https:\/\/www.villaadriatica.com\/fr\/hebergement\/","url":"https:\/\/www.villaadriatica.com\/fr\/hebergement\/","name":"Hotel Villa Adriatica | H\u00e9bergement","isPartOf":{"@id":"https:\/\/www.villaadriatica.com\/hr\/#website"},"primaryImageOfPage":{"@id":"https:\/\/www.villaadriatica.com\/fr\/hebergement\/#primaryimage"},"image":{"@id":"https:\/\/www.villaadriatica.com\/fr\/hebergement\/#primaryimage"},"thumbnailUrl":"https:\/\/www.villaadriatica.com\/wp-content\/uploads\/2019\/03\/Boutique-hotel-villa-ADRIATICA-Adults-Only-Double-Superior-Side-SeaView1-02_2019.jpg","datePublished":"2013-06-10T21:28:38+00:00","dateModified":"2019-03-21T12:52:26+00:00","description":"H\u00f4tel Villa Adriatica, notre petit h\u00f4tel familial peut offrir 24 chambres d\u00e9cor\u00e9es individuellement et climatis\u00e9es avec salle de bains priv\u00e9e et tous les \u00e9quipements n\u00e9cessaires, y compris une connexion Wi-Fi gratuite.","breadcrumb":{"@id":"https:\/\/www.villaadriatica.com\/fr\/hebergement\/#breadcrumb"},"inLanguage":"fr-FR","potentialAction":[{"@type":"ReadAction","target":["https:\/\/www.villaadriatica.com\/fr\/hebergement\/"]}]},{"@type":"ImageObject","inLanguage":"fr-FR","@id":"https:\/\/www.villaadriatica.com\/fr\/hebergement\/#primaryimage","url":"https:\/\/www.villaadriatica.com\/wp-content\/uploads\/2019\/03\/Boutique-hotel-villa-ADRIATICA-Adults-Only-Double-Superior-Side-SeaView1-02_2019.jpg","contentUrl":"https:\/\/www.villaadriatica.com\/wp-content\/uploads\/2019\/03\/Boutique-hotel-villa-ADRIATICA-Adults-Only-Double-Superior-Side-SeaView1-02_2019.jpg","width":1606,"height":1200},{"@type":"BreadcrumbList","@id":"https:\/\/www.villaadriatica.com\/fr\/hebergement\/#breadcrumb","itemListElement":[{"@type":"ListItem","position":1,"name":"Home","item":"https:\/\/www.villaadriatica.com\/fr\/"},{"@type":"ListItem","position":2,"name":"H\u00e9bergement"}]},{"@type":"WebSite","@id":"https:\/\/www.villaadriatica.com\/hr\/#website","url":"https:\/\/www.villaadriatica.com\/hr\/","name":"","description":"","potentialAction":[{"@type":"SearchAction","target":{"@type":"EntryPoint","urlTemplate":"https:\/\/www.villaadriatica.com\/hr\/?s={search_term_string}"},"query-input":{"@type":"PropertyValueSpecification","valueRequired":true,"valueName":"search_term_string"}}],"inLanguage":"fr-FR"}]}},"_links":{"self":[{"href":"https:\/\/www.villaadriatica.com\/fr\/wp-json\/wp\/v2\/pages\/1002","targetHints":{"allow":["GET"]}}],"collection":[{"href":"https:\/\/www.villaadriatica.com\/fr\/wp-json\/wp\/v2\/pages"}],"about":[{"href":"https:\/\/www.villaadriatica.com\/fr\/wp-json\/wp\/v2\/types\/page"}],"author":[{"embeddable":true,"href":"https:\/\/www.villaadriatica.com\/fr\/wp-json\/wp\/v2\/users\/1"}],"replies":[{"embeddable":true,"href":"https:\/\/www.villaadriatica.com\/fr\/wp-json\/wp\/v2\/comments?post=1002"}],"version-history":[{"count":3,"href":"https:\/\/www.villaadriatica.com\/fr\/wp-json\/wp\/v2\/pages\/1002\/revisions"}],"predecessor-version":[{"id":2888,"href":"https:\/\/www.villaadriatica.com\/fr\/wp-json\/wp\/v2\/pages\/1002\/revisions\/2888"}],"wp:featuredmedia":[{"embeddable":true,"href":"https:\/\/www.villaadriatica.com\/fr\/wp-json\/wp\/v2\/media\/2971"}],"wp:attachment":[{"href":"https:\/\/www.villaadriatica.com\/fr\/wp-json\/wp\/v2\/media?parent=1002"}],"curies":[{"name":"wp","href":"https:\/\/api.w.org\/{rel}","templated":true}]}}