{"id":1447,"date":"2013-07-13T09:17:21","date_gmt":"2013-07-13T09:17:21","guid":{"rendered":"https:\/\/www.villaadriatica.com\/supetar-2\/"},"modified":"2013-12-09T13:49:42","modified_gmt":"2013-12-09T13:49:42","slug":"supetar","status":"publish","type":"page","link":"https:\/\/www.villaadriatica.com\/es\/supetar\/","title":{"rendered":"Supetar, isla de Bra\u010d"},"content":{"rendered":"<p>Supetar es la capital de la isla, centro de tr\u00e1fico y de administraci\u00f3n de la isla de Brac y cuenta con 3.062 habitantes. Es la ciudad m\u00e1s grande de la isla y su principal puerto. Aunque habitado desde la \u00e9poca romana, se desarroll\u00f3 en los siglos XIX y XX gracias a su buena conexi\u00f3n con Split (l\u00ednea regular de ferries y lanchas-taxis privados). La poblaci\u00f3n se extendi\u00f3 alrededor de la iglesia de San Pedro en l\u00edneas de peque\u00f1as casas de piedras.<a href=\"https:\/\/www.villaadriatica.com\/wp-content\/uploads\/2013\/07\/Supetar-Island-Brac-900-01.jpg\"><img loading=\"lazy\" decoding=\"async\" class=\"alignnone  wp-image-389\" title=\"Supetar, Island Bra\u010d Croatia\" src=\"https:\/\/www.villaadriatica.com\/wp-content\/uploads\/2013\/07\/Supetar-Island-Brac-900-01.jpg\" alt=\"\" width=\"630\" height=\"380\" srcset=\"https:\/\/www.villaadriatica.com\/wp-content\/uploads\/2013\/07\/Supetar-Island-Brac-900-01.jpg 900w, https:\/\/www.villaadriatica.com\/wp-content\/uploads\/2013\/07\/Supetar-Island-Brac-900-01-300x181.jpg 300w\" sizes=\"auto, (max-width: 630px) 100vw, 630px\" \/><\/a>Adquiere importancia durante la \u00e9poca de los ataques turcos al continente, ya que muchas familias emigran a las islas. Es entonces que se construyen fortificaciones y castillos por lo que los Venecianos nombran a Supetar \u201ccastrum\u201d (fortaleza) y no m\u00e1s \u201cvilla\u201d. Cuenta tambi\u00e9n con un aeropuerto que est\u00e1 solo a 20 km. de Supetar y es uno de los pocos de las islas.<br \/>\nEntre sus atractivos tur\u00edsticos se encuentra la iglesia de San Pedro del S XVIII y el cementerio con el mausoleo de la familia Petrinovi\u010d del escultor local Ivan Rendi\u0107 (1849-1932). En Supetar las playas son de guijarros, grava o arena bien cuidada y se encuentran protegidas por pinares. Cuentan con todas las comodidades necesarias para pasar un hermoso d\u00eda de playa (desde principios de marzo hasta finales de octubre): tumbonas, sombrillas, bares, duchas\u2026 Adem\u00e1s se pueden alquilar bicicletas, tablas de surf, jet- ski, motos, etc. A 15 minutos de la ciudad tambi\u00e9n podr\u00e1 encontrar una playa nudista. Todo lo que necesite podr\u00e1 encontrarlo en la ciudad: restaurantes, tiendas, bancos, oficina de correos, mercado, cine, biblioteca, ambulatorio. En el marco del Festival de Verano de Supetar el ayuntamiento organiza conciertos gratuitos, espect\u00e1culos teatrales, festivales folcl\u00f3ricos, exposiciones y muchos otros eventos culturales.jams. <a href=\"https:\/\/www.villaadriatica.com\/wp-content\/uploads\/2013\/07\/Supetar-Island-Brac-900-02.jpg\"><img loading=\"lazy\" decoding=\"async\" class=\"alignnone  wp-image-393\" title=\"Supetar, Island Bra\u010d - Beaches\" src=\"https:\/\/www.villaadriatica.com\/wp-content\/uploads\/2013\/07\/Supetar-Island-Brac-900-02.jpg\" alt=\"\" width=\"630\" height=\"380\" srcset=\"https:\/\/www.villaadriatica.com\/wp-content\/uploads\/2013\/07\/Supetar-Island-Brac-900-02.jpg 900w, https:\/\/www.villaadriatica.com\/wp-content\/uploads\/2013\/07\/Supetar-Island-Brac-900-02-300x181.jpg 300w\" sizes=\"auto, (max-width: 630px) 100vw, 630px\" \/><\/a><a href=\"https:\/\/www.villaadriatica.com\/wp-content\/uploads\/2013\/07\/Supetar-Island-Brac-900-05.jpg\"><img loading=\"lazy\" decoding=\"async\" class=\"alignnone  wp-image-395\" title=\"Supetar, Island Bra\u010d\" src=\"https:\/\/www.villaadriatica.com\/wp-content\/uploads\/2013\/07\/Supetar-Island-Brac-900-05.jpg\" alt=\"\" width=\"630\" height=\"380\" srcset=\"https:\/\/www.villaadriatica.com\/wp-content\/uploads\/2013\/07\/Supetar-Island-Brac-900-05.jpg 900w, https:\/\/www.villaadriatica.com\/wp-content\/uploads\/2013\/07\/Supetar-Island-Brac-900-05-300x181.jpg 300w\" sizes=\"auto, (max-width: 630px) 100vw, 630px\" \/><\/a><a href=\"https:\/\/www.villaadriatica.com\/wp-content\/uploads\/2013\/07\/Supetar-Island-Brac-900-03.jpg\"><img loading=\"lazy\" decoding=\"async\" class=\"alignnone  wp-image-397\" title=\"Island Bra\u010d, Supetar - by night\" src=\"https:\/\/www.villaadriatica.com\/wp-content\/uploads\/2013\/07\/Supetar-Island-Brac-900-03.jpg\" alt=\"\" width=\"630\" height=\"380\" srcset=\"https:\/\/www.villaadriatica.com\/wp-content\/uploads\/2013\/07\/Supetar-Island-Brac-900-03.jpg 900w, https:\/\/www.villaadriatica.com\/wp-content\/uploads\/2013\/07\/Supetar-Island-Brac-900-03-300x181.jpg 300w\" sizes=\"auto, (max-width: 630px) 100vw, 630px\" \/><\/a>Supetar est\u00e1 conectado con la costa por numerosos ferries diarios, ( 45 min . Viaje en ferry desde Split).<br \/>\nEl aeropuerto de la isla se encuentra a 20 km de Supetar.<br \/>\nSupetar y Hotel Villa Adriatica &#8211; Ubicaci\u00f3n en el mapa<br \/>\n<!-- Social Ring Buttons Start --><div class=\"social-ring\">\n<div class=\"social-ring-button\"><fb:like href=\"https:\/\/www.villaadriatica.com\/es\/supetar\/\" showfaces=\"false\" layout=\"button_count\" action=\"like\"><\/fb:like><\/div>\n<div class=\"social-ring-button\"><a href=\"https:\/\/www.facebook.com\/sharer\/sharer.php?s=100&p[url]=https:\/\/www.villaadriatica.com\/es\/supetar\/\" target=\"_blank\"\n\t\t\t\t\t\t\tonclick=\"window.open('https:\/\/www.facebook.com\/sharer\/sharer.php?s=100&p[url]=https:\/\/www.villaadriatica.com\/es\/supetar\/', 'newwindow', 'width=600, height=450'); return false;\" >\n\t\t\t\t\t\t\t<img decoding=\"async\" style=\"display:block; background: none; padding: 0px; border:0px;\" src=\"https:\/\/www.villaadriatica.com\/wp-content\/plugins\/wordpress-social-ring\/includes\/..\/admin\/images\/sr-fb-share.png\" alt=\"Share\"\/>\n\t\t\t\t\t\t<\/a><\/div>\n<div class=\"social-ring-button\"><a rel=\"nofollow\" href=\"http:\/\/twitter.com\/share\" lang=\"en\" data-url=\"https:\/\/www.villaadriatica.com\/es\/supetar\/\" data-text=\"Supetar, isla de Bra\u010d\" data-count=\"horizontal\" class=\"sr-twitter-button twitter-share-button\"><\/a><\/div>\n<div class=\"social-ring-button\"><div class=\"g-plusone\" data-href=\"https:\/\/www.villaadriatica.com\/es\/supetar\/\" data-size=\"medium\" ><\/div><\/div>\n<div class=\"social-ring-button\"><a rel=\"nofollow\" href=\"http:\/\/pinterest.com\/pin\/create\/button\/?url=https%3A%2F%2Fwww.villaadriatica.com%2Fes%2Fsupetar%2F&media=https%3A%2F%2Fwww.villaadriatica.com%2Fwp-content%2Fuploads%2F2013%2F07%2FSupetar-Island-Brac-900-01.jpg&description=Supetar%2C+isla+de+Bra%C4%8D\" class=\"pin-it-button\"count-layout=\"horizontal\"><\/a><\/div>\n<\/div><!-- Social Ring Buttons End -->\n<\/p>\n","protected":false},"excerpt":{"rendered":"<p>Supetar es la capital de la isla, centro de tr\u00e1fico y de administraci\u00f3n de la isla de Brac y cuenta con 3.062 habitantes. Es la ciudad m\u00e1s grande de la isla y su principal&#8230;<\/p>\n","protected":false},"author":1,"featured_media":389,"parent":0,"menu_order":0,"comment_status":"closed","ping_status":"closed","template":"","meta":{"footnotes":""},"class_list":["post-1447","page","type-page","status-publish","has-post-thumbnail","hentry"],"yoast_head":"<!-- This site is optimized with the Yoast SEO plugin v25.1 - https:\/\/yoast.com\/wordpress\/plugins\/seo\/ -->\n<title>Supetar, isla de Bra\u010d | Hotel Villa Adriatica<\/title>\n<meta name=\"description\" content=\"Supetar es la capital de la isla, centro de tr\u00e1fico y de administraci\u00f3n de la isla de Brac y cuenta con 3.062 habitantes. Es la ciudad m\u00e1s grande de la isla y su principal puerto.\" \/>\n<meta name=\"robots\" content=\"index, follow, max-snippet:-1, max-image-preview:large, max-video-preview:-1\" \/>\n<link rel=\"canonical\" href=\"https:\/\/www.villaadriatica.com\/es\/supetar\/\" \/>\n<meta property=\"og:locale\" content=\"es_ES\" \/>\n<meta property=\"og:type\" content=\"article\" \/>\n<meta property=\"og:title\" content=\"Supetar, isla de Bra\u010d | Hotel Villa Adriatica\" \/>\n<meta property=\"og:description\" content=\"Supetar es la capital de la isla, centro de tr\u00e1fico y de administraci\u00f3n de la isla de Brac y cuenta con 3.062 habitantes. Es la ciudad m\u00e1s grande de la isla y su principal puerto.\" \/>\n<meta property=\"og:url\" content=\"https:\/\/www.villaadriatica.com\/es\/supetar\/\" \/>\n<meta property=\"article:modified_time\" content=\"2013-12-09T13:49:42+00:00\" \/>\n<meta property=\"og:image\" content=\"https:\/\/www.villaadriatica.com\/wp-content\/uploads\/2013\/07\/Supetar-Island-Brac-900-01.jpg\" \/>\n\t<meta property=\"og:image:width\" content=\"900\" \/>\n\t<meta property=\"og:image:height\" content=\"543\" \/>\n\t<meta property=\"og:image:type\" content=\"image\/jpeg\" \/>\n<meta name=\"twitter:label1\" content=\"Tiempo de lectura\" \/>\n\t<meta name=\"twitter:data1\" content=\"2 minutos\" \/>\n<script type=\"application\/ld+json\" class=\"yoast-schema-graph\">{\"@context\":\"https:\/\/schema.org\",\"@graph\":[{\"@type\":\"WebPage\",\"@id\":\"https:\/\/www.villaadriatica.com\/es\/supetar\/\",\"url\":\"https:\/\/www.villaadriatica.com\/es\/supetar\/\",\"name\":\"Supetar, isla de Bra\u010d | Hotel Villa Adriatica\",\"isPartOf\":{\"@id\":\"https:\/\/www.villaadriatica.com\/hr\/#website\"},\"primaryImageOfPage\":{\"@id\":\"https:\/\/www.villaadriatica.com\/es\/supetar\/#primaryimage\"},\"image\":{\"@id\":\"https:\/\/www.villaadriatica.com\/es\/supetar\/#primaryimage\"},\"thumbnailUrl\":\"https:\/\/www.villaadriatica.com\/wp-content\/uploads\/2013\/07\/Supetar-Island-Brac-900-01.jpg\",\"datePublished\":\"2013-07-13T09:17:21+00:00\",\"dateModified\":\"2013-12-09T13:49:42+00:00\",\"description\":\"Supetar es la capital de la isla, centro de tr\u00e1fico y de administraci\u00f3n de la isla de Brac y cuenta con 3.062 habitantes. Es la ciudad m\u00e1s grande de la isla y su principal puerto.\",\"breadcrumb\":{\"@id\":\"https:\/\/www.villaadriatica.com\/es\/supetar\/#breadcrumb\"},\"inLanguage\":\"es\",\"potentialAction\":[{\"@type\":\"ReadAction\",\"target\":[\"https:\/\/www.villaadriatica.com\/es\/supetar\/\"]}]},{\"@type\":\"ImageObject\",\"inLanguage\":\"es\",\"@id\":\"https:\/\/www.villaadriatica.com\/es\/supetar\/#primaryimage\",\"url\":\"https:\/\/www.villaadriatica.com\/wp-content\/uploads\/2013\/07\/Supetar-Island-Brac-900-01.jpg\",\"contentUrl\":\"https:\/\/www.villaadriatica.com\/wp-content\/uploads\/2013\/07\/Supetar-Island-Brac-900-01.jpg\",\"width\":\"900\",\"height\":\"543\"},{\"@type\":\"BreadcrumbList\",\"@id\":\"https:\/\/www.villaadriatica.com\/es\/supetar\/#breadcrumb\",\"itemListElement\":[{\"@type\":\"ListItem\",\"position\":1,\"name\":\"Home\",\"item\":\"https:\/\/www.villaadriatica.com\/es\/\"},{\"@type\":\"ListItem\",\"position\":2,\"name\":\"Supetar, isla de Bra\u010d\"}]},{\"@type\":\"WebSite\",\"@id\":\"https:\/\/www.villaadriatica.com\/hr\/#website\",\"url\":\"https:\/\/www.villaadriatica.com\/hr\/\",\"name\":\"\",\"description\":\"\",\"potentialAction\":[{\"@type\":\"SearchAction\",\"target\":{\"@type\":\"EntryPoint\",\"urlTemplate\":\"https:\/\/www.villaadriatica.com\/hr\/?s={search_term_string}\"},\"query-input\":{\"@type\":\"PropertyValueSpecification\",\"valueRequired\":true,\"valueName\":\"search_term_string\"}}],\"inLanguage\":\"es\"}]}<\/script>\n<!-- \/ Yoast SEO plugin. -->","yoast_head_json":{"title":"Supetar, isla de Bra\u010d | Hotel Villa Adriatica","description":"Supetar es la capital de la isla, centro de tr\u00e1fico y de administraci\u00f3n de la isla de Brac y cuenta con 3.062 habitantes. Es la ciudad m\u00e1s grande de la isla y su principal puerto.","robots":{"index":"index","follow":"follow","max-snippet":"max-snippet:-1","max-image-preview":"max-image-preview:large","max-video-preview":"max-video-preview:-1"},"canonical":"https:\/\/www.villaadriatica.com\/es\/supetar\/","og_locale":"es_ES","og_type":"article","og_title":"Supetar, isla de Bra\u010d | Hotel Villa Adriatica","og_description":"Supetar es la capital de la isla, centro de tr\u00e1fico y de administraci\u00f3n de la isla de Brac y cuenta con 3.062 habitantes. Es la ciudad m\u00e1s grande de la isla y su principal puerto.","og_url":"https:\/\/www.villaadriatica.com\/es\/supetar\/","article_modified_time":"2013-12-09T13:49:42+00:00","og_image":[{"width":900,"height":543,"url":"https:\/\/www.villaadriatica.com\/wp-content\/uploads\/2013\/07\/Supetar-Island-Brac-900-01.jpg","type":"image\/jpeg"}],"twitter_misc":{"Tiempo de lectura":"2 minutos"},"schema":{"@context":"https:\/\/schema.org","@graph":[{"@type":"WebPage","@id":"https:\/\/www.villaadriatica.com\/es\/supetar\/","url":"https:\/\/www.villaadriatica.com\/es\/supetar\/","name":"Supetar, isla de Bra\u010d | Hotel Villa Adriatica","isPartOf":{"@id":"https:\/\/www.villaadriatica.com\/hr\/#website"},"primaryImageOfPage":{"@id":"https:\/\/www.villaadriatica.com\/es\/supetar\/#primaryimage"},"image":{"@id":"https:\/\/www.villaadriatica.com\/es\/supetar\/#primaryimage"},"thumbnailUrl":"https:\/\/www.villaadriatica.com\/wp-content\/uploads\/2013\/07\/Supetar-Island-Brac-900-01.jpg","datePublished":"2013-07-13T09:17:21+00:00","dateModified":"2013-12-09T13:49:42+00:00","description":"Supetar es la capital de la isla, centro de tr\u00e1fico y de administraci\u00f3n de la isla de Brac y cuenta con 3.062 habitantes. Es la ciudad m\u00e1s grande de la isla y su principal puerto.","breadcrumb":{"@id":"https:\/\/www.villaadriatica.com\/es\/supetar\/#breadcrumb"},"inLanguage":"es","potentialAction":[{"@type":"ReadAction","target":["https:\/\/www.villaadriatica.com\/es\/supetar\/"]}]},{"@type":"ImageObject","inLanguage":"es","@id":"https:\/\/www.villaadriatica.com\/es\/supetar\/#primaryimage","url":"https:\/\/www.villaadriatica.com\/wp-content\/uploads\/2013\/07\/Supetar-Island-Brac-900-01.jpg","contentUrl":"https:\/\/www.villaadriatica.com\/wp-content\/uploads\/2013\/07\/Supetar-Island-Brac-900-01.jpg","width":"900","height":"543"},{"@type":"BreadcrumbList","@id":"https:\/\/www.villaadriatica.com\/es\/supetar\/#breadcrumb","itemListElement":[{"@type":"ListItem","position":1,"name":"Home","item":"https:\/\/www.villaadriatica.com\/es\/"},{"@type":"ListItem","position":2,"name":"Supetar, isla de Bra\u010d"}]},{"@type":"WebSite","@id":"https:\/\/www.villaadriatica.com\/hr\/#website","url":"https:\/\/www.villaadriatica.com\/hr\/","name":"","description":"","potentialAction":[{"@type":"SearchAction","target":{"@type":"EntryPoint","urlTemplate":"https:\/\/www.villaadriatica.com\/hr\/?s={search_term_string}"},"query-input":{"@type":"PropertyValueSpecification","valueRequired":true,"valueName":"search_term_string"}}],"inLanguage":"es"}]}},"_links":{"self":[{"href":"https:\/\/www.villaadriatica.com\/es\/wp-json\/wp\/v2\/pages\/1447","targetHints":{"allow":["GET"]}}],"collection":[{"href":"https:\/\/www.villaadriatica.com\/es\/wp-json\/wp\/v2\/pages"}],"about":[{"href":"https:\/\/www.villaadriatica.com\/es\/wp-json\/wp\/v2\/types\/page"}],"author":[{"embeddable":true,"href":"https:\/\/www.villaadriatica.com\/es\/wp-json\/wp\/v2\/users\/1"}],"replies":[{"embeddable":true,"href":"https:\/\/www.villaadriatica.com\/es\/wp-json\/wp\/v2\/comments?post=1447"}],"version-history":[{"count":2,"href":"https:\/\/www.villaadriatica.com\/es\/wp-json\/wp\/v2\/pages\/1447\/revisions"}],"predecessor-version":[{"id":1448,"href":"https:\/\/www.villaadriatica.com\/es\/wp-json\/wp\/v2\/pages\/1447\/revisions\/1448"}],"wp:featuredmedia":[{"embeddable":true,"href":"https:\/\/www.villaadriatica.com\/es\/wp-json\/wp\/v2\/media\/389"}],"wp:attachment":[{"href":"https:\/\/www.villaadriatica.com\/es\/wp-json\/wp\/v2\/media?parent=1447"}],"curies":[{"name":"wp","href":"https:\/\/api.w.org\/{rel}","templated":true}]}}