{"id":1399,"date":"2013-07-12T13:27:27","date_gmt":"2013-07-12T13:27:27","guid":{"rendered":"https:\/\/www.villaadriatica.com\/attractions-2\/"},"modified":"2013-12-09T13:17:07","modified_gmt":"2013-12-09T13:17:07","slug":"atracciones","status":"publish","type":"page","link":"https:\/\/www.villaadriatica.com\/es\/atracciones\/","title":{"rendered":"Atracciones"},"content":{"rendered":"<p><strong>Tours y atracciones<\/strong><a href=\"https:\/\/www.villaadriatica.com\/wp-content\/uploads\/2013\/07\/Island-Brac-Croatia-005.jpg\"><img loading=\"lazy\" decoding=\"async\" class=\"alignnone  wp-image-378\" title=\"Famous monastery Blaca in the hearth of the island of Bra\u010d\" src=\"https:\/\/www.villaadriatica.com\/wp-content\/uploads\/2013\/07\/Island-Brac-Croatia-005.jpg\" alt=\"\" width=\"630\" height=\"380\" srcset=\"https:\/\/www.villaadriatica.com\/wp-content\/uploads\/2013\/07\/Island-Brac-Croatia-005.jpg 900w, https:\/\/www.villaadriatica.com\/wp-content\/uploads\/2013\/07\/Island-Brac-Croatia-005-300x181.jpg 300w\" sizes=\"auto, (max-width: 630px) 100vw, 630px\" \/><\/a><br \/>\nNo se pierda la oportunidad de visitar el famoso monasterio de Blaca, las canteras de Pu\u010di\u0161\u0107e de donde se extrae la famosa piedra de Brac o tomar un ba\u00f1o en la conocida playa de Zlatni rat en Bol.<a href=\"https:\/\/www.villaadriatica.com\/wp-content\/uploads\/2013\/07\/Island-Brac-Croatia-006.jpg\"><img loading=\"lazy\" decoding=\"async\" class=\"alignnone  wp-image-381\" title=\"Island Bra\u010d, Croatia - Dragon cave\" src=\"https:\/\/www.villaadriatica.com\/wp-content\/uploads\/2013\/07\/Island-Brac-Croatia-006.jpg\" alt=\"\" width=\"630\" height=\"380\" srcset=\"https:\/\/www.villaadriatica.com\/wp-content\/uploads\/2013\/07\/Island-Brac-Croatia-006.jpg 900w, https:\/\/www.villaadriatica.com\/wp-content\/uploads\/2013\/07\/Island-Brac-Croatia-006-300x181.jpg 300w\" sizes=\"auto, (max-width: 630px) 100vw, 630px\" \/><\/a><a href=\"https:\/\/www.villaadriatica.com\/wp-content\/uploads\/2013\/07\/Brac-island-010.jpg\"><img loading=\"lazy\" decoding=\"async\" class=\"alignnone  wp-image-727\" title=\"Brac Island - Natural atractions\" src=\"https:\/\/www.villaadriatica.com\/wp-content\/uploads\/2013\/07\/Brac-island-010.jpg\" alt=\"\" width=\"630\" height=\"380\" srcset=\"https:\/\/www.villaadriatica.com\/wp-content\/uploads\/2013\/07\/Brac-island-010.jpg 900w, https:\/\/www.villaadriatica.com\/wp-content\/uploads\/2013\/07\/Brac-island-010-300x181.jpg 300w\" sizes=\"auto, (max-width: 630px) 100vw, 630px\" \/><\/a><a href=\"https:\/\/www.villaadriatica.com\/wp-content\/uploads\/2013\/07\/Brac-island-012.jpg\"><img loading=\"lazy\" decoding=\"async\" class=\"alignnone  wp-image-729\" title=\"Brac Island\" src=\"https:\/\/www.villaadriatica.com\/wp-content\/uploads\/2013\/07\/Brac-island-012.jpg\" alt=\"\" width=\"630\" height=\"380\" srcset=\"https:\/\/www.villaadriatica.com\/wp-content\/uploads\/2013\/07\/Brac-island-012.jpg 900w, https:\/\/www.villaadriatica.com\/wp-content\/uploads\/2013\/07\/Brac-island-012-300x181.jpg 300w\" sizes=\"auto, (max-width: 630px) 100vw, 630px\" \/><\/a><\/p>\n<p>Descubra las posibilidades de excursiones de un d\u00eda&#8230;<br \/>\n<strong>Tours y atracciones<\/strong><br \/>\n<!-- Social Ring Buttons Start --><div class=\"social-ring\">\n<div class=\"social-ring-button\"><fb:like href=\"https:\/\/www.villaadriatica.com\/es\/atracciones\/\" showfaces=\"false\" layout=\"button_count\" action=\"like\"><\/fb:like><\/div>\n<div class=\"social-ring-button\"><a href=\"https:\/\/www.facebook.com\/sharer\/sharer.php?s=100&p[url]=https:\/\/www.villaadriatica.com\/es\/atracciones\/\" target=\"_blank\"\n\t\t\t\t\t\t\tonclick=\"window.open('https:\/\/www.facebook.com\/sharer\/sharer.php?s=100&p[url]=https:\/\/www.villaadriatica.com\/es\/atracciones\/', 'newwindow', 'width=600, height=450'); return false;\" >\n\t\t\t\t\t\t\t<img decoding=\"async\" style=\"display:block; background: none; padding: 0px; border:0px;\" src=\"https:\/\/www.villaadriatica.com\/wp-content\/plugins\/wordpress-social-ring\/includes\/..\/admin\/images\/sr-fb-share.png\" alt=\"Share\"\/>\n\t\t\t\t\t\t<\/a><\/div>\n<div class=\"social-ring-button\"><a rel=\"nofollow\" href=\"http:\/\/twitter.com\/share\" lang=\"en\" data-url=\"https:\/\/www.villaadriatica.com\/es\/atracciones\/\" data-text=\"Atracciones\" data-count=\"horizontal\" class=\"sr-twitter-button twitter-share-button\"><\/a><\/div>\n<div class=\"social-ring-button\"><div class=\"g-plusone\" data-href=\"https:\/\/www.villaadriatica.com\/es\/atracciones\/\" data-size=\"medium\" ><\/div><\/div>\n<div class=\"social-ring-button\"><a rel=\"nofollow\" href=\"http:\/\/pinterest.com\/pin\/create\/button\/?url=https%3A%2F%2Fwww.villaadriatica.com%2Fes%2Fatracciones%2F&media=https%3A%2F%2Fwww.villaadriatica.com%2Fwp-content%2Fuploads%2F2013%2F07%2FIsland-Brac-Croatia-005.jpg&description=Atracciones\" class=\"pin-it-button\"count-layout=\"horizontal\"><\/a><\/div>\n<\/div><!-- Social Ring Buttons End -->\n<\/p>\n","protected":false},"excerpt":{"rendered":"<p>Tours y atracciones No se pierda la oportunidad de visitar el famoso monasterio de Blaca, las canteras de Pu\u010di\u0161\u0107e de donde se extrae la famosa piedra de Brac o tomar un ba\u00f1o en la&#8230;<\/p>\n","protected":false},"author":1,"featured_media":0,"parent":0,"menu_order":0,"comment_status":"closed","ping_status":"closed","template":"","meta":{"footnotes":""},"class_list":["post-1399","page","type-page","status-publish","hentry"],"yoast_head":"<!-- This site is optimized with the Yoast SEO plugin v25.1 - https:\/\/yoast.com\/wordpress\/plugins\/seo\/ -->\n<title>Isla de Brac - Atracciones | Hotel Villa Adriatica<\/title>\n<meta name=\"description\" content=\"No se pierda la oportunidad de visitar el famoso monasterio de Blaca, las canteras de Pu\u010di\u0161\u0107e de donde se extrae la famosa piedra de Brac o tomar un ba\u00f1o en la conocida playa de Zlatni rat en Bol.\" \/>\n<meta name=\"robots\" content=\"index, follow, max-snippet:-1, max-image-preview:large, max-video-preview:-1\" \/>\n<link rel=\"canonical\" href=\"https:\/\/www.villaadriatica.com\/es\/atracciones\/\" \/>\n<meta property=\"og:locale\" content=\"es_ES\" \/>\n<meta property=\"og:type\" content=\"article\" \/>\n<meta property=\"og:title\" content=\"Isla de Brac - Atracciones | Hotel Villa Adriatica\" \/>\n<meta property=\"og:description\" content=\"No se pierda la oportunidad de visitar el famoso monasterio de Blaca, las canteras de Pu\u010di\u0161\u0107e de donde se extrae la famosa piedra de Brac o tomar un ba\u00f1o en la conocida playa de Zlatni rat en Bol.\" \/>\n<meta property=\"og:url\" content=\"https:\/\/www.villaadriatica.com\/es\/atracciones\/\" \/>\n<meta property=\"article:modified_time\" content=\"2013-12-09T13:17:07+00:00\" \/>\n<meta property=\"og:image\" content=\"https:\/\/www.villaadriatica.com\/wp-content\/uploads\/2013\/07\/Island-Brac-Croatia-005.jpg\" \/>\n<script type=\"application\/ld+json\" class=\"yoast-schema-graph\">{\"@context\":\"https:\/\/schema.org\",\"@graph\":[{\"@type\":\"WebPage\",\"@id\":\"https:\/\/www.villaadriatica.com\/es\/atracciones\/\",\"url\":\"https:\/\/www.villaadriatica.com\/es\/atracciones\/\",\"name\":\"Isla de Brac - Atracciones | Hotel Villa Adriatica\",\"isPartOf\":{\"@id\":\"https:\/\/www.villaadriatica.com\/hr\/#website\"},\"primaryImageOfPage\":{\"@id\":\"https:\/\/www.villaadriatica.com\/es\/atracciones\/#primaryimage\"},\"image\":{\"@id\":\"https:\/\/www.villaadriatica.com\/es\/atracciones\/#primaryimage\"},\"thumbnailUrl\":\"https:\/\/www.villaadriatica.com\/wp-content\/uploads\/2013\/07\/Island-Brac-Croatia-005.jpg\",\"datePublished\":\"2013-07-12T13:27:27+00:00\",\"dateModified\":\"2013-12-09T13:17:07+00:00\",\"description\":\"No se pierda la oportunidad de visitar el famoso monasterio de Blaca, las canteras de Pu\u010di\u0161\u0107e de donde se extrae la famosa piedra de Brac o tomar un ba\u00f1o en la conocida playa de Zlatni rat en Bol.\",\"breadcrumb\":{\"@id\":\"https:\/\/www.villaadriatica.com\/es\/atracciones\/#breadcrumb\"},\"inLanguage\":\"es\",\"potentialAction\":[{\"@type\":\"ReadAction\",\"target\":[\"https:\/\/www.villaadriatica.com\/es\/atracciones\/\"]}]},{\"@type\":\"ImageObject\",\"inLanguage\":\"es\",\"@id\":\"https:\/\/www.villaadriatica.com\/es\/atracciones\/#primaryimage\",\"url\":\"https:\/\/www.villaadriatica.com\/wp-content\/uploads\/2013\/07\/Island-Brac-Croatia-005.jpg\",\"contentUrl\":\"https:\/\/www.villaadriatica.com\/wp-content\/uploads\/2013\/07\/Island-Brac-Croatia-005.jpg\"},{\"@type\":\"BreadcrumbList\",\"@id\":\"https:\/\/www.villaadriatica.com\/es\/atracciones\/#breadcrumb\",\"itemListElement\":[{\"@type\":\"ListItem\",\"position\":1,\"name\":\"Home\",\"item\":\"https:\/\/www.villaadriatica.com\/es\/\"},{\"@type\":\"ListItem\",\"position\":2,\"name\":\"Atracciones\"}]},{\"@type\":\"WebSite\",\"@id\":\"https:\/\/www.villaadriatica.com\/hr\/#website\",\"url\":\"https:\/\/www.villaadriatica.com\/hr\/\",\"name\":\"\",\"description\":\"\",\"potentialAction\":[{\"@type\":\"SearchAction\",\"target\":{\"@type\":\"EntryPoint\",\"urlTemplate\":\"https:\/\/www.villaadriatica.com\/hr\/?s={search_term_string}\"},\"query-input\":{\"@type\":\"PropertyValueSpecification\",\"valueRequired\":true,\"valueName\":\"search_term_string\"}}],\"inLanguage\":\"es\"}]}<\/script>\n<!-- \/ Yoast SEO plugin. -->","yoast_head_json":{"title":"Isla de Brac - Atracciones | Hotel Villa Adriatica","description":"No se pierda la oportunidad de visitar el famoso monasterio de Blaca, las canteras de Pu\u010di\u0161\u0107e de donde se extrae la famosa piedra de Brac o tomar un ba\u00f1o en la conocida playa de Zlatni rat en Bol.","robots":{"index":"index","follow":"follow","max-snippet":"max-snippet:-1","max-image-preview":"max-image-preview:large","max-video-preview":"max-video-preview:-1"},"canonical":"https:\/\/www.villaadriatica.com\/es\/atracciones\/","og_locale":"es_ES","og_type":"article","og_title":"Isla de Brac - Atracciones | Hotel Villa Adriatica","og_description":"No se pierda la oportunidad de visitar el famoso monasterio de Blaca, las canteras de Pu\u010di\u0161\u0107e de donde se extrae la famosa piedra de Brac o tomar un ba\u00f1o en la conocida playa de Zlatni rat en Bol.","og_url":"https:\/\/www.villaadriatica.com\/es\/atracciones\/","article_modified_time":"2013-12-09T13:17:07+00:00","og_image":[{"url":"https:\/\/www.villaadriatica.com\/wp-content\/uploads\/2013\/07\/Island-Brac-Croatia-005.jpg","type":"","width":"","height":""}],"schema":{"@context":"https:\/\/schema.org","@graph":[{"@type":"WebPage","@id":"https:\/\/www.villaadriatica.com\/es\/atracciones\/","url":"https:\/\/www.villaadriatica.com\/es\/atracciones\/","name":"Isla de Brac - Atracciones | Hotel Villa Adriatica","isPartOf":{"@id":"https:\/\/www.villaadriatica.com\/hr\/#website"},"primaryImageOfPage":{"@id":"https:\/\/www.villaadriatica.com\/es\/atracciones\/#primaryimage"},"image":{"@id":"https:\/\/www.villaadriatica.com\/es\/atracciones\/#primaryimage"},"thumbnailUrl":"https:\/\/www.villaadriatica.com\/wp-content\/uploads\/2013\/07\/Island-Brac-Croatia-005.jpg","datePublished":"2013-07-12T13:27:27+00:00","dateModified":"2013-12-09T13:17:07+00:00","description":"No se pierda la oportunidad de visitar el famoso monasterio de Blaca, las canteras de Pu\u010di\u0161\u0107e de donde se extrae la famosa piedra de Brac o tomar un ba\u00f1o en la conocida playa de Zlatni rat en Bol.","breadcrumb":{"@id":"https:\/\/www.villaadriatica.com\/es\/atracciones\/#breadcrumb"},"inLanguage":"es","potentialAction":[{"@type":"ReadAction","target":["https:\/\/www.villaadriatica.com\/es\/atracciones\/"]}]},{"@type":"ImageObject","inLanguage":"es","@id":"https:\/\/www.villaadriatica.com\/es\/atracciones\/#primaryimage","url":"https:\/\/www.villaadriatica.com\/wp-content\/uploads\/2013\/07\/Island-Brac-Croatia-005.jpg","contentUrl":"https:\/\/www.villaadriatica.com\/wp-content\/uploads\/2013\/07\/Island-Brac-Croatia-005.jpg"},{"@type":"BreadcrumbList","@id":"https:\/\/www.villaadriatica.com\/es\/atracciones\/#breadcrumb","itemListElement":[{"@type":"ListItem","position":1,"name":"Home","item":"https:\/\/www.villaadriatica.com\/es\/"},{"@type":"ListItem","position":2,"name":"Atracciones"}]},{"@type":"WebSite","@id":"https:\/\/www.villaadriatica.com\/hr\/#website","url":"https:\/\/www.villaadriatica.com\/hr\/","name":"","description":"","potentialAction":[{"@type":"SearchAction","target":{"@type":"EntryPoint","urlTemplate":"https:\/\/www.villaadriatica.com\/hr\/?s={search_term_string}"},"query-input":{"@type":"PropertyValueSpecification","valueRequired":true,"valueName":"search_term_string"}}],"inLanguage":"es"}]}},"_links":{"self":[{"href":"https:\/\/www.villaadriatica.com\/es\/wp-json\/wp\/v2\/pages\/1399","targetHints":{"allow":["GET"]}}],"collection":[{"href":"https:\/\/www.villaadriatica.com\/es\/wp-json\/wp\/v2\/pages"}],"about":[{"href":"https:\/\/www.villaadriatica.com\/es\/wp-json\/wp\/v2\/types\/page"}],"author":[{"embeddable":true,"href":"https:\/\/www.villaadriatica.com\/es\/wp-json\/wp\/v2\/users\/1"}],"replies":[{"embeddable":true,"href":"https:\/\/www.villaadriatica.com\/es\/wp-json\/wp\/v2\/comments?post=1399"}],"version-history":[{"count":4,"href":"https:\/\/www.villaadriatica.com\/es\/wp-json\/wp\/v2\/pages\/1399\/revisions"}],"predecessor-version":[{"id":1400,"href":"https:\/\/www.villaadriatica.com\/es\/wp-json\/wp\/v2\/pages\/1399\/revisions\/1400"}],"wp:attachment":[{"href":"https:\/\/www.villaadriatica.com\/es\/wp-json\/wp\/v2\/media?parent=1399"}],"curies":[{"name":"wp","href":"https:\/\/api.w.org\/{rel}","templated":true}]}}