{"id":1364,"date":"2013-07-21T13:34:06","date_gmt":"2013-07-21T13:34:06","guid":{"rendered":"https:\/\/www.villaadriatica.com\/favourite-guest-2\/"},"modified":"2013-12-09T12:34:36","modified_gmt":"2013-12-09T12:34:36","slug":"favourite-guest","status":"publish","type":"page","link":"https:\/\/www.villaadriatica.com\/es\/favourite-guest\/","title":{"rendered":"Favourite Guest"},"content":{"rendered":"<p><strong><span style=\"color: #ff6600;\">Ofertas especiales para nuestros clientes habituales.<\/span><\/strong><br \/>\nSer parte de nuestro programa de clientes habituales le traer\u00e1 una serie de beneficios, descuentos y regalos sorpresa . Le esperan paquetes tur\u00edsticos especiales, excursiones y traslados gratuitos, masajes, regalos en la habitaci\u00f3n y otras sorpresas m\u00e1s . Solicite nuestra tarjeta especial que le permitir\u00e1 en la pr\u00f3xima reserva gozar de los beneficios mencionados.<\/p>\n<p>No se pierda ninguna de nuestras ofertas especiales y suscr\u00edbase a nuestro bolet\u00edn de noticias!<br \/>\nPara mantenerse al d\u00eda con las \u00faltimas novedades, s\u00edganos en las redes sociales:<br \/>\n<!-- Social Ring Buttons Start --><div class=\"social-ring\">\n<div class=\"social-ring-button\"><fb:like href=\"https:\/\/www.villaadriatica.com\/es\/favourite-guest\/\" showfaces=\"false\" layout=\"button_count\" action=\"like\"><\/fb:like><\/div>\n<div class=\"social-ring-button\"><a href=\"https:\/\/www.facebook.com\/sharer\/sharer.php?s=100&p[url]=https:\/\/www.villaadriatica.com\/es\/favourite-guest\/\" target=\"_blank\"\n\t\t\t\t\t\t\tonclick=\"window.open('https:\/\/www.facebook.com\/sharer\/sharer.php?s=100&p[url]=https:\/\/www.villaadriatica.com\/es\/favourite-guest\/', 'newwindow', 'width=600, height=450'); return false;\" >\n\t\t\t\t\t\t\t<img decoding=\"async\" style=\"display:block; background: none; padding: 0px; border:0px;\" src=\"https:\/\/www.villaadriatica.com\/wp-content\/plugins\/wordpress-social-ring\/includes\/..\/admin\/images\/sr-fb-share.png\" alt=\"Share\"\/>\n\t\t\t\t\t\t<\/a><\/div>\n<div class=\"social-ring-button\"><a rel=\"nofollow\" href=\"http:\/\/twitter.com\/share\" lang=\"en\" data-url=\"https:\/\/www.villaadriatica.com\/es\/favourite-guest\/\" data-text=\"Favourite Guest\" data-count=\"horizontal\" class=\"sr-twitter-button twitter-share-button\"><\/a><\/div>\n<div class=\"social-ring-button\"><div class=\"g-plusone\" data-href=\"https:\/\/www.villaadriatica.com\/es\/favourite-guest\/\" data-size=\"medium\" ><\/div><\/div>\n<div class=\"social-ring-button\"><a rel=\"nofollow\" href=\"http:\/\/pinterest.com\/pin\/create\/button\/?url=https%3A%2F%2Fwww.villaadriatica.com%2Fes%2Ffavourite-guest%2F&description=Favourite+Guest\" class=\"pin-it-button\"count-layout=\"horizontal\"><\/a><\/div>\n<\/div><!-- Social Ring Buttons End -->\n<\/p>\n","protected":false},"excerpt":{"rendered":"<p>Ofertas especiales para nuestros clientes habituales. Ser parte de nuestro programa de clientes habituales le traer\u00e1 una serie de beneficios, descuentos y regalos sorpresa . Le esperan paquetes tur\u00edsticos especiales, excursiones y traslados gratuitos,&#8230;<\/p>\n","protected":false},"author":1,"featured_media":0,"parent":0,"menu_order":0,"comment_status":"closed","ping_status":"closed","template":"","meta":{"footnotes":""},"class_list":["post-1364","page","type-page","status-publish","hentry"],"yoast_head":"<!-- This site is optimized with the Yoast SEO plugin v25.1 - https:\/\/yoast.com\/wordpress\/plugins\/seo\/ -->\n<title>Hotel Villa Adriatica | Favourite Guest, Ofertas especiales<\/title>\n<meta name=\"description\" content=\"Ser parte de nuestro programa de clientes habituales le traer\u00e1 una serie de beneficios, descuentos y regalos sorpresa.\" \/>\n<meta name=\"robots\" content=\"index, follow, max-snippet:-1, max-image-preview:large, max-video-preview:-1\" \/>\n<link rel=\"canonical\" href=\"https:\/\/www.villaadriatica.com\/es\/favourite-guest\/\" \/>\n<meta property=\"og:locale\" content=\"es_ES\" \/>\n<meta property=\"og:type\" content=\"article\" \/>\n<meta property=\"og:title\" content=\"Hotel Villa Adriatica | Favourite Guest, Ofertas especiales\" \/>\n<meta property=\"og:description\" content=\"Ser parte de nuestro programa de clientes habituales le traer\u00e1 una serie de beneficios, descuentos y regalos sorpresa.\" \/>\n<meta property=\"og:url\" content=\"https:\/\/www.villaadriatica.com\/es\/favourite-guest\/\" \/>\n<meta property=\"article:modified_time\" content=\"2013-12-09T12:34:36+00:00\" \/>\n<script type=\"application\/ld+json\" class=\"yoast-schema-graph\">{\"@context\":\"https:\/\/schema.org\",\"@graph\":[{\"@type\":\"WebPage\",\"@id\":\"https:\/\/www.villaadriatica.com\/es\/favourite-guest\/\",\"url\":\"https:\/\/www.villaadriatica.com\/es\/favourite-guest\/\",\"name\":\"Hotel Villa Adriatica | Favourite Guest, Ofertas especiales\",\"isPartOf\":{\"@id\":\"https:\/\/www.villaadriatica.com\/hr\/#website\"},\"datePublished\":\"2013-07-21T13:34:06+00:00\",\"dateModified\":\"2013-12-09T12:34:36+00:00\",\"description\":\"Ser parte de nuestro programa de clientes habituales le traer\u00e1 una serie de beneficios, descuentos y regalos sorpresa.\",\"breadcrumb\":{\"@id\":\"https:\/\/www.villaadriatica.com\/es\/favourite-guest\/#breadcrumb\"},\"inLanguage\":\"es\",\"potentialAction\":[{\"@type\":\"ReadAction\",\"target\":[\"https:\/\/www.villaadriatica.com\/es\/favourite-guest\/\"]}]},{\"@type\":\"BreadcrumbList\",\"@id\":\"https:\/\/www.villaadriatica.com\/es\/favourite-guest\/#breadcrumb\",\"itemListElement\":[{\"@type\":\"ListItem\",\"position\":1,\"name\":\"Home\",\"item\":\"https:\/\/www.villaadriatica.com\/es\/\"},{\"@type\":\"ListItem\",\"position\":2,\"name\":\"Favourite Guest\"}]},{\"@type\":\"WebSite\",\"@id\":\"https:\/\/www.villaadriatica.com\/hr\/#website\",\"url\":\"https:\/\/www.villaadriatica.com\/hr\/\",\"name\":\"\",\"description\":\"\",\"potentialAction\":[{\"@type\":\"SearchAction\",\"target\":{\"@type\":\"EntryPoint\",\"urlTemplate\":\"https:\/\/www.villaadriatica.com\/hr\/?s={search_term_string}\"},\"query-input\":{\"@type\":\"PropertyValueSpecification\",\"valueRequired\":true,\"valueName\":\"search_term_string\"}}],\"inLanguage\":\"es\"}]}<\/script>\n<!-- \/ Yoast SEO plugin. -->","yoast_head_json":{"title":"Hotel Villa Adriatica | Favourite Guest, Ofertas especiales","description":"Ser parte de nuestro programa de clientes habituales le traer\u00e1 una serie de beneficios, descuentos y regalos sorpresa.","robots":{"index":"index","follow":"follow","max-snippet":"max-snippet:-1","max-image-preview":"max-image-preview:large","max-video-preview":"max-video-preview:-1"},"canonical":"https:\/\/www.villaadriatica.com\/es\/favourite-guest\/","og_locale":"es_ES","og_type":"article","og_title":"Hotel Villa Adriatica | Favourite Guest, Ofertas especiales","og_description":"Ser parte de nuestro programa de clientes habituales le traer\u00e1 una serie de beneficios, descuentos y regalos sorpresa.","og_url":"https:\/\/www.villaadriatica.com\/es\/favourite-guest\/","article_modified_time":"2013-12-09T12:34:36+00:00","schema":{"@context":"https:\/\/schema.org","@graph":[{"@type":"WebPage","@id":"https:\/\/www.villaadriatica.com\/es\/favourite-guest\/","url":"https:\/\/www.villaadriatica.com\/es\/favourite-guest\/","name":"Hotel Villa Adriatica | Favourite Guest, Ofertas especiales","isPartOf":{"@id":"https:\/\/www.villaadriatica.com\/hr\/#website"},"datePublished":"2013-07-21T13:34:06+00:00","dateModified":"2013-12-09T12:34:36+00:00","description":"Ser parte de nuestro programa de clientes habituales le traer\u00e1 una serie de beneficios, descuentos y regalos sorpresa.","breadcrumb":{"@id":"https:\/\/www.villaadriatica.com\/es\/favourite-guest\/#breadcrumb"},"inLanguage":"es","potentialAction":[{"@type":"ReadAction","target":["https:\/\/www.villaadriatica.com\/es\/favourite-guest\/"]}]},{"@type":"BreadcrumbList","@id":"https:\/\/www.villaadriatica.com\/es\/favourite-guest\/#breadcrumb","itemListElement":[{"@type":"ListItem","position":1,"name":"Home","item":"https:\/\/www.villaadriatica.com\/es\/"},{"@type":"ListItem","position":2,"name":"Favourite Guest"}]},{"@type":"WebSite","@id":"https:\/\/www.villaadriatica.com\/hr\/#website","url":"https:\/\/www.villaadriatica.com\/hr\/","name":"","description":"","potentialAction":[{"@type":"SearchAction","target":{"@type":"EntryPoint","urlTemplate":"https:\/\/www.villaadriatica.com\/hr\/?s={search_term_string}"},"query-input":{"@type":"PropertyValueSpecification","valueRequired":true,"valueName":"search_term_string"}}],"inLanguage":"es"}]}},"_links":{"self":[{"href":"https:\/\/www.villaadriatica.com\/es\/wp-json\/wp\/v2\/pages\/1364","targetHints":{"allow":["GET"]}}],"collection":[{"href":"https:\/\/www.villaadriatica.com\/es\/wp-json\/wp\/v2\/pages"}],"about":[{"href":"https:\/\/www.villaadriatica.com\/es\/wp-json\/wp\/v2\/types\/page"}],"author":[{"embeddable":true,"href":"https:\/\/www.villaadriatica.com\/es\/wp-json\/wp\/v2\/users\/1"}],"replies":[{"embeddable":true,"href":"https:\/\/www.villaadriatica.com\/es\/wp-json\/wp\/v2\/comments?post=1364"}],"version-history":[{"count":3,"href":"https:\/\/www.villaadriatica.com\/es\/wp-json\/wp\/v2\/pages\/1364\/revisions"}],"predecessor-version":[{"id":1365,"href":"https:\/\/www.villaadriatica.com\/es\/wp-json\/wp\/v2\/pages\/1364\/revisions\/1365"}],"wp:attachment":[{"href":"https:\/\/www.villaadriatica.com\/es\/wp-json\/wp\/v2\/media?parent=1364"}],"curies":[{"name":"wp","href":"https:\/\/api.w.org\/{rel}","templated":true}]}}