{"id":1299,"date":"2013-07-21T14:35:03","date_gmt":"2013-07-21T14:35:03","guid":{"rendered":"https:\/\/www.villaadriatica.com\/guestbook-2\/"},"modified":"2014-02-07T13:14:05","modified_gmt":"2014-02-07T13:14:05","slug":"guestbook","status":"publish","type":"page","link":"https:\/\/www.villaadriatica.com\/es\/guestbook\/","title":{"rendered":"Libro de visitas"},"content":{"rendered":"<p><a title=\"Hotel Villa Adriatica\" href=\"http:\/\/www.tripadvisor.com\/Hotel_Review-g651685-d550878-Reviews-Hotel_Villa_Adriatica-Supetar_Brac_Island_Split_Dalmatia_County_Dalmatia.html\" target=\"_blank\"><img loading=\"lazy\" decoding=\"async\" class=\"alignnone size-full wp-image-2158\" alt=\"Reviewd\" src=\"https:\/\/www.villaadriatica.com\/wp-content\/uploads\/2014\/02\/Reviewd.jpg\" width=\"150\" height=\"116\" \/><\/a> <a title=\"Hotel Villa Adriatica\" href=\"http:\/\/www.tripadvisor.com\/Hotel_Review-g651685-d550878-Reviews-Hotel_Villa_Adriatica-Supetar_Brac_Island_Split_Dalmatia_County_Dalmatia.html\" target=\"_blank\"><img loading=\"lazy\" decoding=\"async\" class=\"alignnone size-full wp-image-2230\" alt=\"Winner2013\" src=\"https:\/\/www.villaadriatica.com\/wp-content\/uploads\/2013\/07\/Winner2013.jpg\" width=\"143\" height=\"116\" \/><\/a> <a title=\"Hotel Villa Adriatica\" href=\"http:\/\/www.tripadvisor.com\/Hotel_Review-g651685-d550878-Reviews-Hotel_Villa_Adriatica-Supetar_Brac_Island_Split_Dalmatia_County_Dalmatia.html\" target=\"_blank\"><img loading=\"lazy\" decoding=\"async\" class=\"alignnone size-full wp-image-2232\" alt=\"Excellence2013\" src=\"https:\/\/www.villaadriatica.com\/wp-content\/uploads\/2013\/07\/Excellence2013.jpg\" width=\"143\" height=\"116\" \/><\/a><\/p>\n<p><strong><span style=\"color: #ff6600;\">Cr\u00edticas en TripAdvisor<\/span><\/strong><br \/>\n<strong>\u201cExcellent Hotel\u201d &#8211; Opini\u00f3n 24 de enero 2013<\/strong><br \/>\n<em>Realmente disfrutamos de este hotel. Tiene una buena ubicaci\u00f3n, las habitaciones est\u00e1n muy limpias , el desayuno buffet es excelente y el personal muy amable y servicial. Muy recomendable . Fue agradable visitar Croacia con alguien a quien amas y encontrar un tesoro.<\/em><br \/>\n<strong>Sanna E &#8211; Helsinki, Finland<\/strong><\/p>\n<p><strong>\u201cEl personal es amable y servicial\u201d &#8211; Opini\u00f3n 09 de octubre 2012<\/strong><br \/>\n<em>Mi marido y yo nos hospedamos en el Hotel Villa Adriatica en Supetar, Croacia, a fines de la temporada en 2012. El hotel de gesti\u00f3n familiar cuenta con una excelente , super simp\u00e1tico y atento servicio. El desayuno era un buffet vers\u00e1til y amplio, la ubicaci\u00f3n bastante central y en cambio lo suficientemente lejos de la parte m\u00e1s concurrida de Supetar de garantizar un descanso tranquilo.<\/em><br \/>\n<strong>JeannieBelluno &#8211; Italia<\/strong><\/p>\n<p><strong>\u201cMuy bueno!\u201d &#8211; Opini\u00f3n 04 de octubre 2012<\/strong><br \/>\n<em>Mi marido y yo estuvimos en este hotel en agosto pasado y fue incre\u00edble! En primer lugar , me gustar\u00eda decir que ten\u00edamos una reserva del a\u00f1o anterior (2011) y problemas personales que nos impidieron ir a Supetar. Despu\u00e9s de explicar nuestro problema, el hotel acepta posponer nuestra reserva para este a\u00f1o a condici\u00f3n de que ten\u00edamos que pagar la diferencia de impuesto&#8230;<\/em><\/p>\n<p><strong>\u201cExcelente ubicaci\u00f3n\u201d &#8211; Comentado el 25 septiembre 2012 mediante dispositivo m\u00f3vil<\/strong><br \/>\n<em>Todo bien en el hotel. El \u00fanico problemilla es en las zonas de relajaci\u00f3n. No hay personal, as\u00ed que si necesitas algo tienes que ir t\u00fa mismo a pedirlo a la recepci\u00f3n. El personal muy amable y la comida buena. Lugar perfecto para visitar la ciudad de Supertar, cerca del puerto y del ferry. Estancia muy agradable.<\/em><\/p>\n<p><strong><span style=\"color: #ff6600;\">Opiniones de booking.com:<\/span><\/strong><br \/>\n<strong>Very good, 8 Score from 12 reviews<\/strong><\/p>\n<p>Puntuaci\u00f3n del hotel: 8 &#8211; Basado en 12 cr\u00edticas EVALUACI\u00d3N POR CATEGOR\u00cdA<br \/>\n<strong>Guest reviews are written by our customers after their stay at Hotel Villa Adriatica.<\/strong><br \/>\n<em>&#8220;El hotel est\u00e1 en una excelente ubicaci\u00f3n, ideal, a pocos minutos a pie de los bares y restaurantes del centro de la ciudad. Ten\u00edamos un balc\u00f3n de buen tama\u00f1o y con vistas al mar ( habitaci\u00f3n de la planta superior ) con mini- bar bien abastecido y una TV LCD. Nuestro hijo ten\u00eda un balc\u00f3n con vistas a la aldea, ambos son geniales. Wi-Fi gratis en el vest\u00edbulo con servicio disponible &#8220;HOT SPOT&#8221; en la habitaci\u00f3n. Excelente estancia en general, habitaciones limpias y grandes gracias al personal amable que siempre nos recibi\u00f3 con una sonrisa e hizo que nuestras vacaciones fueran maravillosas!&#8221;<\/em><\/p>\n<p><strong>Score breakdown<\/strong><br \/>\n<span style=\"color: #ff6600;\">\u2794<\/span>\u00a0Limpieza <strong>8.1<\/strong><br \/>\n<span style=\"color: #ff6600;\">\u2794<\/span>\u00a0Confort <strong>7.9<\/strong><br \/>\n<span style=\"color: #ff6600;\">\u2794<\/span>\u00a0Posici\u00f3n <strong>9<\/strong><br \/>\n<span style=\"color: #ff6600;\">\u2794<\/span>\u00a0Instalaciones <strong>7.7<\/strong><br \/>\n<span style=\"color: #ff6600;\">\u2794<\/span>\u00a0Personal <strong>8.1<\/strong><br \/>\n<span style=\"color: #ff6600;\">\u2794<\/span>\u00a0Valor por su dinero <strong>7.3<\/strong><\/p>\n<p><strong>Bienvenidos a Villa Adriatica!<\/strong><br \/>\n<!-- Social Ring Buttons Start --><div class=\"social-ring\">\n<div class=\"social-ring-button\"><fb:like href=\"https:\/\/www.villaadriatica.com\/es\/guestbook\/\" showfaces=\"false\" layout=\"button_count\" action=\"like\"><\/fb:like><\/div>\n<div class=\"social-ring-button\"><a href=\"https:\/\/www.facebook.com\/sharer\/sharer.php?s=100&p[url]=https:\/\/www.villaadriatica.com\/es\/guestbook\/\" target=\"_blank\"\n\t\t\t\t\t\t\tonclick=\"window.open('https:\/\/www.facebook.com\/sharer\/sharer.php?s=100&p[url]=https:\/\/www.villaadriatica.com\/es\/guestbook\/', 'newwindow', 'width=600, height=450'); return false;\" >\n\t\t\t\t\t\t\t<img decoding=\"async\" style=\"display:block; background: none; padding: 0px; border:0px;\" src=\"https:\/\/www.villaadriatica.com\/wp-content\/plugins\/wordpress-social-ring\/includes\/..\/admin\/images\/sr-fb-share.png\" alt=\"Share\"\/>\n\t\t\t\t\t\t<\/a><\/div>\n<div class=\"social-ring-button\"><a rel=\"nofollow\" href=\"http:\/\/twitter.com\/share\" lang=\"en\" data-url=\"https:\/\/www.villaadriatica.com\/es\/guestbook\/\" data-text=\"Libro de visitas\" data-count=\"horizontal\" class=\"sr-twitter-button twitter-share-button\"><\/a><\/div>\n<div class=\"social-ring-button\"><div class=\"g-plusone\" data-href=\"https:\/\/www.villaadriatica.com\/es\/guestbook\/\" data-size=\"medium\" ><\/div><\/div>\n<div class=\"social-ring-button\"><a rel=\"nofollow\" href=\"http:\/\/pinterest.com\/pin\/create\/button\/?url=https%3A%2F%2Fwww.villaadriatica.com%2Fes%2Fguestbook%2F&media=https%3A%2F%2Fwww.villaadriatica.com%2Fwp-content%2Fuploads%2F2013%2F07%2FExcellence2013.jpg&description=Libro+de+visitas\" class=\"pin-it-button\"count-layout=\"horizontal\"><\/a><\/div>\n<\/div><!-- Social Ring Buttons End -->\n<\/p>\n","protected":false},"excerpt":{"rendered":"<p>Cr\u00edticas en TripAdvisor \u201cExcellent Hotel\u201d &#8211; Opini\u00f3n 24 de enero 2013 Realmente disfrutamos de este hotel. Tiene una buena ubicaci\u00f3n, las habitaciones est\u00e1n muy limpias , el desayuno buffet es excelente y el personal&#8230;<\/p>\n","protected":false},"author":1,"featured_media":0,"parent":0,"menu_order":0,"comment_status":"closed","ping_status":"closed","template":"","meta":{"footnotes":""},"class_list":["post-1299","page","type-page","status-publish","hentry"],"yoast_head":"<!-- This site is optimized with the Yoast SEO plugin v25.1 - https:\/\/yoast.com\/wordpress\/plugins\/seo\/ -->\n<title>Hotel Villa Adriatica | Supetar, Bra\u010d | Libro de visitas<\/title>\n<meta name=\"description\" content=\"Excellent Hotel\u201d - Opini\u00f3n 24 de enero 2013 Realmente disfrutamos de este hotel. Tiene una buena ubicaci\u00f3n, las habitaciones est\u00e1n muy limpias , el desayuno buffet es excelente y el personal muy amable y servicial.\" \/>\n<meta name=\"robots\" content=\"index, follow, max-snippet:-1, max-image-preview:large, max-video-preview:-1\" \/>\n<link rel=\"canonical\" href=\"https:\/\/www.villaadriatica.com\/es\/guestbook\/\" \/>\n<meta property=\"og:locale\" content=\"es_ES\" \/>\n<meta property=\"og:type\" content=\"article\" \/>\n<meta property=\"og:title\" content=\"Hotel Villa Adriatica | Supetar, Bra\u010d | Libro de visitas\" \/>\n<meta property=\"og:description\" content=\"Excellent Hotel\u201d - Opini\u00f3n 24 de enero 2013 Realmente disfrutamos de este hotel. Tiene una buena ubicaci\u00f3n, las habitaciones est\u00e1n muy limpias , el desayuno buffet es excelente y el personal muy amable y servicial.\" \/>\n<meta property=\"og:url\" content=\"https:\/\/www.villaadriatica.com\/es\/guestbook\/\" \/>\n<meta property=\"article:modified_time\" content=\"2014-02-07T13:14:05+00:00\" \/>\n<meta property=\"og:image\" content=\"https:\/\/www.villaadriatica.com\/wp-content\/uploads\/2014\/02\/Reviewd.jpg\" \/>\n<meta name=\"twitter:label1\" content=\"Tiempo de lectura\" \/>\n\t<meta name=\"twitter:data1\" content=\"2 minutos\" \/>\n<script type=\"application\/ld+json\" class=\"yoast-schema-graph\">{\"@context\":\"https:\/\/schema.org\",\"@graph\":[{\"@type\":\"WebPage\",\"@id\":\"https:\/\/www.villaadriatica.com\/es\/guestbook\/\",\"url\":\"https:\/\/www.villaadriatica.com\/es\/guestbook\/\",\"name\":\"Hotel Villa Adriatica | Supetar, Bra\u010d | Libro de visitas\",\"isPartOf\":{\"@id\":\"https:\/\/www.villaadriatica.com\/hr\/#website\"},\"primaryImageOfPage\":{\"@id\":\"https:\/\/www.villaadriatica.com\/es\/guestbook\/#primaryimage\"},\"image\":{\"@id\":\"https:\/\/www.villaadriatica.com\/es\/guestbook\/#primaryimage\"},\"thumbnailUrl\":\"https:\/\/www.villaadriatica.com\/wp-content\/uploads\/2014\/02\/Reviewd.jpg\",\"datePublished\":\"2013-07-21T14:35:03+00:00\",\"dateModified\":\"2014-02-07T13:14:05+00:00\",\"description\":\"Excellent Hotel\u201d - Opini\u00f3n 24 de enero 2013 Realmente disfrutamos de este hotel. Tiene una buena ubicaci\u00f3n, las habitaciones est\u00e1n muy limpias , el desayuno buffet es excelente y el personal muy amable y servicial.\",\"breadcrumb\":{\"@id\":\"https:\/\/www.villaadriatica.com\/es\/guestbook\/#breadcrumb\"},\"inLanguage\":\"es\",\"potentialAction\":[{\"@type\":\"ReadAction\",\"target\":[\"https:\/\/www.villaadriatica.com\/es\/guestbook\/\"]}]},{\"@type\":\"ImageObject\",\"inLanguage\":\"es\",\"@id\":\"https:\/\/www.villaadriatica.com\/es\/guestbook\/#primaryimage\",\"url\":\"https:\/\/www.villaadriatica.com\/wp-content\/uploads\/2014\/02\/Reviewd.jpg\",\"contentUrl\":\"https:\/\/www.villaadriatica.com\/wp-content\/uploads\/2014\/02\/Reviewd.jpg\"},{\"@type\":\"BreadcrumbList\",\"@id\":\"https:\/\/www.villaadriatica.com\/es\/guestbook\/#breadcrumb\",\"itemListElement\":[{\"@type\":\"ListItem\",\"position\":1,\"name\":\"Home\",\"item\":\"https:\/\/www.villaadriatica.com\/es\/\"},{\"@type\":\"ListItem\",\"position\":2,\"name\":\"Libro de visitas\"}]},{\"@type\":\"WebSite\",\"@id\":\"https:\/\/www.villaadriatica.com\/hr\/#website\",\"url\":\"https:\/\/www.villaadriatica.com\/hr\/\",\"name\":\"\",\"description\":\"\",\"potentialAction\":[{\"@type\":\"SearchAction\",\"target\":{\"@type\":\"EntryPoint\",\"urlTemplate\":\"https:\/\/www.villaadriatica.com\/hr\/?s={search_term_string}\"},\"query-input\":{\"@type\":\"PropertyValueSpecification\",\"valueRequired\":true,\"valueName\":\"search_term_string\"}}],\"inLanguage\":\"es\"}]}<\/script>\n<!-- \/ Yoast SEO plugin. -->","yoast_head_json":{"title":"Hotel Villa Adriatica | Supetar, Bra\u010d | Libro de visitas","description":"Excellent Hotel\u201d - Opini\u00f3n 24 de enero 2013 Realmente disfrutamos de este hotel. Tiene una buena ubicaci\u00f3n, las habitaciones est\u00e1n muy limpias , el desayuno buffet es excelente y el personal muy amable y servicial.","robots":{"index":"index","follow":"follow","max-snippet":"max-snippet:-1","max-image-preview":"max-image-preview:large","max-video-preview":"max-video-preview:-1"},"canonical":"https:\/\/www.villaadriatica.com\/es\/guestbook\/","og_locale":"es_ES","og_type":"article","og_title":"Hotel Villa Adriatica | Supetar, Bra\u010d | Libro de visitas","og_description":"Excellent Hotel\u201d - Opini\u00f3n 24 de enero 2013 Realmente disfrutamos de este hotel. Tiene una buena ubicaci\u00f3n, las habitaciones est\u00e1n muy limpias , el desayuno buffet es excelente y el personal muy amable y servicial.","og_url":"https:\/\/www.villaadriatica.com\/es\/guestbook\/","article_modified_time":"2014-02-07T13:14:05+00:00","og_image":[{"url":"https:\/\/www.villaadriatica.com\/wp-content\/uploads\/2014\/02\/Reviewd.jpg","type":"","width":"","height":""}],"twitter_misc":{"Tiempo de lectura":"2 minutos"},"schema":{"@context":"https:\/\/schema.org","@graph":[{"@type":"WebPage","@id":"https:\/\/www.villaadriatica.com\/es\/guestbook\/","url":"https:\/\/www.villaadriatica.com\/es\/guestbook\/","name":"Hotel Villa Adriatica | Supetar, Bra\u010d | Libro de visitas","isPartOf":{"@id":"https:\/\/www.villaadriatica.com\/hr\/#website"},"primaryImageOfPage":{"@id":"https:\/\/www.villaadriatica.com\/es\/guestbook\/#primaryimage"},"image":{"@id":"https:\/\/www.villaadriatica.com\/es\/guestbook\/#primaryimage"},"thumbnailUrl":"https:\/\/www.villaadriatica.com\/wp-content\/uploads\/2014\/02\/Reviewd.jpg","datePublished":"2013-07-21T14:35:03+00:00","dateModified":"2014-02-07T13:14:05+00:00","description":"Excellent Hotel\u201d - Opini\u00f3n 24 de enero 2013 Realmente disfrutamos de este hotel. Tiene una buena ubicaci\u00f3n, las habitaciones est\u00e1n muy limpias , el desayuno buffet es excelente y el personal muy amable y servicial.","breadcrumb":{"@id":"https:\/\/www.villaadriatica.com\/es\/guestbook\/#breadcrumb"},"inLanguage":"es","potentialAction":[{"@type":"ReadAction","target":["https:\/\/www.villaadriatica.com\/es\/guestbook\/"]}]},{"@type":"ImageObject","inLanguage":"es","@id":"https:\/\/www.villaadriatica.com\/es\/guestbook\/#primaryimage","url":"https:\/\/www.villaadriatica.com\/wp-content\/uploads\/2014\/02\/Reviewd.jpg","contentUrl":"https:\/\/www.villaadriatica.com\/wp-content\/uploads\/2014\/02\/Reviewd.jpg"},{"@type":"BreadcrumbList","@id":"https:\/\/www.villaadriatica.com\/es\/guestbook\/#breadcrumb","itemListElement":[{"@type":"ListItem","position":1,"name":"Home","item":"https:\/\/www.villaadriatica.com\/es\/"},{"@type":"ListItem","position":2,"name":"Libro de visitas"}]},{"@type":"WebSite","@id":"https:\/\/www.villaadriatica.com\/hr\/#website","url":"https:\/\/www.villaadriatica.com\/hr\/","name":"","description":"","potentialAction":[{"@type":"SearchAction","target":{"@type":"EntryPoint","urlTemplate":"https:\/\/www.villaadriatica.com\/hr\/?s={search_term_string}"},"query-input":{"@type":"PropertyValueSpecification","valueRequired":true,"valueName":"search_term_string"}}],"inLanguage":"es"}]}},"_links":{"self":[{"href":"https:\/\/www.villaadriatica.com\/es\/wp-json\/wp\/v2\/pages\/1299","targetHints":{"allow":["GET"]}}],"collection":[{"href":"https:\/\/www.villaadriatica.com\/es\/wp-json\/wp\/v2\/pages"}],"about":[{"href":"https:\/\/www.villaadriatica.com\/es\/wp-json\/wp\/v2\/types\/page"}],"author":[{"embeddable":true,"href":"https:\/\/www.villaadriatica.com\/es\/wp-json\/wp\/v2\/users\/1"}],"replies":[{"embeddable":true,"href":"https:\/\/www.villaadriatica.com\/es\/wp-json\/wp\/v2\/comments?post=1299"}],"version-history":[{"count":7,"href":"https:\/\/www.villaadriatica.com\/es\/wp-json\/wp\/v2\/pages\/1299\/revisions"}],"predecessor-version":[{"id":2243,"href":"https:\/\/www.villaadriatica.com\/es\/wp-json\/wp\/v2\/pages\/1299\/revisions\/2243"}],"wp:attachment":[{"href":"https:\/\/www.villaadriatica.com\/es\/wp-json\/wp\/v2\/media?parent=1299"}],"curies":[{"name":"wp","href":"https:\/\/api.w.org\/{rel}","templated":true}]}}