{"id":1267,"date":"2013-06-10T15:41:01","date_gmt":"2013-06-10T15:41:01","guid":{"rendered":"https:\/\/www.villaadriatica.com\/island-brac-2\/"},"modified":"2013-12-09T08:05:49","modified_gmt":"2013-12-09T08:05:49","slug":"le-isla-de-brac","status":"publish","type":"page","link":"https:\/\/www.villaadriatica.com\/es\/le-isla-de-brac\/","title":{"rendered":"Le isla de Brac"},"content":{"rendered":"<p>Brac o Brazza (a veces escrito &#8220;Brac&#8221;), es una isla del adri\u00e1tico d\u00e1lmata, en Croacia. Su principal pueblo es Supetar. Hay un autob\u00fas que recorre la isla de norte a sur y viceversa (Supetar-Bol-Supetar), dura aproximadamente una hora. Tiene conexi\u00f3n regular por ferry con Split.<br \/>\nLa isla ha estado poblada desde miles de a\u00f1os. Se han encontrado vestigios del paleol\u00edtico, adem\u00e1s de restos de la cultura iliria. Los romanos al conquistar la Dalmacia llamaron a la isla Bretia (tambi\u00e9n Brattia). Durante siglos posteriores fue invadida por \u00e1varos y tribus eslavas.<br \/>\nDurante los siglos XIII y XIV la isla estuvo bajo la autoridad de la Rep\u00fablica de Venecia, y se le dio el nombre de Brazza. M\u00e1s tarde se incorporar\u00eda al reino de Hungr\u00eda, para luego volver a dominio veneciano. En el siglo XVIII la isla fue disputada por los venecianos, el Imperio otomano y la corona de Habsburgo. Finalmente, en 1815 el Congreso de Viena la asign\u00f3 al Imperio austroh\u00fangaro junto con el resto de Croacia. Durante la segunda mitad del siglo XIX y las primeras d\u00e9cadas del siglo XX se vivi\u00f3 una continua emigraci\u00f3n de habitantes hacia pa\u00edses como Australia, Nueva Zelanda, Argentina y Chile. Tras la I Guerra Mundial, en 1918 la isla fue integrada a Yugoslavia. En 1991, pas\u00f3 a formar parte de la reci\u00e9n independizada Croacia.<a href=\"https:\/\/www.villaadriatica.com\/wp-content\/uploads\/2013\/06\/Island-Brac-Croatia-01.jpg\"><img loading=\"lazy\" decoding=\"async\" class=\"alignnone  wp-image-44\" title=\"Island Bra\u010d, Croatia - Bol, Golden cape beach\" src=\"https:\/\/www.villaadriatica.com\/wp-content\/uploads\/2013\/06\/Island-Brac-Croatia-01.jpg\" alt=\"Island Bra\u010d, Croatia - Bol, Golden cape beach\" width=\"630\" height=\"380\" srcset=\"https:\/\/www.villaadriatica.com\/wp-content\/uploads\/2013\/06\/Island-Brac-Croatia-01.jpg 1050w, https:\/\/www.villaadriatica.com\/wp-content\/uploads\/2013\/06\/Island-Brac-Croatia-01-300x181.jpg 300w, https:\/\/www.villaadriatica.com\/wp-content\/uploads\/2013\/06\/Island-Brac-Croatia-01-1024x618.jpg 1024w\" sizes=\"auto, (max-width: 630px) 100vw, 630px\" \/><\/a><a href=\"https:\/\/www.villaadriatica.com\/wp-content\/uploads\/2013\/06\/Island-Brac-Croatia-002.jpg\"><img loading=\"lazy\" decoding=\"async\" class=\"alignnone  wp-image-216\" title=\"Island Brac Croatia, Sumartin\" src=\"https:\/\/www.villaadriatica.com\/wp-content\/uploads\/2013\/06\/Island-Brac-Croatia-002.jpg\" alt=\"Island Brac Croatia, Sumartin\" width=\"630\" height=\"380\" srcset=\"https:\/\/www.villaadriatica.com\/wp-content\/uploads\/2013\/06\/Island-Brac-Croatia-002.jpg 900w, https:\/\/www.villaadriatica.com\/wp-content\/uploads\/2013\/06\/Island-Brac-Croatia-002-300x181.jpg 300w\" sizes=\"auto, (max-width: 630px) 100vw, 630px\" \/><\/a>El clima de Brac es t\u00edpicamente mediterr\u00e1neo, con inviernos suaves y lluviosos y veranos secos, c\u00e1lidos y soleados. El punto m\u00e1s elevado de Brac, la monta\u00f1a Vidova gora, ofrece hermosas vistas de todo el archipi\u00e9lago. Brac es la tercera isla m\u00e1s grande del Adri\u00e1tico.<br \/>\nLa isla ha dependido principalmente de la agricultura y la pesca. Plinio el Viejo comentaba positivamente sobre el vino, el aceite de oliva y el queso de cabra producido all\u00ed. No obstante, Brac ha sido siempre famosa por su piedra blanca (piedra caliza c\u00e1rstica), que ha sido utilizada para construir palacios como el de Diocleciano en Split y la Casa Blanca en Washington.<br \/>\nEn el coraz\u00f3n de Brac (aproximadamente a 3 km. De la cista meridional de Brac) se esconden perlas del patrimonio cultural croata, como la ermita o monasterio de Blaca (del griego: desierto). Construido sobre una saliente de un acantilado brusco de piedra y completamente aislado fue un monasterio de monjes franciscanos fundado en el S XVI. All\u00ed se guardan antiqu\u00edsimos documentos escritos en glagol\u00edtico, antiguo alfabeto eslavo que se utiliz\u00f3 hasta la sustituci\u00f3n por el cir\u00edlico. La ermita sirvi\u00f3 tambi\u00e9n de observatorio astrol\u00f3gico hasta 1963 en que se transform\u00f3 en museo y centro de investigaciones. De otros eremitorios conservados y diseminados por la isla es interesante visitar la Cueva del drag\u00f3n en Bol.<a href=\"https:\/\/www.villaadriatica.com\/wp-content\/uploads\/2013\/06\/Island-Brac-Croatia-005.jpg\"><img loading=\"lazy\" decoding=\"async\" class=\"alignnone  wp-image-219\" title=\"Island Bra\u010d, Croatia - Pustinja Blaca\" src=\"https:\/\/www.villaadriatica.com\/wp-content\/uploads\/2013\/06\/Island-Brac-Croatia-005.jpg\" alt=\"Island Bra\u010d, Croatia - Pustinja Blaca\" width=\"630\" height=\"380\" srcset=\"https:\/\/www.villaadriatica.com\/wp-content\/uploads\/2013\/06\/Island-Brac-Croatia-005.jpg 900w, https:\/\/www.villaadriatica.com\/wp-content\/uploads\/2013\/06\/Island-Brac-Croatia-005-300x181.jpg 300w\" sizes=\"auto, (max-width: 630px) 100vw, 630px\" \/><\/a><a href=\"https:\/\/www.villaadriatica.com\/wp-content\/uploads\/2013\/06\/Island-Brac-Croatia-006.jpg\"><img loading=\"lazy\" decoding=\"async\" class=\"alignnone  wp-image-221\" title=\"Island Bra\u010d, Croatia - Dragon cave\" src=\"https:\/\/www.villaadriatica.com\/wp-content\/uploads\/2013\/06\/Island-Brac-Croatia-006.jpg\" alt=\"Island Bra\u010d, Croatia - Dragon cave\" width=\"630\" height=\"380\" srcset=\"https:\/\/www.villaadriatica.com\/wp-content\/uploads\/2013\/06\/Island-Brac-Croatia-006.jpg 900w, https:\/\/www.villaadriatica.com\/wp-content\/uploads\/2013\/06\/Island-Brac-Croatia-006-300x181.jpg 300w\" sizes=\"auto, (max-width: 630px) 100vw, 630px\" \/><\/a><br \/>\n<!-- Social Ring Buttons Start --><div class=\"social-ring\">\n<div class=\"social-ring-button\"><fb:like href=\"https:\/\/www.villaadriatica.com\/es\/le-isla-de-brac\/\" showfaces=\"false\" layout=\"button_count\" action=\"like\"><\/fb:like><\/div>\n<div class=\"social-ring-button\"><a href=\"https:\/\/www.facebook.com\/sharer\/sharer.php?s=100&p[url]=https:\/\/www.villaadriatica.com\/es\/le-isla-de-brac\/\" target=\"_blank\"\n\t\t\t\t\t\t\tonclick=\"window.open('https:\/\/www.facebook.com\/sharer\/sharer.php?s=100&p[url]=https:\/\/www.villaadriatica.com\/es\/le-isla-de-brac\/', 'newwindow', 'width=600, height=450'); return false;\" >\n\t\t\t\t\t\t\t<img decoding=\"async\" style=\"display:block; background: none; padding: 0px; border:0px;\" src=\"https:\/\/www.villaadriatica.com\/wp-content\/plugins\/wordpress-social-ring\/includes\/..\/admin\/images\/sr-fb-share.png\" alt=\"Share\"\/>\n\t\t\t\t\t\t<\/a><\/div>\n<div class=\"social-ring-button\"><a rel=\"nofollow\" href=\"http:\/\/twitter.com\/share\" lang=\"en\" data-url=\"https:\/\/www.villaadriatica.com\/es\/le-isla-de-brac\/\" data-text=\"Le isla de Brac\" data-count=\"horizontal\" class=\"sr-twitter-button twitter-share-button\"><\/a><\/div>\n<div class=\"social-ring-button\"><div class=\"g-plusone\" data-href=\"https:\/\/www.villaadriatica.com\/es\/le-isla-de-brac\/\" data-size=\"medium\" ><\/div><\/div>\n<div class=\"social-ring-button\"><a rel=\"nofollow\" href=\"http:\/\/pinterest.com\/pin\/create\/button\/?url=https%3A%2F%2Fwww.villaadriatica.com%2Fes%2Fle-isla-de-brac%2F&media=https%3A%2F%2Fwww.villaadriatica.com%2Fwp-content%2Fuploads%2F2013%2F06%2FIsland-Brac-Croatia-01.jpg&description=Le+isla+de+Brac\" class=\"pin-it-button\"count-layout=\"horizontal\"><\/a><\/div>\n<\/div><!-- Social Ring Buttons End -->\n<\/p>\n","protected":false},"excerpt":{"rendered":"<p>Brac o Brazza (a veces escrito &#8220;Brac&#8221;), es una isla del adri\u00e1tico d\u00e1lmata, en Croacia. Su principal pueblo es Supetar. Hay un autob\u00fas que recorre la isla de norte a sur y viceversa (Supetar-Bol-Supetar),&#8230;<\/p>\n","protected":false},"author":1,"featured_media":44,"parent":0,"menu_order":0,"comment_status":"closed","ping_status":"closed","template":"","meta":{"footnotes":""},"class_list":["post-1267","page","type-page","status-publish","has-post-thumbnail","hentry"],"yoast_head":"<!-- This site is optimized with the Yoast SEO plugin v25.1 - https:\/\/yoast.com\/wordpress\/plugins\/seo\/ -->\n<title>Le isla de Brac | Hotel Villa Adriatica<\/title>\n<meta name=\"description\" content=\"Brac o Brazza (a veces escrito &quot;Brac&quot;), es una isla del adri\u00e1tico d\u00e1lmata, en Croacia. Su principal pueblo es Supetar. Hay un autob\u00fas que recorre la isla de norte a sur y viceversa (Supetar-Bol-Supetar).\" \/>\n<meta name=\"robots\" content=\"index, follow, max-snippet:-1, max-image-preview:large, max-video-preview:-1\" \/>\n<link rel=\"canonical\" href=\"https:\/\/www.villaadriatica.com\/es\/le-isla-de-brac\/\" \/>\n<meta property=\"og:locale\" content=\"es_ES\" \/>\n<meta property=\"og:type\" content=\"article\" \/>\n<meta property=\"og:title\" content=\"Le isla de Brac | Hotel Villa Adriatica\" \/>\n<meta property=\"og:description\" content=\"Brac o Brazza (a veces escrito &quot;Brac&quot;), es una isla del adri\u00e1tico d\u00e1lmata, en Croacia. Su principal pueblo es Supetar. Hay un autob\u00fas que recorre la isla de norte a sur y viceversa (Supetar-Bol-Supetar).\" \/>\n<meta property=\"og:url\" content=\"https:\/\/www.villaadriatica.com\/es\/le-isla-de-brac\/\" \/>\n<meta property=\"article:modified_time\" content=\"2013-12-09T08:05:49+00:00\" \/>\n<meta property=\"og:image\" content=\"https:\/\/www.villaadriatica.com\/wp-content\/uploads\/2013\/06\/Island-Brac-Croatia-01.jpg\" \/>\n\t<meta property=\"og:image:width\" content=\"1050\" \/>\n\t<meta property=\"og:image:height\" content=\"634\" \/>\n\t<meta property=\"og:image:type\" content=\"image\/jpeg\" \/>\n<meta name=\"twitter:label1\" content=\"Tiempo de lectura\" \/>\n\t<meta name=\"twitter:data1\" content=\"2 minutos\" \/>\n<script type=\"application\/ld+json\" class=\"yoast-schema-graph\">{\"@context\":\"https:\/\/schema.org\",\"@graph\":[{\"@type\":\"WebPage\",\"@id\":\"https:\/\/www.villaadriatica.com\/es\/le-isla-de-brac\/\",\"url\":\"https:\/\/www.villaadriatica.com\/es\/le-isla-de-brac\/\",\"name\":\"Le isla de Brac | Hotel Villa Adriatica\",\"isPartOf\":{\"@id\":\"https:\/\/www.villaadriatica.com\/hr\/#website\"},\"primaryImageOfPage\":{\"@id\":\"https:\/\/www.villaadriatica.com\/es\/le-isla-de-brac\/#primaryimage\"},\"image\":{\"@id\":\"https:\/\/www.villaadriatica.com\/es\/le-isla-de-brac\/#primaryimage\"},\"thumbnailUrl\":\"https:\/\/www.villaadriatica.com\/wp-content\/uploads\/2013\/06\/Island-Brac-Croatia-01.jpg\",\"datePublished\":\"2013-06-10T15:41:01+00:00\",\"dateModified\":\"2013-12-09T08:05:49+00:00\",\"description\":\"Brac o Brazza (a veces escrito \\\"Brac\\\"), es una isla del adri\u00e1tico d\u00e1lmata, en Croacia. Su principal pueblo es Supetar. Hay un autob\u00fas que recorre la isla de norte a sur y viceversa (Supetar-Bol-Supetar).\",\"breadcrumb\":{\"@id\":\"https:\/\/www.villaadriatica.com\/es\/le-isla-de-brac\/#breadcrumb\"},\"inLanguage\":\"es\",\"potentialAction\":[{\"@type\":\"ReadAction\",\"target\":[\"https:\/\/www.villaadriatica.com\/es\/le-isla-de-brac\/\"]}]},{\"@type\":\"ImageObject\",\"inLanguage\":\"es\",\"@id\":\"https:\/\/www.villaadriatica.com\/es\/le-isla-de-brac\/#primaryimage\",\"url\":\"https:\/\/www.villaadriatica.com\/wp-content\/uploads\/2013\/06\/Island-Brac-Croatia-01.jpg\",\"contentUrl\":\"https:\/\/www.villaadriatica.com\/wp-content\/uploads\/2013\/06\/Island-Brac-Croatia-01.jpg\",\"width\":\"1050\",\"height\":\"634\",\"caption\":\"Island Bra\u010d, Croatia\"},{\"@type\":\"BreadcrumbList\",\"@id\":\"https:\/\/www.villaadriatica.com\/es\/le-isla-de-brac\/#breadcrumb\",\"itemListElement\":[{\"@type\":\"ListItem\",\"position\":1,\"name\":\"Home\",\"item\":\"https:\/\/www.villaadriatica.com\/es\/\"},{\"@type\":\"ListItem\",\"position\":2,\"name\":\"Le isla de Brac\"}]},{\"@type\":\"WebSite\",\"@id\":\"https:\/\/www.villaadriatica.com\/hr\/#website\",\"url\":\"https:\/\/www.villaadriatica.com\/hr\/\",\"name\":\"\",\"description\":\"\",\"potentialAction\":[{\"@type\":\"SearchAction\",\"target\":{\"@type\":\"EntryPoint\",\"urlTemplate\":\"https:\/\/www.villaadriatica.com\/hr\/?s={search_term_string}\"},\"query-input\":{\"@type\":\"PropertyValueSpecification\",\"valueRequired\":true,\"valueName\":\"search_term_string\"}}],\"inLanguage\":\"es\"}]}<\/script>\n<!-- \/ Yoast SEO plugin. -->","yoast_head_json":{"title":"Le isla de Brac | Hotel Villa Adriatica","description":"Brac o Brazza (a veces escrito \"Brac\"), es una isla del adri\u00e1tico d\u00e1lmata, en Croacia. Su principal pueblo es Supetar. Hay un autob\u00fas que recorre la isla de norte a sur y viceversa (Supetar-Bol-Supetar).","robots":{"index":"index","follow":"follow","max-snippet":"max-snippet:-1","max-image-preview":"max-image-preview:large","max-video-preview":"max-video-preview:-1"},"canonical":"https:\/\/www.villaadriatica.com\/es\/le-isla-de-brac\/","og_locale":"es_ES","og_type":"article","og_title":"Le isla de Brac | Hotel Villa Adriatica","og_description":"Brac o Brazza (a veces escrito \"Brac\"), es una isla del adri\u00e1tico d\u00e1lmata, en Croacia. Su principal pueblo es Supetar. Hay un autob\u00fas que recorre la isla de norte a sur y viceversa (Supetar-Bol-Supetar).","og_url":"https:\/\/www.villaadriatica.com\/es\/le-isla-de-brac\/","article_modified_time":"2013-12-09T08:05:49+00:00","og_image":[{"width":1050,"height":634,"url":"https:\/\/www.villaadriatica.com\/wp-content\/uploads\/2013\/06\/Island-Brac-Croatia-01.jpg","type":"image\/jpeg"}],"twitter_misc":{"Tiempo de lectura":"2 minutos"},"schema":{"@context":"https:\/\/schema.org","@graph":[{"@type":"WebPage","@id":"https:\/\/www.villaadriatica.com\/es\/le-isla-de-brac\/","url":"https:\/\/www.villaadriatica.com\/es\/le-isla-de-brac\/","name":"Le isla de Brac | Hotel Villa Adriatica","isPartOf":{"@id":"https:\/\/www.villaadriatica.com\/hr\/#website"},"primaryImageOfPage":{"@id":"https:\/\/www.villaadriatica.com\/es\/le-isla-de-brac\/#primaryimage"},"image":{"@id":"https:\/\/www.villaadriatica.com\/es\/le-isla-de-brac\/#primaryimage"},"thumbnailUrl":"https:\/\/www.villaadriatica.com\/wp-content\/uploads\/2013\/06\/Island-Brac-Croatia-01.jpg","datePublished":"2013-06-10T15:41:01+00:00","dateModified":"2013-12-09T08:05:49+00:00","description":"Brac o Brazza (a veces escrito \"Brac\"), es una isla del adri\u00e1tico d\u00e1lmata, en Croacia. Su principal pueblo es Supetar. Hay un autob\u00fas que recorre la isla de norte a sur y viceversa (Supetar-Bol-Supetar).","breadcrumb":{"@id":"https:\/\/www.villaadriatica.com\/es\/le-isla-de-brac\/#breadcrumb"},"inLanguage":"es","potentialAction":[{"@type":"ReadAction","target":["https:\/\/www.villaadriatica.com\/es\/le-isla-de-brac\/"]}]},{"@type":"ImageObject","inLanguage":"es","@id":"https:\/\/www.villaadriatica.com\/es\/le-isla-de-brac\/#primaryimage","url":"https:\/\/www.villaadriatica.com\/wp-content\/uploads\/2013\/06\/Island-Brac-Croatia-01.jpg","contentUrl":"https:\/\/www.villaadriatica.com\/wp-content\/uploads\/2013\/06\/Island-Brac-Croatia-01.jpg","width":"1050","height":"634","caption":"Island Bra\u010d, Croatia"},{"@type":"BreadcrumbList","@id":"https:\/\/www.villaadriatica.com\/es\/le-isla-de-brac\/#breadcrumb","itemListElement":[{"@type":"ListItem","position":1,"name":"Home","item":"https:\/\/www.villaadriatica.com\/es\/"},{"@type":"ListItem","position":2,"name":"Le isla de Brac"}]},{"@type":"WebSite","@id":"https:\/\/www.villaadriatica.com\/hr\/#website","url":"https:\/\/www.villaadriatica.com\/hr\/","name":"","description":"","potentialAction":[{"@type":"SearchAction","target":{"@type":"EntryPoint","urlTemplate":"https:\/\/www.villaadriatica.com\/hr\/?s={search_term_string}"},"query-input":{"@type":"PropertyValueSpecification","valueRequired":true,"valueName":"search_term_string"}}],"inLanguage":"es"}]}},"_links":{"self":[{"href":"https:\/\/www.villaadriatica.com\/es\/wp-json\/wp\/v2\/pages\/1267","targetHints":{"allow":["GET"]}}],"collection":[{"href":"https:\/\/www.villaadriatica.com\/es\/wp-json\/wp\/v2\/pages"}],"about":[{"href":"https:\/\/www.villaadriatica.com\/es\/wp-json\/wp\/v2\/types\/page"}],"author":[{"embeddable":true,"href":"https:\/\/www.villaadriatica.com\/es\/wp-json\/wp\/v2\/users\/1"}],"replies":[{"embeddable":true,"href":"https:\/\/www.villaadriatica.com\/es\/wp-json\/wp\/v2\/comments?post=1267"}],"version-history":[{"count":3,"href":"https:\/\/www.villaadriatica.com\/es\/wp-json\/wp\/v2\/pages\/1267\/revisions"}],"predecessor-version":[{"id":1268,"href":"https:\/\/www.villaadriatica.com\/es\/wp-json\/wp\/v2\/pages\/1267\/revisions\/1268"}],"wp:featuredmedia":[{"embeddable":true,"href":"https:\/\/www.villaadriatica.com\/es\/wp-json\/wp\/v2\/media\/44"}],"wp:attachment":[{"href":"https:\/\/www.villaadriatica.com\/es\/wp-json\/wp\/v2\/media?parent=1267"}],"curies":[{"name":"wp","href":"https:\/\/api.w.org\/{rel}","templated":true}]}}