{"id":1263,"date":"2013-06-18T13:24:25","date_gmt":"2013-06-18T13:24:25","guid":{"rendered":"https:\/\/www.villaadriatica.com\/special-offer-2\/"},"modified":"2018-06-07T12:13:46","modified_gmt":"2018-06-07T12:13:46","slug":"oferta-especial","status":"publish","type":"page","link":"https:\/\/www.villaadriatica.com\/es\/oferta-especial\/","title":{"rendered":"Oferta especial"},"content":{"rendered":"<p>Hemos preparado un especial de ofertas y promociones de <strong>primero y \u00faltimo momento<\/strong> y a nuestros leales clientes, en el marco del programa &#8220;invitado favorito&#8221;, les esperan tratamientos gratis de spa, regalos en la habitaci\u00f3n y muchas otras sorpresas.<\/p>\n<p>No se pierda ninguna de nuestras ofertas especiales y suscr\u00edbase a nuestro bolet\u00edn de noticias!<\/p>\n<p>M\u00e1s informaci\u00f3n &#8230; ( enlace en oferta especial)<\/p>\n<p><strong><span style=\"color: #ff6600;\">Descuentos<\/span><\/strong><br \/>\nHemos preparado ofertas especiales para las reservas de primera y \u00faltima hora:<br \/>\n<strong>5 % de descuento<\/strong> para el alojamiento en Villa Adri\u00e1tica para reservas realizadas a trav\u00e9s de nuestra p\u00e1gina web. <strong>Reserve ya!<\/strong><\/p>\n<p>29.04.2018 a 12.05.2018 \u2794 <strong>10 % de descuento<\/strong> en las fechas pre &#8211; temporada<\/p>\n<p><a href=\"https:\/\/www.villaadriatica.com\/wp-content\/uploads\/2013\/06\/Special-offer-600.jpg\"><img loading=\"lazy\" decoding=\"async\" class=\"alignnone size-full wp-image-449\" title=\"Hotel Villa Adriatica - Special offer\" src=\"https:\/\/www.villaadriatica.com\/wp-content\/uploads\/2013\/06\/Special-offer-600.jpg\" alt=\"\" width=\"635\" height=\"322\" srcset=\"https:\/\/www.villaadriatica.com\/wp-content\/uploads\/2013\/06\/Special-offer-600.jpg 635w, https:\/\/www.villaadriatica.com\/wp-content\/uploads\/2013\/06\/Special-offer-600-300x152.jpg 300w\" sizes=\"auto, (max-width: 635px) 100vw, 635px\" \/><\/a><\/p>\n<p><strong><span style=\"color: #ff6600;\">Ofertas especiales para nuestros clientes habituales<\/span><\/strong><br \/>\nSer parte de nuestro programa de clientes habituales le traer\u00e1 una serie de beneficios, descuentos y regalos sorpresa . Le esperan paquetes tur\u00edsticos especiales, excursiones y traslados gratuitos, masajes, regalos en la habitaci\u00f3n y otras sorpresas m\u00e1s . Solicite nuestra tarjeta especial que le permitir\u00e1 en la pr\u00f3xima reserva gozar de los beneficios mencionados. No se pierda ninguna de nuestras ofertas especiales y suscr\u00edbase a nuestro bolet\u00edn de noticias!<\/p>\n<p>Para mantenerse al d\u00eda con las \u00faltimas novedades, s\u00edganos en las redes sociales:<br \/>\n<!-- Social Ring Buttons Start --><div class=\"social-ring\">\n<div class=\"social-ring-button\"><fb:like href=\"https:\/\/www.villaadriatica.com\/es\/oferta-especial\/\" showfaces=\"false\" layout=\"button_count\" action=\"like\"><\/fb:like><\/div>\n<div class=\"social-ring-button\"><a href=\"https:\/\/www.facebook.com\/sharer\/sharer.php?s=100&p[url]=https:\/\/www.villaadriatica.com\/es\/oferta-especial\/\" target=\"_blank\"\n\t\t\t\t\t\t\tonclick=\"window.open('https:\/\/www.facebook.com\/sharer\/sharer.php?s=100&p[url]=https:\/\/www.villaadriatica.com\/es\/oferta-especial\/', 'newwindow', 'width=600, height=450'); return false;\" >\n\t\t\t\t\t\t\t<img decoding=\"async\" style=\"display:block; background: none; padding: 0px; border:0px;\" src=\"https:\/\/www.villaadriatica.com\/wp-content\/plugins\/wordpress-social-ring\/includes\/..\/admin\/images\/sr-fb-share.png\" alt=\"Share\"\/>\n\t\t\t\t\t\t<\/a><\/div>\n<div class=\"social-ring-button\"><a rel=\"nofollow\" href=\"http:\/\/twitter.com\/share\" lang=\"en\" data-url=\"https:\/\/www.villaadriatica.com\/es\/oferta-especial\/\" data-text=\"Oferta especial\" data-count=\"horizontal\" class=\"sr-twitter-button twitter-share-button\"><\/a><\/div>\n<div class=\"social-ring-button\"><div class=\"g-plusone\" data-href=\"https:\/\/www.villaadriatica.com\/es\/oferta-especial\/\" data-size=\"medium\" ><\/div><\/div>\n<div class=\"social-ring-button\"><a rel=\"nofollow\" href=\"http:\/\/pinterest.com\/pin\/create\/button\/?url=https%3A%2F%2Fwww.villaadriatica.com%2Fes%2Foferta-especial%2F&media=https%3A%2F%2Fwww.villaadriatica.com%2Fwp-content%2Fuploads%2F2013%2F06%2FSpecial-offer-home.jpg&description=Oferta+especial\" class=\"pin-it-button\"count-layout=\"horizontal\"><\/a><\/div>\n<\/div><!-- Social Ring Buttons End -->\n<\/p>\n","protected":false},"excerpt":{"rendered":"<p>Hemos preparado un especial de ofertas y promociones de primero y \u00faltimo momento y a nuestros leales clientes, en el marco del programa &#8220;invitado favorito&#8221;, les esperan tratamientos gratis de spa, regalos en la&#8230;<\/p>\n","protected":false},"author":1,"featured_media":445,"parent":0,"menu_order":0,"comment_status":"closed","ping_status":"closed","template":"","meta":{"footnotes":""},"class_list":["post-1263","page","type-page","status-publish","has-post-thumbnail","hentry"],"yoast_head":"<!-- This site is optimized with the Yoast SEO plugin v25.1 - https:\/\/yoast.com\/wordpress\/plugins\/seo\/ -->\n<title>Hotel Villa Adriatica | Supetar, Bra\u010d | Oferta especial<\/title>\n<meta name=\"description\" content=\"Hemos preparado un especial de ofertas y promociones de primero y \u00faltimo momento y a nuestros leales clientes, en el marco del programa nvitado favorito.\" \/>\n<meta name=\"robots\" content=\"index, follow, max-snippet:-1, max-image-preview:large, max-video-preview:-1\" \/>\n<link rel=\"canonical\" href=\"https:\/\/www.villaadriatica.com\/es\/oferta-especial\/\" \/>\n<meta property=\"og:locale\" content=\"es_ES\" \/>\n<meta property=\"og:type\" content=\"article\" \/>\n<meta property=\"og:title\" content=\"Hotel Villa Adriatica | Supetar, Bra\u010d | Oferta especial\" \/>\n<meta property=\"og:description\" content=\"Hemos preparado un especial de ofertas y promociones de primero y \u00faltimo momento y a nuestros leales clientes, en el marco del programa nvitado favorito.\" \/>\n<meta property=\"og:url\" content=\"https:\/\/www.villaadriatica.com\/es\/oferta-especial\/\" \/>\n<meta property=\"article:modified_time\" content=\"2018-06-07T12:13:46+00:00\" \/>\n<meta property=\"og:image\" content=\"https:\/\/www.villaadriatica.com\/wp-content\/uploads\/2013\/06\/Special-offer-home.jpg\" \/>\n\t<meta property=\"og:image:width\" content=\"900\" \/>\n\t<meta property=\"og:image:height\" content=\"456\" \/>\n\t<meta property=\"og:image:type\" content=\"image\/jpeg\" \/>\n<meta name=\"twitter:label1\" content=\"Tiempo de lectura\" \/>\n\t<meta name=\"twitter:data1\" content=\"1 minuto\" \/>\n<script type=\"application\/ld+json\" class=\"yoast-schema-graph\">{\"@context\":\"https:\/\/schema.org\",\"@graph\":[{\"@type\":\"WebPage\",\"@id\":\"https:\/\/www.villaadriatica.com\/es\/oferta-especial\/\",\"url\":\"https:\/\/www.villaadriatica.com\/es\/oferta-especial\/\",\"name\":\"Hotel Villa Adriatica | Supetar, Bra\u010d | Oferta especial\",\"isPartOf\":{\"@id\":\"https:\/\/www.villaadriatica.com\/hr\/#website\"},\"primaryImageOfPage\":{\"@id\":\"https:\/\/www.villaadriatica.com\/es\/oferta-especial\/#primaryimage\"},\"image\":{\"@id\":\"https:\/\/www.villaadriatica.com\/es\/oferta-especial\/#primaryimage\"},\"thumbnailUrl\":\"https:\/\/www.villaadriatica.com\/wp-content\/uploads\/2013\/06\/Special-offer-home.jpg\",\"datePublished\":\"2013-06-18T13:24:25+00:00\",\"dateModified\":\"2018-06-07T12:13:46+00:00\",\"description\":\"Hemos preparado un especial de ofertas y promociones de primero y \u00faltimo momento y a nuestros leales clientes, en el marco del programa nvitado favorito.\",\"breadcrumb\":{\"@id\":\"https:\/\/www.villaadriatica.com\/es\/oferta-especial\/#breadcrumb\"},\"inLanguage\":\"es\",\"potentialAction\":[{\"@type\":\"ReadAction\",\"target\":[\"https:\/\/www.villaadriatica.com\/es\/oferta-especial\/\"]}]},{\"@type\":\"ImageObject\",\"inLanguage\":\"es\",\"@id\":\"https:\/\/www.villaadriatica.com\/es\/oferta-especial\/#primaryimage\",\"url\":\"https:\/\/www.villaadriatica.com\/wp-content\/uploads\/2013\/06\/Special-offer-home.jpg\",\"contentUrl\":\"https:\/\/www.villaadriatica.com\/wp-content\/uploads\/2013\/06\/Special-offer-home.jpg\",\"width\":\"900\",\"height\":\"456\"},{\"@type\":\"BreadcrumbList\",\"@id\":\"https:\/\/www.villaadriatica.com\/es\/oferta-especial\/#breadcrumb\",\"itemListElement\":[{\"@type\":\"ListItem\",\"position\":1,\"name\":\"Home\",\"item\":\"https:\/\/www.villaadriatica.com\/es\/\"},{\"@type\":\"ListItem\",\"position\":2,\"name\":\"Oferta especial\"}]},{\"@type\":\"WebSite\",\"@id\":\"https:\/\/www.villaadriatica.com\/hr\/#website\",\"url\":\"https:\/\/www.villaadriatica.com\/hr\/\",\"name\":\"\",\"description\":\"\",\"potentialAction\":[{\"@type\":\"SearchAction\",\"target\":{\"@type\":\"EntryPoint\",\"urlTemplate\":\"https:\/\/www.villaadriatica.com\/hr\/?s={search_term_string}\"},\"query-input\":{\"@type\":\"PropertyValueSpecification\",\"valueRequired\":true,\"valueName\":\"search_term_string\"}}],\"inLanguage\":\"es\"}]}<\/script>\n<!-- \/ Yoast SEO plugin. -->","yoast_head_json":{"title":"Hotel Villa Adriatica | Supetar, Bra\u010d | Oferta especial","description":"Hemos preparado un especial de ofertas y promociones de primero y \u00faltimo momento y a nuestros leales clientes, en el marco del programa nvitado favorito.","robots":{"index":"index","follow":"follow","max-snippet":"max-snippet:-1","max-image-preview":"max-image-preview:large","max-video-preview":"max-video-preview:-1"},"canonical":"https:\/\/www.villaadriatica.com\/es\/oferta-especial\/","og_locale":"es_ES","og_type":"article","og_title":"Hotel Villa Adriatica | Supetar, Bra\u010d | Oferta especial","og_description":"Hemos preparado un especial de ofertas y promociones de primero y \u00faltimo momento y a nuestros leales clientes, en el marco del programa nvitado favorito.","og_url":"https:\/\/www.villaadriatica.com\/es\/oferta-especial\/","article_modified_time":"2018-06-07T12:13:46+00:00","og_image":[{"width":900,"height":456,"url":"https:\/\/www.villaadriatica.com\/wp-content\/uploads\/2013\/06\/Special-offer-home.jpg","type":"image\/jpeg"}],"twitter_misc":{"Tiempo de lectura":"1 minuto"},"schema":{"@context":"https:\/\/schema.org","@graph":[{"@type":"WebPage","@id":"https:\/\/www.villaadriatica.com\/es\/oferta-especial\/","url":"https:\/\/www.villaadriatica.com\/es\/oferta-especial\/","name":"Hotel Villa Adriatica | Supetar, Bra\u010d | Oferta especial","isPartOf":{"@id":"https:\/\/www.villaadriatica.com\/hr\/#website"},"primaryImageOfPage":{"@id":"https:\/\/www.villaadriatica.com\/es\/oferta-especial\/#primaryimage"},"image":{"@id":"https:\/\/www.villaadriatica.com\/es\/oferta-especial\/#primaryimage"},"thumbnailUrl":"https:\/\/www.villaadriatica.com\/wp-content\/uploads\/2013\/06\/Special-offer-home.jpg","datePublished":"2013-06-18T13:24:25+00:00","dateModified":"2018-06-07T12:13:46+00:00","description":"Hemos preparado un especial de ofertas y promociones de primero y \u00faltimo momento y a nuestros leales clientes, en el marco del programa nvitado favorito.","breadcrumb":{"@id":"https:\/\/www.villaadriatica.com\/es\/oferta-especial\/#breadcrumb"},"inLanguage":"es","potentialAction":[{"@type":"ReadAction","target":["https:\/\/www.villaadriatica.com\/es\/oferta-especial\/"]}]},{"@type":"ImageObject","inLanguage":"es","@id":"https:\/\/www.villaadriatica.com\/es\/oferta-especial\/#primaryimage","url":"https:\/\/www.villaadriatica.com\/wp-content\/uploads\/2013\/06\/Special-offer-home.jpg","contentUrl":"https:\/\/www.villaadriatica.com\/wp-content\/uploads\/2013\/06\/Special-offer-home.jpg","width":"900","height":"456"},{"@type":"BreadcrumbList","@id":"https:\/\/www.villaadriatica.com\/es\/oferta-especial\/#breadcrumb","itemListElement":[{"@type":"ListItem","position":1,"name":"Home","item":"https:\/\/www.villaadriatica.com\/es\/"},{"@type":"ListItem","position":2,"name":"Oferta especial"}]},{"@type":"WebSite","@id":"https:\/\/www.villaadriatica.com\/hr\/#website","url":"https:\/\/www.villaadriatica.com\/hr\/","name":"","description":"","potentialAction":[{"@type":"SearchAction","target":{"@type":"EntryPoint","urlTemplate":"https:\/\/www.villaadriatica.com\/hr\/?s={search_term_string}"},"query-input":{"@type":"PropertyValueSpecification","valueRequired":true,"valueName":"search_term_string"}}],"inLanguage":"es"}]}},"_links":{"self":[{"href":"https:\/\/www.villaadriatica.com\/es\/wp-json\/wp\/v2\/pages\/1263","targetHints":{"allow":["GET"]}}],"collection":[{"href":"https:\/\/www.villaadriatica.com\/es\/wp-json\/wp\/v2\/pages"}],"about":[{"href":"https:\/\/www.villaadriatica.com\/es\/wp-json\/wp\/v2\/types\/page"}],"author":[{"embeddable":true,"href":"https:\/\/www.villaadriatica.com\/es\/wp-json\/wp\/v2\/users\/1"}],"replies":[{"embeddable":true,"href":"https:\/\/www.villaadriatica.com\/es\/wp-json\/wp\/v2\/comments?post=1263"}],"version-history":[{"count":5,"href":"https:\/\/www.villaadriatica.com\/es\/wp-json\/wp\/v2\/pages\/1263\/revisions"}],"predecessor-version":[{"id":2896,"href":"https:\/\/www.villaadriatica.com\/es\/wp-json\/wp\/v2\/pages\/1263\/revisions\/2896"}],"wp:featuredmedia":[{"embeddable":true,"href":"https:\/\/www.villaadriatica.com\/es\/wp-json\/wp\/v2\/media\/445"}],"wp:attachment":[{"href":"https:\/\/www.villaadriatica.com\/es\/wp-json\/wp\/v2\/media?parent=1263"}],"curies":[{"name":"wp","href":"https:\/\/api.w.org\/{rel}","templated":true}]}}