{"id":1691,"date":"2013-07-12T13:34:18","date_gmt":"2013-07-12T13:34:18","guid":{"rendered":"https:\/\/www.villaadriatica.com\/how-to-get-there-2\/"},"modified":"2016-08-13T08:57:10","modified_gmt":"2016-08-13T08:57:10","slug":"wie-sie-uns-erreichen","status":"publish","type":"page","link":"https:\/\/www.villaadriatica.com\/de\/wie-sie-uns-erreichen\/","title":{"rendered":"Wie Sie Uns erreichen"},"content":{"rendered":"<p>Wie in Supetar \/ Villa Adriatica zu erhalten:<br \/>\nMit Split Flughafen zum Hafen ist etwa 30 Minuten entfernt.<br \/>\nF\u00e4hre Split &#8211; Supetar ist etwa 45 Minuten.<br \/>\n<em><strong>Das Hotel ist 15 Minuten zu Fu\u00df vom Hafen Supetar.<\/strong><\/em><\/p>\n<p>Autovermietung und Vermietung Scooter kann aus dem Hotel zu bekommen.<\/p>\n<p>Lage auf map<br \/>\n\r\n            \r\n            \r\n            \r\n            <a name='map5'><\/a>\r\n            \r\n            \r\n            \r\n            \r\n            <div class=\"wpgmza_map \"  id=\"wpgmza_map_5\" style=\"display:block; overflow:auto; width:635px; height:400px; float:left;\" data-settings='{\"id\":\"5\",\"map_title\":\"Hotel Villa Adriatica\",\"map_width\":\"635\",\"map_height\":\"400\",\"map_start_lat\":\"43.380065\",\"map_start_lng\":\"16.553354\",\"map_start_location\":\"43.38006498930827,16.5533542664557\",\"map_start_zoom\":\"14\",\"default_marker\":\"\",\"type\":\"1\",\"alignment\":\"1\",\"directions_enabled\":\"1\",\"styling_enabled\":\"0\",\"styling_json\":\"\",\"active\":\"0\",\"kml\":\"\",\"bicycle\":\"0\",\"traffic\":\"0\",\"dbox\":\"1\",\"dbox_width\":\"\",\"listmarkers\":\"0\",\"listmarkers_advanced\":\"0\",\"ugm_enabled\":\"0\",\"fusion\":\"\",\"map_width_type\":\"px\",\"map_height_type\":\"px\",\"mass_marker_support\":\"0\",\"ugm_access\":\"0\",\"order_markers_by\":\"1\",\"order_markers_choice\":\"2\",\"show_user_location\":\"2\",\"filterbycat\":\"0\",\"ugm_category_enabled\":\"0\",\"default_to\":\"\",\"other_settings\":{\"wpgmza_store_locator_restrict\":\"\",\"store_locator_query_string\":\"ZIP \\\/ Address:\",\"store_locator_name_string\":\"Title \\\/ Description:\",\"wpgmza_dbox_width_type\":\"px\",\"map_max_zoom\":\"3\",\"map_min_zoom\":\"21\",\"sl_stroke_color\":\"FF0000\",\"sl_stroke_opacity\":\"0.25\",\"sl_fill_color\":\"FF0000\",\"sl_fill_opacity\":\"0.15\",\"click_open_link\":2,\"transport_layer\":0,\"iw_primary_color\":\"2A3744\",\"iw_accent_color\":\"252F3A\",\"iw_text_color\":\"FFFFFF\",\"wpgmza_iw_type\":\"0\",\"list_markers_by\":\"0\",\"push_in_map\":\"\",\"push_in_map_placement\":\"9\",\"wpgmza_push_in_map_width\":\"\",\"wpgmza_push_in_map_height\":\"\",\"wpgmza_theme_data\":\"\",\"upload_default_ul_marker\":\"\",\"upload_default_sl_marker\":\"\",\"shortcodeAttributes\":{\"id\":\"5\"}}}' data-map-id='5' data-shortcode-attributes='{\"id\":\"5\"}'> <\/div>\r\n            \r\n               \r\n        <div style=\"display:block; width:100%;\">\r\n\t\t\t\t\r\n\t\t\t\t<div class=\"wpgmza-directions-box wpgmaps_directions_outer_div\" data-map-id=\"5\" style=\"width:50px;display:none;clear:both;\" id=\"wpgmaps_directions_edit_5\">\n\t<h2 class=\"wpgmza-directions-box__title\">Get Directions<\/h2>\n\t\n\t<div class=\"wpgmza-directions-box-inner\" id=\"wpgmaps_directions_editbox_5\">\n\t\t<div class=\"wpgmza-directions-actions wpgmza-form-field\">\n\t\t\t<div class=\"wpgmza-directions__travel-mode\">\n\t\t\t\t<span class=\"wpgmza-travel-mode-option wpgmza-travel-option__selected\" data-mode=\"driving\">\n\t\t\t\t\t<img decoding=\"async\" src=\"https:\/\/www.villaadriatica.com\/wp-content\/plugins\/wp-google-maps-pro\/images\/icons\/directions_car.png\">\n\t\t\t\t<\/span>\n\t\t\t\t<span class=\"wpgmza-travel-mode-option\" data-mode=\"walking\">\n\t\t\t\t\t<img decoding=\"async\" src=\"https:\/\/www.villaadriatica.com\/wp-content\/plugins\/wp-google-maps-pro\/images\/icons\/directions_walking.png\">\n\t\t\t\t<\/span>\n\t\t\t\t<span class=\"wpgmza-travel-mode-option\" data-mode=\"transit\">\n\t\t\t\t\t<img decoding=\"async\" src=\"https:\/\/www.villaadriatica.com\/wp-content\/plugins\/wp-google-maps-pro\/images\/icons\/directions_transit.png\">\n\t\t\t\t<\/span>\n\t\t\t\t<span class=\"wpgmza-travel-mode-option\" data-mode=\"bicycling\">\n\t\t\t\t\t<img decoding=\"async\" src=\"https:\/\/www.villaadriatica.com\/wp-content\/plugins\/wp-google-maps-pro\/images\/icons\/directions_bike.png\">\n\t\t\t\t<\/span>\n\t\t\t<\/div>\n\n\t\t\t<div class=\"wpgmza-directions-locations\">\n\t\t\t\t<div class=\"wpgmza-directions-from wpgmza-form-field\">\n\n\t\t\t\t\t<i class=\"wpgmza-directions-from__icon fa fa-circle\"><\/i>\n\t\t\t\n\t\t\t\t\t<label class=\"wpgmza-form-field__label\" for=\"wpgmza_input_from_5\">\n\t\t\t\t\t\tFrom\t\t\t\t\t<\/label>\n\t\t\t\t\t\n\t\t\t\t\t<input class=\"wpgmza-address wpgmza-directions-from wpgmza-form-field__input\" type=\"text\" placeholder=\"From\" value=\"\" id=\"wpgmza_input_from_5\">\n\t\t\t\t\n\t\t\t\t<\/div>\n\n\t\t\t\t<div class=\"wpgmza-directions-to wpgmza-form-field wpgmaps_to_row\">\n\n\t\t\t\t\t<i class=\"wpgmza-directions-to__icon fa fas fa-map-marker\"><\/i>\n\n\t\t\t\t\t<label class=\"wpgmza-form-field__label\" for=\"wpgmza_input_to_5\">\n\t\t\t\t\t\tTo\t\t\t\t\t<\/label>\n\t\t\t\t\t<input class=\"wpgmza-address wpgmza-form-field__input wpgmza-directions-to\" type=\"text\" placeholder=\"To\" value=\"\" id=\"wpgmza_input_to_5\">\n\t\t\t\t<\/div>\n\t\t\t\t\n\t\t\t\t<div class=\"wpgmza-waypoint-via wpgmza-form-field wpgmza-form-field--no-pad wpgmaps_via wpgmaps_template\">\n\n\t\t\t\t\t<i class=\"wpgmza-directions-from__icon fa fa-circle\"><\/i>\n\t\t\t\t\n\t\t\t\t\t<input class=\"wpgmza-waypoint-via wpgmza-form-field__input wpgmaps_via\" type=\"text\" placeholder=\"Via\">\n\t\t\t\t\t\n\t\t\t\t\t<button href=\"javascript:%20;\" class=\"wpgmza_remove_via\">\n\t\t\t\t\t\t<i class=\"fa fa-times\"><\/i>\n\t\t\t\t\t<\/button>\n\t\t\t\t\t\n\t\t\t\t<\/div>\n\t\t\t\t\n\t\t\t\t<div class=\"wpgmza-add-waypoint wpgmza-form-field wpgmza-form-field--no-pad wpgmaps_add_waypoint\">\n\t\t\t\t\t<div class=\"wpgmaps_add_waypoint\">\n\t\t\t\t\t\t<a href=\"javascript:%20;\" class=\"wpgmaps_add_waypoint\" mapid=\"5\">\n\t\t\t\t\t\t\t<i class=\"fa fa-plus-circle\" aria-hidden=\"true\"><\/i>\n\t\t\t\t\t\t\tAdd Waypoint\t\t\t\t\t\t<\/a>\n\t\t\t\t\t<\/div>\n\t\t\t\t<\/div>\n\t\t\t<\/div>\n\n\t\t\t<div class=\"wpgmza-hidden\">\n\t\t\t<label class=\"wpgmza-travel-mode wpgmza-form-field__label\" for=\"wpgmza_dir_type_5\">\n\t\t\t\tFor\t\t\t<\/label>\n\t\t\t<select class=\"wpgmza-travel-mode wpgmza-form-field__input\" name=\"wpgmza_dir_type_5\" id=\"wpgmza_dir_type_5\">\n\t\t\t\t<option value=\"driving\">\n\t\t\t\t\tDriving\t\t\t\t<\/option>\n\t\t\t\t<option value=\"walking\">\n\t\t\t\t\tWalking\t\t\t\t<\/option>\n\t\t\t\t<option value=\"transit\">\n\t\t\t\t\tTransit\t\t\t\t<\/option>\n\t\t\t\t<option value=\"bicycling\">\n\t\t\t\t\tBicycling\t\t\t\t<\/option>\n\t\t\t<\/select>\n\t\t\t<\/div>\n\t\t<\/div>\n\t\t\t\n\t\t<div class=\"wpgmza-directions-options__section\">\n\t\t\t<a href=\"javascript:;\" class=\"wpgmza-show-directions-options\" id=\"wpgmza_show_options_5\" mapid=\"5\">\n\t\t\t\tshow options\t\t\t<\/a>\n\t\t\t\n\t\t\t<a href=\"javascript:;\" class=\"wpgmza-hide-directions-options\" id=\"wpgmza_hide_options_5\" mapid=\"5\">\n\t\t\t\thide options\t\t\t<\/a>\n\t\t\t\n\t\t\t<div class=\"wpgmza-directions-options wpgmza-form-field wpgmza-form-field--no-pad wpgmza_dir_options\">\n\t\t\t\t<label class=\"class\">\n\t\t\t\t\t<input type=\"checkbox\" class=\"wpgmza-avoid-tolls\" value=\"tolls\" name=\"wpgmza_tolls_5\" id=\"wpgmza_tolls_5\">\n\t\t\t\t\tAvoid Tolls\t\t\t\t<\/label>\n\t\t\t\t<label class=\"class\">\n\t\t\t\t\t<input type=\"checkbox\" class=\"wpgmza-avoid-highways\" value=\"highways\" name=\"wpgmza_highways_5\" id=\"wpgmza_highways_5\">\n\t\t\t\t\tAvoid Highways\t\t\t\t<\/label>\n\t\t\t\t<label class=\"class\">\n\t\t\t\t\t<input type=\"checkbox\" class=\"wpgmza-avoid-ferries\" value=\"ferries\" name=\"wpgmza_ferries_5\" id=\"wpgmza_ferries_5\">\n\t\t\t\t\tAvoid Ferries\t\t\t\t<\/label>\n\t\t\t<\/div>\n\t\t<\/div>\n\t\t\n\t<\/div>\n\t\n\t<div class=\"wpgmza-directions-buttons wpgmza-form-field wpgmaps_to_row\">\n\t\t<input class=\"wpgmza-get-directions wpgmaps_get_directions\" onclick=\"javascript: ;\" type=\"button\" value=\"Go\" id=\"5\">\n\t\t\n\t\t<span class=\"wpgmza-directions-result__buttons\">\n\t\t\t<a class=\"wpgmza-print-directions\" style=\"display: none;\" onclick=\"javascript: ;\" mapid=\"5\">\n\t\t\t\tPrint directions\t\t\t<\/a>\n\t\t\t\n\t\t\t<a class=\"wpgmza-reset-directions\" style=\"display: none;\" onclick=\"javascript: ;\" mapid=\"5\">\n\t\t\t\tReset directions\t\t\t<\/a>\n\t\t<\/span>\n\t<\/div>\n<\/div>\r\n\t\t\t\t\r\n\t\t\t\t<div id=\"wpgmaps_directions_notification_5\" style=\"display:none;\">Wegbeschreibungen abrufen\u2026...<\/div>\r\n\t\t\t\t\r\n\t\t\t\t<div id=\"wpgmaps_directions_reset_5\" style=\"display:none;\">\r\n\r\n\t\t\t\t\t<a href='javascript:void(0)' onclick='wpgmza_reset_directions(5);' id='wpgmaps_reset_directions' title='Reset directions'>Reset directions<\/a>\r\n\t\t\t\t\t<br \/>\r\n\t\t\t\t\t<a href='javascript: ;' id='wpgmaps_print_directions_5' target='_blank' title='Print directions'>Print directions<\/a>\r\n\t\t\t\t<\/div>\r\n\t\t\t\t\r\n\t\t\t\t<div id=\"directions_panel_5\"><\/div>\r\n\r\n\t\t\t<\/div><\/p>\n<p>&nbsp;<\/p>\n<p><strong><span style=\"color: #ff6600;\">Flugzeug<\/span><\/strong><br \/>\nKroatische nationale Fluggesellschaft <a title=\"Croatia airlines\" href=\"http:\/\/www.croatiaairlines.com\" target=\"_blank\">Croatia airlines<\/a> verbindet Kroatien mit allen wichtigen europ\u00e4ischen Zentren: Amsterdam, Berlin, Br\u00fcssel, D\u00fcsseldorf, Frankfurt, London, Madrid, Mailand, Moskau, M\u00fcnchen, Paris, Prag, Tel Aviv, Rom, Sarajevo, Skopje, Wien, Z\u00fcrich und Manchester saisonabh\u00e4ngig. Mehr Informationen \u00fcber Croatia Airlines Fl\u00fcge k\u00f6nnen auf www.croatiaairlines.hr gefunden werden<br \/>\nWenn Sie planen, zu besuchen Brac organisieren, wenn m\u00f6glich, einen Flug nach Split, da der Flughafen Split in der N\u00e4he vom und zum Flughafen gibt es eine organisierte Bus-Transport zum Hafen von Split, oder haben die M\u00f6glichkeit, einen privaten Transfer zum Hotel buchen.<\/p>\n<p><strong><span style=\"color: #ff6600;\">Reedereien<\/span><\/strong><br \/>\nWie man mit dem Boot auf die Insel Brac kommen Brac ist mit dem Festland mit der F\u00e4hre auf die folgende Linien verbunden:<br \/>\n\u2794 T\u00e4glich mehrere F\u00e4hrverbindungen Split &#8211; Supetar (Insel Brac) f\u00fcr Leute und Autos.<br \/>\nFerry (Supetar &#8211; Split &#8211; Supetar) Saisonflugplan<\/p>\n<p>\u2794 T\u00e4glich mehrere F\u00e4hre Makarska &#8211; Sumartin (Insel Brac) f\u00fcr Leute und Autos.<br \/>\nFerry (Sumartin &#8211; Makarska &#8211; Sumartin) Saisonflugplan<\/p>\n<p>\u2794 Express-Linien Split &#8211; Milna (Insel Brac) &#8211; Hvar (Insel Hvar) nur f\u00fcr Leute<br \/>\nKatamaran (Split &#8211; Milna \/ Brac &#8211; Hvar) Saisonflugplan<\/p>\n<p>\u2794 Express-Linien Jelsa (Hvar) &#8211; Bol (Insel Brac) &#8211; Split nur f\u00fcr Leute.<br \/>\nKatamaran (Jelsa \/ Hvar &#8211; Bol \/ Brac &#8211; Split) Saisonflugplan<\/p>\n<p>W\u00e4hrend der Saison werden die F\u00e4hre und Katamaran-Verbindungen mit Inseln intensiviert.<br \/>\nDer Sommerflugplan ist g\u00fcltig vom 31. 28. Mai, um September<br \/>\nDer Haupt kroatischen Reederei\u00a0<a title=\"Jadrolinija\" href=\"http:\/\/www.jadrolinija.hr\" target=\"_blank\">Jadrolinija<\/a>, und die Informationen \u00fcber den Zeitplan der F\u00e4hren und Ticketpreise finden Sie unter:<\/p>\n<p><strong>Willkommen in der Villa Adriatica!<\/strong><br \/>\n<!-- Social Ring Buttons Start --><div class=\"social-ring\">\n<div class=\"social-ring-button\"><fb:like href=\"https:\/\/www.villaadriatica.com\/de\/wie-sie-uns-erreichen\/\" showfaces=\"false\" layout=\"button_count\" action=\"like\"><\/fb:like><\/div>\n<div class=\"social-ring-button\"><a href=\"https:\/\/www.facebook.com\/sharer\/sharer.php?s=100&p[url]=https:\/\/www.villaadriatica.com\/de\/wie-sie-uns-erreichen\/\" target=\"_blank\"\n\t\t\t\t\t\t\tonclick=\"window.open('https:\/\/www.facebook.com\/sharer\/sharer.php?s=100&p[url]=https:\/\/www.villaadriatica.com\/de\/wie-sie-uns-erreichen\/', 'newwindow', 'width=600, height=450'); return false;\" >\n\t\t\t\t\t\t\t<img decoding=\"async\" style=\"display:block; background: none; padding: 0px; border:0px;\" src=\"https:\/\/www.villaadriatica.com\/wp-content\/plugins\/wordpress-social-ring\/includes\/..\/admin\/images\/sr-fb-share.png\" alt=\"Share\"\/>\n\t\t\t\t\t\t<\/a><\/div>\n<div class=\"social-ring-button\"><a rel=\"nofollow\" href=\"http:\/\/twitter.com\/share\" lang=\"en\" data-url=\"https:\/\/www.villaadriatica.com\/de\/wie-sie-uns-erreichen\/\" data-text=\"Wie Sie Uns erreichen\" data-count=\"horizontal\" class=\"sr-twitter-button twitter-share-button\"><\/a><\/div>\n<div class=\"social-ring-button\"><div class=\"g-plusone\" data-href=\"https:\/\/www.villaadriatica.com\/de\/wie-sie-uns-erreichen\/\" data-size=\"medium\" ><\/div><\/div>\n<div class=\"social-ring-button\"><a rel=\"nofollow\" href=\"http:\/\/pinterest.com\/pin\/create\/button\/?url=https%3A%2F%2Fwww.villaadriatica.com%2Fde%2Fwie-sie-uns-erreichen%2F&media=https%3A%2F%2Fwww.villaadriatica.com%2Fwp-content%2Fuploads%2F2013%2F07%2FSupetar-Brac-location.jpg&description=Wie+Sie+Uns+erreichen\" class=\"pin-it-button\"count-layout=\"horizontal\"><\/a><\/div>\n<\/div><!-- Social Ring Buttons End -->\n<\/p>\n","protected":false},"excerpt":{"rendered":"<p>Wie in Supetar \/ Villa Adriatica zu erhalten: Mit Split Flughafen zum Hafen ist etwa 30 Minuten entfernt. F\u00e4hre Split &#8211; Supetar ist etwa 45 Minuten. Das Hotel ist 15 Minuten zu Fu\u00df vom&#8230;<\/p>\n","protected":false},"author":1,"featured_media":421,"parent":0,"menu_order":0,"comment_status":"closed","ping_status":"closed","template":"","meta":{"footnotes":""},"class_list":["post-1691","page","type-page","status-publish","has-post-thumbnail","hentry"],"yoast_head":"<!-- This site is optimized with the Yoast SEO plugin v25.1 - https:\/\/yoast.com\/wordpress\/plugins\/seo\/ -->\n<title>Hotel Villa Adriatica | Supetar, Bra\u010d | Wie Sie Uns erreichen<\/title>\n<meta name=\"description\" content=\"Wie in Supetar \/ Villa Adriatica zu erhalten: Mit Split Flughafen zum Hafen ist etwa 30 Minuten entfernt. F\u00e4hre Split - Supetar ist etwa 45 Minuten.\" \/>\n<meta name=\"robots\" content=\"index, follow, max-snippet:-1, max-image-preview:large, max-video-preview:-1\" \/>\n<link rel=\"canonical\" href=\"https:\/\/www.villaadriatica.com\/de\/wie-sie-uns-erreichen\/\" \/>\n<meta property=\"og:locale\" content=\"de_DE\" \/>\n<meta property=\"og:type\" content=\"article\" \/>\n<meta property=\"og:title\" content=\"Hotel Villa Adriatica | Supetar, Bra\u010d | Wie Sie Uns erreichen\" \/>\n<meta property=\"og:description\" content=\"Wie in Supetar \/ Villa Adriatica zu erhalten: Mit Split Flughafen zum Hafen ist etwa 30 Minuten entfernt. F\u00e4hre Split - Supetar ist etwa 45 Minuten.\" \/>\n<meta property=\"og:url\" content=\"https:\/\/www.villaadriatica.com\/de\/wie-sie-uns-erreichen\/\" \/>\n<meta property=\"article:modified_time\" content=\"2016-08-13T08:57:10+00:00\" \/>\n<meta property=\"og:image\" content=\"https:\/\/www.villaadriatica.com\/wp-content\/uploads\/2013\/07\/Supetar-Brac-location.jpg\" \/>\n\t<meta property=\"og:image:width\" content=\"500\" \/>\n\t<meta property=\"og:image:height\" content=\"250\" \/>\n\t<meta property=\"og:image:type\" content=\"image\/jpeg\" \/>\n<meta name=\"twitter:label1\" content=\"Gesch\u00e4tzte Lesezeit\" \/>\n\t<meta name=\"twitter:data1\" content=\"2\u00a0Minuten\" \/>\n<script type=\"application\/ld+json\" class=\"yoast-schema-graph\">{\"@context\":\"https:\/\/schema.org\",\"@graph\":[{\"@type\":\"WebPage\",\"@id\":\"https:\/\/www.villaadriatica.com\/de\/wie-sie-uns-erreichen\/\",\"url\":\"https:\/\/www.villaadriatica.com\/de\/wie-sie-uns-erreichen\/\",\"name\":\"Hotel Villa Adriatica | Supetar, Bra\u010d | Wie Sie Uns erreichen\",\"isPartOf\":{\"@id\":\"https:\/\/www.villaadriatica.com\/hr\/#website\"},\"primaryImageOfPage\":{\"@id\":\"https:\/\/www.villaadriatica.com\/de\/wie-sie-uns-erreichen\/#primaryimage\"},\"image\":{\"@id\":\"https:\/\/www.villaadriatica.com\/de\/wie-sie-uns-erreichen\/#primaryimage\"},\"thumbnailUrl\":\"https:\/\/www.villaadriatica.com\/wp-content\/uploads\/2013\/07\/Supetar-Brac-location.jpg\",\"datePublished\":\"2013-07-12T13:34:18+00:00\",\"dateModified\":\"2016-08-13T08:57:10+00:00\",\"description\":\"Wie in Supetar \/ Villa Adriatica zu erhalten: Mit Split Flughafen zum Hafen ist etwa 30 Minuten entfernt. F\u00e4hre Split - Supetar ist etwa 45 Minuten.\",\"breadcrumb\":{\"@id\":\"https:\/\/www.villaadriatica.com\/de\/wie-sie-uns-erreichen\/#breadcrumb\"},\"inLanguage\":\"de\",\"potentialAction\":[{\"@type\":\"ReadAction\",\"target\":[\"https:\/\/www.villaadriatica.com\/de\/wie-sie-uns-erreichen\/\"]}]},{\"@type\":\"ImageObject\",\"inLanguage\":\"de\",\"@id\":\"https:\/\/www.villaadriatica.com\/de\/wie-sie-uns-erreichen\/#primaryimage\",\"url\":\"https:\/\/www.villaadriatica.com\/wp-content\/uploads\/2013\/07\/Supetar-Brac-location.jpg\",\"contentUrl\":\"https:\/\/www.villaadriatica.com\/wp-content\/uploads\/2013\/07\/Supetar-Brac-location.jpg\",\"width\":\"500\",\"height\":\"250\"},{\"@type\":\"BreadcrumbList\",\"@id\":\"https:\/\/www.villaadriatica.com\/de\/wie-sie-uns-erreichen\/#breadcrumb\",\"itemListElement\":[{\"@type\":\"ListItem\",\"position\":1,\"name\":\"Home\",\"item\":\"https:\/\/www.villaadriatica.com\/de\/\"},{\"@type\":\"ListItem\",\"position\":2,\"name\":\"Wie Sie Uns erreichen\"}]},{\"@type\":\"WebSite\",\"@id\":\"https:\/\/www.villaadriatica.com\/hr\/#website\",\"url\":\"https:\/\/www.villaadriatica.com\/hr\/\",\"name\":\"\",\"description\":\"\",\"potentialAction\":[{\"@type\":\"SearchAction\",\"target\":{\"@type\":\"EntryPoint\",\"urlTemplate\":\"https:\/\/www.villaadriatica.com\/hr\/?s={search_term_string}\"},\"query-input\":{\"@type\":\"PropertyValueSpecification\",\"valueRequired\":true,\"valueName\":\"search_term_string\"}}],\"inLanguage\":\"de\"}]}<\/script>\n<!-- \/ Yoast SEO plugin. -->","yoast_head_json":{"title":"Hotel Villa Adriatica | Supetar, Bra\u010d | Wie Sie Uns erreichen","description":"Wie in Supetar \/ Villa Adriatica zu erhalten: Mit Split Flughafen zum Hafen ist etwa 30 Minuten entfernt. F\u00e4hre Split - Supetar ist etwa 45 Minuten.","robots":{"index":"index","follow":"follow","max-snippet":"max-snippet:-1","max-image-preview":"max-image-preview:large","max-video-preview":"max-video-preview:-1"},"canonical":"https:\/\/www.villaadriatica.com\/de\/wie-sie-uns-erreichen\/","og_locale":"de_DE","og_type":"article","og_title":"Hotel Villa Adriatica | Supetar, Bra\u010d | Wie Sie Uns erreichen","og_description":"Wie in Supetar \/ Villa Adriatica zu erhalten: Mit Split Flughafen zum Hafen ist etwa 30 Minuten entfernt. F\u00e4hre Split - Supetar ist etwa 45 Minuten.","og_url":"https:\/\/www.villaadriatica.com\/de\/wie-sie-uns-erreichen\/","article_modified_time":"2016-08-13T08:57:10+00:00","og_image":[{"width":500,"height":250,"url":"https:\/\/www.villaadriatica.com\/wp-content\/uploads\/2013\/07\/Supetar-Brac-location.jpg","type":"image\/jpeg"}],"twitter_misc":{"Gesch\u00e4tzte Lesezeit":"2\u00a0Minuten"},"schema":{"@context":"https:\/\/schema.org","@graph":[{"@type":"WebPage","@id":"https:\/\/www.villaadriatica.com\/de\/wie-sie-uns-erreichen\/","url":"https:\/\/www.villaadriatica.com\/de\/wie-sie-uns-erreichen\/","name":"Hotel Villa Adriatica | Supetar, Bra\u010d | Wie Sie Uns erreichen","isPartOf":{"@id":"https:\/\/www.villaadriatica.com\/hr\/#website"},"primaryImageOfPage":{"@id":"https:\/\/www.villaadriatica.com\/de\/wie-sie-uns-erreichen\/#primaryimage"},"image":{"@id":"https:\/\/www.villaadriatica.com\/de\/wie-sie-uns-erreichen\/#primaryimage"},"thumbnailUrl":"https:\/\/www.villaadriatica.com\/wp-content\/uploads\/2013\/07\/Supetar-Brac-location.jpg","datePublished":"2013-07-12T13:34:18+00:00","dateModified":"2016-08-13T08:57:10+00:00","description":"Wie in Supetar \/ Villa Adriatica zu erhalten: Mit Split Flughafen zum Hafen ist etwa 30 Minuten entfernt. F\u00e4hre Split - Supetar ist etwa 45 Minuten.","breadcrumb":{"@id":"https:\/\/www.villaadriatica.com\/de\/wie-sie-uns-erreichen\/#breadcrumb"},"inLanguage":"de","potentialAction":[{"@type":"ReadAction","target":["https:\/\/www.villaadriatica.com\/de\/wie-sie-uns-erreichen\/"]}]},{"@type":"ImageObject","inLanguage":"de","@id":"https:\/\/www.villaadriatica.com\/de\/wie-sie-uns-erreichen\/#primaryimage","url":"https:\/\/www.villaadriatica.com\/wp-content\/uploads\/2013\/07\/Supetar-Brac-location.jpg","contentUrl":"https:\/\/www.villaadriatica.com\/wp-content\/uploads\/2013\/07\/Supetar-Brac-location.jpg","width":"500","height":"250"},{"@type":"BreadcrumbList","@id":"https:\/\/www.villaadriatica.com\/de\/wie-sie-uns-erreichen\/#breadcrumb","itemListElement":[{"@type":"ListItem","position":1,"name":"Home","item":"https:\/\/www.villaadriatica.com\/de\/"},{"@type":"ListItem","position":2,"name":"Wie Sie Uns erreichen"}]},{"@type":"WebSite","@id":"https:\/\/www.villaadriatica.com\/hr\/#website","url":"https:\/\/www.villaadriatica.com\/hr\/","name":"","description":"","potentialAction":[{"@type":"SearchAction","target":{"@type":"EntryPoint","urlTemplate":"https:\/\/www.villaadriatica.com\/hr\/?s={search_term_string}"},"query-input":{"@type":"PropertyValueSpecification","valueRequired":true,"valueName":"search_term_string"}}],"inLanguage":"de"}]}},"_links":{"self":[{"href":"https:\/\/www.villaadriatica.com\/de\/wp-json\/wp\/v2\/pages\/1691","targetHints":{"allow":["GET"]}}],"collection":[{"href":"https:\/\/www.villaadriatica.com\/de\/wp-json\/wp\/v2\/pages"}],"about":[{"href":"https:\/\/www.villaadriatica.com\/de\/wp-json\/wp\/v2\/types\/page"}],"author":[{"embeddable":true,"href":"https:\/\/www.villaadriatica.com\/de\/wp-json\/wp\/v2\/users\/1"}],"replies":[{"embeddable":true,"href":"https:\/\/www.villaadriatica.com\/de\/wp-json\/wp\/v2\/comments?post=1691"}],"version-history":[{"count":3,"href":"https:\/\/www.villaadriatica.com\/de\/wp-json\/wp\/v2\/pages\/1691\/revisions"}],"predecessor-version":[{"id":2600,"href":"https:\/\/www.villaadriatica.com\/de\/wp-json\/wp\/v2\/pages\/1691\/revisions\/2600"}],"wp:featuredmedia":[{"embeddable":true,"href":"https:\/\/www.villaadriatica.com\/de\/wp-json\/wp\/v2\/media\/421"}],"wp:attachment":[{"href":"https:\/\/www.villaadriatica.com\/de\/wp-json\/wp\/v2\/media?parent=1691"}],"curies":[{"name":"wp","href":"https:\/\/api.w.org\/{rel}","templated":true}]}}