{"id":1622,"date":"2013-07-21T13:44:04","date_gmt":"2013-07-21T13:44:04","guid":{"rendered":"https:\/\/www.villaadriatica.com\/active-holiday-2\/"},"modified":"2014-01-05T15:52:36","modified_gmt":"2014-01-05T15:52:36","slug":"aktivurlaub","status":"publish","type":"page","link":"https:\/\/www.villaadriatica.com\/de\/aktivurlaub\/","title":{"rendered":"Aktivurlaub"},"content":{"rendered":"<p>Im Gegensatz zu unserer Villa sind Sportanlagen, die die anspruchsvollsten gerecht wird:<br \/>\n<span style=\"color: #ff6600;\">\u2794<\/span> Fu\u00dfballplatz<br \/>\n<span style=\"color: #ff6600;\">\u2794<\/span> Minigolf<br \/>\n<span style=\"color: #ff6600;\">\u2794<\/span> Tischtennis<br \/>\n<span style=\"color: #ff6600;\">\u2794<\/span> Tennispl\u00e4tze<br \/>\n<span style=\"color: #ff6600;\">\u2794<\/span> Fitness<\/p>\n<p>Das professionelle Personal f\u00fchrt Sie durch die verschiedenen Sport-Anpassung an Ihre Bed\u00fcrfnisse und Anforderungen. Ausr\u00fcstung wie Tennisschl\u00e4ger, B\u00e4lle, etc. k\u00f6nnen angemietet werden.<\/p>\n<p><strong><span style=\"color: #ff6600;\">TAUCHEN<\/span><\/strong><br \/>\nTauchzentrum in der N\u00e4he. Wenn Sie ein Taucher sind oder werden wollen, dann ist dies Ihre Chance, um die Sch\u00f6nheit dieser sehr beliebter Sport zu erleben.<\/p>\n<p><strong>Adventure Pauschale Hotel Villa Adriatica:<\/strong><br \/>\nErkunden Sie das Herz und die Seele der Insel Brac. Die Insel Brac ist das perfekte Ziel f\u00fcr einen Urlaub voller Action, weil es hervorragende Bedingungen zum Windsurfen, Kajakfahren auf dem Meer, Wandern, Mountainbiking, Trekking, Segeln und viele sportliche Aktivit\u00e4ten. Diese Woche Abenteuer mit besonderem Augenmerk auf den Erhalt unserer Insel, ihre Natur, Menschen und Folklore erstellt. Ob Sie ein Anf\u00e4nger oder ein erfahrener Sportler sind, werden Sie in vollem Umfang genie\u00dfen Sie Ihren aktiven Urlaub!<\/p>\n<p><strong>AKTIVIT\u00c4TEN<\/strong><div id='gallery-1' class='gallery galleryid-1622 gallery-columns-3 gallery-size-thumbnail'><figure class='gallery-item'>\n\t\t\t<div class='gallery-icon landscape'>\n\t\t\t\t<a href='https:\/\/www.villaadriatica.com\/wp-content\/uploads\/2013\/07\/mountain-biking-island-brac-012.jpg'><img loading=\"lazy\" decoding=\"async\" width=\"150\" height=\"150\" src=\"https:\/\/www.villaadriatica.com\/wp-content\/uploads\/2013\/07\/mountain-biking-island-brac-012-150x150.jpg\" class=\"attachment-thumbnail size-thumbnail\" alt=\"\" \/><\/a>\n\t\t\t<\/div><\/figure><figure class='gallery-item'>\n\t\t\t<div class='gallery-icon landscape'>\n\t\t\t\t<a href='https:\/\/www.villaadriatica.com\/wp-content\/uploads\/2013\/07\/sea-kayaking-island-brac-aldura-082.jpg'><img loading=\"lazy\" decoding=\"async\" width=\"150\" height=\"150\" src=\"https:\/\/www.villaadriatica.com\/wp-content\/uploads\/2013\/07\/sea-kayaking-island-brac-aldura-082-150x150.jpg\" class=\"attachment-thumbnail size-thumbnail\" alt=\"\" \/><\/a>\n\t\t\t<\/div><\/figure><figure class='gallery-item'>\n\t\t\t<div class='gallery-icon landscape'>\n\t\t\t\t<a href='https:\/\/www.villaadriatica.com\/wp-content\/uploads\/2013\/07\/windsurf-island-brac-sutivan-012.jpg'><img loading=\"lazy\" decoding=\"async\" width=\"150\" height=\"150\" src=\"https:\/\/www.villaadriatica.com\/wp-content\/uploads\/2013\/07\/windsurf-island-brac-sutivan-012-150x150.jpg\" class=\"attachment-thumbnail size-thumbnail\" alt=\"\" \/><\/a>\n\t\t\t<\/div><\/figure><figure class='gallery-item'>\n\t\t\t<div class='gallery-icon landscape'>\n\t\t\t\t<a href='https:\/\/www.villaadriatica.com\/wp-content\/uploads\/2021\/05\/villa-adriatica-activites-musem-of-olive-oil.jpg'><img loading=\"lazy\" decoding=\"async\" width=\"150\" height=\"150\" src=\"https:\/\/www.villaadriatica.com\/wp-content\/uploads\/2021\/05\/villa-adriatica-activites-musem-of-olive-oil-150x150.jpg\" class=\"attachment-thumbnail size-thumbnail\" alt=\"\" \/><\/a>\n\t\t\t<\/div><\/figure><figure class='gallery-item'>\n\t\t\t<div class='gallery-icon landscape'>\n\t\t\t\t<a href='https:\/\/www.villaadriatica.com\/wp-content\/uploads\/2021\/05\/villa-adriatica-activites-excursion.jpg'><img loading=\"lazy\" decoding=\"async\" width=\"150\" height=\"150\" src=\"https:\/\/www.villaadriatica.com\/wp-content\/uploads\/2021\/05\/villa-adriatica-activites-excursion-150x150.jpg\" class=\"attachment-thumbnail size-thumbnail\" alt=\"\" \/><\/a>\n\t\t\t<\/div><\/figure><figure class='gallery-item'>\n\t\t\t<div class='gallery-icon landscape'>\n\t\t\t\t<a href='https:\/\/www.villaadriatica.com\/wp-content\/uploads\/2021\/05\/villa-adriatica-activites-excursion-1.jpg'><img loading=\"lazy\" decoding=\"async\" width=\"150\" height=\"150\" src=\"https:\/\/www.villaadriatica.com\/wp-content\/uploads\/2021\/05\/villa-adriatica-activites-excursion-1-150x150.jpg\" class=\"attachment-thumbnail size-thumbnail\" alt=\"\" \/><\/a>\n\t\t\t<\/div><\/figure>\n\t\t<\/div>\n<\/p>\n<p><strong><span style=\"color: #ff6600;\">Sea Kayak<\/span><\/strong><br \/>\nWenn Sie noch nie versucht haben, Kajak fahren &#8211; keine Sorge, werden Sie die grundlegenden Anweisungen von unserem Guide zu, bevor wir in unser Abenteuer zu gehen. Sie werden an der Geschwindigkeit, mit der Sie beginnen, diese Aktivit\u00e4t zu genie\u00dfen \u00fcberrascht sein. Wir starten von Sutivana Kajak entlang der Nordwestk\u00fcste der Insel, genie\u00dfen den Blick auf die sch\u00f6nen Buchten und Str\u00e4nden. Sie nehmen eine Pause und haben viel Zeit zum Schwimmen und Entspannen in einer der Buchten. Nach der Ankunft in Bobovisca Sie haben gen\u00fcgend Zeit zu spazieren und diese typischen kleinen dalmatinischen erkunden. Zur\u00fcck Lieferwagen organisiert.<\/p>\n<p><strong><span style=\"color: #ff6600;\">Mountainbike &#8211; von der Spitze zum Meer!<\/span><\/strong><br \/>\nTransfer mit dem Kleinbus nach Vidova Mountain (778m), dem h\u00f6chsten Gipfel der adriatischen Inseln. Der Weg zum Aussichtspunkt, wo Sie den Blick auf die zentralen Inseln, die Sie atemlos wird genie\u00dfen k\u00f6nnen. Mit den Aspekten der oben dann Downhill-Bikes auf dem polnischen Stra\u00dfe bis Nerezisce und andere D\u00f6rfer der Innenraum (untere Humac Dracevica und Lozisca). W\u00e4hrend dem Fahrrad, werden Sie von gepflegten alten Olivenhainen und Pinienw\u00e4ldern umgeben sein. Die meiste Zeit (80%) wird an der Hauptstra\u00dfe, die angelegten Fahrradwegen und Wasserstra\u00dfen sein. Wir werden unsere Reise in Richtung Meer zu beenden.<\/p>\n<p><strong><span style=\"color: #ff6600;\">Klettern<\/span><\/strong><br \/>\nUnser Tag des Kletterns ist ein idealer Einstieg in die Welt des Kletterns ist. Vorkenntnisse sind nicht erforderlich. Wir beginnen mit einer Kletter in der Kletterschule Lo\u017ei\u0161\u0107e , wo die erfahrene Kletterer und Anf\u00e4nger k\u00f6nnen Wege Wunschgewicht zu finden. Wenn Sie ein erfahrener Wanderer sind, werden Sie zun\u00e4chst einige Zeit mit Ihrem Lehrer in der Gegend Lozisca und sp\u00e4ter auf einem der vielen Routen unterschiedlichen Schwierigkeitsgraden zu bewegen. Viele der Branchen haben unterschiedliche Routen Schwierigkeitsgrad, so dass, wenn Sie unterwegs mit weniger Erfahrung sind ein erfahrener Bergsteiger, und, k\u00f6nnen wir immer einen geeigneten Platz f\u00fcr Sie beide zu klettern finden.<\/p>\n<p><strong><span style=\"color: #ff6600;\">Segeln \/ Windsurfen<\/span><\/strong><br \/>\nVerbringen Sie einen Tag lernen wie man segeln und genie\u00dfen Sie diese perfekte Sommer-Aktivit\u00e4t. Wenn Sie jemals noch nie ihre H\u00e4nde an Segel ausprobiert, unsere intensiven Crash-Kurs ist f\u00fcr Sie ideal. Wenn Sie bereits \u00fcber einige Erfahrung, unsere Instruktoren helfen, mehr fortgeschrittene Techniken und Tricks.<br \/>\nSegeln ist eine gro\u00dfe Sommer-Aktivit\u00e4t, und unser TOPPER Omega wird sichergestellt, dass Sie echte Adrenalin-Action und ein unvergessliches Erlebnis f\u00fchlen! Siehe die Teile Sutivan und genie\u00dfen Sie den Blick auf diese typische Mittelmeerstadt mit wei\u00dfen Steinfassaden, rote D\u00e4cher und Palmen.<\/p>\n<p><span style=\"color: #ff6600;\"><strong>MULTISPORT Inselabenteuer<\/strong><\/span> \u2013 Insel Brac, Kroatien<br \/>\n<strong>Besonderheiten des Programms:<\/strong><br \/>\nTag 1 &#8211; Ankunft<br \/>\nTag 2 &#8211; Sea Kayak<br \/>\nTag 3 &#8211; Tag f\u00fcr optionale Aktivit\u00e4ten<br \/>\nTag 4 &#8211; Mit dem Rad von der Spitze des Berges zum Meer<br \/>\nTag 5 &#8211; Klettern<br \/>\nTag 6 &#8211; Wahltag Aktivit\u00e4ten<br \/>\nTag 7 &#8211; Schule Windsurfen \/ Segeln (nach Wahl)<br \/>\n8. Tag \u2013 Abreise<\/p>\n<p><strong><em>Unterkunft mit Halbpension in unserem Boutique-Hotel in Supetar. Alle Transfers auf der Insel, die Ausr\u00fcstung, F\u00fchrer und Eintrittsgelder enthalten. Garantierte Abfahrten von 1. 05.2014. bis 1. 10. 2014.<\/em><\/strong><\/p>\n<!-- Social Ring Buttons Start --><div class=\"social-ring\">\n<div class=\"social-ring-button\"><fb:like href=\"https:\/\/www.villaadriatica.com\/de\/aktivurlaub\/\" showfaces=\"false\" layout=\"button_count\" action=\"like\"><\/fb:like><\/div>\n<div class=\"social-ring-button\"><a href=\"https:\/\/www.facebook.com\/sharer\/sharer.php?s=100&p[url]=https:\/\/www.villaadriatica.com\/de\/aktivurlaub\/\" target=\"_blank\"\n\t\t\t\t\t\t\tonclick=\"window.open('https:\/\/www.facebook.com\/sharer\/sharer.php?s=100&p[url]=https:\/\/www.villaadriatica.com\/de\/aktivurlaub\/', 'newwindow', 'width=600, height=450'); return false;\" >\n\t\t\t\t\t\t\t<img decoding=\"async\" style=\"display:block; background: none; padding: 0px; border:0px;\" src=\"https:\/\/www.villaadriatica.com\/wp-content\/plugins\/wordpress-social-ring\/includes\/..\/admin\/images\/sr-fb-share.png\" alt=\"Share\"\/>\n\t\t\t\t\t\t<\/a><\/div>\n<div class=\"social-ring-button\"><a rel=\"nofollow\" href=\"http:\/\/twitter.com\/share\" lang=\"en\" data-url=\"https:\/\/www.villaadriatica.com\/de\/aktivurlaub\/\" data-text=\"Aktivurlaub\" data-count=\"horizontal\" class=\"sr-twitter-button twitter-share-button\"><\/a><\/div>\n<div class=\"social-ring-button\"><div class=\"g-plusone\" data-href=\"https:\/\/www.villaadriatica.com\/de\/aktivurlaub\/\" data-size=\"medium\" ><\/div><\/div>\n<div class=\"social-ring-button\"><a rel=\"nofollow\" href=\"http:\/\/pinterest.com\/pin\/create\/button\/?url=https%3A%2F%2Fwww.villaadriatica.com%2Fde%2Faktivurlaub%2F&media=https%3A%2F%2Fwww.villaadriatica.com%2Fwp-content%2Fuploads%2F2013%2F07%2Fmountain-biking-island-brac-012-150x150.jpg&description=Aktivurlaub\" class=\"pin-it-button\"count-layout=\"horizontal\"><\/a><\/div>\n<\/div><!-- Social Ring Buttons End -->\n\n","protected":false},"excerpt":{"rendered":"<p>Im Gegensatz zu unserer Villa sind Sportanlagen, die die anspruchsvollsten gerecht wird: \u2794 Fu\u00dfballplatz \u2794 Minigolf \u2794 Tischtennis \u2794 Tennispl\u00e4tze \u2794 Fitness Das professionelle Personal f\u00fchrt Sie durch die verschiedenen Sport-Anpassung an Ihre Bed\u00fcrfnisse&#8230;<\/p>\n","protected":false},"author":1,"featured_media":0,"parent":0,"menu_order":0,"comment_status":"closed","ping_status":"closed","template":"","meta":{"footnotes":""},"class_list":["post-1622","page","type-page","status-publish","hentry"],"yoast_head":"<!-- This site is optimized with the Yoast SEO plugin v25.1 - https:\/\/yoast.com\/wordpress\/plugins\/seo\/ -->\n<title>Hotel Villa Adriatica | Supetar, Bra\u010d | Aktivurlaub<\/title>\n<meta name=\"description\" content=\"Wenn Sie noch nie versucht haben, Kajak fahren - keine Sorge, werden Sie die grundlegenden Anweisungen von unserem Guide zu, bevor wir in unser Abenteuer zu gehen.\" \/>\n<meta name=\"robots\" content=\"index, follow, max-snippet:-1, max-image-preview:large, max-video-preview:-1\" \/>\n<link rel=\"canonical\" href=\"https:\/\/www.villaadriatica.com\/de\/aktivurlaub\/\" \/>\n<meta property=\"og:locale\" content=\"de_DE\" \/>\n<meta property=\"og:type\" content=\"article\" \/>\n<meta property=\"og:title\" content=\"Hotel Villa Adriatica | Supetar, Bra\u010d | Aktivurlaub\" \/>\n<meta property=\"og:description\" content=\"Wenn Sie noch nie versucht haben, Kajak fahren - keine Sorge, werden Sie die grundlegenden Anweisungen von unserem Guide zu, bevor wir in unser Abenteuer zu gehen.\" \/>\n<meta property=\"og:url\" content=\"https:\/\/www.villaadriatica.com\/de\/aktivurlaub\/\" \/>\n<meta property=\"article:modified_time\" content=\"2014-01-05T15:52:36+00:00\" \/>\n<meta property=\"og:image\" content=\"https:\/\/www.villaadriatica.com\/wp-content\/uploads\/2013\/07\/mountain-biking-island-brac-012-150x150.jpg\" \/>\n<meta name=\"twitter:label1\" content=\"Gesch\u00e4tzte Lesezeit\" \/>\n\t<meta name=\"twitter:data1\" content=\"3\u00a0Minuten\" \/>\n<script type=\"application\/ld+json\" class=\"yoast-schema-graph\">{\"@context\":\"https:\/\/schema.org\",\"@graph\":[{\"@type\":\"WebPage\",\"@id\":\"https:\/\/www.villaadriatica.com\/de\/aktivurlaub\/\",\"url\":\"https:\/\/www.villaadriatica.com\/de\/aktivurlaub\/\",\"name\":\"Hotel Villa Adriatica | Supetar, Bra\u010d | Aktivurlaub\",\"isPartOf\":{\"@id\":\"https:\/\/www.villaadriatica.com\/hr\/#website\"},\"datePublished\":\"2013-07-21T13:44:04+00:00\",\"dateModified\":\"2014-01-05T15:52:36+00:00\",\"description\":\"Wenn Sie noch nie versucht haben, Kajak fahren - keine Sorge, werden Sie die grundlegenden Anweisungen von unserem Guide zu, bevor wir in unser Abenteuer zu gehen.\",\"breadcrumb\":{\"@id\":\"https:\/\/www.villaadriatica.com\/de\/aktivurlaub\/#breadcrumb\"},\"inLanguage\":\"de\",\"potentialAction\":[{\"@type\":\"ReadAction\",\"target\":[\"https:\/\/www.villaadriatica.com\/de\/aktivurlaub\/\"]}]},{\"@type\":\"BreadcrumbList\",\"@id\":\"https:\/\/www.villaadriatica.com\/de\/aktivurlaub\/#breadcrumb\",\"itemListElement\":[{\"@type\":\"ListItem\",\"position\":1,\"name\":\"Home\",\"item\":\"https:\/\/www.villaadriatica.com\/de\/\"},{\"@type\":\"ListItem\",\"position\":2,\"name\":\"Aktivurlaub\"}]},{\"@type\":\"WebSite\",\"@id\":\"https:\/\/www.villaadriatica.com\/hr\/#website\",\"url\":\"https:\/\/www.villaadriatica.com\/hr\/\",\"name\":\"\",\"description\":\"\",\"potentialAction\":[{\"@type\":\"SearchAction\",\"target\":{\"@type\":\"EntryPoint\",\"urlTemplate\":\"https:\/\/www.villaadriatica.com\/hr\/?s={search_term_string}\"},\"query-input\":{\"@type\":\"PropertyValueSpecification\",\"valueRequired\":true,\"valueName\":\"search_term_string\"}}],\"inLanguage\":\"de\"}]}<\/script>\n<!-- \/ Yoast SEO plugin. -->","yoast_head_json":{"title":"Hotel Villa Adriatica | Supetar, Bra\u010d | Aktivurlaub","description":"Wenn Sie noch nie versucht haben, Kajak fahren - keine Sorge, werden Sie die grundlegenden Anweisungen von unserem Guide zu, bevor wir in unser Abenteuer zu gehen.","robots":{"index":"index","follow":"follow","max-snippet":"max-snippet:-1","max-image-preview":"max-image-preview:large","max-video-preview":"max-video-preview:-1"},"canonical":"https:\/\/www.villaadriatica.com\/de\/aktivurlaub\/","og_locale":"de_DE","og_type":"article","og_title":"Hotel Villa Adriatica | Supetar, Bra\u010d | Aktivurlaub","og_description":"Wenn Sie noch nie versucht haben, Kajak fahren - keine Sorge, werden Sie die grundlegenden Anweisungen von unserem Guide zu, bevor wir in unser Abenteuer zu gehen.","og_url":"https:\/\/www.villaadriatica.com\/de\/aktivurlaub\/","article_modified_time":"2014-01-05T15:52:36+00:00","og_image":[{"url":"https:\/\/www.villaadriatica.com\/wp-content\/uploads\/2013\/07\/mountain-biking-island-brac-012-150x150.jpg","type":"","width":"","height":""}],"twitter_misc":{"Gesch\u00e4tzte Lesezeit":"3\u00a0Minuten"},"schema":{"@context":"https:\/\/schema.org","@graph":[{"@type":"WebPage","@id":"https:\/\/www.villaadriatica.com\/de\/aktivurlaub\/","url":"https:\/\/www.villaadriatica.com\/de\/aktivurlaub\/","name":"Hotel Villa Adriatica | Supetar, Bra\u010d | Aktivurlaub","isPartOf":{"@id":"https:\/\/www.villaadriatica.com\/hr\/#website"},"datePublished":"2013-07-21T13:44:04+00:00","dateModified":"2014-01-05T15:52:36+00:00","description":"Wenn Sie noch nie versucht haben, Kajak fahren - keine Sorge, werden Sie die grundlegenden Anweisungen von unserem Guide zu, bevor wir in unser Abenteuer zu gehen.","breadcrumb":{"@id":"https:\/\/www.villaadriatica.com\/de\/aktivurlaub\/#breadcrumb"},"inLanguage":"de","potentialAction":[{"@type":"ReadAction","target":["https:\/\/www.villaadriatica.com\/de\/aktivurlaub\/"]}]},{"@type":"BreadcrumbList","@id":"https:\/\/www.villaadriatica.com\/de\/aktivurlaub\/#breadcrumb","itemListElement":[{"@type":"ListItem","position":1,"name":"Home","item":"https:\/\/www.villaadriatica.com\/de\/"},{"@type":"ListItem","position":2,"name":"Aktivurlaub"}]},{"@type":"WebSite","@id":"https:\/\/www.villaadriatica.com\/hr\/#website","url":"https:\/\/www.villaadriatica.com\/hr\/","name":"","description":"","potentialAction":[{"@type":"SearchAction","target":{"@type":"EntryPoint","urlTemplate":"https:\/\/www.villaadriatica.com\/hr\/?s={search_term_string}"},"query-input":{"@type":"PropertyValueSpecification","valueRequired":true,"valueName":"search_term_string"}}],"inLanguage":"de"}]}},"_links":{"self":[{"href":"https:\/\/www.villaadriatica.com\/de\/wp-json\/wp\/v2\/pages\/1622","targetHints":{"allow":["GET"]}}],"collection":[{"href":"https:\/\/www.villaadriatica.com\/de\/wp-json\/wp\/v2\/pages"}],"about":[{"href":"https:\/\/www.villaadriatica.com\/de\/wp-json\/wp\/v2\/types\/page"}],"author":[{"embeddable":true,"href":"https:\/\/www.villaadriatica.com\/de\/wp-json\/wp\/v2\/users\/1"}],"replies":[{"embeddable":true,"href":"https:\/\/www.villaadriatica.com\/de\/wp-json\/wp\/v2\/comments?post=1622"}],"version-history":[{"count":4,"href":"https:\/\/www.villaadriatica.com\/de\/wp-json\/wp\/v2\/pages\/1622\/revisions"}],"predecessor-version":[{"id":1623,"href":"https:\/\/www.villaadriatica.com\/de\/wp-json\/wp\/v2\/pages\/1622\/revisions\/1623"}],"wp:attachment":[{"href":"https:\/\/www.villaadriatica.com\/de\/wp-json\/wp\/v2\/media?parent=1622"}],"curies":[{"name":"wp","href":"https:\/\/api.w.org\/{rel}","templated":true}]}}