{"id":1619,"date":"2013-07-21T13:34:06","date_gmt":"2013-07-21T13:34:06","guid":{"rendered":"https:\/\/www.villaadriatica.com\/favourite-guest-2\/"},"modified":"2014-01-05T15:39:12","modified_gmt":"2014-01-05T15:39:12","slug":"lieblingsgast","status":"publish","type":"page","link":"https:\/\/www.villaadriatica.com\/de\/lieblingsgast\/","title":{"rendered":"Lieblingsgast"},"content":{"rendered":"<p><strong><span style=\"color: #ff6600;\">Lieblingsgast<\/span><\/strong><br \/>\nBonusprogramm f\u00fcr unsere Stammg\u00e4ste bringt zahlreiche Vorteile, Rabatte und \u00dcberraschungsgeschenke. Sie k\u00f6nnen erwarten, spezielle Pakete, Touren und Ausfl\u00fcge, Massagen, Geschenke und andere \u00dcberraschungen. Unser &#8220;Lieblingsgast&#8221; Sie werden, wenn mindestens einmal Aufenthalt im Villa Adriatica. Sie erhalten eine spezielle Karte, die Sie n\u00e4chste Mal buchen bringt Vorteile Beliebte Gast.<\/p>\n<p>Sie ben\u00f6tigen keine spezielle Angebot verpassen und melden Sie sich f\u00fcr unseren Newsletter an!<br \/>\nBleiben Sie \u00fcber die neuesten Annehmlichkeiten und Aktionen, folgen Sie uns auf soziale Netze.<br \/>\n<!-- Social Ring Buttons Start --><div class=\"social-ring\">\n<div class=\"social-ring-button\"><fb:like href=\"https:\/\/www.villaadriatica.com\/de\/lieblingsgast\/\" showfaces=\"false\" layout=\"button_count\" action=\"like\"><\/fb:like><\/div>\n<div class=\"social-ring-button\"><a href=\"https:\/\/www.facebook.com\/sharer\/sharer.php?s=100&p[url]=https:\/\/www.villaadriatica.com\/de\/lieblingsgast\/\" target=\"_blank\"\n\t\t\t\t\t\t\tonclick=\"window.open('https:\/\/www.facebook.com\/sharer\/sharer.php?s=100&p[url]=https:\/\/www.villaadriatica.com\/de\/lieblingsgast\/', 'newwindow', 'width=600, height=450'); return false;\" >\n\t\t\t\t\t\t\t<img decoding=\"async\" style=\"display:block; background: none; padding: 0px; border:0px;\" src=\"https:\/\/www.villaadriatica.com\/wp-content\/plugins\/wordpress-social-ring\/includes\/..\/admin\/images\/sr-fb-share.png\" alt=\"Share\"\/>\n\t\t\t\t\t\t<\/a><\/div>\n<div class=\"social-ring-button\"><a rel=\"nofollow\" href=\"http:\/\/twitter.com\/share\" lang=\"en\" data-url=\"https:\/\/www.villaadriatica.com\/de\/lieblingsgast\/\" data-text=\"Lieblingsgast\" data-count=\"horizontal\" class=\"sr-twitter-button twitter-share-button\"><\/a><\/div>\n<div class=\"social-ring-button\"><div class=\"g-plusone\" data-href=\"https:\/\/www.villaadriatica.com\/de\/lieblingsgast\/\" data-size=\"medium\" ><\/div><\/div>\n<div class=\"social-ring-button\"><a rel=\"nofollow\" href=\"http:\/\/pinterest.com\/pin\/create\/button\/?url=https%3A%2F%2Fwww.villaadriatica.com%2Fde%2Flieblingsgast%2F&description=Lieblingsgast\" class=\"pin-it-button\"count-layout=\"horizontal\"><\/a><\/div>\n<\/div><!-- Social Ring Buttons End -->\n<\/p>\n","protected":false},"excerpt":{"rendered":"<p>Lieblingsgast Bonusprogramm f\u00fcr unsere Stammg\u00e4ste bringt zahlreiche Vorteile, Rabatte und \u00dcberraschungsgeschenke. Sie k\u00f6nnen erwarten, spezielle Pakete, Touren und Ausfl\u00fcge, Massagen, Geschenke und andere \u00dcberraschungen. Unser &#8220;Lieblingsgast&#8221; Sie werden, wenn mindestens einmal Aufenthalt im Villa&#8230;<\/p>\n","protected":false},"author":1,"featured_media":0,"parent":0,"menu_order":0,"comment_status":"closed","ping_status":"closed","template":"","meta":{"footnotes":""},"class_list":["post-1619","page","type-page","status-publish","hentry"],"yoast_head":"<!-- This site is optimized with the Yoast SEO plugin v25.1 - https:\/\/yoast.com\/wordpress\/plugins\/seo\/ -->\n<title>Hotel Villa Adriatica | Lieblingsgast<\/title>\n<meta name=\"description\" content=\"Bonusprogramm f\u00fcr unsere Stammg\u00e4ste bringt zahlreiche Vorteile, Rabatte und \u00dcberraschungsgeschenke. Sie k\u00f6nnen erwarten, spezielle Pakete, Touren und Ausfl\u00fcge, Massagen, Geschenke und andere...\" \/>\n<meta name=\"robots\" content=\"index, follow, max-snippet:-1, max-image-preview:large, max-video-preview:-1\" \/>\n<link rel=\"canonical\" href=\"https:\/\/www.villaadriatica.com\/de\/lieblingsgast\/\" \/>\n<meta property=\"og:locale\" content=\"de_DE\" \/>\n<meta property=\"og:type\" content=\"article\" \/>\n<meta property=\"og:title\" content=\"Hotel Villa Adriatica | Lieblingsgast\" \/>\n<meta property=\"og:description\" content=\"Bonusprogramm f\u00fcr unsere Stammg\u00e4ste bringt zahlreiche Vorteile, Rabatte und \u00dcberraschungsgeschenke. Sie k\u00f6nnen erwarten, spezielle Pakete, Touren und Ausfl\u00fcge, Massagen, Geschenke und andere...\" \/>\n<meta property=\"og:url\" content=\"https:\/\/www.villaadriatica.com\/de\/lieblingsgast\/\" \/>\n<meta property=\"article:modified_time\" content=\"2014-01-05T15:39:12+00:00\" \/>\n<script type=\"application\/ld+json\" class=\"yoast-schema-graph\">{\"@context\":\"https:\/\/schema.org\",\"@graph\":[{\"@type\":\"WebPage\",\"@id\":\"https:\/\/www.villaadriatica.com\/de\/lieblingsgast\/\",\"url\":\"https:\/\/www.villaadriatica.com\/de\/lieblingsgast\/\",\"name\":\"Hotel Villa Adriatica | Lieblingsgast\",\"isPartOf\":{\"@id\":\"https:\/\/www.villaadriatica.com\/hr\/#website\"},\"datePublished\":\"2013-07-21T13:34:06+00:00\",\"dateModified\":\"2014-01-05T15:39:12+00:00\",\"description\":\"Bonusprogramm f\u00fcr unsere Stammg\u00e4ste bringt zahlreiche Vorteile, Rabatte und \u00dcberraschungsgeschenke. Sie k\u00f6nnen erwarten, spezielle Pakete, Touren und Ausfl\u00fcge, Massagen, Geschenke und andere...\",\"breadcrumb\":{\"@id\":\"https:\/\/www.villaadriatica.com\/de\/lieblingsgast\/#breadcrumb\"},\"inLanguage\":\"de\",\"potentialAction\":[{\"@type\":\"ReadAction\",\"target\":[\"https:\/\/www.villaadriatica.com\/de\/lieblingsgast\/\"]}]},{\"@type\":\"BreadcrumbList\",\"@id\":\"https:\/\/www.villaadriatica.com\/de\/lieblingsgast\/#breadcrumb\",\"itemListElement\":[{\"@type\":\"ListItem\",\"position\":1,\"name\":\"Home\",\"item\":\"https:\/\/www.villaadriatica.com\/de\/\"},{\"@type\":\"ListItem\",\"position\":2,\"name\":\"Lieblingsgast\"}]},{\"@type\":\"WebSite\",\"@id\":\"https:\/\/www.villaadriatica.com\/hr\/#website\",\"url\":\"https:\/\/www.villaadriatica.com\/hr\/\",\"name\":\"\",\"description\":\"\",\"potentialAction\":[{\"@type\":\"SearchAction\",\"target\":{\"@type\":\"EntryPoint\",\"urlTemplate\":\"https:\/\/www.villaadriatica.com\/hr\/?s={search_term_string}\"},\"query-input\":{\"@type\":\"PropertyValueSpecification\",\"valueRequired\":true,\"valueName\":\"search_term_string\"}}],\"inLanguage\":\"de\"}]}<\/script>\n<!-- \/ Yoast SEO plugin. -->","yoast_head_json":{"title":"Hotel Villa Adriatica | Lieblingsgast","description":"Bonusprogramm f\u00fcr unsere Stammg\u00e4ste bringt zahlreiche Vorteile, Rabatte und \u00dcberraschungsgeschenke. Sie k\u00f6nnen erwarten, spezielle Pakete, Touren und Ausfl\u00fcge, Massagen, Geschenke und andere...","robots":{"index":"index","follow":"follow","max-snippet":"max-snippet:-1","max-image-preview":"max-image-preview:large","max-video-preview":"max-video-preview:-1"},"canonical":"https:\/\/www.villaadriatica.com\/de\/lieblingsgast\/","og_locale":"de_DE","og_type":"article","og_title":"Hotel Villa Adriatica | Lieblingsgast","og_description":"Bonusprogramm f\u00fcr unsere Stammg\u00e4ste bringt zahlreiche Vorteile, Rabatte und \u00dcberraschungsgeschenke. Sie k\u00f6nnen erwarten, spezielle Pakete, Touren und Ausfl\u00fcge, Massagen, Geschenke und andere...","og_url":"https:\/\/www.villaadriatica.com\/de\/lieblingsgast\/","article_modified_time":"2014-01-05T15:39:12+00:00","schema":{"@context":"https:\/\/schema.org","@graph":[{"@type":"WebPage","@id":"https:\/\/www.villaadriatica.com\/de\/lieblingsgast\/","url":"https:\/\/www.villaadriatica.com\/de\/lieblingsgast\/","name":"Hotel Villa Adriatica | Lieblingsgast","isPartOf":{"@id":"https:\/\/www.villaadriatica.com\/hr\/#website"},"datePublished":"2013-07-21T13:34:06+00:00","dateModified":"2014-01-05T15:39:12+00:00","description":"Bonusprogramm f\u00fcr unsere Stammg\u00e4ste bringt zahlreiche Vorteile, Rabatte und \u00dcberraschungsgeschenke. Sie k\u00f6nnen erwarten, spezielle Pakete, Touren und Ausfl\u00fcge, Massagen, Geschenke und andere...","breadcrumb":{"@id":"https:\/\/www.villaadriatica.com\/de\/lieblingsgast\/#breadcrumb"},"inLanguage":"de","potentialAction":[{"@type":"ReadAction","target":["https:\/\/www.villaadriatica.com\/de\/lieblingsgast\/"]}]},{"@type":"BreadcrumbList","@id":"https:\/\/www.villaadriatica.com\/de\/lieblingsgast\/#breadcrumb","itemListElement":[{"@type":"ListItem","position":1,"name":"Home","item":"https:\/\/www.villaadriatica.com\/de\/"},{"@type":"ListItem","position":2,"name":"Lieblingsgast"}]},{"@type":"WebSite","@id":"https:\/\/www.villaadriatica.com\/hr\/#website","url":"https:\/\/www.villaadriatica.com\/hr\/","name":"","description":"","potentialAction":[{"@type":"SearchAction","target":{"@type":"EntryPoint","urlTemplate":"https:\/\/www.villaadriatica.com\/hr\/?s={search_term_string}"},"query-input":{"@type":"PropertyValueSpecification","valueRequired":true,"valueName":"search_term_string"}}],"inLanguage":"de"}]}},"_links":{"self":[{"href":"https:\/\/www.villaadriatica.com\/de\/wp-json\/wp\/v2\/pages\/1619","targetHints":{"allow":["GET"]}}],"collection":[{"href":"https:\/\/www.villaadriatica.com\/de\/wp-json\/wp\/v2\/pages"}],"about":[{"href":"https:\/\/www.villaadriatica.com\/de\/wp-json\/wp\/v2\/types\/page"}],"author":[{"embeddable":true,"href":"https:\/\/www.villaadriatica.com\/de\/wp-json\/wp\/v2\/users\/1"}],"replies":[{"embeddable":true,"href":"https:\/\/www.villaadriatica.com\/de\/wp-json\/wp\/v2\/comments?post=1619"}],"version-history":[{"count":2,"href":"https:\/\/www.villaadriatica.com\/de\/wp-json\/wp\/v2\/pages\/1619\/revisions"}],"predecessor-version":[{"id":1621,"href":"https:\/\/www.villaadriatica.com\/de\/wp-json\/wp\/v2\/pages\/1619\/revisions\/1621"}],"wp:attachment":[{"href":"https:\/\/www.villaadriatica.com\/de\/wp-json\/wp\/v2\/media?parent=1619"}],"curies":[{"name":"wp","href":"https:\/\/api.w.org\/{rel}","templated":true}]}}