{"id":1596,"date":"2013-07-21T14:35:03","date_gmt":"2013-07-21T14:35:03","guid":{"rendered":"https:\/\/www.villaadriatica.com\/guestbook-2\/"},"modified":"2014-02-07T13:13:21","modified_gmt":"2014-02-07T13:13:21","slug":"gastebuch","status":"publish","type":"page","link":"https:\/\/www.villaadriatica.com\/de\/gastebuch\/","title":{"rendered":"G\u00e4stebuch"},"content":{"rendered":"<p><a title=\"Hotel Villa Adriatica\" href=\"http:\/\/www.tripadvisor.com\/Hotel_Review-g651685-d550878-Reviews-Hotel_Villa_Adriatica-Supetar_Brac_Island_Split_Dalmatia_County_Dalmatia.html\" target=\"_blank\"><img loading=\"lazy\" decoding=\"async\" class=\"alignnone size-full wp-image-2158\" alt=\"Reviewd\" src=\"https:\/\/www.villaadriatica.com\/wp-content\/uploads\/2014\/02\/Reviewd.jpg\" width=\"150\" height=\"116\" \/><\/a> <a title=\"Hotel Villa Adriatica\" href=\"http:\/\/www.tripadvisor.com\/Hotel_Review-g651685-d550878-Reviews-Hotel_Villa_Adriatica-Supetar_Brac_Island_Split_Dalmatia_County_Dalmatia.html\" target=\"_blank\"><img loading=\"lazy\" decoding=\"async\" class=\"alignnone size-full wp-image-2230\" alt=\"Winner2013\" src=\"https:\/\/www.villaadriatica.com\/wp-content\/uploads\/2013\/07\/Winner2013.jpg\" width=\"143\" height=\"116\" \/><\/a> <a title=\"Hotel Villa Adriatica\" href=\"http:\/\/www.tripadvisor.com\/Hotel_Review-g651685-d550878-Reviews-Hotel_Villa_Adriatica-Supetar_Brac_Island_Split_Dalmatia_County_Dalmatia.html\" target=\"_blank\"><img loading=\"lazy\" decoding=\"async\" class=\"alignnone size-full wp-image-2232\" alt=\"Excellence2013\" src=\"https:\/\/www.villaadriatica.com\/wp-content\/uploads\/2013\/07\/Excellence2013.jpg\" width=\"143\" height=\"116\" \/><\/a><\/p>\n<p><strong><span style=\"color: #ff6600;\">Tripadvisor-Bewertungen<\/span><\/strong><br \/>\n<strong>&#8220;Excellent Hotel&#8221; &#8211; Bewertet 24. Januar 2013<\/strong><br \/>\n<em>Dieses Hotel wirklich genossen. Es hat eine gute Lage, die Zimmer sind sehr sauber, das Fr\u00fchst\u00fccksbuffet ist hervorragend, und das Personal ist so freundlich und hilfsbereit. Sehr zu empfehlen. Es war sch\u00f6n,<\/em><br \/>\n<em>Kroatien zu besuchen mit jemand, den Sie lieben und findet einen solchen Schatz.<\/em><br \/>\n<strong>Sanna E &#8211; Helsinki, Finland<\/strong><\/p>\n<p><strong>&#8220;Tolles, freundliches und hilfsbereites Personal&#8221; &#8211; Bewertet 9. Oktober 2012<\/strong><br \/>\n<em>Mein Mann und ich waren im Hotel Villa Adriatica in Supetar, Kroatien, in der N\u00e4he des Ende der Saison im Jahr 2012. Das familiengef\u00fchrte Hotel verf\u00fcgt \u00fcber exzellentem, super-freundlichem und hilfsbereitem Service. Das Fr\u00fchst\u00fcck war eine vielseitige und Buffet, die Lage zentral genug, und auf der anderen Seite weit genug von der belebtesten Teil von Supetar auf friedliche Ruhe zu gew\u00e4hrleisten.<\/em><br \/>\n<strong>JeannieBelluno &#8211; Italia<\/strong><\/p>\n<p><strong>&#8220;Sehr gut!&#8221; &#8211; Bewertet 4. Oktober 2012<\/strong><br \/>\n<em>Mein Mann und ich waren in diesem Hotel im August letzten Jahres und es war unglaublich! Zun\u00e4chst einmal w\u00fcrde Ich mag sagen, dass wir hatten eine Reservierung im letzten Jahr (2011) und bei pers\u00f6nlichen Problemen konnten wir nicht nach Supetar gehen. Nach der Erl\u00e4uterung unser Problem, das Hotel zu akzeptieren, um unsere Reservierung f\u00fcr dieses Jahr zu verschieben vorausgesetzt, dass wir die Steuerdifferenz bezahlt hatte&#8230;<\/em><\/p>\n<p><strong>&#8220;Tolle Lage&#8221; &#8211; Bewertet 25. September 2012 \u00fcber mobile<\/strong><br \/>\n<em>Alle gut in diesem Hotel. Nur geringe niggle ist Ruhezone. Nicht besetzt, so m\u00fcssen die Suche zu gehen, wenn Sie etwas brauchen. Sehr freundliches Personal und gutes Essen. Lage perfekt f\u00fcr Supertar Hafen und F\u00e4hre. Sehr angenehmer Aufenthalt.<\/em><\/p>\n<p><strong><span style=\"color: #ff6600;\">Bewertungen von booking.com:<\/span><\/strong><br \/>\nDurchschnittlicher Grad HOTEL: 8 Basierend auf 12 Bewertungen<br \/>\n<strong><\/strong><\/p>\n<p><em>\u201c Das Hotel ist in einer super Lage, ideal, nur wenige Minuten zu Fu\u00df entfernt vom Stadtzentrum Bars und Restaurants. Wir hatten eine gute Gr\u00f6\u00dfe Balkon und Meerblick (obere Etage), mit sch\u00f6n ausgestattete Mini-Bar und einem gro\u00dfen LCD-TV. Unser Sohn hatte einen Balkon mit Blick auf Dorf und beide waren super. Wi-Fi war kostenlos in der Lobby mit offenem \u201ehotspot\u201c im Zimmer Insgesamt ausgezeichnet, saubere Zimmer und gro\u00dfen Dank an das freundliche Personal, die uns immer mit einem L\u00e4cheln begr\u00fc\u00dft &#8211; hat unseren Urlaub GREAT!\u201d<\/em><\/p>\n<p><strong>BEWERTUNG NACH KATEGORIE<\/strong><br \/>\n<span style=\"color: #ff6600;\">\u2794<\/span>\u00a0Raum <strong>8.1<\/strong><br \/>\n<span style=\"color: #ff6600;\">\u2794<\/span>\u00a0Komfort <strong>7.9<\/strong><br \/>\n<span style=\"color: #ff6600;\">\u2794<\/span>\u00a0Lage <strong>9<\/strong><br \/>\n<span style=\"color: #ff6600;\">\u2794<\/span>\u00a0Enth\u00e4lt <strong>7.7<\/strong><br \/>\n<span style=\"color: #ff6600;\">\u2794<\/span>\u00a0Personal <strong>8.1<\/strong><br \/>\n<span style=\"color: #ff6600;\">\u2794<\/span>\u00a0Preis-Leistungs <strong>7.3<\/strong><\/p>\n<p><strong>Willkommen in der Villa Adriatica!<\/strong><br \/>\n<!-- Social Ring Buttons Start --><div class=\"social-ring\">\n<div class=\"social-ring-button\"><fb:like href=\"https:\/\/www.villaadriatica.com\/de\/gastebuch\/\" showfaces=\"false\" layout=\"button_count\" action=\"like\"><\/fb:like><\/div>\n<div class=\"social-ring-button\"><a href=\"https:\/\/www.facebook.com\/sharer\/sharer.php?s=100&p[url]=https:\/\/www.villaadriatica.com\/de\/gastebuch\/\" target=\"_blank\"\n\t\t\t\t\t\t\tonclick=\"window.open('https:\/\/www.facebook.com\/sharer\/sharer.php?s=100&p[url]=https:\/\/www.villaadriatica.com\/de\/gastebuch\/', 'newwindow', 'width=600, height=450'); return false;\" >\n\t\t\t\t\t\t\t<img decoding=\"async\" style=\"display:block; background: none; padding: 0px; border:0px;\" src=\"https:\/\/www.villaadriatica.com\/wp-content\/plugins\/wordpress-social-ring\/includes\/..\/admin\/images\/sr-fb-share.png\" alt=\"Share\"\/>\n\t\t\t\t\t\t<\/a><\/div>\n<div class=\"social-ring-button\"><a rel=\"nofollow\" href=\"http:\/\/twitter.com\/share\" lang=\"en\" data-url=\"https:\/\/www.villaadriatica.com\/de\/gastebuch\/\" data-text=\"G\u00e4stebuch\" data-count=\"horizontal\" class=\"sr-twitter-button twitter-share-button\"><\/a><\/div>\n<div class=\"social-ring-button\"><div class=\"g-plusone\" data-href=\"https:\/\/www.villaadriatica.com\/de\/gastebuch\/\" data-size=\"medium\" ><\/div><\/div>\n<div class=\"social-ring-button\"><a rel=\"nofollow\" href=\"http:\/\/pinterest.com\/pin\/create\/button\/?url=https%3A%2F%2Fwww.villaadriatica.com%2Fde%2Fgastebuch%2F&media=https%3A%2F%2Fwww.villaadriatica.com%2Fwp-content%2Fuploads%2F2013%2F07%2FExcellence2013.jpg&description=G%C3%A4stebuch\" class=\"pin-it-button\"count-layout=\"horizontal\"><\/a><\/div>\n<\/div><!-- Social Ring Buttons End -->\n<\/p>\n","protected":false},"excerpt":{"rendered":"<p>Tripadvisor-Bewertungen &#8220;Excellent Hotel&#8221; &#8211; Bewertet 24. Januar 2013 Dieses Hotel wirklich genossen. Es hat eine gute Lage, die Zimmer sind sehr sauber, das Fr\u00fchst\u00fccksbuffet ist hervorragend, und das Personal ist so freundlich und hilfsbereit&#8230;.<\/p>\n","protected":false},"author":1,"featured_media":0,"parent":0,"menu_order":0,"comment_status":"closed","ping_status":"closed","template":"","meta":{"footnotes":""},"class_list":["post-1596","page","type-page","status-publish","hentry"],"yoast_head":"<!-- This site is optimized with the Yoast SEO plugin v25.1 - https:\/\/yoast.com\/wordpress\/plugins\/seo\/ -->\n<title>Hotel Villa Adriatica | Supetar, Bra\u010d | G\u00e4stebuch<\/title>\n<meta name=\"description\" content=\"Dieses Hotel wirklich genossen. Es hat eine gute Lage, die Zimmer sind sehr sauber, das Fr\u00fchst\u00fccksbuffet ist hervorragend, und das Personal ist so freundlich und hilfsbereit.\" \/>\n<meta name=\"robots\" content=\"index, follow, max-snippet:-1, max-image-preview:large, max-video-preview:-1\" \/>\n<link rel=\"canonical\" href=\"https:\/\/www.villaadriatica.com\/de\/gastebuch\/\" \/>\n<meta property=\"og:locale\" content=\"de_DE\" \/>\n<meta property=\"og:type\" content=\"article\" \/>\n<meta property=\"og:title\" content=\"Hotel Villa Adriatica | Supetar, Bra\u010d | G\u00e4stebuch\" \/>\n<meta property=\"og:description\" content=\"Dieses Hotel wirklich genossen. Es hat eine gute Lage, die Zimmer sind sehr sauber, das Fr\u00fchst\u00fccksbuffet ist hervorragend, und das Personal ist so freundlich und hilfsbereit.\" \/>\n<meta property=\"og:url\" content=\"https:\/\/www.villaadriatica.com\/de\/gastebuch\/\" \/>\n<meta property=\"article:modified_time\" content=\"2014-02-07T13:13:21+00:00\" \/>\n<meta property=\"og:image\" content=\"https:\/\/www.villaadriatica.com\/wp-content\/uploads\/2014\/02\/Reviewd.jpg\" \/>\n<meta name=\"twitter:label1\" content=\"Gesch\u00e4tzte Lesezeit\" \/>\n\t<meta name=\"twitter:data1\" content=\"2\u00a0Minuten\" \/>\n<script type=\"application\/ld+json\" class=\"yoast-schema-graph\">{\"@context\":\"https:\/\/schema.org\",\"@graph\":[{\"@type\":\"WebPage\",\"@id\":\"https:\/\/www.villaadriatica.com\/de\/gastebuch\/\",\"url\":\"https:\/\/www.villaadriatica.com\/de\/gastebuch\/\",\"name\":\"Hotel Villa Adriatica | Supetar, Bra\u010d | G\u00e4stebuch\",\"isPartOf\":{\"@id\":\"https:\/\/www.villaadriatica.com\/hr\/#website\"},\"primaryImageOfPage\":{\"@id\":\"https:\/\/www.villaadriatica.com\/de\/gastebuch\/#primaryimage\"},\"image\":{\"@id\":\"https:\/\/www.villaadriatica.com\/de\/gastebuch\/#primaryimage\"},\"thumbnailUrl\":\"https:\/\/www.villaadriatica.com\/wp-content\/uploads\/2014\/02\/Reviewd.jpg\",\"datePublished\":\"2013-07-21T14:35:03+00:00\",\"dateModified\":\"2014-02-07T13:13:21+00:00\",\"description\":\"Dieses Hotel wirklich genossen. Es hat eine gute Lage, die Zimmer sind sehr sauber, das Fr\u00fchst\u00fccksbuffet ist hervorragend, und das Personal ist so freundlich und hilfsbereit.\",\"breadcrumb\":{\"@id\":\"https:\/\/www.villaadriatica.com\/de\/gastebuch\/#breadcrumb\"},\"inLanguage\":\"de\",\"potentialAction\":[{\"@type\":\"ReadAction\",\"target\":[\"https:\/\/www.villaadriatica.com\/de\/gastebuch\/\"]}]},{\"@type\":\"ImageObject\",\"inLanguage\":\"de\",\"@id\":\"https:\/\/www.villaadriatica.com\/de\/gastebuch\/#primaryimage\",\"url\":\"https:\/\/www.villaadriatica.com\/wp-content\/uploads\/2014\/02\/Reviewd.jpg\",\"contentUrl\":\"https:\/\/www.villaadriatica.com\/wp-content\/uploads\/2014\/02\/Reviewd.jpg\"},{\"@type\":\"BreadcrumbList\",\"@id\":\"https:\/\/www.villaadriatica.com\/de\/gastebuch\/#breadcrumb\",\"itemListElement\":[{\"@type\":\"ListItem\",\"position\":1,\"name\":\"Home\",\"item\":\"https:\/\/www.villaadriatica.com\/de\/\"},{\"@type\":\"ListItem\",\"position\":2,\"name\":\"G\u00e4stebuch\"}]},{\"@type\":\"WebSite\",\"@id\":\"https:\/\/www.villaadriatica.com\/hr\/#website\",\"url\":\"https:\/\/www.villaadriatica.com\/hr\/\",\"name\":\"\",\"description\":\"\",\"potentialAction\":[{\"@type\":\"SearchAction\",\"target\":{\"@type\":\"EntryPoint\",\"urlTemplate\":\"https:\/\/www.villaadriatica.com\/hr\/?s={search_term_string}\"},\"query-input\":{\"@type\":\"PropertyValueSpecification\",\"valueRequired\":true,\"valueName\":\"search_term_string\"}}],\"inLanguage\":\"de\"}]}<\/script>\n<!-- \/ Yoast SEO plugin. -->","yoast_head_json":{"title":"Hotel Villa Adriatica | Supetar, Bra\u010d | G\u00e4stebuch","description":"Dieses Hotel wirklich genossen. Es hat eine gute Lage, die Zimmer sind sehr sauber, das Fr\u00fchst\u00fccksbuffet ist hervorragend, und das Personal ist so freundlich und hilfsbereit.","robots":{"index":"index","follow":"follow","max-snippet":"max-snippet:-1","max-image-preview":"max-image-preview:large","max-video-preview":"max-video-preview:-1"},"canonical":"https:\/\/www.villaadriatica.com\/de\/gastebuch\/","og_locale":"de_DE","og_type":"article","og_title":"Hotel Villa Adriatica | Supetar, Bra\u010d | G\u00e4stebuch","og_description":"Dieses Hotel wirklich genossen. Es hat eine gute Lage, die Zimmer sind sehr sauber, das Fr\u00fchst\u00fccksbuffet ist hervorragend, und das Personal ist so freundlich und hilfsbereit.","og_url":"https:\/\/www.villaadriatica.com\/de\/gastebuch\/","article_modified_time":"2014-02-07T13:13:21+00:00","og_image":[{"url":"https:\/\/www.villaadriatica.com\/wp-content\/uploads\/2014\/02\/Reviewd.jpg","type":"","width":"","height":""}],"twitter_misc":{"Gesch\u00e4tzte Lesezeit":"2\u00a0Minuten"},"schema":{"@context":"https:\/\/schema.org","@graph":[{"@type":"WebPage","@id":"https:\/\/www.villaadriatica.com\/de\/gastebuch\/","url":"https:\/\/www.villaadriatica.com\/de\/gastebuch\/","name":"Hotel Villa Adriatica | Supetar, Bra\u010d | G\u00e4stebuch","isPartOf":{"@id":"https:\/\/www.villaadriatica.com\/hr\/#website"},"primaryImageOfPage":{"@id":"https:\/\/www.villaadriatica.com\/de\/gastebuch\/#primaryimage"},"image":{"@id":"https:\/\/www.villaadriatica.com\/de\/gastebuch\/#primaryimage"},"thumbnailUrl":"https:\/\/www.villaadriatica.com\/wp-content\/uploads\/2014\/02\/Reviewd.jpg","datePublished":"2013-07-21T14:35:03+00:00","dateModified":"2014-02-07T13:13:21+00:00","description":"Dieses Hotel wirklich genossen. Es hat eine gute Lage, die Zimmer sind sehr sauber, das Fr\u00fchst\u00fccksbuffet ist hervorragend, und das Personal ist so freundlich und hilfsbereit.","breadcrumb":{"@id":"https:\/\/www.villaadriatica.com\/de\/gastebuch\/#breadcrumb"},"inLanguage":"de","potentialAction":[{"@type":"ReadAction","target":["https:\/\/www.villaadriatica.com\/de\/gastebuch\/"]}]},{"@type":"ImageObject","inLanguage":"de","@id":"https:\/\/www.villaadriatica.com\/de\/gastebuch\/#primaryimage","url":"https:\/\/www.villaadriatica.com\/wp-content\/uploads\/2014\/02\/Reviewd.jpg","contentUrl":"https:\/\/www.villaadriatica.com\/wp-content\/uploads\/2014\/02\/Reviewd.jpg"},{"@type":"BreadcrumbList","@id":"https:\/\/www.villaadriatica.com\/de\/gastebuch\/#breadcrumb","itemListElement":[{"@type":"ListItem","position":1,"name":"Home","item":"https:\/\/www.villaadriatica.com\/de\/"},{"@type":"ListItem","position":2,"name":"G\u00e4stebuch"}]},{"@type":"WebSite","@id":"https:\/\/www.villaadriatica.com\/hr\/#website","url":"https:\/\/www.villaadriatica.com\/hr\/","name":"","description":"","potentialAction":[{"@type":"SearchAction","target":{"@type":"EntryPoint","urlTemplate":"https:\/\/www.villaadriatica.com\/hr\/?s={search_term_string}"},"query-input":{"@type":"PropertyValueSpecification","valueRequired":true,"valueName":"search_term_string"}}],"inLanguage":"de"}]}},"_links":{"self":[{"href":"https:\/\/www.villaadriatica.com\/de\/wp-json\/wp\/v2\/pages\/1596","targetHints":{"allow":["GET"]}}],"collection":[{"href":"https:\/\/www.villaadriatica.com\/de\/wp-json\/wp\/v2\/pages"}],"about":[{"href":"https:\/\/www.villaadriatica.com\/de\/wp-json\/wp\/v2\/types\/page"}],"author":[{"embeddable":true,"href":"https:\/\/www.villaadriatica.com\/de\/wp-json\/wp\/v2\/users\/1"}],"replies":[{"embeddable":true,"href":"https:\/\/www.villaadriatica.com\/de\/wp-json\/wp\/v2\/comments?post=1596"}],"version-history":[{"count":4,"href":"https:\/\/www.villaadriatica.com\/de\/wp-json\/wp\/v2\/pages\/1596\/revisions"}],"predecessor-version":[{"id":2240,"href":"https:\/\/www.villaadriatica.com\/de\/wp-json\/wp\/v2\/pages\/1596\/revisions\/2240"}],"wp:attachment":[{"href":"https:\/\/www.villaadriatica.com\/de\/wp-json\/wp\/v2\/media?parent=1596"}],"curies":[{"name":"wp","href":"https:\/\/api.w.org\/{rel}","templated":true}]}}